{"id":31747,"date":"2023-11-20T16:00:32","date_gmt":"2023-11-20T16:00:32","guid":{"rendered":"https:\/\/www.apsware.com\/apsware-analytics-fuer-iws-kostenlos-testen\/"},"modified":"2024-02-07T12:39:39","modified_gmt":"2024-02-07T12:39:39","slug":"apsware-analytics-fuer-iws-kostenlos-testen","status":"publish","type":"page","link":"https:\/\/www.apsware.com\/de\/apsware-software-loesungen-fuer-iws-ibm-workload-scheduler\/apsware-analytics-fuer-ibm-workload-scheduler\/apsware-analytics-fuer-iws-kostenlos-testen\/","title":{"rendered":"apsware analytics f\u00fcr IWS &#8211; kostenlos testen"},"content":{"rendered":"\t\t<div data-elementor-type=\"wp-page\" data-elementor-id=\"31747\" class=\"elementor elementor-31747 elementor-10891\" data-elementor-post-type=\"page\">\n\t\t\t\t\t\t<section class=\"elementor-section elementor-top-section elementor-element elementor-element-6ae4384 elementor-section-stretched elementor-section-boxed elementor-section-height-default elementor-section-height-default\" data-id=\"6ae4384\" data-element_type=\"section\" data-settings=\"{&quot;stretch_section&quot;:&quot;section-stretched&quot;}\">\n\t\t\t\t\t\t<div class=\"elementor-container elementor-column-gap-default\">\n\t\t\t\t\t<div class=\"elementor-column elementor-col-100 elementor-top-column elementor-element elementor-element-f5f7d23\" data-id=\"f5f7d23\" data-element_type=\"column\">\n\t\t\t<div class=\"elementor-widget-wrap elementor-element-populated\">\n\t\t\t\t\t\t<div class=\"elementor-element elementor-element-b4e419f elementor-widget elementor-widget-heading\" data-id=\"b4e419f\" data-element_type=\"widget\" data-widget_type=\"heading.default\">\n\t\t\t\t<div class=\"elementor-widget-container\">\n\t\t\t\t\t<h2 class=\"elementor-heading-title elementor-size-default\">Erhalten Sie eine kostenlose apsware analytics f\u00fcr IWS Testversion<\/h2>\t\t\t\t<\/div>\n\t\t\t\t<\/div>\n\t\t\t\t\t<\/div>\n\t\t<\/div>\n\t\t\t\t\t<\/div>\n\t\t<\/section>\n\t\t\t\t<section class=\"elementor-section elementor-top-section elementor-element elementor-element-54e88c6 elementor-section-stretched elementor-section-boxed elementor-section-height-default elementor-section-height-default\" data-id=\"54e88c6\" data-element_type=\"section\" data-settings=\"{&quot;stretch_section&quot;:&quot;section-stretched&quot;,&quot;background_background&quot;:&quot;classic&quot;}\">\n\t\t\t\t\t\t<div class=\"elementor-container elementor-column-gap-default\">\n\t\t\t\t\t<div class=\"elementor-column elementor-col-50 elementor-top-column elementor-element elementor-element-73518b9\" data-id=\"73518b9\" data-element_type=\"column\">\n\t\t\t<div class=\"elementor-widget-wrap elementor-element-populated\">\n\t\t\t\t\t\t<div class=\"elementor-element elementor-element-51dbfe4 elementor-widget elementor-widget-text-editor\" data-id=\"51dbfe4\" data-element_type=\"widget\" data-widget_type=\"text-editor.default\">\n\t\t\t\t<div class=\"elementor-widget-container\">\n\t\t\t\t\t\t\t\t\t<p>\n<div class=\"wpcf7 no-js\" id=\"wpcf7-f11000-o1\" lang=\"en-US\" dir=\"ltr\" data-wpcf7-id=\"11000\">\n<div class=\"screen-reader-response\"><p role=\"status\" aria-live=\"polite\" aria-atomic=\"true\"><\/p> <ul><\/ul><\/div>\n<form action=\"\/de\/wp-json\/wp\/v2\/pages\/31747#wpcf7-f11000-o1\" method=\"post\" class=\"wpcf7-form init\" aria-label=\"Contact form\" novalidate=\"novalidate\" data-status=\"init\">\n<fieldset class=\"hidden-fields-container\"><input type=\"hidden\" name=\"_wpcf7\" value=\"11000\" \/><input type=\"hidden\" name=\"_wpcf7_version\" value=\"6.1\" \/><input type=\"hidden\" name=\"_wpcf7_locale\" value=\"en_US\" \/><input type=\"hidden\" name=\"_wpcf7_unit_tag\" value=\"wpcf7-f11000-o1\" \/><input type=\"hidden\" name=\"_wpcf7_container_post\" value=\"0\" \/><input type=\"hidden\" name=\"_wpcf7_posted_data_hash\" value=\"\" \/>\n<\/fieldset>\n<p><label> First Name (required)<br \/>\n<span class=\"wpcf7-form-control-wrap\" data-name=\"first-name\"><input size=\"40\" maxlength=\"400\" class=\"wpcf7-form-control wpcf7-text wpcf7-validates-as-required borderinput\" aria-required=\"true\" aria-invalid=\"false\" value=\"\" type=\"text\" name=\"first-name\" \/><\/span> <\/label><br \/>\n<label> Last Name (required)<br \/>\n<span class=\"wpcf7-form-control-wrap\" data-name=\"last-name\"><input size=\"40\" maxlength=\"400\" class=\"wpcf7-form-control wpcf7-text wpcf7-validates-as-required borderinput\" aria-required=\"true\" aria-invalid=\"false\" value=\"\" type=\"text\" name=\"last-name\" \/><\/span> <\/label><br \/>\n<label> Company (required)<br \/>\n<span class=\"wpcf7-form-control-wrap\" data-name=\"company\"><input size=\"40\" maxlength=\"400\" class=\"wpcf7-form-control wpcf7-text wpcf7-validates-as-required borderinput\" aria-required=\"true\" aria-invalid=\"false\" value=\"\" type=\"text\" name=\"company\" \/><\/span> <\/label><br \/>\n<label> Country (required)<br \/>\n<span class=\"wpcf7-form-control-wrap\" data-name=\"country\"><input size=\"40\" maxlength=\"400\" class=\"wpcf7-form-control wpcf7-text wpcf7-validates-as-required borderinput\" aria-required=\"true\" aria-invalid=\"false\" value=\"\" type=\"text\" name=\"country\" \/><\/span> <\/label><br \/>\n<label> Phone (required)<br \/>\n<span class=\"wpcf7-form-control-wrap\" data-name=\"phone\"><input size=\"40\" maxlength=\"400\" class=\"wpcf7-form-control wpcf7-text wpcf7-validates-as-required borderinput\" aria-required=\"true\" aria-invalid=\"false\" value=\"\" type=\"text\" name=\"phone\" \/><\/span> <\/label><br \/>\n<label> Company email (required)<br \/>\n<span class=\"wpcf7-form-control-wrap\" data-name=\"email\"><input size=\"40\" maxlength=\"400\" class=\"wpcf7-form-control wpcf7-email wpcf7-validates-as-required wpcf7-text wpcf7-validates-as-email borderinput\" aria-required=\"true\" aria-invalid=\"false\" value=\"\" type=\"email\" name=\"email\" \/><\/span> <\/label>\n<\/p>\n<p><label> Comments \/ questions \/ remarks<br \/>\n<span class=\"wpcf7-form-control-wrap\" data-name=\"Comment\"><input size=\"40\" maxlength=\"400\" class=\"wpcf7-form-control wpcf7-text borderinput\" aria-invalid=\"false\" value=\"\" type=\"text\" name=\"Comment\" \/><\/span> <\/label><br \/>\n<span class=\"wpcf7-form-control-wrap\" data-name=\"your-consent\"><span class=\"wpcf7-form-control wpcf7-acceptance\"><span class=\"wpcf7-list-item\"><label><input type=\"checkbox\" name=\"your-consent\" value=\"1\" aria-invalid=\"false\" \/><span class=\"wpcf7-list-item-label\">Your confidentiality is assured. Please read and accept our <a target=\"_blank\" rel=\"noopener noreferrer\" href=\"https:\/\/www.apsware.com\/privacy-statement\/\">Privacy Policy<\/a><\/span><\/label><\/span><\/span><\/span>\n<\/p>\n<p><span id=\"wpcf7-69e9e74d153c3-wrapper\" class=\"wpcf7-form-control-wrap e-mail-wrap\" style=\"display:none !important; visibility:hidden !important;\"><input type=\"hidden\" name=\"e-mail-time-start\" value=\"1776936781\"><input type=\"hidden\" name=\"e-mail-time-check\" value=\"4\"><label for=\"wpcf7-69e9e74d153c3-field\" class=\"hp-message\">Please leave this field empty.<\/label><input id=\"wpcf7-69e9e74d153c3-field\"  class=\"wpcf7-form-control wpcf7-text\" type=\"text\" name=\"e-mail\" value=\"\" size=\"40\" tabindex=\"-1\" autocomplete=\"new-password\" \/><\/span><br \/>\n<span id=\"wpcf7-69e9e74d1549a-wrapper\" class=\"wpcf7-form-control-wrap identification-number-wrap\" style=\"display:none !important; visibility:hidden !important;\"><input type=\"hidden\" name=\"identification-number-time-start\" value=\"1776936781\"><input type=\"hidden\" name=\"identification-number-time-check\" value=\"4\"><label for=\"wpcf7-69e9e74d1549a-field\" class=\"hp-message\">Please leave this field empty.<\/label><input id=\"wpcf7-69e9e74d1549a-field\"  class=\"wpcf7-form-control wpcf7-text\" type=\"text\" name=\"identification-number\" value=\"\" size=\"40\" tabindex=\"-1\" autocomplete=\"new-password\" \/><\/span>\n<\/p>\n<div style=\"margin-top: 20px; margin-bottom:10px\">\n\t<p><input class=\"wpcf7-form-control wpcf7-submit has-spinner\" type=\"submit\" value=\"Send\" \/>\n\t<\/p>\n<\/div><div class=\"wpcf7-response-output\" aria-hidden=\"true\"><\/div>\n<\/form>\n<\/div>\n<\/p>\n\t\t\t\t\t\t\t\t<\/div>\n\t\t\t\t<\/div>\n\t\t\t\t\t<\/div>\n\t\t<\/div>\n\t\t\t\t<div class=\"elementor-column elementor-col-50 elementor-top-column elementor-element elementor-element-e40b361\" data-id=\"e40b361\" data-element_type=\"column\">\n\t\t\t<div class=\"elementor-widget-wrap elementor-element-populated\">\n\t\t\t\t\t\t<div class=\"elementor-element elementor-element-94878a9 elementor-widget elementor-widget-image\" data-id=\"94878a9\" data-element_type=\"widget\" data-widget_type=\"image.default\">\n\t\t\t\t<div class=\"elementor-widget-container\">\n\t\t\t\t\t\t\t\t\t\t\t\t\t\t\t<img fetchpriority=\"high\" decoding=\"async\" width=\"800\" height=\"481\" src=\"https:\/\/www.apsware.com\/wp-content\/uploads\/2019\/08\/notebook_analytics_IWS_dashboard.png\" class=\"attachment-large size-large wp-image-23654\" alt=\"apsware analytics f\u00fcr IWS\/TWS - Dashboard\" srcset=\"https:\/\/www.apsware.com\/wp-content\/uploads\/2019\/08\/notebook_analytics_IWS_dashboard.png 800w, https:\/\/www.apsware.com\/wp-content\/uploads\/2019\/08\/notebook_analytics_IWS_dashboard-300x180.png 300w, https:\/\/www.apsware.com\/wp-content\/uploads\/2019\/08\/notebook_analytics_IWS_dashboard-768x462.png 768w, https:\/\/www.apsware.com\/wp-content\/uploads\/2019\/08\/notebook_analytics_IWS_dashboard-230x138.png 230w, https:\/\/www.apsware.com\/wp-content\/uploads\/2019\/08\/notebook_analytics_IWS_dashboard-350x210.png 350w, https:\/\/www.apsware.com\/wp-content\/uploads\/2019\/08\/notebook_analytics_IWS_dashboard-480x289.png 480w\" sizes=\"(max-width: 800px) 100vw, 800px\" \/>\t\t\t\t\t\t\t\t\t\t\t\t\t\t\t<\/div>\n\t\t\t\t<\/div>\n\t\t\t\t<div class=\"elementor-element elementor-element-caab5d2 elementor-widget elementor-widget-heading\" data-id=\"caab5d2\" data-element_type=\"widget\" data-widget_type=\"heading.default\">\n\t\t\t\t<div class=\"elementor-widget-container\">\n\t\t\t\t\t<h2 class=\"elementor-heading-title elementor-size-default\">apsware analytics f\u00fcr IWS<\/h2>\t\t\t\t<\/div>\n\t\t\t\t<\/div>\n\t\t\t\t<div class=\"elementor-element elementor-element-e74f3a2 elementor-widget elementor-widget-heading\" data-id=\"e74f3a2\" data-element_type=\"widget\" data-widget_type=\"heading.default\">\n\t\t\t\t<div class=\"elementor-widget-container\">\n\t\t\t\t\t<h4 class=\"elementor-heading-title elementor-size-default\">Self-Service Analytics f\u00fcr Control-M<\/h4>\t\t\t\t<\/div>\n\t\t\t\t<\/div>\n\t\t\t\t<div class=\"elementor-element elementor-element-cf58fbc elementor-widget elementor-widget-text-editor\" data-id=\"cf58fbc\" data-element_type=\"widget\" data-widget_type=\"text-editor.default\">\n\t\t\t\t<div class=\"elementor-widget-container\">\n\t\t\t\t\t\t\t\t\t<p>Mit wenigen Mausklicks kann jeder Metriken, aussagekr\u00e4ftige und Berichte erstellen. Die Ergebnisse k\u00f6nnen \u00fcber ein Dashboard geteilt werden. So sind alle Mitarbeiter, die sie ben\u00f6tigen, informiert. Diese neue Ebene der Transparenz erm\u00f6glicht es Ihnen, die Automatisierung des IWS auf ein h\u00f6heres Niveau zu heben.<\/p>\n\t\t\t\t\t\t\t\t<\/div>\n\t\t\t\t<\/div>\n\t\t\t\t<div class=\"elementor-element elementor-element-ca082d1 elementor-align-center elementor-widget elementor-widget-button\" data-id=\"ca082d1\" data-element_type=\"widget\" data-widget_type=\"button.default\">\n\t\t\t\t<div class=\"elementor-widget-container\">\n\t\t\t\t\t\t\t\t\t<div class=\"elementor-button-wrapper\">\n\t\t\t\t\t<a class=\"elementor-button elementor-button-link elementor-size-sm\" href=\"https:\/\/www.apsware.com\/de\/apsware-software-loesungen-fuer-iws-ibm-workload-scheduler\/apsware-analytics-fuer-ibm-workload-scheduler\/\">\n\t\t\t\t\t\t<span class=\"elementor-button-content-wrapper\">\n\t\t\t\t\t\t\t\t\t<span class=\"elementor-button-text\">Zur\u00fcck zu apsware analytics f\u00fcr IWS<\/span>\n\t\t\t\t\t<\/span>\n\t\t\t\t\t<\/a>\n\t\t\t\t<\/div>\n\t\t\t\t\t\t\t\t<\/div>\n\t\t\t\t<\/div>\n\t\t\t\t\t<\/div>\n\t\t<\/div>\n\t\t\t\t\t<\/div>\n\t\t<\/section>\n\t\t\t\t<\/div>\n\t\t","protected":false},"excerpt":{"rendered":"<p>Erhalten Sie eine kostenlose apsware analytics f\u00fcr IWS Testversion apsware analytics f\u00fcr IWS Self-Service Analytics f\u00fcr Control-M Mit wenigen Mausklicks kann jeder Metriken, aussagekr\u00e4ftige und Berichte erstellen. Die Ergebnisse k\u00f6nnen \u00fcber ein Dashboard geteilt werden. So sind alle Mitarbeiter, die sie ben\u00f6tigen, informiert. Diese neue Ebene der Transparenz erm\u00f6glicht es Ihnen, die Automatisierung des IWS [&hellip;]<\/p>\n","protected":false},"author":381,"featured_media":0,"parent":31935,"menu_order":0,"comment_status":"closed","ping_status":"closed","template":"","meta":{"footnotes":""},"class_list":["post-31747","page","type-page","status-publish","hentry"],"yoast_head":"<!-- This site is optimized with the Yoast SEO plugin v25.6 - https:\/\/yoast.com\/wordpress\/plugins\/seo\/ -->\n<title>apsware analytics f\u00fcr IWS - kostenlos testen - apsware<\/title>\n<meta name=\"description\" content=\"apsware analytics f\u00fcr IWS sammelt und visualisiert die Daten, die Ihnen helfen, Ihre Gesch\u00e4ftsprozesse f\u00fcr IBM Workload Scheduler automatisiert besser zu verwalten - Kostenfreie Testversion downloaden\" \/>\n<meta name=\"robots\" content=\"index, follow, max-snippet:-1, max-image-preview:large, max-video-preview:-1\" \/>\n<link rel=\"canonical\" href=\"https:\/\/www.apsware.com\/de\/apsware-software-loesungen-fuer-iws-ibm-workload-scheduler\/apsware-analytics-fuer-ibm-workload-scheduler\/apsware-analytics-fuer-iws-kostenlos-testen\/\" \/>\n<meta property=\"og:locale\" content=\"de_DE\" \/>\n<meta property=\"og:type\" content=\"article\" \/>\n<meta property=\"og:title\" content=\"apsware analytics f\u00fcr IWS - kostenlos testen - apsware\" \/>\n<meta property=\"og:description\" content=\"apsware analytics f\u00fcr IWS sammelt und visualisiert die Daten, die Ihnen helfen, Ihre Gesch\u00e4ftsprozesse f\u00fcr IBM Workload Scheduler automatisiert besser zu verwalten - Kostenfreie Testversion downloaden\" \/>\n<meta property=\"og:url\" content=\"https:\/\/www.apsware.com\/de\/apsware-software-loesungen-fuer-iws-ibm-workload-scheduler\/apsware-analytics-fuer-ibm-workload-scheduler\/apsware-analytics-fuer-iws-kostenlos-testen\/\" \/>\n<meta property=\"og:site_name\" content=\"apsware\" \/>\n<meta property=\"article:modified_time\" content=\"2024-02-07T12:39:39+00:00\" \/>\n<meta property=\"og:image\" content=\"https:\/\/www.apsware.com\/wp-content\/uploads\/2019\/08\/notebook_analytics_IWS_dashboard.png\" \/>\n<meta name=\"twitter:card\" content=\"summary_large_image\" \/>\n<meta name=\"twitter:label1\" content=\"Gesch\u00e4tzte Lesezeit\" \/>\n\t<meta name=\"twitter:data1\" content=\"1\u00a0Minute\" \/>\n<script type=\"application\/ld+json\" class=\"yoast-schema-graph\">{\"@context\":\"https:\/\/schema.org\",\"@graph\":[{\"@type\":\"WebPage\",\"@id\":\"https:\/\/www.apsware.com\/de\/apsware-software-loesungen-fuer-iws-ibm-workload-scheduler\/apsware-analytics-fuer-ibm-workload-scheduler\/apsware-analytics-fuer-iws-kostenlos-testen\/\",\"url\":\"https:\/\/www.apsware.com\/de\/apsware-software-loesungen-fuer-iws-ibm-workload-scheduler\/apsware-analytics-fuer-ibm-workload-scheduler\/apsware-analytics-fuer-iws-kostenlos-testen\/\",\"name\":\"apsware analytics f\u00fcr IWS - kostenlos testen - apsware\",\"isPartOf\":{\"@id\":\"https:\/\/www.apsware.com\/de\/#website\"},\"primaryImageOfPage\":{\"@id\":\"https:\/\/www.apsware.com\/de\/apsware-software-loesungen-fuer-iws-ibm-workload-scheduler\/apsware-analytics-fuer-ibm-workload-scheduler\/apsware-analytics-fuer-iws-kostenlos-testen\/#primaryimage\"},\"image\":{\"@id\":\"https:\/\/www.apsware.com\/de\/apsware-software-loesungen-fuer-iws-ibm-workload-scheduler\/apsware-analytics-fuer-ibm-workload-scheduler\/apsware-analytics-fuer-iws-kostenlos-testen\/#primaryimage\"},\"thumbnailUrl\":\"https:\/\/www.apsware.com\/wp-content\/uploads\/2019\/08\/notebook_analytics_IWS_dashboard.png\",\"datePublished\":\"2023-11-20T16:00:32+00:00\",\"dateModified\":\"2024-02-07T12:39:39+00:00\",\"description\":\"apsware analytics f\u00fcr IWS sammelt und visualisiert die Daten, die Ihnen helfen, Ihre Gesch\u00e4ftsprozesse f\u00fcr IBM Workload Scheduler automatisiert besser zu verwalten - Kostenfreie Testversion downloaden\",\"breadcrumb\":{\"@id\":\"https:\/\/www.apsware.com\/de\/apsware-software-loesungen-fuer-iws-ibm-workload-scheduler\/apsware-analytics-fuer-ibm-workload-scheduler\/apsware-analytics-fuer-iws-kostenlos-testen\/#breadcrumb\"},\"inLanguage\":\"de\",\"potentialAction\":[{\"@type\":\"ReadAction\",\"target\":[\"https:\/\/www.apsware.com\/de\/apsware-software-loesungen-fuer-iws-ibm-workload-scheduler\/apsware-analytics-fuer-ibm-workload-scheduler\/apsware-analytics-fuer-iws-kostenlos-testen\/\"]}]},{\"@type\":\"ImageObject\",\"inLanguage\":\"de\",\"@id\":\"https:\/\/www.apsware.com\/de\/apsware-software-loesungen-fuer-iws-ibm-workload-scheduler\/apsware-analytics-fuer-ibm-workload-scheduler\/apsware-analytics-fuer-iws-kostenlos-testen\/#primaryimage\",\"url\":\"https:\/\/www.apsware.com\/wp-content\/uploads\/2019\/08\/notebook_analytics_IWS_dashboard.png\",\"contentUrl\":\"https:\/\/www.apsware.com\/wp-content\/uploads\/2019\/08\/notebook_analytics_IWS_dashboard.png\"},{\"@type\":\"BreadcrumbList\",\"@id\":\"https:\/\/www.apsware.com\/de\/apsware-software-loesungen-fuer-iws-ibm-workload-scheduler\/apsware-analytics-fuer-ibm-workload-scheduler\/apsware-analytics-fuer-iws-kostenlos-testen\/#breadcrumb\",\"itemListElement\":[{\"@type\":\"ListItem\",\"position\":1,\"name\":\"Home\",\"item\":\"https:\/\/www.apsware.com\/de\/\"},{\"@type\":\"ListItem\",\"position\":2,\"name\":\"apsware Software-L\u00f6sungen f\u00fcr IWS (IBM Workload Scheduler)\",\"item\":\"https:\/\/www.apsware.com\/de\/apsware-software-loesungen-fuer-iws-ibm-workload-scheduler\/\"},{\"@type\":\"ListItem\",\"position\":3,\"name\":\"apsware analytics f\u00fcr IBM Workload Scheduler\",\"item\":\"https:\/\/www.apsware.com\/de\/apsware-software-loesungen-fuer-iws-ibm-workload-scheduler\/apsware-analytics-fuer-ibm-workload-scheduler\/\"},{\"@type\":\"ListItem\",\"position\":4,\"name\":\"apsware analytics f\u00fcr IWS &#8211; kostenlos testen\"}]},{\"@type\":\"WebSite\",\"@id\":\"https:\/\/www.apsware.com\/de\/#website\",\"url\":\"https:\/\/www.apsware.com\/de\/\",\"name\":\"apsware\",\"description\":\"Digital Business Automation\",\"publisher\":{\"@id\":\"https:\/\/www.apsware.com\/de\/#organization\"},\"potentialAction\":[{\"@type\":\"SearchAction\",\"target\":{\"@type\":\"EntryPoint\",\"urlTemplate\":\"https:\/\/www.apsware.com\/de\/?s={search_term_string}\"},\"query-input\":{\"@type\":\"PropertyValueSpecification\",\"valueRequired\":true,\"valueName\":\"search_term_string\"}}],\"inLanguage\":\"de\"},{\"@type\":\"Organization\",\"@id\":\"https:\/\/www.apsware.com\/de\/#organization\",\"name\":\"apsware\",\"url\":\"https:\/\/www.apsware.com\/de\/\",\"logo\":{\"@type\":\"ImageObject\",\"inLanguage\":\"de\",\"@id\":\"https:\/\/www.apsware.com\/de\/#\/schema\/logo\/image\/\",\"url\":\"https:\/\/www.apsware.com\/wp-content\/uploads\/2019\/04\/apsware_logo_rgb-2-1.png\",\"contentUrl\":\"https:\/\/www.apsware.com\/wp-content\/uploads\/2019\/04\/apsware_logo_rgb-2-1.png\",\"width\":200,\"height\":46,\"caption\":\"apsware\"},\"image\":{\"@id\":\"https:\/\/www.apsware.com\/de\/#\/schema\/logo\/image\/\"}}]}<\/script>\n<!-- \/ Yoast SEO plugin. -->","yoast_head_json":{"title":"apsware analytics f\u00fcr IWS - kostenlos testen - apsware","description":"apsware analytics f\u00fcr IWS sammelt und visualisiert die Daten, die Ihnen helfen, Ihre Gesch\u00e4ftsprozesse f\u00fcr IBM Workload Scheduler automatisiert besser zu verwalten - Kostenfreie Testversion downloaden","robots":{"index":"index","follow":"follow","max-snippet":"max-snippet:-1","max-image-preview":"max-image-preview:large","max-video-preview":"max-video-preview:-1"},"canonical":"https:\/\/www.apsware.com\/de\/apsware-software-loesungen-fuer-iws-ibm-workload-scheduler\/apsware-analytics-fuer-ibm-workload-scheduler\/apsware-analytics-fuer-iws-kostenlos-testen\/","og_locale":"de_DE","og_type":"article","og_title":"apsware analytics f\u00fcr IWS - kostenlos testen - apsware","og_description":"apsware analytics f\u00fcr IWS sammelt und visualisiert die Daten, die Ihnen helfen, Ihre Gesch\u00e4ftsprozesse f\u00fcr IBM Workload Scheduler automatisiert besser zu verwalten - Kostenfreie Testversion downloaden","og_url":"https:\/\/www.apsware.com\/de\/apsware-software-loesungen-fuer-iws-ibm-workload-scheduler\/apsware-analytics-fuer-ibm-workload-scheduler\/apsware-analytics-fuer-iws-kostenlos-testen\/","og_site_name":"apsware","article_modified_time":"2024-02-07T12:39:39+00:00","og_image":[{"url":"https:\/\/www.apsware.com\/wp-content\/uploads\/2019\/08\/notebook_analytics_IWS_dashboard.png","type":"","width":"","height":""}],"twitter_card":"summary_large_image","twitter_misc":{"Gesch\u00e4tzte Lesezeit":"1\u00a0Minute"},"schema":{"@context":"https:\/\/schema.org","@graph":[{"@type":"WebPage","@id":"https:\/\/www.apsware.com\/de\/apsware-software-loesungen-fuer-iws-ibm-workload-scheduler\/apsware-analytics-fuer-ibm-workload-scheduler\/apsware-analytics-fuer-iws-kostenlos-testen\/","url":"https:\/\/www.apsware.com\/de\/apsware-software-loesungen-fuer-iws-ibm-workload-scheduler\/apsware-analytics-fuer-ibm-workload-scheduler\/apsware-analytics-fuer-iws-kostenlos-testen\/","name":"apsware analytics f\u00fcr IWS - kostenlos testen - apsware","isPartOf":{"@id":"https:\/\/www.apsware.com\/de\/#website"},"primaryImageOfPage":{"@id":"https:\/\/www.apsware.com\/de\/apsware-software-loesungen-fuer-iws-ibm-workload-scheduler\/apsware-analytics-fuer-ibm-workload-scheduler\/apsware-analytics-fuer-iws-kostenlos-testen\/#primaryimage"},"image":{"@id":"https:\/\/www.apsware.com\/de\/apsware-software-loesungen-fuer-iws-ibm-workload-scheduler\/apsware-analytics-fuer-ibm-workload-scheduler\/apsware-analytics-fuer-iws-kostenlos-testen\/#primaryimage"},"thumbnailUrl":"https:\/\/www.apsware.com\/wp-content\/uploads\/2019\/08\/notebook_analytics_IWS_dashboard.png","datePublished":"2023-11-20T16:00:32+00:00","dateModified":"2024-02-07T12:39:39+00:00","description":"apsware analytics f\u00fcr IWS sammelt und visualisiert die Daten, die Ihnen helfen, Ihre Gesch\u00e4ftsprozesse f\u00fcr IBM Workload Scheduler automatisiert besser zu verwalten - Kostenfreie Testversion downloaden","breadcrumb":{"@id":"https:\/\/www.apsware.com\/de\/apsware-software-loesungen-fuer-iws-ibm-workload-scheduler\/apsware-analytics-fuer-ibm-workload-scheduler\/apsware-analytics-fuer-iws-kostenlos-testen\/#breadcrumb"},"inLanguage":"de","potentialAction":[{"@type":"ReadAction","target":["https:\/\/www.apsware.com\/de\/apsware-software-loesungen-fuer-iws-ibm-workload-scheduler\/apsware-analytics-fuer-ibm-workload-scheduler\/apsware-analytics-fuer-iws-kostenlos-testen\/"]}]},{"@type":"ImageObject","inLanguage":"de","@id":"https:\/\/www.apsware.com\/de\/apsware-software-loesungen-fuer-iws-ibm-workload-scheduler\/apsware-analytics-fuer-ibm-workload-scheduler\/apsware-analytics-fuer-iws-kostenlos-testen\/#primaryimage","url":"https:\/\/www.apsware.com\/wp-content\/uploads\/2019\/08\/notebook_analytics_IWS_dashboard.png","contentUrl":"https:\/\/www.apsware.com\/wp-content\/uploads\/2019\/08\/notebook_analytics_IWS_dashboard.png"},{"@type":"BreadcrumbList","@id":"https:\/\/www.apsware.com\/de\/apsware-software-loesungen-fuer-iws-ibm-workload-scheduler\/apsware-analytics-fuer-ibm-workload-scheduler\/apsware-analytics-fuer-iws-kostenlos-testen\/#breadcrumb","itemListElement":[{"@type":"ListItem","position":1,"name":"Home","item":"https:\/\/www.apsware.com\/de\/"},{"@type":"ListItem","position":2,"name":"apsware Software-L\u00f6sungen f\u00fcr IWS (IBM Workload Scheduler)","item":"https:\/\/www.apsware.com\/de\/apsware-software-loesungen-fuer-iws-ibm-workload-scheduler\/"},{"@type":"ListItem","position":3,"name":"apsware analytics f\u00fcr IBM Workload Scheduler","item":"https:\/\/www.apsware.com\/de\/apsware-software-loesungen-fuer-iws-ibm-workload-scheduler\/apsware-analytics-fuer-ibm-workload-scheduler\/"},{"@type":"ListItem","position":4,"name":"apsware analytics f\u00fcr IWS &#8211; kostenlos testen"}]},{"@type":"WebSite","@id":"https:\/\/www.apsware.com\/de\/#website","url":"https:\/\/www.apsware.com\/de\/","name":"apsware","description":"Digital Business Automation","publisher":{"@id":"https:\/\/www.apsware.com\/de\/#organization"},"potentialAction":[{"@type":"SearchAction","target":{"@type":"EntryPoint","urlTemplate":"https:\/\/www.apsware.com\/de\/?s={search_term_string}"},"query-input":{"@type":"PropertyValueSpecification","valueRequired":true,"valueName":"search_term_string"}}],"inLanguage":"de"},{"@type":"Organization","@id":"https:\/\/www.apsware.com\/de\/#organization","name":"apsware","url":"https:\/\/www.apsware.com\/de\/","logo":{"@type":"ImageObject","inLanguage":"de","@id":"https:\/\/www.apsware.com\/de\/#\/schema\/logo\/image\/","url":"https:\/\/www.apsware.com\/wp-content\/uploads\/2019\/04\/apsware_logo_rgb-2-1.png","contentUrl":"https:\/\/www.apsware.com\/wp-content\/uploads\/2019\/04\/apsware_logo_rgb-2-1.png","width":200,"height":46,"caption":"apsware"},"image":{"@id":"https:\/\/www.apsware.com\/de\/#\/schema\/logo\/image\/"}}]}},"_links":{"self":[{"href":"https:\/\/www.apsware.com\/de\/wp-json\/wp\/v2\/pages\/31747","targetHints":{"allow":["GET"]}}],"collection":[{"href":"https:\/\/www.apsware.com\/de\/wp-json\/wp\/v2\/pages"}],"about":[{"href":"https:\/\/www.apsware.com\/de\/wp-json\/wp\/v2\/types\/page"}],"author":[{"embeddable":true,"href":"https:\/\/www.apsware.com\/de\/wp-json\/wp\/v2\/users\/381"}],"replies":[{"embeddable":true,"href":"https:\/\/www.apsware.com\/de\/wp-json\/wp\/v2\/comments?post=31747"}],"version-history":[{"count":4,"href":"https:\/\/www.apsware.com\/de\/wp-json\/wp\/v2\/pages\/31747\/revisions"}],"predecessor-version":[{"id":32000,"href":"https:\/\/www.apsware.com\/de\/wp-json\/wp\/v2\/pages\/31747\/revisions\/32000"}],"up":[{"embeddable":true,"href":"https:\/\/www.apsware.com\/de\/wp-json\/wp\/v2\/pages\/31935"}],"wp:attachment":[{"href":"https:\/\/www.apsware.com\/de\/wp-json\/wp\/v2\/media?parent=31747"}],"curies":[{"name":"wp","href":"https:\/\/api.w.org\/{rel}","templated":true}]}}