{"id":31700,"date":"2023-11-20T14:35:42","date_gmt":"2023-11-20T14:35:42","guid":{"rendered":"https:\/\/www.apsware.com\/apsware-omniview-for-automic-praesentation\/"},"modified":"2023-11-20T15:26:22","modified_gmt":"2023-11-20T15:26:22","slug":"apsware-omniview-for-automic-praesentation","status":"publish","type":"page","link":"https:\/\/www.apsware.com\/de\/automic\/apsware-omniview-fuer-automic_old\/apsware-omniview-for-automic-praesentation\/","title":{"rendered":"apsware omniview for Automic &#8211; Pr\u00e4sentation"},"content":{"rendered":"\t\t<div data-elementor-type=\"wp-page\" data-elementor-id=\"31700\" class=\"elementor elementor-31700 elementor-10811\" data-elementor-post-type=\"page\">\n\t\t\t\t\t\t<section class=\"elementor-section elementor-top-section elementor-element elementor-element-2f2518d elementor-section-stretched elementor-section-boxed elementor-section-height-default elementor-section-height-default\" data-id=\"2f2518d\" data-element_type=\"section\" data-settings=\"{&quot;stretch_section&quot;:&quot;section-stretched&quot;}\">\n\t\t\t\t\t\t<div class=\"elementor-container elementor-column-gap-default\">\n\t\t\t\t\t<div class=\"elementor-column elementor-col-100 elementor-top-column elementor-element elementor-element-6fdc0ec\" data-id=\"6fdc0ec\" data-element_type=\"column\">\n\t\t\t<div class=\"elementor-widget-wrap elementor-element-populated\">\n\t\t\t\t\t\t<div class=\"elementor-element elementor-element-b307359 elementor-widget elementor-widget-heading\" data-id=\"b307359\" data-element_type=\"widget\" data-widget_type=\"heading.default\">\n\t\t\t\t<div class=\"elementor-widget-container\">\n\t\t\t\t\t<h2 class=\"elementor-heading-title elementor-size-default\">Fordern Sie eine individuelle Pr\u00e4sentation f\u00fcr apsware omniview an. <\/h2>\t\t\t\t<\/div>\n\t\t\t\t<\/div>\n\t\t\t\t\t<\/div>\n\t\t<\/div>\n\t\t\t\t\t<\/div>\n\t\t<\/section>\n\t\t\t\t<section class=\"elementor-section elementor-top-section elementor-element elementor-element-b854b77 elementor-section-stretched elementor-section-boxed elementor-section-height-default elementor-section-height-default\" data-id=\"b854b77\" data-element_type=\"section\" data-settings=\"{&quot;stretch_section&quot;:&quot;section-stretched&quot;,&quot;background_background&quot;:&quot;classic&quot;}\">\n\t\t\t\t\t\t<div class=\"elementor-container elementor-column-gap-default\">\n\t\t\t\t\t<div class=\"elementor-column elementor-col-50 elementor-top-column elementor-element elementor-element-d5ea23c\" data-id=\"d5ea23c\" data-element_type=\"column\">\n\t\t\t<div class=\"elementor-widget-wrap elementor-element-populated\">\n\t\t\t\t\t\t<div class=\"elementor-element elementor-element-e1d122b elementor-widget elementor-widget-text-editor\" data-id=\"e1d122b\" data-element_type=\"widget\" data-widget_type=\"text-editor.default\">\n\t\t\t\t<div class=\"elementor-widget-container\">\n\t\t\t\t\t\t\t\t\t<p>\n<div class=\"wpcf7 no-js\" id=\"wpcf7-f11013-o1\" lang=\"en-US\" dir=\"ltr\" data-wpcf7-id=\"11013\">\n<div class=\"screen-reader-response\"><p role=\"status\" aria-live=\"polite\" aria-atomic=\"true\"><\/p> <ul><\/ul><\/div>\n<form action=\"\/de\/wp-json\/wp\/v2\/pages\/31700#wpcf7-f11013-o1\" method=\"post\" class=\"wpcf7-form init\" aria-label=\"Contact form\" novalidate=\"novalidate\" data-status=\"init\">\n<fieldset class=\"hidden-fields-container\"><input type=\"hidden\" name=\"_wpcf7\" value=\"11013\" \/><input type=\"hidden\" name=\"_wpcf7_version\" value=\"6.1\" \/><input type=\"hidden\" name=\"_wpcf7_locale\" value=\"en_US\" \/><input type=\"hidden\" name=\"_wpcf7_unit_tag\" value=\"wpcf7-f11013-o1\" \/><input type=\"hidden\" name=\"_wpcf7_container_post\" value=\"0\" \/><input type=\"hidden\" name=\"_wpcf7_posted_data_hash\" value=\"\" \/>\n<\/fieldset>\n<p><label> First Name (required)<br \/>\n<span class=\"wpcf7-form-control-wrap\" data-name=\"first-name\"><input size=\"40\" maxlength=\"400\" class=\"wpcf7-form-control wpcf7-text wpcf7-validates-as-required borderinput\" aria-required=\"true\" aria-invalid=\"false\" value=\"\" type=\"text\" name=\"first-name\" \/><\/span> <\/label><br \/>\n<label> Last Name (required)<br \/>\n<span class=\"wpcf7-form-control-wrap\" data-name=\"last-name\"><input size=\"40\" maxlength=\"400\" class=\"wpcf7-form-control wpcf7-text wpcf7-validates-as-required borderinput\" aria-required=\"true\" aria-invalid=\"false\" value=\"\" type=\"text\" name=\"last-name\" \/><\/span> <\/label><br \/>\n<label> Company (required)<br \/>\n<span class=\"wpcf7-form-control-wrap\" data-name=\"company\"><input size=\"40\" maxlength=\"400\" class=\"wpcf7-form-control wpcf7-text wpcf7-validates-as-required borderinput\" aria-required=\"true\" aria-invalid=\"false\" value=\"\" type=\"text\" name=\"company\" \/><\/span> <\/label><br \/>\n<label> Country (required)<br \/>\n<span class=\"wpcf7-form-control-wrap\" data-name=\"country\"><input size=\"40\" maxlength=\"400\" class=\"wpcf7-form-control wpcf7-text wpcf7-validates-as-required borderinput\" aria-required=\"true\" aria-invalid=\"false\" value=\"\" type=\"text\" name=\"country\" \/><\/span> <\/label><br \/>\n<label> Phone (required)<br \/>\n<span class=\"wpcf7-form-control-wrap\" data-name=\"phone\"><input size=\"40\" maxlength=\"400\" class=\"wpcf7-form-control wpcf7-text wpcf7-validates-as-required borderinput\" aria-required=\"true\" aria-invalid=\"false\" value=\"\" type=\"text\" name=\"phone\" \/><\/span> <\/label><br \/>\n<label> Company email (required)<br \/>\n<span class=\"wpcf7-form-control-wrap\" data-name=\"email\"><input size=\"40\" maxlength=\"400\" class=\"wpcf7-form-control wpcf7-email wpcf7-validates-as-required wpcf7-text wpcf7-validates-as-email borderinput\" aria-required=\"true\" aria-invalid=\"false\" value=\"\" type=\"email\" name=\"email\" \/><\/span> <\/label><br \/>\n<label> Suggested date\/time\/timezone (required)<br \/>\n<span class=\"wpcf7-form-control-wrap\" data-name=\"datetime\"><input size=\"40\" maxlength=\"400\" class=\"wpcf7-form-control wpcf7-text wpcf7-validates-as-required borderinput\" aria-required=\"true\" aria-invalid=\"false\" value=\"\" type=\"text\" name=\"datetime\" \/><\/span> <\/label>\n<\/p>\n<p><label> Comments \/ questions \/ remarks<br \/>\n<span class=\"wpcf7-form-control-wrap\" data-name=\"Comment\"><input size=\"40\" maxlength=\"400\" class=\"wpcf7-form-control wpcf7-text borderinput\" aria-invalid=\"false\" value=\"\" type=\"text\" name=\"Comment\" \/><\/span> <\/label><br \/>\n<span class=\"wpcf7-form-control-wrap\" data-name=\"your-consent\"><span class=\"wpcf7-form-control wpcf7-acceptance\"><span class=\"wpcf7-list-item\"><label><input type=\"checkbox\" name=\"your-consent\" value=\"1\" aria-invalid=\"false\" \/><span class=\"wpcf7-list-item-label\">Your confidentiality is assured. Please read and accept our <a target=\"_blank\" rel=\"noopener noreferrer\" href=\"https:\/\/www.apsware.com\/privacy-statement\/\">Privacy Policy<\/a><\/span><\/label><\/span><\/span><\/span>\n<\/p>\n<p><span id=\"wpcf7-69d5068ee8374-wrapper\" class=\"wpcf7-form-control-wrap e-mail-wrap\" style=\"display:none !important; visibility:hidden !important;\"><input type=\"hidden\" name=\"e-mail-time-start\" value=\"1775568526\"><input type=\"hidden\" name=\"e-mail-time-check\" value=\"4\"><label for=\"wpcf7-69d5068ee8374-field\" class=\"hp-message\">Please leave this field empty.<\/label><input id=\"wpcf7-69d5068ee8374-field\"  class=\"wpcf7-form-control wpcf7-text\" type=\"text\" name=\"e-mail\" value=\"\" size=\"40\" tabindex=\"-1\" autocomplete=\"new-password\" \/><\/span><br \/>\n<span id=\"wpcf7-69d5068ee841a-wrapper\" class=\"wpcf7-form-control-wrap identification-number-wrap\" style=\"display:none !important; visibility:hidden !important;\"><input type=\"hidden\" name=\"identification-number-time-start\" value=\"1775568526\"><input type=\"hidden\" name=\"identification-number-time-check\" value=\"4\"><label for=\"wpcf7-69d5068ee841a-field\" class=\"hp-message\">Please leave this field empty.<\/label><input id=\"wpcf7-69d5068ee841a-field\"  class=\"wpcf7-form-control wpcf7-text\" type=\"text\" name=\"identification-number\" value=\"\" size=\"40\" tabindex=\"-1\" autocomplete=\"new-password\" \/><\/span>\n<\/p>\n<div style=\"margin-top: 20px; margin-bottom:10px\">\n\t<p><input class=\"wpcf7-form-control wpcf7-submit has-spinner\" type=\"submit\" value=\"Send\" \/>\n\t<\/p>\n<\/div><div class=\"wpcf7-response-output\" aria-hidden=\"true\"><\/div>\n<\/form>\n<\/div>\n<\/p>\n\t\t\t\t\t\t\t\t<\/div>\n\t\t\t\t<\/div>\n\t\t\t\t\t<\/div>\n\t\t<\/div>\n\t\t\t\t<div class=\"elementor-column elementor-col-50 elementor-top-column elementor-element elementor-element-94a99f8\" data-id=\"94a99f8\" data-element_type=\"column\" data-settings=\"{&quot;background_background&quot;:&quot;classic&quot;}\">\n\t\t\t<div class=\"elementor-widget-wrap elementor-element-populated\">\n\t\t\t\t\t\t<div class=\"elementor-element elementor-element-c727340 elementor-widget elementor-widget-image\" data-id=\"c727340\" data-element_type=\"widget\" data-widget_type=\"image.default\">\n\t\t\t\t<div class=\"elementor-widget-container\">\n\t\t\t\t\t\t\t\t\t\t\t\t\t\t\t<img fetchpriority=\"high\" decoding=\"async\" width=\"800\" height=\"481\" src=\"https:\/\/www.apsware.com\/wp-content\/uploads\/2020\/02\/apsware_omniview_02.png\" class=\"attachment-full size-full wp-image-15626\" alt=\"apsware omniview 6.0 f\u00fcr Automic - Flowchart\" srcset=\"https:\/\/www.apsware.com\/wp-content\/uploads\/2020\/02\/apsware_omniview_02.png 800w, https:\/\/www.apsware.com\/wp-content\/uploads\/2020\/02\/apsware_omniview_02-300x180.png 300w, https:\/\/www.apsware.com\/wp-content\/uploads\/2020\/02\/apsware_omniview_02-768x462.png 768w, https:\/\/www.apsware.com\/wp-content\/uploads\/2020\/02\/apsware_omniview_02-230x138.png 230w, https:\/\/www.apsware.com\/wp-content\/uploads\/2020\/02\/apsware_omniview_02-350x210.png 350w, https:\/\/www.apsware.com\/wp-content\/uploads\/2020\/02\/apsware_omniview_02-480x289.png 480w\" sizes=\"(max-width: 800px) 100vw, 800px\" \/>\t\t\t\t\t\t\t\t\t\t\t\t\t\t\t<\/div>\n\t\t\t\t<\/div>\n\t\t\t\t<div class=\"elementor-element elementor-element-6042703 elementor-widget elementor-widget-heading\" data-id=\"6042703\" data-element_type=\"widget\" data-widget_type=\"heading.default\">\n\t\t\t\t<div class=\"elementor-widget-container\">\n\t\t\t\t\t<h2 class=\"elementor-heading-title elementor-size-default\">apsware omniview f\u00fcr Automic<\/h2>\t\t\t\t<\/div>\n\t\t\t\t<\/div>\n\t\t\t\t<div class=\"elementor-element elementor-element-ca3987a elementor-widget elementor-widget-heading\" data-id=\"ca3987a\" data-element_type=\"widget\" data-widget_type=\"heading.default\">\n\t\t\t\t<div class=\"elementor-widget-container\">\n\t\t\t\t\t<h4 class=\"elementor-heading-title elementor-size-default\">Sofortige Einblicke und automatisierte visuelle Dokumentation f\u00fcr Automic<\/h4>\t\t\t\t<\/div>\n\t\t\t\t<\/div>\n\t\t\t\t<div class=\"elementor-element elementor-element-d2372b7 elementor-widget elementor-widget-text-editor\" data-id=\"d2372b7\" data-element_type=\"widget\" data-widget_type=\"text-editor.default\">\n\t\t\t\t<div class=\"elementor-widget-container\">\n\t\t\t\t\t\t\t\t\tapsware omniview bietet eine End-to-End-Sichtbarkeit der \u00fcber Automic automatisierten Prozessabl\u00e4ufe. Mit apsware omniview verstehen Anwender die Auswirkungen von \u00c4nderungen an bestehenden Verfahren und die Folgen der Einf\u00fchrung neuer automatisierter Prozesse besser.\t\t\t\t\t\t\t\t<\/div>\n\t\t\t\t<\/div>\n\t\t\t\t<div class=\"elementor-element elementor-element-5c5d263 elementor-align-center elementor-widget elementor-widget-button\" data-id=\"5c5d263\" data-element_type=\"widget\" data-widget_type=\"button.default\">\n\t\t\t\t<div class=\"elementor-widget-container\">\n\t\t\t\t\t\t\t\t\t<div class=\"elementor-button-wrapper\">\n\t\t\t\t\t<a class=\"elementor-button elementor-button-link elementor-size-sm\" href=\"https:\/\/www.apsware.com\/de\/automic\/apsware-omniview-fuer-automic\/\">\n\t\t\t\t\t\t<span class=\"elementor-button-content-wrapper\">\n\t\t\t\t\t\t\t\t\t<span class=\"elementor-button-text\">Zur\u00fcck zu apsware omniview<\/span>\n\t\t\t\t\t<\/span>\n\t\t\t\t\t<\/a>\n\t\t\t\t<\/div>\n\t\t\t\t\t\t\t\t<\/div>\n\t\t\t\t<\/div>\n\t\t\t\t\t<\/div>\n\t\t<\/div>\n\t\t\t\t\t<\/div>\n\t\t<\/section>\n\t\t\t\t<\/div>\n\t\t","protected":false},"excerpt":{"rendered":"<p>Fordern Sie eine individuelle Pr\u00e4sentation f\u00fcr apsware omniview an. apsware omniview f\u00fcr Automic Sofortige Einblicke und automatisierte visuelle Dokumentation f\u00fcr Automic apsware omniview bietet eine End-to-End-Sichtbarkeit der \u00fcber Automic automatisierten Prozessabl\u00e4ufe. Mit apsware omniview verstehen Anwender die Auswirkungen von \u00c4nderungen an bestehenden Verfahren und die Folgen der Einf\u00fchrung neuer automatisierter Prozesse besser. Zur\u00fcck zu apsware [&hellip;]<\/p>\n","protected":false},"author":381,"featured_media":0,"parent":31706,"menu_order":0,"comment_status":"closed","ping_status":"closed","template":"","meta":{"footnotes":""},"class_list":["post-31700","page","type-page","status-publish","hentry"],"yoast_head":"<!-- This site is optimized with the Yoast SEO plugin v25.6 - https:\/\/yoast.com\/wordpress\/plugins\/seo\/ -->\n<title>apsware omniview for Automic - Pr\u00e4sentation - apsware<\/title>\n<meta name=\"description\" content=\"apsware omniview for automic - Visuelle Expertenanalyse zum Verst\u00e4ndnis und zur Optimierung Ihrer automatischen Arbeitsabl\u00e4ufe - Fordern Sie eine Pr\u00e4sentation an\" \/>\n<meta name=\"robots\" content=\"index, follow, max-snippet:-1, max-image-preview:large, max-video-preview:-1\" \/>\n<link rel=\"canonical\" href=\"https:\/\/www.apsware.com\/de\/automic\/apsware-omniview-fuer-automic_old\/apsware-omniview-for-automic-praesentation\/\" \/>\n<meta property=\"og:locale\" content=\"de_DE\" \/>\n<meta property=\"og:type\" content=\"article\" \/>\n<meta property=\"og:title\" content=\"apsware omniview for Automic - Pr\u00e4sentation - apsware\" \/>\n<meta property=\"og:description\" content=\"apsware omniview for automic - Visuelle Expertenanalyse zum Verst\u00e4ndnis und zur Optimierung Ihrer automatischen Arbeitsabl\u00e4ufe - Fordern Sie eine Pr\u00e4sentation an\" \/>\n<meta property=\"og:url\" content=\"https:\/\/www.apsware.com\/de\/automic\/apsware-omniview-fuer-automic_old\/apsware-omniview-for-automic-praesentation\/\" \/>\n<meta property=\"og:site_name\" content=\"apsware\" \/>\n<meta property=\"article:modified_time\" content=\"2023-11-20T15:26:22+00:00\" \/>\n<meta property=\"og:image\" content=\"https:\/\/www.apsware.com\/wp-content\/uploads\/2020\/02\/apsware_omniview_02.png\" \/>\n<meta name=\"twitter:card\" content=\"summary_large_image\" \/>\n<meta name=\"twitter:label1\" content=\"Gesch\u00e4tzte Lesezeit\" \/>\n\t<meta name=\"twitter:data1\" content=\"1\u00a0Minute\" \/>\n<script type=\"application\/ld+json\" class=\"yoast-schema-graph\">{\"@context\":\"https:\/\/schema.org\",\"@graph\":[{\"@type\":\"WebPage\",\"@id\":\"https:\/\/www.apsware.com\/de\/automic\/apsware-omniview-fuer-automic_old\/apsware-omniview-for-automic-praesentation\/\",\"url\":\"https:\/\/www.apsware.com\/de\/automic\/apsware-omniview-fuer-automic_old\/apsware-omniview-for-automic-praesentation\/\",\"name\":\"apsware omniview for Automic - Pr\u00e4sentation - apsware\",\"isPartOf\":{\"@id\":\"https:\/\/www.apsware.com\/de\/#website\"},\"primaryImageOfPage\":{\"@id\":\"https:\/\/www.apsware.com\/de\/automic\/apsware-omniview-fuer-automic_old\/apsware-omniview-for-automic-praesentation\/#primaryimage\"},\"image\":{\"@id\":\"https:\/\/www.apsware.com\/de\/automic\/apsware-omniview-fuer-automic_old\/apsware-omniview-for-automic-praesentation\/#primaryimage\"},\"thumbnailUrl\":\"https:\/\/www.apsware.com\/wp-content\/uploads\/2020\/02\/apsware_omniview_02.png\",\"datePublished\":\"2023-11-20T14:35:42+00:00\",\"dateModified\":\"2023-11-20T15:26:22+00:00\",\"description\":\"apsware omniview for automic - Visuelle Expertenanalyse zum Verst\u00e4ndnis und zur Optimierung Ihrer automatischen Arbeitsabl\u00e4ufe - Fordern Sie eine Pr\u00e4sentation an\",\"breadcrumb\":{\"@id\":\"https:\/\/www.apsware.com\/de\/automic\/apsware-omniview-fuer-automic_old\/apsware-omniview-for-automic-praesentation\/#breadcrumb\"},\"inLanguage\":\"de\",\"potentialAction\":[{\"@type\":\"ReadAction\",\"target\":[\"https:\/\/www.apsware.com\/de\/automic\/apsware-omniview-fuer-automic_old\/apsware-omniview-for-automic-praesentation\/\"]}]},{\"@type\":\"ImageObject\",\"inLanguage\":\"de\",\"@id\":\"https:\/\/www.apsware.com\/de\/automic\/apsware-omniview-fuer-automic_old\/apsware-omniview-for-automic-praesentation\/#primaryimage\",\"url\":\"https:\/\/www.apsware.com\/wp-content\/uploads\/2020\/02\/apsware_omniview_02.png\",\"contentUrl\":\"https:\/\/www.apsware.com\/wp-content\/uploads\/2020\/02\/apsware_omniview_02.png\"},{\"@type\":\"BreadcrumbList\",\"@id\":\"https:\/\/www.apsware.com\/de\/automic\/apsware-omniview-fuer-automic_old\/apsware-omniview-for-automic-praesentation\/#breadcrumb\",\"itemListElement\":[{\"@type\":\"ListItem\",\"position\":1,\"name\":\"Home\",\"item\":\"https:\/\/www.apsware.com\/de\/\"},{\"@type\":\"ListItem\",\"position\":2,\"name\":\"apsware Software L\u00f6sungen f\u00fcr Automic\",\"item\":\"https:\/\/www.apsware.com\/de\/automic\/\"},{\"@type\":\"ListItem\",\"position\":3,\"name\":\"apsware omniview f\u00fcr Automic\",\"item\":\"https:\/\/www.apsware.com\/de\/automic\/apsware-omniview-for-automic_old\/\"},{\"@type\":\"ListItem\",\"position\":4,\"name\":\"apsware omniview for Automic &#8211; Pr\u00e4sentation\"}]},{\"@type\":\"WebSite\",\"@id\":\"https:\/\/www.apsware.com\/de\/#website\",\"url\":\"https:\/\/www.apsware.com\/de\/\",\"name\":\"apsware\",\"description\":\"Digital Business Automation\",\"publisher\":{\"@id\":\"https:\/\/www.apsware.com\/de\/#organization\"},\"potentialAction\":[{\"@type\":\"SearchAction\",\"target\":{\"@type\":\"EntryPoint\",\"urlTemplate\":\"https:\/\/www.apsware.com\/de\/?s={search_term_string}\"},\"query-input\":{\"@type\":\"PropertyValueSpecification\",\"valueRequired\":true,\"valueName\":\"search_term_string\"}}],\"inLanguage\":\"de\"},{\"@type\":\"Organization\",\"@id\":\"https:\/\/www.apsware.com\/de\/#organization\",\"name\":\"apsware\",\"url\":\"https:\/\/www.apsware.com\/de\/\",\"logo\":{\"@type\":\"ImageObject\",\"inLanguage\":\"de\",\"@id\":\"https:\/\/www.apsware.com\/de\/#\/schema\/logo\/image\/\",\"url\":\"https:\/\/www.apsware.com\/wp-content\/uploads\/2019\/04\/apsware_logo_rgb-2-1.png\",\"contentUrl\":\"https:\/\/www.apsware.com\/wp-content\/uploads\/2019\/04\/apsware_logo_rgb-2-1.png\",\"width\":200,\"height\":46,\"caption\":\"apsware\"},\"image\":{\"@id\":\"https:\/\/www.apsware.com\/de\/#\/schema\/logo\/image\/\"}}]}<\/script>\n<!-- \/ Yoast SEO plugin. -->","yoast_head_json":{"title":"apsware omniview for Automic - Pr\u00e4sentation - apsware","description":"apsware omniview for automic - Visuelle Expertenanalyse zum Verst\u00e4ndnis und zur Optimierung Ihrer automatischen Arbeitsabl\u00e4ufe - Fordern Sie eine Pr\u00e4sentation an","robots":{"index":"index","follow":"follow","max-snippet":"max-snippet:-1","max-image-preview":"max-image-preview:large","max-video-preview":"max-video-preview:-1"},"canonical":"https:\/\/www.apsware.com\/de\/automic\/apsware-omniview-fuer-automic_old\/apsware-omniview-for-automic-praesentation\/","og_locale":"de_DE","og_type":"article","og_title":"apsware omniview for Automic - Pr\u00e4sentation - apsware","og_description":"apsware omniview for automic - Visuelle Expertenanalyse zum Verst\u00e4ndnis und zur Optimierung Ihrer automatischen Arbeitsabl\u00e4ufe - Fordern Sie eine Pr\u00e4sentation an","og_url":"https:\/\/www.apsware.com\/de\/automic\/apsware-omniview-fuer-automic_old\/apsware-omniview-for-automic-praesentation\/","og_site_name":"apsware","article_modified_time":"2023-11-20T15:26:22+00:00","og_image":[{"url":"https:\/\/www.apsware.com\/wp-content\/uploads\/2020\/02\/apsware_omniview_02.png","type":"","width":"","height":""}],"twitter_card":"summary_large_image","twitter_misc":{"Gesch\u00e4tzte Lesezeit":"1\u00a0Minute"},"schema":{"@context":"https:\/\/schema.org","@graph":[{"@type":"WebPage","@id":"https:\/\/www.apsware.com\/de\/automic\/apsware-omniview-fuer-automic_old\/apsware-omniview-for-automic-praesentation\/","url":"https:\/\/www.apsware.com\/de\/automic\/apsware-omniview-fuer-automic_old\/apsware-omniview-for-automic-praesentation\/","name":"apsware omniview for Automic - Pr\u00e4sentation - apsware","isPartOf":{"@id":"https:\/\/www.apsware.com\/de\/#website"},"primaryImageOfPage":{"@id":"https:\/\/www.apsware.com\/de\/automic\/apsware-omniview-fuer-automic_old\/apsware-omniview-for-automic-praesentation\/#primaryimage"},"image":{"@id":"https:\/\/www.apsware.com\/de\/automic\/apsware-omniview-fuer-automic_old\/apsware-omniview-for-automic-praesentation\/#primaryimage"},"thumbnailUrl":"https:\/\/www.apsware.com\/wp-content\/uploads\/2020\/02\/apsware_omniview_02.png","datePublished":"2023-11-20T14:35:42+00:00","dateModified":"2023-11-20T15:26:22+00:00","description":"apsware omniview for automic - Visuelle Expertenanalyse zum Verst\u00e4ndnis und zur Optimierung Ihrer automatischen Arbeitsabl\u00e4ufe - Fordern Sie eine Pr\u00e4sentation an","breadcrumb":{"@id":"https:\/\/www.apsware.com\/de\/automic\/apsware-omniview-fuer-automic_old\/apsware-omniview-for-automic-praesentation\/#breadcrumb"},"inLanguage":"de","potentialAction":[{"@type":"ReadAction","target":["https:\/\/www.apsware.com\/de\/automic\/apsware-omniview-fuer-automic_old\/apsware-omniview-for-automic-praesentation\/"]}]},{"@type":"ImageObject","inLanguage":"de","@id":"https:\/\/www.apsware.com\/de\/automic\/apsware-omniview-fuer-automic_old\/apsware-omniview-for-automic-praesentation\/#primaryimage","url":"https:\/\/www.apsware.com\/wp-content\/uploads\/2020\/02\/apsware_omniview_02.png","contentUrl":"https:\/\/www.apsware.com\/wp-content\/uploads\/2020\/02\/apsware_omniview_02.png"},{"@type":"BreadcrumbList","@id":"https:\/\/www.apsware.com\/de\/automic\/apsware-omniview-fuer-automic_old\/apsware-omniview-for-automic-praesentation\/#breadcrumb","itemListElement":[{"@type":"ListItem","position":1,"name":"Home","item":"https:\/\/www.apsware.com\/de\/"},{"@type":"ListItem","position":2,"name":"apsware Software L\u00f6sungen f\u00fcr Automic","item":"https:\/\/www.apsware.com\/de\/automic\/"},{"@type":"ListItem","position":3,"name":"apsware omniview f\u00fcr Automic","item":"https:\/\/www.apsware.com\/de\/automic\/apsware-omniview-for-automic_old\/"},{"@type":"ListItem","position":4,"name":"apsware omniview for Automic &#8211; Pr\u00e4sentation"}]},{"@type":"WebSite","@id":"https:\/\/www.apsware.com\/de\/#website","url":"https:\/\/www.apsware.com\/de\/","name":"apsware","description":"Digital Business Automation","publisher":{"@id":"https:\/\/www.apsware.com\/de\/#organization"},"potentialAction":[{"@type":"SearchAction","target":{"@type":"EntryPoint","urlTemplate":"https:\/\/www.apsware.com\/de\/?s={search_term_string}"},"query-input":{"@type":"PropertyValueSpecification","valueRequired":true,"valueName":"search_term_string"}}],"inLanguage":"de"},{"@type":"Organization","@id":"https:\/\/www.apsware.com\/de\/#organization","name":"apsware","url":"https:\/\/www.apsware.com\/de\/","logo":{"@type":"ImageObject","inLanguage":"de","@id":"https:\/\/www.apsware.com\/de\/#\/schema\/logo\/image\/","url":"https:\/\/www.apsware.com\/wp-content\/uploads\/2019\/04\/apsware_logo_rgb-2-1.png","contentUrl":"https:\/\/www.apsware.com\/wp-content\/uploads\/2019\/04\/apsware_logo_rgb-2-1.png","width":200,"height":46,"caption":"apsware"},"image":{"@id":"https:\/\/www.apsware.com\/de\/#\/schema\/logo\/image\/"}}]}},"_links":{"self":[{"href":"https:\/\/www.apsware.com\/de\/wp-json\/wp\/v2\/pages\/31700","targetHints":{"allow":["GET"]}}],"collection":[{"href":"https:\/\/www.apsware.com\/de\/wp-json\/wp\/v2\/pages"}],"about":[{"href":"https:\/\/www.apsware.com\/de\/wp-json\/wp\/v2\/types\/page"}],"author":[{"embeddable":true,"href":"https:\/\/www.apsware.com\/de\/wp-json\/wp\/v2\/users\/381"}],"replies":[{"embeddable":true,"href":"https:\/\/www.apsware.com\/de\/wp-json\/wp\/v2\/comments?post=31700"}],"version-history":[{"count":4,"href":"https:\/\/www.apsware.com\/de\/wp-json\/wp\/v2\/pages\/31700\/revisions"}],"predecessor-version":[{"id":31734,"href":"https:\/\/www.apsware.com\/de\/wp-json\/wp\/v2\/pages\/31700\/revisions\/31734"}],"up":[{"embeddable":true,"href":"https:\/\/www.apsware.com\/de\/wp-json\/wp\/v2\/pages\/31706"}],"wp:attachment":[{"href":"https:\/\/www.apsware.com\/de\/wp-json\/wp\/v2\/media?parent=31700"}],"curies":[{"name":"wp","href":"https:\/\/api.w.org\/{rel}","templated":true}]}}