{"id":31625,"date":"2023-11-17T14:39:44","date_gmt":"2023-11-17T14:39:44","guid":{"rendered":"https:\/\/www.apsware.com\/apsware-loesungen-fuer-bmc-control-m\/apsware-analytics-fuer-control-m\/apsware-analytics-fuer-control-m-kostenlose-testversion\/"},"modified":"2023-11-17T14:39:45","modified_gmt":"2023-11-17T14:39:45","slug":"apsware-analytics-fuer-control-m-kostenlose-testversion","status":"publish","type":"page","link":"https:\/\/www.apsware.com\/de\/apsware-loesungen-fuer-bmc-control-m\/apsware-analytics-fuer-control-m\/apsware-analytics-fuer-control-m-kostenlose-testversion\/","title":{"rendered":"apsware analytics f\u00fcr Control-M &#8211; Kostenlose Testversion"},"content":{"rendered":"\t\t<div data-elementor-type=\"wp-page\" data-elementor-id=\"31625\" class=\"elementor elementor-31625 elementor-10879\" data-elementor-post-type=\"page\">\n\t\t\t\t\t\t<section class=\"elementor-section elementor-top-section elementor-element elementor-element-5817fde elementor-section-stretched elementor-section-boxed elementor-section-height-default elementor-section-height-default\" data-id=\"5817fde\" data-element_type=\"section\" data-settings=\"{&quot;stretch_section&quot;:&quot;section-stretched&quot;}\">\n\t\t\t\t\t\t<div class=\"elementor-container elementor-column-gap-default\">\n\t\t\t\t\t<div class=\"elementor-column elementor-col-100 elementor-top-column elementor-element elementor-element-b50204f\" data-id=\"b50204f\" data-element_type=\"column\">\n\t\t\t<div class=\"elementor-widget-wrap elementor-element-populated\">\n\t\t\t\t\t\t<div class=\"elementor-element elementor-element-6049b21 elementor-widget elementor-widget-heading\" data-id=\"6049b21\" data-element_type=\"widget\" data-widget_type=\"heading.default\">\n\t\t\t\t<div class=\"elementor-widget-container\">\n\t\t\t\t\t<h2 class=\"elementor-heading-title elementor-size-default\">Holen Sie sich apsware analytics f\u00fcr Control-M als kostenlose Test-Version<\/h2>\t\t\t\t<\/div>\n\t\t\t\t<\/div>\n\t\t\t\t\t<\/div>\n\t\t<\/div>\n\t\t\t\t\t<\/div>\n\t\t<\/section>\n\t\t\t\t<section class=\"elementor-section elementor-top-section elementor-element elementor-element-2a47947 elementor-section-stretched elementor-section-boxed elementor-section-height-default elementor-section-height-default\" data-id=\"2a47947\" data-element_type=\"section\" data-settings=\"{&quot;stretch_section&quot;:&quot;section-stretched&quot;,&quot;background_background&quot;:&quot;classic&quot;}\">\n\t\t\t\t\t\t<div class=\"elementor-container elementor-column-gap-default\">\n\t\t\t\t\t<div class=\"elementor-column elementor-col-50 elementor-top-column elementor-element elementor-element-dd4ca23\" data-id=\"dd4ca23\" data-element_type=\"column\">\n\t\t\t<div class=\"elementor-widget-wrap elementor-element-populated\">\n\t\t\t\t\t\t<div class=\"elementor-element elementor-element-71f2780 elementor-widget elementor-widget-text-editor\" data-id=\"71f2780\" data-element_type=\"widget\" data-widget_type=\"text-editor.default\">\n\t\t\t\t<div class=\"elementor-widget-container\">\n\t\t\t\t\t\t\t\t\t<p>\n<div class=\"wpcf7 no-js\" id=\"wpcf7-f11015-o1\" lang=\"en-US\" dir=\"ltr\" data-wpcf7-id=\"11015\">\n<div class=\"screen-reader-response\"><p role=\"status\" aria-live=\"polite\" aria-atomic=\"true\"><\/p> <ul><\/ul><\/div>\n<form action=\"\/de\/wp-json\/wp\/v2\/pages\/31625#wpcf7-f11015-o1\" method=\"post\" class=\"wpcf7-form init\" aria-label=\"Contact form\" novalidate=\"novalidate\" data-status=\"init\">\n<fieldset class=\"hidden-fields-container\"><input type=\"hidden\" name=\"_wpcf7\" value=\"11015\" \/><input type=\"hidden\" name=\"_wpcf7_version\" value=\"6.1\" \/><input type=\"hidden\" name=\"_wpcf7_locale\" value=\"en_US\" \/><input type=\"hidden\" name=\"_wpcf7_unit_tag\" value=\"wpcf7-f11015-o1\" \/><input type=\"hidden\" name=\"_wpcf7_container_post\" value=\"0\" \/><input type=\"hidden\" name=\"_wpcf7_posted_data_hash\" value=\"\" \/>\n<\/fieldset>\n<p><label> First Name (required)<br \/>\n<span class=\"wpcf7-form-control-wrap\" data-name=\"first-name\"><input size=\"40\" maxlength=\"400\" class=\"wpcf7-form-control wpcf7-text wpcf7-validates-as-required borderinput\" aria-required=\"true\" aria-invalid=\"false\" value=\"\" type=\"text\" name=\"first-name\" \/><\/span> <\/label><br \/>\n<label> Last Name (required)<br \/>\n<span class=\"wpcf7-form-control-wrap\" data-name=\"last-name\"><input size=\"40\" maxlength=\"400\" class=\"wpcf7-form-control wpcf7-text wpcf7-validates-as-required borderinput\" aria-required=\"true\" aria-invalid=\"false\" value=\"\" type=\"text\" name=\"last-name\" \/><\/span> <\/label><br \/>\n<label> Company (required)<br \/>\n<span class=\"wpcf7-form-control-wrap\" data-name=\"company\"><input size=\"40\" maxlength=\"400\" class=\"wpcf7-form-control wpcf7-text wpcf7-validates-as-required borderinput\" aria-required=\"true\" aria-invalid=\"false\" value=\"\" type=\"text\" name=\"company\" \/><\/span> <\/label><br \/>\n<label> Country (required)<br \/>\n<span class=\"wpcf7-form-control-wrap\" data-name=\"country\"><input size=\"40\" maxlength=\"400\" class=\"wpcf7-form-control wpcf7-text wpcf7-validates-as-required borderinput\" aria-required=\"true\" aria-invalid=\"false\" value=\"\" type=\"text\" name=\"country\" \/><\/span> <\/label><br \/>\n<label> Phone (required)<br \/>\n<span class=\"wpcf7-form-control-wrap\" data-name=\"phone\"><input size=\"40\" maxlength=\"400\" class=\"wpcf7-form-control wpcf7-text wpcf7-validates-as-required borderinput\" aria-required=\"true\" aria-invalid=\"false\" value=\"\" type=\"text\" name=\"phone\" \/><\/span> <\/label><br \/>\n<label> Company email (required)<br \/>\n<span class=\"wpcf7-form-control-wrap\" data-name=\"email\"><input size=\"40\" maxlength=\"400\" class=\"wpcf7-form-control wpcf7-email wpcf7-validates-as-required wpcf7-text wpcf7-validates-as-email borderinput\" aria-required=\"true\" aria-invalid=\"false\" value=\"\" type=\"email\" name=\"email\" \/><\/span> <\/label>\n<\/p>\n<p><label> Comments \/ questions \/ remarks<br \/>\n<span class=\"wpcf7-form-control-wrap\" data-name=\"Comment\"><input size=\"40\" maxlength=\"400\" class=\"wpcf7-form-control wpcf7-text borderinput\" aria-invalid=\"false\" value=\"\" type=\"text\" name=\"Comment\" \/><\/span> <\/label><br \/>\n<span class=\"wpcf7-form-control-wrap\" data-name=\"your-consent\"><span class=\"wpcf7-form-control wpcf7-acceptance\"><span class=\"wpcf7-list-item\"><label><input type=\"checkbox\" name=\"your-consent\" value=\"1\" aria-invalid=\"false\" \/><span class=\"wpcf7-list-item-label\">Your confidentiality is assured. Please read and accept our <a target=\"_blank\" rel=\"noopener noreferrer\" href=\"https:\/\/www.apsware.com\/privacy-statement\/\">Privacy Policy<\/a><\/span><\/label><\/span><\/span><\/span>\n<\/p>\n<p><span id=\"wpcf7-69e7480beec14-wrapper\" class=\"wpcf7-form-control-wrap e-mail-wrap\" style=\"display:none !important; visibility:hidden !important;\"><input type=\"hidden\" name=\"e-mail-time-start\" value=\"1776764939\"><input type=\"hidden\" name=\"e-mail-time-check\" value=\"4\"><label for=\"wpcf7-69e7480beec14-field\" class=\"hp-message\">Please leave this field empty.<\/label><input id=\"wpcf7-69e7480beec14-field\"  class=\"wpcf7-form-control wpcf7-text\" type=\"text\" name=\"e-mail\" value=\"\" size=\"40\" tabindex=\"-1\" autocomplete=\"new-password\" \/><\/span><br \/>\n<span id=\"wpcf7-69e7480beeccf-wrapper\" class=\"wpcf7-form-control-wrap identification-number-wrap\" style=\"display:none !important; visibility:hidden !important;\"><input type=\"hidden\" name=\"identification-number-time-start\" value=\"1776764939\"><input type=\"hidden\" name=\"identification-number-time-check\" value=\"4\"><label for=\"wpcf7-69e7480beeccf-field\" class=\"hp-message\">Please leave this field empty.<\/label><input id=\"wpcf7-69e7480beeccf-field\"  class=\"wpcf7-form-control wpcf7-text\" type=\"text\" name=\"identification-number\" value=\"\" size=\"40\" tabindex=\"-1\" autocomplete=\"new-password\" \/><\/span>\n<\/p>\n<div style=\"margin-top: 20px; margin-bottom:10px\">\n\t<p><input class=\"wpcf7-form-control wpcf7-submit has-spinner\" type=\"submit\" value=\"Send\" \/>\n\t<\/p>\n<\/div><div class=\"wpcf7-response-output\" aria-hidden=\"true\"><\/div>\n<\/form>\n<\/div>\n<\/p>\n\t\t\t\t\t\t\t\t<\/div>\n\t\t\t\t<\/div>\n\t\t\t\t\t<\/div>\n\t\t<\/div>\n\t\t\t\t<div class=\"elementor-column elementor-col-50 elementor-top-column elementor-element elementor-element-7aa1909\" data-id=\"7aa1909\" data-element_type=\"column\">\n\t\t\t<div class=\"elementor-widget-wrap elementor-element-populated\">\n\t\t\t\t\t\t<div class=\"elementor-element elementor-element-91d89c8 elementor-widget elementor-widget-image\" data-id=\"91d89c8\" data-element_type=\"widget\" data-widget_type=\"image.default\">\n\t\t\t\t<div class=\"elementor-widget-container\">\n\t\t\t\t\t\t\t\t\t\t\t\t\t\t\t<img fetchpriority=\"high\" decoding=\"async\" width=\"800\" height=\"481\" src=\"https:\/\/www.apsware.com\/wp-content\/uploads\/2019\/08\/notebook-apsware_analytics.png\" class=\"attachment-full size-full wp-image-31622\" alt=\"apsware analytics f\u00fcr Control-M  - \u00dcbersicht\" srcset=\"https:\/\/www.apsware.com\/wp-content\/uploads\/2019\/08\/notebook-apsware_analytics.png 800w, https:\/\/www.apsware.com\/wp-content\/uploads\/2019\/08\/notebook-apsware_analytics-300x180.png 300w, https:\/\/www.apsware.com\/wp-content\/uploads\/2019\/08\/notebook-apsware_analytics-768x462.png 768w, https:\/\/www.apsware.com\/wp-content\/uploads\/2019\/08\/notebook-apsware_analytics-230x138.png 230w, https:\/\/www.apsware.com\/wp-content\/uploads\/2019\/08\/notebook-apsware_analytics-350x210.png 350w, https:\/\/www.apsware.com\/wp-content\/uploads\/2019\/08\/notebook-apsware_analytics-480x289.png 480w\" sizes=\"(max-width: 800px) 100vw, 800px\" \/>\t\t\t\t\t\t\t\t\t\t\t\t\t\t\t<\/div>\n\t\t\t\t<\/div>\n\t\t\t\t<div class=\"elementor-element elementor-element-7c8bfe9 elementor-widget elementor-widget-heading\" data-id=\"7c8bfe9\" data-element_type=\"widget\" data-widget_type=\"heading.default\">\n\t\t\t\t<div class=\"elementor-widget-container\">\n\t\t\t\t\t<h2 class=\"elementor-heading-title elementor-size-default\">apsware analytics f\u00fcr Control-M<\/h2>\t\t\t\t<\/div>\n\t\t\t\t<\/div>\n\t\t\t\t<div class=\"elementor-element elementor-element-13e43cf elementor-widget elementor-widget-heading\" data-id=\"13e43cf\" data-element_type=\"widget\" data-widget_type=\"heading.default\">\n\t\t\t\t<div class=\"elementor-widget-container\">\n\t\t\t\t\t<h4 class=\"elementor-heading-title elementor-size-default\">Self-Service Analysen f\u00fcr Control-M<\/h4>\t\t\t\t<\/div>\n\t\t\t\t<\/div>\n\t\t\t\t<div class=\"elementor-element elementor-element-2e89b4c elementor-widget elementor-widget-text-editor\" data-id=\"2e89b4c\" data-element_type=\"widget\" data-widget_type=\"text-editor.default\">\n\t\t\t\t<div class=\"elementor-widget-container\">\n\t\t\t\t\t\t\t\t\t<p>Mit wenigen Klicks werden aussagekr\u00e4ftige Ansichten, Berichte und Metriken von Jedermann erstellt. Die Ergebnisse k\u00f6nnen \u00fcber ein Dashboard gemeinsam genutzt werden, so dass diejenigen, die es ben\u00f6tigen, informiert sind. Diese neue Ebene der Transparenz erm\u00f6glicht es Ihnen, die Control-M Automation auf ein h\u00f6heres Niveau zu heben.<\/p>\n\t\t\t\t\t\t\t\t<\/div>\n\t\t\t\t<\/div>\n\t\t\t\t<div class=\"elementor-element elementor-element-c4cdbe3 elementor-align-center elementor-widget elementor-widget-button\" data-id=\"c4cdbe3\" data-element_type=\"widget\" data-widget_type=\"button.default\">\n\t\t\t\t<div class=\"elementor-widget-container\">\n\t\t\t\t\t\t\t\t\t<div class=\"elementor-button-wrapper\">\n\t\t\t\t\t<a class=\"elementor-button elementor-button-link elementor-size-sm\" href=\"https:\/\/www.apsware.com\/de\/apsware-loesungen-fuer-bmc-control-m\/apsware-analytics-fuer-control-m\/\">\n\t\t\t\t\t\t<span class=\"elementor-button-content-wrapper\">\n\t\t\t\t\t\t\t\t\t<span class=\"elementor-button-text\">Zur\u00fcck zu apsware analytics f\u00fcr Control-M<\/span>\n\t\t\t\t\t<\/span>\n\t\t\t\t\t<\/a>\n\t\t\t\t<\/div>\n\t\t\t\t\t\t\t\t<\/div>\n\t\t\t\t<\/div>\n\t\t\t\t\t<\/div>\n\t\t<\/div>\n\t\t\t\t\t<\/div>\n\t\t<\/section>\n\t\t\t\t<\/div>\n\t\t","protected":false},"excerpt":{"rendered":"<p>Holen Sie sich apsware analytics f\u00fcr Control-M als kostenlose Test-Version apsware analytics f\u00fcr Control-M Self-Service Analysen f\u00fcr Control-M Mit wenigen Klicks werden aussagekr\u00e4ftige Ansichten, Berichte und Metriken von Jedermann erstellt. Die Ergebnisse k\u00f6nnen \u00fcber ein Dashboard gemeinsam genutzt werden, so dass diejenigen, die es ben\u00f6tigen, informiert sind. Diese neue Ebene der Transparenz erm\u00f6glicht es Ihnen, [&hellip;]<\/p>\n","protected":false},"author":381,"featured_media":0,"parent":30016,"menu_order":0,"comment_status":"closed","ping_status":"closed","template":"","meta":{"footnotes":""},"class_list":["post-31625","page","type-page","status-publish","hentry"],"yoast_head":"<!-- This site is optimized with the Yoast SEO plugin v25.6 - https:\/\/yoast.com\/wordpress\/plugins\/seo\/ -->\n<title>apsware analytics f\u00fcr Control-M - Fordern Sie eine kostenlose Testversion an<\/title>\n<meta name=\"description\" content=\"apsware analytics sammelt und visualisiert die Daten, die Ihnen helfen, Ihre Gesch\u00e4ftsprozesse automatisiert \u00fcber Control-M besser zu verwalten - Testen Sie es kostenlos\" \/>\n<meta name=\"robots\" content=\"index, follow, max-snippet:-1, max-image-preview:large, max-video-preview:-1\" \/>\n<link rel=\"canonical\" href=\"https:\/\/www.apsware.com\/de\/apsware-loesungen-fuer-bmc-control-m\/apsware-analytics-fuer-control-m\/apsware-analytics-fuer-control-m-kostenlose-testversion\/\" \/>\n<meta property=\"og:locale\" content=\"de_DE\" \/>\n<meta property=\"og:type\" content=\"article\" \/>\n<meta property=\"og:title\" content=\"apsware analytics f\u00fcr Control-M - Fordern Sie eine kostenlose Testversion an\" \/>\n<meta property=\"og:description\" content=\"apsware analytics sammelt und visualisiert die Daten, die Ihnen helfen, Ihre Gesch\u00e4ftsprozesse automatisiert \u00fcber Control-M besser zu verwalten - Testen Sie es kostenlos\" \/>\n<meta property=\"og:url\" content=\"https:\/\/www.apsware.com\/de\/apsware-loesungen-fuer-bmc-control-m\/apsware-analytics-fuer-control-m\/apsware-analytics-fuer-control-m-kostenlose-testversion\/\" \/>\n<meta property=\"og:site_name\" content=\"apsware\" \/>\n<meta property=\"article:modified_time\" content=\"2023-11-17T14:39:45+00:00\" \/>\n<meta property=\"og:image\" content=\"https:\/\/www.apsware.com\/wp-content\/uploads\/2019\/08\/notebook-apsware_analytics.png\" \/>\n<meta name=\"twitter:card\" content=\"summary_large_image\" \/>\n<script type=\"application\/ld+json\" class=\"yoast-schema-graph\">{\"@context\":\"https:\/\/schema.org\",\"@graph\":[{\"@type\":\"WebPage\",\"@id\":\"https:\/\/www.apsware.com\/de\/apsware-loesungen-fuer-bmc-control-m\/apsware-analytics-fuer-control-m\/apsware-analytics-fuer-control-m-kostenlose-testversion\/\",\"url\":\"https:\/\/www.apsware.com\/de\/apsware-loesungen-fuer-bmc-control-m\/apsware-analytics-fuer-control-m\/apsware-analytics-fuer-control-m-kostenlose-testversion\/\",\"name\":\"apsware analytics f\u00fcr Control-M - Fordern Sie eine kostenlose Testversion an\",\"isPartOf\":{\"@id\":\"https:\/\/www.apsware.com\/de\/#website\"},\"primaryImageOfPage\":{\"@id\":\"https:\/\/www.apsware.com\/de\/apsware-loesungen-fuer-bmc-control-m\/apsware-analytics-fuer-control-m\/apsware-analytics-fuer-control-m-kostenlose-testversion\/#primaryimage\"},\"image\":{\"@id\":\"https:\/\/www.apsware.com\/de\/apsware-loesungen-fuer-bmc-control-m\/apsware-analytics-fuer-control-m\/apsware-analytics-fuer-control-m-kostenlose-testversion\/#primaryimage\"},\"thumbnailUrl\":\"https:\/\/www.apsware.com\/wp-content\/uploads\/2019\/08\/notebook-apsware_analytics.png\",\"datePublished\":\"2023-11-17T14:39:44+00:00\",\"dateModified\":\"2023-11-17T14:39:45+00:00\",\"description\":\"apsware analytics sammelt und visualisiert die Daten, die Ihnen helfen, Ihre Gesch\u00e4ftsprozesse automatisiert \u00fcber Control-M besser zu verwalten - Testen Sie es kostenlos\",\"breadcrumb\":{\"@id\":\"https:\/\/www.apsware.com\/de\/apsware-loesungen-fuer-bmc-control-m\/apsware-analytics-fuer-control-m\/apsware-analytics-fuer-control-m-kostenlose-testversion\/#breadcrumb\"},\"inLanguage\":\"de\",\"potentialAction\":[{\"@type\":\"ReadAction\",\"target\":[\"https:\/\/www.apsware.com\/de\/apsware-loesungen-fuer-bmc-control-m\/apsware-analytics-fuer-control-m\/apsware-analytics-fuer-control-m-kostenlose-testversion\/\"]}]},{\"@type\":\"ImageObject\",\"inLanguage\":\"de\",\"@id\":\"https:\/\/www.apsware.com\/de\/apsware-loesungen-fuer-bmc-control-m\/apsware-analytics-fuer-control-m\/apsware-analytics-fuer-control-m-kostenlose-testversion\/#primaryimage\",\"url\":\"https:\/\/www.apsware.com\/wp-content\/uploads\/2019\/08\/notebook-apsware_analytics.png\",\"contentUrl\":\"https:\/\/www.apsware.com\/wp-content\/uploads\/2019\/08\/notebook-apsware_analytics.png\"},{\"@type\":\"BreadcrumbList\",\"@id\":\"https:\/\/www.apsware.com\/de\/apsware-loesungen-fuer-bmc-control-m\/apsware-analytics-fuer-control-m\/apsware-analytics-fuer-control-m-kostenlose-testversion\/#breadcrumb\",\"itemListElement\":[{\"@type\":\"ListItem\",\"position\":1,\"name\":\"Home\",\"item\":\"https:\/\/www.apsware.com\/de\/\"},{\"@type\":\"ListItem\",\"position\":2,\"name\":\"apsware L\u00f6sungen f\u00fcr BMC Control-M\",\"item\":\"https:\/\/www.apsware.com\/de\/apsware-loesungen-fuer-bmc-control-m\/\"},{\"@type\":\"ListItem\",\"position\":3,\"name\":\"apsware analytics f\u00fcr Control-M\",\"item\":\"https:\/\/www.apsware.com\/de\/control-m\/apsware-analytics-for-control-m\/\"},{\"@type\":\"ListItem\",\"position\":4,\"name\":\"apsware analytics f\u00fcr Control-M &#8211; Kostenlose Testversion\"}]},{\"@type\":\"WebSite\",\"@id\":\"https:\/\/www.apsware.com\/de\/#website\",\"url\":\"https:\/\/www.apsware.com\/de\/\",\"name\":\"apsware\",\"description\":\"Digital Business Automation\",\"publisher\":{\"@id\":\"https:\/\/www.apsware.com\/de\/#organization\"},\"potentialAction\":[{\"@type\":\"SearchAction\",\"target\":{\"@type\":\"EntryPoint\",\"urlTemplate\":\"https:\/\/www.apsware.com\/de\/?s={search_term_string}\"},\"query-input\":{\"@type\":\"PropertyValueSpecification\",\"valueRequired\":true,\"valueName\":\"search_term_string\"}}],\"inLanguage\":\"de\"},{\"@type\":\"Organization\",\"@id\":\"https:\/\/www.apsware.com\/de\/#organization\",\"name\":\"apsware\",\"url\":\"https:\/\/www.apsware.com\/de\/\",\"logo\":{\"@type\":\"ImageObject\",\"inLanguage\":\"de\",\"@id\":\"https:\/\/www.apsware.com\/de\/#\/schema\/logo\/image\/\",\"url\":\"https:\/\/www.apsware.com\/wp-content\/uploads\/2019\/04\/apsware_logo_rgb-2-1.png\",\"contentUrl\":\"https:\/\/www.apsware.com\/wp-content\/uploads\/2019\/04\/apsware_logo_rgb-2-1.png\",\"width\":200,\"height\":46,\"caption\":\"apsware\"},\"image\":{\"@id\":\"https:\/\/www.apsware.com\/de\/#\/schema\/logo\/image\/\"}}]}<\/script>\n<!-- \/ Yoast SEO plugin. -->","yoast_head_json":{"title":"apsware analytics f\u00fcr Control-M - Fordern Sie eine kostenlose Testversion an","description":"apsware analytics sammelt und visualisiert die Daten, die Ihnen helfen, Ihre Gesch\u00e4ftsprozesse automatisiert \u00fcber Control-M besser zu verwalten - Testen Sie es kostenlos","robots":{"index":"index","follow":"follow","max-snippet":"max-snippet:-1","max-image-preview":"max-image-preview:large","max-video-preview":"max-video-preview:-1"},"canonical":"https:\/\/www.apsware.com\/de\/apsware-loesungen-fuer-bmc-control-m\/apsware-analytics-fuer-control-m\/apsware-analytics-fuer-control-m-kostenlose-testversion\/","og_locale":"de_DE","og_type":"article","og_title":"apsware analytics f\u00fcr Control-M - Fordern Sie eine kostenlose Testversion an","og_description":"apsware analytics sammelt und visualisiert die Daten, die Ihnen helfen, Ihre Gesch\u00e4ftsprozesse automatisiert \u00fcber Control-M besser zu verwalten - Testen Sie es kostenlos","og_url":"https:\/\/www.apsware.com\/de\/apsware-loesungen-fuer-bmc-control-m\/apsware-analytics-fuer-control-m\/apsware-analytics-fuer-control-m-kostenlose-testversion\/","og_site_name":"apsware","article_modified_time":"2023-11-17T14:39:45+00:00","og_image":[{"url":"https:\/\/www.apsware.com\/wp-content\/uploads\/2019\/08\/notebook-apsware_analytics.png","type":"","width":"","height":""}],"twitter_card":"summary_large_image","schema":{"@context":"https:\/\/schema.org","@graph":[{"@type":"WebPage","@id":"https:\/\/www.apsware.com\/de\/apsware-loesungen-fuer-bmc-control-m\/apsware-analytics-fuer-control-m\/apsware-analytics-fuer-control-m-kostenlose-testversion\/","url":"https:\/\/www.apsware.com\/de\/apsware-loesungen-fuer-bmc-control-m\/apsware-analytics-fuer-control-m\/apsware-analytics-fuer-control-m-kostenlose-testversion\/","name":"apsware analytics f\u00fcr Control-M - Fordern Sie eine kostenlose Testversion an","isPartOf":{"@id":"https:\/\/www.apsware.com\/de\/#website"},"primaryImageOfPage":{"@id":"https:\/\/www.apsware.com\/de\/apsware-loesungen-fuer-bmc-control-m\/apsware-analytics-fuer-control-m\/apsware-analytics-fuer-control-m-kostenlose-testversion\/#primaryimage"},"image":{"@id":"https:\/\/www.apsware.com\/de\/apsware-loesungen-fuer-bmc-control-m\/apsware-analytics-fuer-control-m\/apsware-analytics-fuer-control-m-kostenlose-testversion\/#primaryimage"},"thumbnailUrl":"https:\/\/www.apsware.com\/wp-content\/uploads\/2019\/08\/notebook-apsware_analytics.png","datePublished":"2023-11-17T14:39:44+00:00","dateModified":"2023-11-17T14:39:45+00:00","description":"apsware analytics sammelt und visualisiert die Daten, die Ihnen helfen, Ihre Gesch\u00e4ftsprozesse automatisiert \u00fcber Control-M besser zu verwalten - Testen Sie es kostenlos","breadcrumb":{"@id":"https:\/\/www.apsware.com\/de\/apsware-loesungen-fuer-bmc-control-m\/apsware-analytics-fuer-control-m\/apsware-analytics-fuer-control-m-kostenlose-testversion\/#breadcrumb"},"inLanguage":"de","potentialAction":[{"@type":"ReadAction","target":["https:\/\/www.apsware.com\/de\/apsware-loesungen-fuer-bmc-control-m\/apsware-analytics-fuer-control-m\/apsware-analytics-fuer-control-m-kostenlose-testversion\/"]}]},{"@type":"ImageObject","inLanguage":"de","@id":"https:\/\/www.apsware.com\/de\/apsware-loesungen-fuer-bmc-control-m\/apsware-analytics-fuer-control-m\/apsware-analytics-fuer-control-m-kostenlose-testversion\/#primaryimage","url":"https:\/\/www.apsware.com\/wp-content\/uploads\/2019\/08\/notebook-apsware_analytics.png","contentUrl":"https:\/\/www.apsware.com\/wp-content\/uploads\/2019\/08\/notebook-apsware_analytics.png"},{"@type":"BreadcrumbList","@id":"https:\/\/www.apsware.com\/de\/apsware-loesungen-fuer-bmc-control-m\/apsware-analytics-fuer-control-m\/apsware-analytics-fuer-control-m-kostenlose-testversion\/#breadcrumb","itemListElement":[{"@type":"ListItem","position":1,"name":"Home","item":"https:\/\/www.apsware.com\/de\/"},{"@type":"ListItem","position":2,"name":"apsware L\u00f6sungen f\u00fcr BMC Control-M","item":"https:\/\/www.apsware.com\/de\/apsware-loesungen-fuer-bmc-control-m\/"},{"@type":"ListItem","position":3,"name":"apsware analytics f\u00fcr Control-M","item":"https:\/\/www.apsware.com\/de\/control-m\/apsware-analytics-for-control-m\/"},{"@type":"ListItem","position":4,"name":"apsware analytics f\u00fcr Control-M &#8211; Kostenlose Testversion"}]},{"@type":"WebSite","@id":"https:\/\/www.apsware.com\/de\/#website","url":"https:\/\/www.apsware.com\/de\/","name":"apsware","description":"Digital Business Automation","publisher":{"@id":"https:\/\/www.apsware.com\/de\/#organization"},"potentialAction":[{"@type":"SearchAction","target":{"@type":"EntryPoint","urlTemplate":"https:\/\/www.apsware.com\/de\/?s={search_term_string}"},"query-input":{"@type":"PropertyValueSpecification","valueRequired":true,"valueName":"search_term_string"}}],"inLanguage":"de"},{"@type":"Organization","@id":"https:\/\/www.apsware.com\/de\/#organization","name":"apsware","url":"https:\/\/www.apsware.com\/de\/","logo":{"@type":"ImageObject","inLanguage":"de","@id":"https:\/\/www.apsware.com\/de\/#\/schema\/logo\/image\/","url":"https:\/\/www.apsware.com\/wp-content\/uploads\/2019\/04\/apsware_logo_rgb-2-1.png","contentUrl":"https:\/\/www.apsware.com\/wp-content\/uploads\/2019\/04\/apsware_logo_rgb-2-1.png","width":200,"height":46,"caption":"apsware"},"image":{"@id":"https:\/\/www.apsware.com\/de\/#\/schema\/logo\/image\/"}}]}},"_links":{"self":[{"href":"https:\/\/www.apsware.com\/de\/wp-json\/wp\/v2\/pages\/31625","targetHints":{"allow":["GET"]}}],"collection":[{"href":"https:\/\/www.apsware.com\/de\/wp-json\/wp\/v2\/pages"}],"about":[{"href":"https:\/\/www.apsware.com\/de\/wp-json\/wp\/v2\/types\/page"}],"author":[{"embeddable":true,"href":"https:\/\/www.apsware.com\/de\/wp-json\/wp\/v2\/users\/381"}],"replies":[{"embeddable":true,"href":"https:\/\/www.apsware.com\/de\/wp-json\/wp\/v2\/comments?post=31625"}],"version-history":[{"count":1,"href":"https:\/\/www.apsware.com\/de\/wp-json\/wp\/v2\/pages\/31625\/revisions"}],"predecessor-version":[{"id":31626,"href":"https:\/\/www.apsware.com\/de\/wp-json\/wp\/v2\/pages\/31625\/revisions\/31626"}],"up":[{"embeddable":true,"href":"https:\/\/www.apsware.com\/de\/wp-json\/wp\/v2\/pages\/30016"}],"wp:attachment":[{"href":"https:\/\/www.apsware.com\/de\/wp-json\/wp\/v2\/media?parent=31625"}],"curies":[{"name":"wp","href":"https:\/\/api.w.org\/{rel}","templated":true}]}}