{"id":31607,"date":"2023-11-17T14:03:49","date_gmt":"2023-11-17T14:03:49","guid":{"rendered":"https:\/\/www.apsware.com\/apsware-loesungen-fuer-bmc-control-m\/apsware-discovery-fuer-control-m\/apsware-discovery-fuer-control-m-kostenlos-testen\/"},"modified":"2023-11-17T14:16:58","modified_gmt":"2023-11-17T14:16:58","slug":"apsware-discovery-fuer-control-m-kostenlos-testen","status":"publish","type":"page","link":"https:\/\/www.apsware.com\/de\/apsware-loesungen-fuer-bmc-control-m\/apsware-discovery-fuer-control-m\/apsware-discovery-fuer-control-m-kostenlos-testen\/","title":{"rendered":"apsware discovery f\u00fcr Control-M &#8211; kostenlos testen"},"content":{"rendered":"\t\t<div data-elementor-type=\"wp-page\" data-elementor-id=\"31607\" class=\"elementor elementor-31607 elementor-19944\" data-elementor-post-type=\"page\">\n\t\t\t\t\t\t<section class=\"elementor-section elementor-top-section elementor-element elementor-element-d4a21a0 elementor-section-stretched elementor-section-boxed elementor-section-height-default elementor-section-height-default\" data-id=\"d4a21a0\" data-element_type=\"section\" data-settings=\"{&quot;stretch_section&quot;:&quot;section-stretched&quot;}\">\n\t\t\t\t\t\t<div class=\"elementor-container elementor-column-gap-default\">\n\t\t\t\t\t<div class=\"elementor-column elementor-col-100 elementor-top-column elementor-element elementor-element-5a801a7\" data-id=\"5a801a7\" data-element_type=\"column\">\n\t\t\t<div class=\"elementor-widget-wrap elementor-element-populated\">\n\t\t\t\t\t\t<div class=\"elementor-element elementor-element-eca88d5 elementor-widget elementor-widget-heading\" data-id=\"eca88d5\" data-element_type=\"widget\" data-widget_type=\"heading.default\">\n\t\t\t\t<div class=\"elementor-widget-container\">\n\t\t\t\t\t<h2 class=\"elementor-heading-title elementor-size-default\">Fordern Sie eine kostenlose Testversion von&nbsp;<div>apsware discovery f\u00fcr Control-M an<\/div><\/h2>\t\t\t\t<\/div>\n\t\t\t\t<\/div>\n\t\t\t\t\t<\/div>\n\t\t<\/div>\n\t\t\t\t\t<\/div>\n\t\t<\/section>\n\t\t\t\t<section class=\"elementor-section elementor-top-section elementor-element elementor-element-fb7258f elementor-section-stretched elementor-section-boxed elementor-section-height-default elementor-section-height-default\" data-id=\"fb7258f\" data-element_type=\"section\" data-settings=\"{&quot;stretch_section&quot;:&quot;section-stretched&quot;,&quot;background_background&quot;:&quot;classic&quot;}\">\n\t\t\t\t\t\t<div class=\"elementor-container elementor-column-gap-default\">\n\t\t\t\t\t<div class=\"elementor-column elementor-col-50 elementor-top-column elementor-element elementor-element-c3c4776\" data-id=\"c3c4776\" data-element_type=\"column\">\n\t\t\t<div class=\"elementor-widget-wrap elementor-element-populated\">\n\t\t\t\t\t\t<div class=\"elementor-element elementor-element-ab8a3b3 elementor-widget elementor-widget-text-editor\" data-id=\"ab8a3b3\" data-element_type=\"widget\" data-widget_type=\"text-editor.default\">\n\t\t\t\t<div class=\"elementor-widget-container\">\n\t\t\t\t\t\t\t\t\t<p>\n<div class=\"wpcf7 no-js\" id=\"wpcf7-f19942-o1\" lang=\"en-US\" dir=\"ltr\" data-wpcf7-id=\"19942\">\n<div class=\"screen-reader-response\"><p role=\"status\" aria-live=\"polite\" aria-atomic=\"true\"><\/p> <ul><\/ul><\/div>\n<form action=\"\/de\/wp-json\/wp\/v2\/pages\/31607#wpcf7-f19942-o1\" method=\"post\" class=\"wpcf7-form init\" aria-label=\"Contact form\" novalidate=\"novalidate\" data-status=\"init\">\n<fieldset class=\"hidden-fields-container\"><input type=\"hidden\" name=\"_wpcf7\" value=\"19942\" \/><input type=\"hidden\" name=\"_wpcf7_version\" value=\"6.1\" \/><input type=\"hidden\" name=\"_wpcf7_locale\" value=\"en_US\" \/><input type=\"hidden\" name=\"_wpcf7_unit_tag\" value=\"wpcf7-f19942-o1\" \/><input type=\"hidden\" name=\"_wpcf7_container_post\" value=\"0\" \/><input type=\"hidden\" name=\"_wpcf7_posted_data_hash\" value=\"\" \/>\n<\/fieldset>\n<p><label> First Name (required)<br \/>\n<span class=\"wpcf7-form-control-wrap\" data-name=\"first-name\"><input size=\"40\" maxlength=\"400\" class=\"wpcf7-form-control wpcf7-text wpcf7-validates-as-required borderinput\" aria-required=\"true\" aria-invalid=\"false\" value=\"\" type=\"text\" name=\"first-name\" \/><\/span> <\/label><br \/>\n<label> Last Name (required)<br \/>\n<span class=\"wpcf7-form-control-wrap\" data-name=\"last-name\"><input size=\"40\" maxlength=\"400\" class=\"wpcf7-form-control wpcf7-text wpcf7-validates-as-required borderinput\" aria-required=\"true\" aria-invalid=\"false\" value=\"\" type=\"text\" name=\"last-name\" \/><\/span> <\/label><br \/>\n<label> Company (required)<br \/>\n<span class=\"wpcf7-form-control-wrap\" data-name=\"company\"><input size=\"40\" maxlength=\"400\" class=\"wpcf7-form-control wpcf7-text wpcf7-validates-as-required borderinput\" aria-required=\"true\" aria-invalid=\"false\" value=\"\" type=\"text\" name=\"company\" \/><\/span> <\/label><br \/>\n<label> Country (required)<br \/>\n<span class=\"wpcf7-form-control-wrap\" data-name=\"country\"><input size=\"40\" maxlength=\"400\" class=\"wpcf7-form-control wpcf7-text wpcf7-validates-as-required borderinput\" aria-required=\"true\" aria-invalid=\"false\" value=\"\" type=\"text\" name=\"country\" \/><\/span> <\/label><br \/>\n<label> Phone (required)<br \/>\n<span class=\"wpcf7-form-control-wrap\" data-name=\"phone\"><input size=\"40\" maxlength=\"400\" class=\"wpcf7-form-control wpcf7-text wpcf7-validates-as-required borderinput\" aria-required=\"true\" aria-invalid=\"false\" value=\"\" type=\"text\" name=\"phone\" \/><\/span> <\/label><br \/>\n<label> Company email (required)<br \/>\n<span class=\"wpcf7-form-control-wrap\" data-name=\"email\"><input size=\"40\" maxlength=\"400\" class=\"wpcf7-form-control wpcf7-email wpcf7-validates-as-required wpcf7-text wpcf7-validates-as-email borderinput\" aria-required=\"true\" aria-invalid=\"false\" value=\"\" type=\"email\" name=\"email\" \/><\/span> <\/label>\n<\/p>\n<p><label> Comments \/ questions \/ remarks<br \/>\n<span class=\"wpcf7-form-control-wrap\" data-name=\"Comment\"><input size=\"40\" maxlength=\"400\" class=\"wpcf7-form-control wpcf7-text borderinput\" aria-invalid=\"false\" value=\"\" type=\"text\" name=\"Comment\" \/><\/span> <\/label><br \/>\n<span class=\"wpcf7-form-control-wrap\" data-name=\"your-consent\"><span class=\"wpcf7-form-control wpcf7-acceptance\"><span class=\"wpcf7-list-item\"><label><input type=\"checkbox\" name=\"your-consent\" value=\"1\" aria-invalid=\"false\" \/><span class=\"wpcf7-list-item-label\">Your confidentiality is assured. Please read and accept our <a target=\"_blank\" rel=\"noopener noreferrer\" href=\"https:\/\/www.apsware.com\/privacy-statement\/\">Privacy Policy<\/a><\/span><\/label><\/span><\/span><\/span>\n<\/p>\n<p><span id=\"wpcf7-69e4e4be52c46-wrapper\" class=\"wpcf7-form-control-wrap e-mail-wrap\" style=\"display:none !important; visibility:hidden !important;\"><input type=\"hidden\" name=\"e-mail-time-start\" value=\"1776608446\"><input type=\"hidden\" name=\"e-mail-time-check\" value=\"4\"><label for=\"wpcf7-69e4e4be52c46-field\" class=\"hp-message\">Please leave this field empty.<\/label><input id=\"wpcf7-69e4e4be52c46-field\"  class=\"wpcf7-form-control wpcf7-text\" type=\"text\" name=\"e-mail\" value=\"\" size=\"40\" tabindex=\"-1\" autocomplete=\"new-password\" \/><\/span><br \/>\n<span id=\"wpcf7-69e4e4be52ce1-wrapper\" class=\"wpcf7-form-control-wrap identification-number-wrap\" style=\"display:none !important; visibility:hidden !important;\"><input type=\"hidden\" name=\"identification-number-time-start\" value=\"1776608446\"><input type=\"hidden\" name=\"identification-number-time-check\" value=\"4\"><label for=\"wpcf7-69e4e4be52ce1-field\" class=\"hp-message\">Please leave this field empty.<\/label><input id=\"wpcf7-69e4e4be52ce1-field\"  class=\"wpcf7-form-control wpcf7-text\" type=\"text\" name=\"identification-number\" value=\"\" size=\"40\" tabindex=\"-1\" autocomplete=\"new-password\" \/><\/span>\n<\/p>\n<div style=\"margin-top: 20px; margin-bottom:10px\">\n\t<p><input class=\"wpcf7-form-control wpcf7-submit has-spinner\" type=\"submit\" value=\"Send\" \/>\n\t<\/p>\n<\/div><div class=\"wpcf7-response-output\" aria-hidden=\"true\"><\/div>\n<\/form>\n<\/div>\n<\/p>\n\t\t\t\t\t\t\t\t<\/div>\n\t\t\t\t<\/div>\n\t\t\t\t\t<\/div>\n\t\t<\/div>\n\t\t\t\t<div class=\"elementor-column elementor-col-50 elementor-top-column elementor-element elementor-element-92908be\" data-id=\"92908be\" data-element_type=\"column\">\n\t\t\t<div class=\"elementor-widget-wrap elementor-element-populated\">\n\t\t\t\t\t\t<div class=\"elementor-element elementor-element-543536e elementor-widget elementor-widget-image\" data-id=\"543536e\" data-element_type=\"widget\" data-widget_type=\"image.default\">\n\t\t\t\t<div class=\"elementor-widget-container\">\n\t\t\t\t\t\t\t\t\t\t\t\t\t\t\t<img fetchpriority=\"high\" decoding=\"async\" width=\"745\" height=\"448\" src=\"https:\/\/www.apsware.com\/wp-content\/uploads\/2022\/06\/notebook_apsware_discovery_02_flowchart.jpg\" class=\"attachment-large size-large wp-image-22834\" alt=\"\" srcset=\"https:\/\/www.apsware.com\/wp-content\/uploads\/2022\/06\/notebook_apsware_discovery_02_flowchart.jpg 745w, https:\/\/www.apsware.com\/wp-content\/uploads\/2022\/06\/notebook_apsware_discovery_02_flowchart-300x180.jpg 300w, https:\/\/www.apsware.com\/wp-content\/uploads\/2022\/06\/notebook_apsware_discovery_02_flowchart-230x138.jpg 230w, https:\/\/www.apsware.com\/wp-content\/uploads\/2022\/06\/notebook_apsware_discovery_02_flowchart-350x210.jpg 350w, https:\/\/www.apsware.com\/wp-content\/uploads\/2022\/06\/notebook_apsware_discovery_02_flowchart-480x289.jpg 480w\" sizes=\"(max-width: 745px) 100vw, 745px\" \/>\t\t\t\t\t\t\t\t\t\t\t\t\t\t\t<\/div>\n\t\t\t\t<\/div>\n\t\t\t\t<div class=\"elementor-element elementor-element-0ecf05a elementor-widget elementor-widget-heading\" data-id=\"0ecf05a\" data-element_type=\"widget\" data-widget_type=\"heading.default\">\n\t\t\t\t<div class=\"elementor-widget-container\">\n\t\t\t\t\t<h2 class=\"elementor-heading-title elementor-size-default\">apsware discovery f\u00fcr Control-M<\/h2>\t\t\t\t<\/div>\n\t\t\t\t<\/div>\n\t\t\t\t<div class=\"elementor-element elementor-element-880a2d0 elementor-widget elementor-widget-heading\" data-id=\"880a2d0\" data-element_type=\"widget\" data-widget_type=\"heading.default\">\n\t\t\t\t<div class=\"elementor-widget-container\">\n\t\t\t\t\t<h4 class=\"elementor-heading-title elementor-size-default\">Visualisieren, Dokumentieren und Verstehen von Control-M Workflows<\/h4>\t\t\t\t<\/div>\n\t\t\t\t<\/div>\n\t\t\t\t<div class=\"elementor-element elementor-element-131922d elementor-widget elementor-widget-text-editor\" data-id=\"131922d\" data-element_type=\"widget\" data-widget_type=\"text-editor.default\">\n\t\t\t\t<div class=\"elementor-widget-container\">\n\t\t\t\t\t\t\t\t\t<p>apsware discovery kombiniert erweiterte Workflow-Visualisierung und Cross-Reference Reporting f\u00fcr Control-M. Es ist f\u00fcr Self-Service-Anwender und Automatisierungsexperten gleicherma\u00dfen konzipiert und erm\u00f6glicht es jedem in Ihrem Unternehmen, komplexe Control-M Workflows leicht zu verstehen und zu dokumentieren.<\/p>\n\t\t\t\t\t\t\t\t<\/div>\n\t\t\t\t<\/div>\n\t\t\t\t<div class=\"elementor-element elementor-element-626c014 elementor-align-center elementor-widget elementor-widget-button\" data-id=\"626c014\" data-element_type=\"widget\" data-widget_type=\"button.default\">\n\t\t\t\t<div class=\"elementor-widget-container\">\n\t\t\t\t\t\t\t\t\t<div class=\"elementor-button-wrapper\">\n\t\t\t\t\t<a class=\"elementor-button elementor-button-link elementor-size-sm\" href=\"https:\/\/www.apsware.com\/de\/apsware-discovery-fuer-control-m\/\">\n\t\t\t\t\t\t<span class=\"elementor-button-content-wrapper\">\n\t\t\t\t\t\t\t\t\t<span class=\"elementor-button-text\">Zur\u00fcck zu apsware discovery f\u00fcr Control-M<\/span>\n\t\t\t\t\t<\/span>\n\t\t\t\t\t<\/a>\n\t\t\t\t<\/div>\n\t\t\t\t\t\t\t\t<\/div>\n\t\t\t\t<\/div>\n\t\t\t\t\t<\/div>\n\t\t<\/div>\n\t\t\t\t\t<\/div>\n\t\t<\/section>\n\t\t\t\t<\/div>\n\t\t","protected":false},"excerpt":{"rendered":"<p>Fordern Sie eine kostenlose Testversion von&nbsp;apsware discovery f\u00fcr Control-M an apsware discovery f\u00fcr Control-M Visualisieren, Dokumentieren und Verstehen von Control-M Workflows apsware discovery kombiniert erweiterte Workflow-Visualisierung und Cross-Reference Reporting f\u00fcr Control-M. Es ist f\u00fcr Self-Service-Anwender und Automatisierungsexperten gleicherma\u00dfen konzipiert und erm\u00f6glicht es jedem in Ihrem Unternehmen, komplexe Control-M Workflows leicht zu verstehen und zu dokumentieren. [&hellip;]<\/p>\n","protected":false},"author":2,"featured_media":0,"parent":23088,"menu_order":0,"comment_status":"closed","ping_status":"closed","template":"","meta":{"footnotes":""},"class_list":["post-31607","page","type-page","status-publish","hentry"],"yoast_head":"<!-- This site is optimized with the Yoast SEO plugin v25.6 - https:\/\/yoast.com\/wordpress\/plugins\/seo\/ -->\n<title>apsware discovery f\u00fcr Control-M - kostenlos testen - apsware<\/title>\n<meta name=\"robots\" content=\"index, follow, max-snippet:-1, max-image-preview:large, max-video-preview:-1\" \/>\n<link rel=\"canonical\" href=\"https:\/\/www.apsware.com\/de\/apsware-loesungen-fuer-bmc-control-m\/apsware-discovery-fuer-control-m\/apsware-discovery-fuer-control-m-kostenlos-testen\/\" \/>\n<meta property=\"og:locale\" content=\"de_DE\" \/>\n<meta property=\"og:type\" content=\"article\" \/>\n<meta property=\"og:title\" content=\"apsware discovery f\u00fcr Control-M - kostenlos testen - apsware\" \/>\n<meta property=\"og:description\" content=\"Fordern Sie eine kostenlose Testversion von&nbsp;apsware discovery f\u00fcr Control-M an apsware discovery f\u00fcr Control-M Visualisieren, Dokumentieren und Verstehen von Control-M Workflows apsware discovery kombiniert erweiterte Workflow-Visualisierung und Cross-Reference Reporting f\u00fcr Control-M. Es ist f\u00fcr Self-Service-Anwender und Automatisierungsexperten gleicherma\u00dfen konzipiert und erm\u00f6glicht es jedem in Ihrem Unternehmen, komplexe Control-M Workflows leicht zu verstehen und zu dokumentieren. [&hellip;]\" \/>\n<meta property=\"og:url\" content=\"https:\/\/www.apsware.com\/de\/apsware-loesungen-fuer-bmc-control-m\/apsware-discovery-fuer-control-m\/apsware-discovery-fuer-control-m-kostenlos-testen\/\" \/>\n<meta property=\"og:site_name\" content=\"apsware\" \/>\n<meta property=\"article:modified_time\" content=\"2023-11-17T14:16:58+00:00\" \/>\n<meta property=\"og:image\" content=\"https:\/\/www.apsware.com\/wp-content\/uploads\/2022\/06\/notebook_apsware_discovery_02_flowchart.jpg\" \/>\n<meta name=\"twitter:card\" content=\"summary_large_image\" \/>\n<meta name=\"twitter:label1\" content=\"Gesch\u00e4tzte Lesezeit\" \/>\n\t<meta name=\"twitter:data1\" content=\"1\u00a0Minute\" \/>\n<script type=\"application\/ld+json\" class=\"yoast-schema-graph\">{\"@context\":\"https:\/\/schema.org\",\"@graph\":[{\"@type\":\"WebPage\",\"@id\":\"https:\/\/www.apsware.com\/de\/apsware-loesungen-fuer-bmc-control-m\/apsware-discovery-fuer-control-m\/apsware-discovery-fuer-control-m-kostenlos-testen\/\",\"url\":\"https:\/\/www.apsware.com\/de\/apsware-loesungen-fuer-bmc-control-m\/apsware-discovery-fuer-control-m\/apsware-discovery-fuer-control-m-kostenlos-testen\/\",\"name\":\"apsware discovery f\u00fcr Control-M - kostenlos testen - apsware\",\"isPartOf\":{\"@id\":\"https:\/\/www.apsware.com\/de\/#website\"},\"primaryImageOfPage\":{\"@id\":\"https:\/\/www.apsware.com\/de\/apsware-loesungen-fuer-bmc-control-m\/apsware-discovery-fuer-control-m\/apsware-discovery-fuer-control-m-kostenlos-testen\/#primaryimage\"},\"image\":{\"@id\":\"https:\/\/www.apsware.com\/de\/apsware-loesungen-fuer-bmc-control-m\/apsware-discovery-fuer-control-m\/apsware-discovery-fuer-control-m-kostenlos-testen\/#primaryimage\"},\"thumbnailUrl\":\"https:\/\/www.apsware.com\/wp-content\/uploads\/2022\/06\/notebook_apsware_discovery_02_flowchart.jpg\",\"datePublished\":\"2023-11-17T14:03:49+00:00\",\"dateModified\":\"2023-11-17T14:16:58+00:00\",\"breadcrumb\":{\"@id\":\"https:\/\/www.apsware.com\/de\/apsware-loesungen-fuer-bmc-control-m\/apsware-discovery-fuer-control-m\/apsware-discovery-fuer-control-m-kostenlos-testen\/#breadcrumb\"},\"inLanguage\":\"de\",\"potentialAction\":[{\"@type\":\"ReadAction\",\"target\":[\"https:\/\/www.apsware.com\/de\/apsware-loesungen-fuer-bmc-control-m\/apsware-discovery-fuer-control-m\/apsware-discovery-fuer-control-m-kostenlos-testen\/\"]}]},{\"@type\":\"ImageObject\",\"inLanguage\":\"de\",\"@id\":\"https:\/\/www.apsware.com\/de\/apsware-loesungen-fuer-bmc-control-m\/apsware-discovery-fuer-control-m\/apsware-discovery-fuer-control-m-kostenlos-testen\/#primaryimage\",\"url\":\"https:\/\/www.apsware.com\/wp-content\/uploads\/2022\/06\/notebook_apsware_discovery_02_flowchart.jpg\",\"contentUrl\":\"https:\/\/www.apsware.com\/wp-content\/uploads\/2022\/06\/notebook_apsware_discovery_02_flowchart.jpg\"},{\"@type\":\"BreadcrumbList\",\"@id\":\"https:\/\/www.apsware.com\/de\/apsware-loesungen-fuer-bmc-control-m\/apsware-discovery-fuer-control-m\/apsware-discovery-fuer-control-m-kostenlos-testen\/#breadcrumb\",\"itemListElement\":[{\"@type\":\"ListItem\",\"position\":1,\"name\":\"Home\",\"item\":\"https:\/\/www.apsware.com\/de\/\"},{\"@type\":\"ListItem\",\"position\":2,\"name\":\"apsware L\u00f6sungen f\u00fcr BMC Control-M\",\"item\":\"https:\/\/www.apsware.com\/de\/apsware-loesungen-fuer-bmc-control-m\/\"},{\"@type\":\"ListItem\",\"position\":3,\"name\":\"apsware discovery f\u00fcr Control-M\",\"item\":\"https:\/\/www.apsware.com\/de\/control-m\/apsware-discovery-for-control-m\/\"},{\"@type\":\"ListItem\",\"position\":4,\"name\":\"apsware discovery f\u00fcr Control-M &#8211; kostenlos testen\"}]},{\"@type\":\"WebSite\",\"@id\":\"https:\/\/www.apsware.com\/de\/#website\",\"url\":\"https:\/\/www.apsware.com\/de\/\",\"name\":\"apsware\",\"description\":\"Digital Business Automation\",\"publisher\":{\"@id\":\"https:\/\/www.apsware.com\/de\/#organization\"},\"potentialAction\":[{\"@type\":\"SearchAction\",\"target\":{\"@type\":\"EntryPoint\",\"urlTemplate\":\"https:\/\/www.apsware.com\/de\/?s={search_term_string}\"},\"query-input\":{\"@type\":\"PropertyValueSpecification\",\"valueRequired\":true,\"valueName\":\"search_term_string\"}}],\"inLanguage\":\"de\"},{\"@type\":\"Organization\",\"@id\":\"https:\/\/www.apsware.com\/de\/#organization\",\"name\":\"apsware\",\"url\":\"https:\/\/www.apsware.com\/de\/\",\"logo\":{\"@type\":\"ImageObject\",\"inLanguage\":\"de\",\"@id\":\"https:\/\/www.apsware.com\/de\/#\/schema\/logo\/image\/\",\"url\":\"https:\/\/www.apsware.com\/wp-content\/uploads\/2019\/04\/apsware_logo_rgb-2-1.png\",\"contentUrl\":\"https:\/\/www.apsware.com\/wp-content\/uploads\/2019\/04\/apsware_logo_rgb-2-1.png\",\"width\":200,\"height\":46,\"caption\":\"apsware\"},\"image\":{\"@id\":\"https:\/\/www.apsware.com\/de\/#\/schema\/logo\/image\/\"}}]}<\/script>\n<!-- \/ Yoast SEO plugin. -->","yoast_head_json":{"title":"apsware discovery f\u00fcr Control-M - kostenlos testen - apsware","robots":{"index":"index","follow":"follow","max-snippet":"max-snippet:-1","max-image-preview":"max-image-preview:large","max-video-preview":"max-video-preview:-1"},"canonical":"https:\/\/www.apsware.com\/de\/apsware-loesungen-fuer-bmc-control-m\/apsware-discovery-fuer-control-m\/apsware-discovery-fuer-control-m-kostenlos-testen\/","og_locale":"de_DE","og_type":"article","og_title":"apsware discovery f\u00fcr Control-M - kostenlos testen - apsware","og_description":"Fordern Sie eine kostenlose Testversion von&nbsp;apsware discovery f\u00fcr Control-M an apsware discovery f\u00fcr Control-M Visualisieren, Dokumentieren und Verstehen von Control-M Workflows apsware discovery kombiniert erweiterte Workflow-Visualisierung und Cross-Reference Reporting f\u00fcr Control-M. Es ist f\u00fcr Self-Service-Anwender und Automatisierungsexperten gleicherma\u00dfen konzipiert und erm\u00f6glicht es jedem in Ihrem Unternehmen, komplexe Control-M Workflows leicht zu verstehen und zu dokumentieren. [&hellip;]","og_url":"https:\/\/www.apsware.com\/de\/apsware-loesungen-fuer-bmc-control-m\/apsware-discovery-fuer-control-m\/apsware-discovery-fuer-control-m-kostenlos-testen\/","og_site_name":"apsware","article_modified_time":"2023-11-17T14:16:58+00:00","og_image":[{"url":"https:\/\/www.apsware.com\/wp-content\/uploads\/2022\/06\/notebook_apsware_discovery_02_flowchart.jpg","type":"","width":"","height":""}],"twitter_card":"summary_large_image","twitter_misc":{"Gesch\u00e4tzte Lesezeit":"1\u00a0Minute"},"schema":{"@context":"https:\/\/schema.org","@graph":[{"@type":"WebPage","@id":"https:\/\/www.apsware.com\/de\/apsware-loesungen-fuer-bmc-control-m\/apsware-discovery-fuer-control-m\/apsware-discovery-fuer-control-m-kostenlos-testen\/","url":"https:\/\/www.apsware.com\/de\/apsware-loesungen-fuer-bmc-control-m\/apsware-discovery-fuer-control-m\/apsware-discovery-fuer-control-m-kostenlos-testen\/","name":"apsware discovery f\u00fcr Control-M - kostenlos testen - apsware","isPartOf":{"@id":"https:\/\/www.apsware.com\/de\/#website"},"primaryImageOfPage":{"@id":"https:\/\/www.apsware.com\/de\/apsware-loesungen-fuer-bmc-control-m\/apsware-discovery-fuer-control-m\/apsware-discovery-fuer-control-m-kostenlos-testen\/#primaryimage"},"image":{"@id":"https:\/\/www.apsware.com\/de\/apsware-loesungen-fuer-bmc-control-m\/apsware-discovery-fuer-control-m\/apsware-discovery-fuer-control-m-kostenlos-testen\/#primaryimage"},"thumbnailUrl":"https:\/\/www.apsware.com\/wp-content\/uploads\/2022\/06\/notebook_apsware_discovery_02_flowchart.jpg","datePublished":"2023-11-17T14:03:49+00:00","dateModified":"2023-11-17T14:16:58+00:00","breadcrumb":{"@id":"https:\/\/www.apsware.com\/de\/apsware-loesungen-fuer-bmc-control-m\/apsware-discovery-fuer-control-m\/apsware-discovery-fuer-control-m-kostenlos-testen\/#breadcrumb"},"inLanguage":"de","potentialAction":[{"@type":"ReadAction","target":["https:\/\/www.apsware.com\/de\/apsware-loesungen-fuer-bmc-control-m\/apsware-discovery-fuer-control-m\/apsware-discovery-fuer-control-m-kostenlos-testen\/"]}]},{"@type":"ImageObject","inLanguage":"de","@id":"https:\/\/www.apsware.com\/de\/apsware-loesungen-fuer-bmc-control-m\/apsware-discovery-fuer-control-m\/apsware-discovery-fuer-control-m-kostenlos-testen\/#primaryimage","url":"https:\/\/www.apsware.com\/wp-content\/uploads\/2022\/06\/notebook_apsware_discovery_02_flowchart.jpg","contentUrl":"https:\/\/www.apsware.com\/wp-content\/uploads\/2022\/06\/notebook_apsware_discovery_02_flowchart.jpg"},{"@type":"BreadcrumbList","@id":"https:\/\/www.apsware.com\/de\/apsware-loesungen-fuer-bmc-control-m\/apsware-discovery-fuer-control-m\/apsware-discovery-fuer-control-m-kostenlos-testen\/#breadcrumb","itemListElement":[{"@type":"ListItem","position":1,"name":"Home","item":"https:\/\/www.apsware.com\/de\/"},{"@type":"ListItem","position":2,"name":"apsware L\u00f6sungen f\u00fcr BMC Control-M","item":"https:\/\/www.apsware.com\/de\/apsware-loesungen-fuer-bmc-control-m\/"},{"@type":"ListItem","position":3,"name":"apsware discovery f\u00fcr Control-M","item":"https:\/\/www.apsware.com\/de\/control-m\/apsware-discovery-for-control-m\/"},{"@type":"ListItem","position":4,"name":"apsware discovery f\u00fcr Control-M &#8211; kostenlos testen"}]},{"@type":"WebSite","@id":"https:\/\/www.apsware.com\/de\/#website","url":"https:\/\/www.apsware.com\/de\/","name":"apsware","description":"Digital Business Automation","publisher":{"@id":"https:\/\/www.apsware.com\/de\/#organization"},"potentialAction":[{"@type":"SearchAction","target":{"@type":"EntryPoint","urlTemplate":"https:\/\/www.apsware.com\/de\/?s={search_term_string}"},"query-input":{"@type":"PropertyValueSpecification","valueRequired":true,"valueName":"search_term_string"}}],"inLanguage":"de"},{"@type":"Organization","@id":"https:\/\/www.apsware.com\/de\/#organization","name":"apsware","url":"https:\/\/www.apsware.com\/de\/","logo":{"@type":"ImageObject","inLanguage":"de","@id":"https:\/\/www.apsware.com\/de\/#\/schema\/logo\/image\/","url":"https:\/\/www.apsware.com\/wp-content\/uploads\/2019\/04\/apsware_logo_rgb-2-1.png","contentUrl":"https:\/\/www.apsware.com\/wp-content\/uploads\/2019\/04\/apsware_logo_rgb-2-1.png","width":200,"height":46,"caption":"apsware"},"image":{"@id":"https:\/\/www.apsware.com\/de\/#\/schema\/logo\/image\/"}}]}},"_links":{"self":[{"href":"https:\/\/www.apsware.com\/de\/wp-json\/wp\/v2\/pages\/31607","targetHints":{"allow":["GET"]}}],"collection":[{"href":"https:\/\/www.apsware.com\/de\/wp-json\/wp\/v2\/pages"}],"about":[{"href":"https:\/\/www.apsware.com\/de\/wp-json\/wp\/v2\/types\/page"}],"author":[{"embeddable":true,"href":"https:\/\/www.apsware.com\/de\/wp-json\/wp\/v2\/users\/2"}],"replies":[{"embeddable":true,"href":"https:\/\/www.apsware.com\/de\/wp-json\/wp\/v2\/comments?post=31607"}],"version-history":[{"count":4,"href":"https:\/\/www.apsware.com\/de\/wp-json\/wp\/v2\/pages\/31607\/revisions"}],"predecessor-version":[{"id":31611,"href":"https:\/\/www.apsware.com\/de\/wp-json\/wp\/v2\/pages\/31607\/revisions\/31611"}],"up":[{"embeddable":true,"href":"https:\/\/www.apsware.com\/de\/wp-json\/wp\/v2\/pages\/23088"}],"wp:attachment":[{"href":"https:\/\/www.apsware.com\/de\/wp-json\/wp\/v2\/media?parent=31607"}],"curies":[{"name":"wp","href":"https:\/\/api.w.org\/{rel}","templated":true}]}}