{"id":25732,"date":"2022-09-16T12:44:47","date_gmt":"2022-09-16T12:44:47","guid":{"rendered":"https:\/\/www.apsware.com\/apsware-loesungen-fuer-bmc-control-m\/control-m-digital-business-automation-im-ueberblick\/apsware-control-m-fuer-sap\/control-m-fuer-sap-testversion\/"},"modified":"2022-09-16T12:55:44","modified_gmt":"2022-09-16T12:55:44","slug":"control-m-fuer-sap-testversion","status":"publish","type":"page","link":"https:\/\/www.apsware.com\/de\/apsware-loesungen-fuer-bmc-control-m\/control-m-digital-business-automation-im-ueberblick\/apsware-control-m-fuer-sap\/control-m-fuer-sap-testversion\/","title":{"rendered":"Control-M f\u00fcr SAP &#8211; Testversion"},"content":{"rendered":"\t\t<div data-elementor-type=\"wp-page\" data-elementor-id=\"25732\" class=\"elementor elementor-25732 elementor-24626\" data-elementor-post-type=\"page\">\n\t\t\t\t\t\t<section class=\"elementor-section elementor-top-section elementor-element elementor-element-f86549e elementor-section-stretched elementor-section-boxed elementor-section-height-default elementor-section-height-default\" data-id=\"f86549e\" data-element_type=\"section\" data-settings=\"{&quot;stretch_section&quot;:&quot;section-stretched&quot;}\">\n\t\t\t\t\t\t<div class=\"elementor-container elementor-column-gap-default\">\n\t\t\t\t\t<div class=\"elementor-column elementor-col-100 elementor-top-column elementor-element elementor-element-de7e03e\" data-id=\"de7e03e\" data-element_type=\"column\">\n\t\t\t<div class=\"elementor-widget-wrap elementor-element-populated\">\n\t\t\t\t\t\t<div class=\"elementor-element elementor-element-c8adf60 elementor-widget elementor-widget-heading\" data-id=\"c8adf60\" data-element_type=\"widget\" data-widget_type=\"heading.default\">\n\t\t\t\t<div class=\"elementor-widget-container\">\n\t\t\t\t\t<h2 class=\"elementor-heading-title elementor-size-default\">Fragen sie eine Control-M f\u00fcr SAP Testversion an<\/h2>\t\t\t\t<\/div>\n\t\t\t\t<\/div>\n\t\t\t\t\t<\/div>\n\t\t<\/div>\n\t\t\t\t\t<\/div>\n\t\t<\/section>\n\t\t\t\t<section class=\"elementor-section elementor-top-section elementor-element elementor-element-34cc174 elementor-section-stretched elementor-section-boxed elementor-section-height-default elementor-section-height-default\" data-id=\"34cc174\" data-element_type=\"section\" data-settings=\"{&quot;stretch_section&quot;:&quot;section-stretched&quot;,&quot;background_background&quot;:&quot;classic&quot;}\">\n\t\t\t\t\t\t<div class=\"elementor-container elementor-column-gap-default\">\n\t\t\t\t\t<div class=\"elementor-column elementor-col-50 elementor-top-column elementor-element elementor-element-8f5fe4f\" data-id=\"8f5fe4f\" data-element_type=\"column\">\n\t\t\t<div class=\"elementor-widget-wrap elementor-element-populated\">\n\t\t\t\t\t\t<div class=\"elementor-element elementor-element-0f78547 elementor-widget elementor-widget-text-editor\" data-id=\"0f78547\" data-element_type=\"widget\" data-widget_type=\"text-editor.default\">\n\t\t\t\t<div class=\"elementor-widget-container\">\n\t\t\t\t\t\t\t\t\t\n<div class=\"wpcf7 no-js\" id=\"wpcf7-f24624-o1\" lang=\"en-US\" dir=\"ltr\" data-wpcf7-id=\"24624\">\n<div class=\"screen-reader-response\"><p role=\"status\" aria-live=\"polite\" aria-atomic=\"true\"><\/p> <ul><\/ul><\/div>\n<form action=\"\/de\/wp-json\/wp\/v2\/pages\/25732#wpcf7-f24624-o1\" method=\"post\" class=\"wpcf7-form init\" aria-label=\"Contact form\" novalidate=\"novalidate\" data-status=\"init\">\n<fieldset class=\"hidden-fields-container\"><input type=\"hidden\" name=\"_wpcf7\" value=\"24624\" \/><input type=\"hidden\" name=\"_wpcf7_version\" value=\"6.1\" \/><input type=\"hidden\" name=\"_wpcf7_locale\" value=\"en_US\" \/><input type=\"hidden\" name=\"_wpcf7_unit_tag\" value=\"wpcf7-f24624-o1\" \/><input type=\"hidden\" name=\"_wpcf7_container_post\" value=\"0\" \/><input type=\"hidden\" name=\"_wpcf7_posted_data_hash\" value=\"\" \/>\n<\/fieldset>\n<p><label> Company (required)<br \/>\n<span class=\"wpcf7-form-control-wrap\" data-name=\"company\"><input size=\"40\" maxlength=\"400\" class=\"wpcf7-form-control wpcf7-text wpcf7-validates-as-required required\" aria-required=\"true\" aria-invalid=\"false\" value=\"\" type=\"text\" name=\"company\" \/><\/span> <\/label><br \/>\n<label> First Name + Last Name (required)<br \/>\n<span class=\"wpcf7-form-control-wrap\" data-name=\"your-name\"><input size=\"40\" maxlength=\"400\" class=\"wpcf7-form-control wpcf7-text wpcf7-validates-as-required required\" aria-required=\"true\" aria-invalid=\"false\" value=\"\" type=\"text\" name=\"your-name\" \/><\/span><\/label><br \/>\n<label> Country (required)<br \/>\n<span class=\"wpcf7-form-control-wrap\" data-name=\"country\"><input size=\"40\" maxlength=\"400\" class=\"wpcf7-form-control wpcf7-text wpcf7-validates-as-required\" aria-required=\"true\" aria-invalid=\"false\" value=\"\" type=\"text\" name=\"country\" \/><\/span><\/] <\/label><br \/>\n<label>Your email (required)<br \/>\n<span class=\"wpcf7-form-control-wrap\" data-name=\"email\"><input size=\"40\" maxlength=\"400\" class=\"wpcf7-form-control wpcf7-email wpcf7-validates-as-required wpcf7-text wpcf7-validates-as-email required\" aria-required=\"true\" aria-invalid=\"false\" value=\"\" type=\"email\" name=\"email\" \/><\/span><\/label><br \/>\n<label>Phone<br \/>\n<span class=\"wpcf7-form-control-wrap\" data-name=\"phone\"><input size=\"40\" maxlength=\"400\" class=\"wpcf7-form-control wpcf7-text borderinput\" aria-invalid=\"false\" value=\"\" type=\"text\" name=\"phone\" \/><\/span><\/label>\n<\/p>\n<p><label> Comment \/ Question \/ Remark<br \/>\n<span class=\"wpcf7-form-control-wrap\" data-name=\"area\"><input size=\"40\" maxlength=\"400\" class=\"wpcf7-form-control wpcf7-text\" aria-invalid=\"false\" value=\"\" type=\"text\" name=\"area\" \/><\/span><\/label>\n<\/p>\n<p><span class=\"wpcf7-form-control-wrap\" data-name=\"your-consent\"><span class=\"wpcf7-form-control wpcf7-acceptance\"><span class=\"wpcf7-list-item\"><label><input type=\"checkbox\" name=\"your-consent\" value=\"1\" aria-invalid=\"false\" \/><span class=\"wpcf7-list-item-label\">Your confidentiality is assured. Please read and accept our <a target=\"_blank\" rel=\"noopener noreferrer\" href=\"https:\/\/www.apsware.com\/privacy-statement\/\">Privacy Policy<\/a><\/span><\/label><\/span><\/span><\/span>\n<\/p>\n<p><span id=\"wpcf7-69e9f5b53ec82-wrapper\" class=\"wpcf7-form-control-wrap e-mail-wrap\" style=\"display:none !important; visibility:hidden !important;\"><input type=\"hidden\" name=\"e-mail-time-start\" value=\"1776940469\"><input type=\"hidden\" name=\"e-mail-time-check\" value=\"4\"><label for=\"wpcf7-69e9f5b53ec82-field\" class=\"hp-message\">Please leave this field empty.<\/label><input id=\"wpcf7-69e9f5b53ec82-field\"  class=\"wpcf7-form-control wpcf7-text\" type=\"text\" name=\"e-mail\" value=\"\" size=\"40\" tabindex=\"-1\" autocomplete=\"new-password\" \/><\/span><br \/>\n<span id=\"wpcf7-69e9f5b53ed44-wrapper\" class=\"wpcf7-form-control-wrap identification-number-wrap\" style=\"display:none !important; visibility:hidden !important;\"><input type=\"hidden\" name=\"identification-number-time-start\" value=\"1776940469\"><input type=\"hidden\" name=\"identification-number-time-check\" value=\"4\"><label for=\"wpcf7-69e9f5b53ed44-field\" class=\"hp-message\">Please leave this field empty.<\/label><input id=\"wpcf7-69e9f5b53ed44-field\"  class=\"wpcf7-form-control wpcf7-text\" type=\"text\" name=\"identification-number\" value=\"\" size=\"40\" tabindex=\"-1\" autocomplete=\"new-password\" \/><\/span>\n<\/p>\n<div style=\"margin-top: 20px; margin-bottom:10px\">\n\t<p><input class=\"wpcf7-form-control wpcf7-submit has-spinner\" type=\"submit\" value=\"Send\" \/>\n\t<\/p>\n<\/div><div class=\"wpcf7-response-output\" aria-hidden=\"true\"><\/div>\n<\/form>\n<\/div>\n\t\t\t\t\t\t\t\t<\/div>\n\t\t\t\t<\/div>\n\t\t\t\t\t<\/div>\n\t\t<\/div>\n\t\t\t\t<div class=\"elementor-column elementor-col-50 elementor-top-column elementor-element elementor-element-e128ce8\" data-id=\"e128ce8\" data-element_type=\"column\">\n\t\t\t<div class=\"elementor-widget-wrap elementor-element-populated\">\n\t\t\t\t\t\t<div class=\"elementor-element elementor-element-5701bef elementor-widget elementor-widget-video\" data-id=\"5701bef\" data-element_type=\"widget\" data-settings=\"{&quot;youtube_url&quot;:&quot;https:\\\/\\\/www.youtube.com\\\/watch?v=2uzPx2qWeTU&amp;feature=emb_imp_woyt&quot;,&quot;yt_privacy&quot;:&quot;yes&quot;,&quot;video_type&quot;:&quot;youtube&quot;,&quot;controls&quot;:&quot;yes&quot;}\" data-widget_type=\"video.default\">\n\t\t\t\t<div class=\"elementor-widget-container\">\n\t\t\t\t\t\t\t<div class=\"elementor-wrapper elementor-open-inline\">\n\t\t\t<div class=\"elementor-video\"><\/div>\t\t<\/div>\n\t\t\t\t\t\t<\/div>\n\t\t\t\t<\/div>\n\t\t\t\t<div class=\"elementor-element elementor-element-55702af elementor-widget elementor-widget-heading\" data-id=\"55702af\" data-element_type=\"widget\" data-widget_type=\"heading.default\">\n\t\t\t\t<div class=\"elementor-widget-container\">\n\t\t\t\t\t<h2 class=\"elementor-heading-title elementor-size-default\">Control-M f\u00fcr SAP<\/h2>\t\t\t\t<\/div>\n\t\t\t\t<\/div>\n\t\t\t\t<div class=\"elementor-element elementor-element-3cfb460 elementor-widget elementor-widget-heading\" data-id=\"3cfb460\" data-element_type=\"widget\" data-widget_type=\"heading.default\">\n\t\t\t\t<div class=\"elementor-widget-container\">\n\t\t\t\t\t<h4 class=\"elementor-heading-title elementor-size-default\">Ihr Automatisierungs-Hub f\u00fcr SAP- und Nicht-SAP-Workflows<\/h4>\t\t\t\t<\/div>\n\t\t\t\t<\/div>\n\t\t\t\t<div class=\"elementor-element elementor-element-ef9c73f elementor-widget elementor-widget-text-editor\" data-id=\"ef9c73f\" data-element_type=\"widget\" data-widget_type=\"text-editor.default\">\n\t\t\t\t<div class=\"elementor-widget-container\">\n\t\t\t\t\t\t\t\t\tSie sind gefordert, Ihre digitalen Gesch\u00e4ftsprozesse zu beschleunigen und neue Services f\u00fcr Ihre Kunden zu erm\u00f6glichen. Mit Control-M ist es Ihnen m\u00f6glich, SAP- und Nicht-SAP-Prozesse, Daten-Workflows und hybride Infrastrukturen vom Mainframe bis zur Cloud zu integrieren und zu automatisieren. apsware und Control-M erm\u00f6glicht Ihren IT-Experten und Expertinnen gemeinsam mit den Fachanwendern, zuverl\u00e4ssige Automatisierungsdienste f\u00fcr Ihr Unternehmen bereitzustellen.\t\t\t\t\t\t\t\t<\/div>\n\t\t\t\t<\/div>\n\t\t\t\t<div class=\"elementor-element elementor-element-e53162b elementor-align-center elementor-widget elementor-widget-button\" data-id=\"e53162b\" data-element_type=\"widget\" data-widget_type=\"button.default\">\n\t\t\t\t<div class=\"elementor-widget-container\">\n\t\t\t\t\t\t\t\t\t<div class=\"elementor-button-wrapper\">\n\t\t\t\t\t<a class=\"elementor-button elementor-button-link elementor-size-sm\" href=\"https:\/\/www.apsware.com\/de\/apsware-loesungen-fuer-bmc-control-m\/control-m-digital-business-automation-im-ueberblick\/apsware-control-m-fuer-sap\/\">\n\t\t\t\t\t\t<span class=\"elementor-button-content-wrapper\">\n\t\t\t\t\t\t\t\t\t<span class=\"elementor-button-text\">Zur\u00fcck zur Control-M f\u00fcr SAP Hauptseite<\/span>\n\t\t\t\t\t<\/span>\n\t\t\t\t\t<\/a>\n\t\t\t\t<\/div>\n\t\t\t\t\t\t\t\t<\/div>\n\t\t\t\t<\/div>\n\t\t\t\t\t<\/div>\n\t\t<\/div>\n\t\t\t\t\t<\/div>\n\t\t<\/section>\n\t\t\t\t<\/div>\n\t\t","protected":false},"excerpt":{"rendered":"<p>Fragen sie eine Control-M f\u00fcr SAP Testversion an Control-M f\u00fcr SAP Ihr Automatisierungs-Hub f\u00fcr SAP- und Nicht-SAP-Workflows Sie sind gefordert, Ihre digitalen Gesch\u00e4ftsprozesse zu beschleunigen und neue Services f\u00fcr Ihre Kunden zu erm\u00f6glichen. Mit Control-M ist es Ihnen m\u00f6glich, SAP- und Nicht-SAP-Prozesse, Daten-Workflows und hybride Infrastrukturen vom Mainframe bis zur Cloud zu integrieren und zu [&hellip;]<\/p>\n","protected":false},"author":2,"featured_media":0,"parent":25695,"menu_order":0,"comment_status":"closed","ping_status":"closed","template":"","meta":{"footnotes":""},"class_list":["post-25732","page","type-page","status-publish","hentry"],"yoast_head":"<!-- This site is optimized with the Yoast SEO plugin v25.6 - https:\/\/yoast.com\/wordpress\/plugins\/seo\/ -->\n<title>Control-M f\u00fcr SAP - Testversion - apsware<\/title>\n<meta name=\"robots\" content=\"index, follow, max-snippet:-1, max-image-preview:large, max-video-preview:-1\" \/>\n<link rel=\"canonical\" href=\"https:\/\/www.apsware.com\/de\/apsware-loesungen-fuer-bmc-control-m\/control-m-digital-business-automation-im-ueberblick\/apsware-control-m-fuer-sap\/control-m-fuer-sap-testversion\/\" \/>\n<meta property=\"og:locale\" content=\"de_DE\" \/>\n<meta property=\"og:type\" content=\"article\" \/>\n<meta property=\"og:title\" content=\"Control-M f\u00fcr SAP - Testversion - apsware\" \/>\n<meta property=\"og:description\" content=\"Fragen sie eine Control-M f\u00fcr SAP Testversion an Control-M f\u00fcr SAP Ihr Automatisierungs-Hub f\u00fcr SAP- und Nicht-SAP-Workflows Sie sind gefordert, Ihre digitalen Gesch\u00e4ftsprozesse zu beschleunigen und neue Services f\u00fcr Ihre Kunden zu erm\u00f6glichen. Mit Control-M ist es Ihnen m\u00f6glich, SAP- und Nicht-SAP-Prozesse, Daten-Workflows und hybride Infrastrukturen vom Mainframe bis zur Cloud zu integrieren und zu [&hellip;]\" \/>\n<meta property=\"og:url\" content=\"https:\/\/www.apsware.com\/de\/apsware-loesungen-fuer-bmc-control-m\/control-m-digital-business-automation-im-ueberblick\/apsware-control-m-fuer-sap\/control-m-fuer-sap-testversion\/\" \/>\n<meta property=\"og:site_name\" content=\"apsware\" \/>\n<meta property=\"article:modified_time\" content=\"2022-09-16T12:55:44+00:00\" \/>\n<meta name=\"twitter:card\" content=\"summary_large_image\" \/>\n<meta name=\"twitter:label1\" content=\"Gesch\u00e4tzte Lesezeit\" \/>\n\t<meta name=\"twitter:data1\" content=\"1\u00a0Minute\" \/>\n<script type=\"application\/ld+json\" class=\"yoast-schema-graph\">{\"@context\":\"https:\/\/schema.org\",\"@graph\":[{\"@type\":\"WebPage\",\"@id\":\"https:\/\/www.apsware.com\/de\/apsware-loesungen-fuer-bmc-control-m\/control-m-digital-business-automation-im-ueberblick\/apsware-control-m-fuer-sap\/control-m-fuer-sap-testversion\/\",\"url\":\"https:\/\/www.apsware.com\/de\/apsware-loesungen-fuer-bmc-control-m\/control-m-digital-business-automation-im-ueberblick\/apsware-control-m-fuer-sap\/control-m-fuer-sap-testversion\/\",\"name\":\"Control-M f\u00fcr SAP - Testversion - apsware\",\"isPartOf\":{\"@id\":\"https:\/\/www.apsware.com\/de\/#website\"},\"datePublished\":\"2022-09-16T12:44:47+00:00\",\"dateModified\":\"2022-09-16T12:55:44+00:00\",\"breadcrumb\":{\"@id\":\"https:\/\/www.apsware.com\/de\/apsware-loesungen-fuer-bmc-control-m\/control-m-digital-business-automation-im-ueberblick\/apsware-control-m-fuer-sap\/control-m-fuer-sap-testversion\/#breadcrumb\"},\"inLanguage\":\"de\",\"potentialAction\":[{\"@type\":\"ReadAction\",\"target\":[\"https:\/\/www.apsware.com\/de\/apsware-loesungen-fuer-bmc-control-m\/control-m-digital-business-automation-im-ueberblick\/apsware-control-m-fuer-sap\/control-m-fuer-sap-testversion\/\"]}]},{\"@type\":\"BreadcrumbList\",\"@id\":\"https:\/\/www.apsware.com\/de\/apsware-loesungen-fuer-bmc-control-m\/control-m-digital-business-automation-im-ueberblick\/apsware-control-m-fuer-sap\/control-m-fuer-sap-testversion\/#breadcrumb\",\"itemListElement\":[{\"@type\":\"ListItem\",\"position\":1,\"name\":\"Home\",\"item\":\"https:\/\/www.apsware.com\/de\/\"},{\"@type\":\"ListItem\",\"position\":2,\"name\":\"apsware L\u00f6sungen f\u00fcr BMC Control-M\",\"item\":\"https:\/\/www.apsware.com\/de\/apsware-loesungen-fuer-bmc-control-m\/\"},{\"@type\":\"ListItem\",\"position\":3,\"name\":\"Control-M Digital Business Automation im \u00dcberblick\",\"item\":\"https:\/\/www.apsware.com\/de\/apsware-loesungen-fuer-bmc-control-m\/control-m-digital-business-automation-im-ueberblick\/\"},{\"@type\":\"ListItem\",\"position\":4,\"name\":\"Control-M f\u00fcr SAP\",\"item\":\"https:\/\/www.apsware.com\/de\/apsware-loesungen-fuer-bmc-control-m\/control-m-digital-business-automation-im-ueberblick\/apsware-control-m-fuer-sap\/\"},{\"@type\":\"ListItem\",\"position\":5,\"name\":\"Control-M f\u00fcr SAP &#8211; Testversion\"}]},{\"@type\":\"WebSite\",\"@id\":\"https:\/\/www.apsware.com\/de\/#website\",\"url\":\"https:\/\/www.apsware.com\/de\/\",\"name\":\"apsware\",\"description\":\"Digital Business Automation\",\"publisher\":{\"@id\":\"https:\/\/www.apsware.com\/de\/#organization\"},\"potentialAction\":[{\"@type\":\"SearchAction\",\"target\":{\"@type\":\"EntryPoint\",\"urlTemplate\":\"https:\/\/www.apsware.com\/de\/?s={search_term_string}\"},\"query-input\":{\"@type\":\"PropertyValueSpecification\",\"valueRequired\":true,\"valueName\":\"search_term_string\"}}],\"inLanguage\":\"de\"},{\"@type\":\"Organization\",\"@id\":\"https:\/\/www.apsware.com\/de\/#organization\",\"name\":\"apsware\",\"url\":\"https:\/\/www.apsware.com\/de\/\",\"logo\":{\"@type\":\"ImageObject\",\"inLanguage\":\"de\",\"@id\":\"https:\/\/www.apsware.com\/de\/#\/schema\/logo\/image\/\",\"url\":\"https:\/\/www.apsware.com\/wp-content\/uploads\/2019\/04\/apsware_logo_rgb-2-1.png\",\"contentUrl\":\"https:\/\/www.apsware.com\/wp-content\/uploads\/2019\/04\/apsware_logo_rgb-2-1.png\",\"width\":200,\"height\":46,\"caption\":\"apsware\"},\"image\":{\"@id\":\"https:\/\/www.apsware.com\/de\/#\/schema\/logo\/image\/\"}}]}<\/script>\n<!-- \/ Yoast SEO plugin. -->","yoast_head_json":{"title":"Control-M f\u00fcr SAP - Testversion - apsware","robots":{"index":"index","follow":"follow","max-snippet":"max-snippet:-1","max-image-preview":"max-image-preview:large","max-video-preview":"max-video-preview:-1"},"canonical":"https:\/\/www.apsware.com\/de\/apsware-loesungen-fuer-bmc-control-m\/control-m-digital-business-automation-im-ueberblick\/apsware-control-m-fuer-sap\/control-m-fuer-sap-testversion\/","og_locale":"de_DE","og_type":"article","og_title":"Control-M f\u00fcr SAP - Testversion - apsware","og_description":"Fragen sie eine Control-M f\u00fcr SAP Testversion an Control-M f\u00fcr SAP Ihr Automatisierungs-Hub f\u00fcr SAP- und Nicht-SAP-Workflows Sie sind gefordert, Ihre digitalen Gesch\u00e4ftsprozesse zu beschleunigen und neue Services f\u00fcr Ihre Kunden zu erm\u00f6glichen. Mit Control-M ist es Ihnen m\u00f6glich, SAP- und Nicht-SAP-Prozesse, Daten-Workflows und hybride Infrastrukturen vom Mainframe bis zur Cloud zu integrieren und zu [&hellip;]","og_url":"https:\/\/www.apsware.com\/de\/apsware-loesungen-fuer-bmc-control-m\/control-m-digital-business-automation-im-ueberblick\/apsware-control-m-fuer-sap\/control-m-fuer-sap-testversion\/","og_site_name":"apsware","article_modified_time":"2022-09-16T12:55:44+00:00","twitter_card":"summary_large_image","twitter_misc":{"Gesch\u00e4tzte Lesezeit":"1\u00a0Minute"},"schema":{"@context":"https:\/\/schema.org","@graph":[{"@type":"WebPage","@id":"https:\/\/www.apsware.com\/de\/apsware-loesungen-fuer-bmc-control-m\/control-m-digital-business-automation-im-ueberblick\/apsware-control-m-fuer-sap\/control-m-fuer-sap-testversion\/","url":"https:\/\/www.apsware.com\/de\/apsware-loesungen-fuer-bmc-control-m\/control-m-digital-business-automation-im-ueberblick\/apsware-control-m-fuer-sap\/control-m-fuer-sap-testversion\/","name":"Control-M f\u00fcr SAP - Testversion - apsware","isPartOf":{"@id":"https:\/\/www.apsware.com\/de\/#website"},"datePublished":"2022-09-16T12:44:47+00:00","dateModified":"2022-09-16T12:55:44+00:00","breadcrumb":{"@id":"https:\/\/www.apsware.com\/de\/apsware-loesungen-fuer-bmc-control-m\/control-m-digital-business-automation-im-ueberblick\/apsware-control-m-fuer-sap\/control-m-fuer-sap-testversion\/#breadcrumb"},"inLanguage":"de","potentialAction":[{"@type":"ReadAction","target":["https:\/\/www.apsware.com\/de\/apsware-loesungen-fuer-bmc-control-m\/control-m-digital-business-automation-im-ueberblick\/apsware-control-m-fuer-sap\/control-m-fuer-sap-testversion\/"]}]},{"@type":"BreadcrumbList","@id":"https:\/\/www.apsware.com\/de\/apsware-loesungen-fuer-bmc-control-m\/control-m-digital-business-automation-im-ueberblick\/apsware-control-m-fuer-sap\/control-m-fuer-sap-testversion\/#breadcrumb","itemListElement":[{"@type":"ListItem","position":1,"name":"Home","item":"https:\/\/www.apsware.com\/de\/"},{"@type":"ListItem","position":2,"name":"apsware L\u00f6sungen f\u00fcr BMC Control-M","item":"https:\/\/www.apsware.com\/de\/apsware-loesungen-fuer-bmc-control-m\/"},{"@type":"ListItem","position":3,"name":"Control-M Digital Business Automation im \u00dcberblick","item":"https:\/\/www.apsware.com\/de\/apsware-loesungen-fuer-bmc-control-m\/control-m-digital-business-automation-im-ueberblick\/"},{"@type":"ListItem","position":4,"name":"Control-M f\u00fcr SAP","item":"https:\/\/www.apsware.com\/de\/apsware-loesungen-fuer-bmc-control-m\/control-m-digital-business-automation-im-ueberblick\/apsware-control-m-fuer-sap\/"},{"@type":"ListItem","position":5,"name":"Control-M f\u00fcr SAP &#8211; Testversion"}]},{"@type":"WebSite","@id":"https:\/\/www.apsware.com\/de\/#website","url":"https:\/\/www.apsware.com\/de\/","name":"apsware","description":"Digital Business Automation","publisher":{"@id":"https:\/\/www.apsware.com\/de\/#organization"},"potentialAction":[{"@type":"SearchAction","target":{"@type":"EntryPoint","urlTemplate":"https:\/\/www.apsware.com\/de\/?s={search_term_string}"},"query-input":{"@type":"PropertyValueSpecification","valueRequired":true,"valueName":"search_term_string"}}],"inLanguage":"de"},{"@type":"Organization","@id":"https:\/\/www.apsware.com\/de\/#organization","name":"apsware","url":"https:\/\/www.apsware.com\/de\/","logo":{"@type":"ImageObject","inLanguage":"de","@id":"https:\/\/www.apsware.com\/de\/#\/schema\/logo\/image\/","url":"https:\/\/www.apsware.com\/wp-content\/uploads\/2019\/04\/apsware_logo_rgb-2-1.png","contentUrl":"https:\/\/www.apsware.com\/wp-content\/uploads\/2019\/04\/apsware_logo_rgb-2-1.png","width":200,"height":46,"caption":"apsware"},"image":{"@id":"https:\/\/www.apsware.com\/de\/#\/schema\/logo\/image\/"}}]}},"_links":{"self":[{"href":"https:\/\/www.apsware.com\/de\/wp-json\/wp\/v2\/pages\/25732","targetHints":{"allow":["GET"]}}],"collection":[{"href":"https:\/\/www.apsware.com\/de\/wp-json\/wp\/v2\/pages"}],"about":[{"href":"https:\/\/www.apsware.com\/de\/wp-json\/wp\/v2\/types\/page"}],"author":[{"embeddable":true,"href":"https:\/\/www.apsware.com\/de\/wp-json\/wp\/v2\/users\/2"}],"replies":[{"embeddable":true,"href":"https:\/\/www.apsware.com\/de\/wp-json\/wp\/v2\/comments?post=25732"}],"version-history":[{"count":3,"href":"https:\/\/www.apsware.com\/de\/wp-json\/wp\/v2\/pages\/25732\/revisions"}],"predecessor-version":[{"id":25743,"href":"https:\/\/www.apsware.com\/de\/wp-json\/wp\/v2\/pages\/25732\/revisions\/25743"}],"up":[{"embeddable":true,"href":"https:\/\/www.apsware.com\/de\/wp-json\/wp\/v2\/pages\/25695"}],"wp:attachment":[{"href":"https:\/\/www.apsware.com\/de\/wp-json\/wp\/v2\/media?parent=25732"}],"curies":[{"name":"wp","href":"https:\/\/api.w.org\/{rel}","templated":true}]}}