{"id":25728,"date":"2022-09-16T12:41:31","date_gmt":"2022-09-16T12:41:31","guid":{"rendered":"https:\/\/www.apsware.com\/apsware-loesungen-fuer-bmc-control-m\/control-m-digital-business-automation-im-ueberblick\/apsware-control-m-fuer-sap\/control-m-fuer-sap-ebook\/"},"modified":"2022-09-16T13:32:40","modified_gmt":"2022-09-16T13:32:40","slug":"control-m-fuer-sap-ebook","status":"publish","type":"page","link":"https:\/\/www.apsware.com\/de\/apsware-loesungen-fuer-bmc-control-m\/control-m-digital-business-automation-im-ueberblick\/apsware-control-m-fuer-sap\/control-m-fuer-sap-ebook\/","title":{"rendered":"Control-M f\u00fcr SAP &#8211; ebook"},"content":{"rendered":"\t\t<div data-elementor-type=\"wp-page\" data-elementor-id=\"25728\" class=\"elementor elementor-25728 elementor-25300\" data-elementor-post-type=\"page\">\n\t\t\t\t\t\t<section class=\"elementor-section elementor-top-section elementor-element elementor-element-68d007f elementor-section-stretched elementor-section-boxed elementor-section-height-default elementor-section-height-default\" data-id=\"68d007f\" data-element_type=\"section\" data-settings=\"{&quot;stretch_section&quot;:&quot;section-stretched&quot;}\">\n\t\t\t\t\t\t<div class=\"elementor-container elementor-column-gap-default\">\n\t\t\t\t\t<div class=\"elementor-column elementor-col-100 elementor-top-column elementor-element elementor-element-4fd124c\" data-id=\"4fd124c\" data-element_type=\"column\">\n\t\t\t<div class=\"elementor-widget-wrap elementor-element-populated\">\n\t\t\t\t\t\t<div class=\"elementor-element elementor-element-a1945cd elementor-widget elementor-widget-heading\" data-id=\"a1945cd\" data-element_type=\"widget\" data-widget_type=\"heading.default\">\n\t\t\t\t<div class=\"elementor-widget-container\">\n\t\t\t\t\t<h2 class=\"elementor-heading-title elementor-size-default\">Control-M f\u00fcr SAP - ebook<\/h2>\t\t\t\t<\/div>\n\t\t\t\t<\/div>\n\t\t\t\t\t<\/div>\n\t\t<\/div>\n\t\t\t\t\t<\/div>\n\t\t<\/section>\n\t\t\t\t<section class=\"elementor-section elementor-top-section elementor-element elementor-element-f6501fb elementor-section-stretched elementor-section-boxed elementor-section-height-default elementor-section-height-default\" data-id=\"f6501fb\" data-element_type=\"section\" data-settings=\"{&quot;stretch_section&quot;:&quot;section-stretched&quot;,&quot;background_background&quot;:&quot;classic&quot;}\">\n\t\t\t\t\t\t<div class=\"elementor-container elementor-column-gap-default\">\n\t\t\t\t\t<div class=\"elementor-column elementor-col-50 elementor-top-column elementor-element elementor-element-64abb09\" data-id=\"64abb09\" data-element_type=\"column\">\n\t\t\t<div class=\"elementor-widget-wrap elementor-element-populated\">\n\t\t\t\t\t\t<div class=\"elementor-element elementor-element-d57f865 elementor-widget elementor-widget-text-editor\" data-id=\"d57f865\" data-element_type=\"widget\" data-widget_type=\"text-editor.default\">\n\t\t\t\t<div class=\"elementor-widget-container\">\n\t\t\t\t\t\t\t\t\t<p>\n<div class=\"wpcf7 no-js\" id=\"wpcf7-f25295-o1\" lang=\"en-US\" dir=\"ltr\" data-wpcf7-id=\"25295\">\n<div class=\"screen-reader-response\"><p role=\"status\" aria-live=\"polite\" aria-atomic=\"true\"><\/p> <ul><\/ul><\/div>\n<form action=\"\/de\/wp-json\/wp\/v2\/pages\/25728#wpcf7-f25295-o1\" method=\"post\" class=\"wpcf7-form init\" aria-label=\"Contact form\" novalidate=\"novalidate\" data-status=\"init\">\n<fieldset class=\"hidden-fields-container\"><input type=\"hidden\" name=\"_wpcf7\" value=\"25295\" \/><input type=\"hidden\" name=\"_wpcf7_version\" value=\"6.1\" \/><input type=\"hidden\" name=\"_wpcf7_locale\" value=\"en_US\" \/><input type=\"hidden\" name=\"_wpcf7_unit_tag\" value=\"wpcf7-f25295-o1\" \/><input type=\"hidden\" name=\"_wpcf7_container_post\" value=\"0\" \/><input type=\"hidden\" name=\"_wpcf7_posted_data_hash\" value=\"\" \/>\n<\/fieldset>\n<p><label> Company (required)<br \/>\n<span class=\"wpcf7-form-control-wrap\" data-name=\"company\"><input size=\"40\" maxlength=\"400\" class=\"wpcf7-form-control wpcf7-text wpcf7-validates-as-required required\" aria-required=\"true\" aria-invalid=\"false\" value=\"\" type=\"text\" name=\"company\" \/><\/span> <\/label><br \/>\n<label> First Name + Last Name (required)<br \/>\n<span class=\"wpcf7-form-control-wrap\" data-name=\"your-name\"><input size=\"40\" maxlength=\"400\" class=\"wpcf7-form-control wpcf7-text wpcf7-validates-as-required required\" aria-required=\"true\" aria-invalid=\"false\" value=\"\" type=\"text\" name=\"your-name\" \/><\/span><\/label><br \/>\n<label> Country (required)<br \/>\n<span class=\"wpcf7-form-control-wrap\" data-name=\"country\"><input size=\"40\" maxlength=\"400\" class=\"wpcf7-form-control wpcf7-text wpcf7-validates-as-required\" aria-required=\"true\" aria-invalid=\"false\" value=\"\" type=\"text\" name=\"country\" \/><\/span><\/] <\/label><br \/>\n<label>Your email (required)<br \/>\n<span class=\"wpcf7-form-control-wrap\" data-name=\"email\"><input size=\"40\" maxlength=\"400\" class=\"wpcf7-form-control wpcf7-email wpcf7-validates-as-required wpcf7-text wpcf7-validates-as-email required\" aria-required=\"true\" aria-invalid=\"false\" value=\"\" type=\"email\" name=\"email\" \/><\/span><\/label><br \/>\n<label>Phone<br \/>\n<span class=\"wpcf7-form-control-wrap\" data-name=\"phone\"><input size=\"40\" maxlength=\"400\" class=\"wpcf7-form-control wpcf7-text borderinput\" aria-invalid=\"false\" value=\"\" type=\"text\" name=\"phone\" \/><\/span><\/label>\n<\/p>\n<p><label> Comment \/ Question \/ Remark<br \/>\n<span class=\"wpcf7-form-control-wrap\" data-name=\"area\"><input size=\"40\" maxlength=\"400\" class=\"wpcf7-form-control wpcf7-text\" aria-invalid=\"false\" value=\"\" type=\"text\" name=\"area\" \/><\/span><\/label>\n<\/p>\n<p><span class=\"wpcf7-form-control-wrap\" data-name=\"your-consent\"><span class=\"wpcf7-form-control wpcf7-acceptance\"><span class=\"wpcf7-list-item\"><label><input type=\"checkbox\" name=\"your-consent\" value=\"1\" aria-invalid=\"false\" \/><span class=\"wpcf7-list-item-label\">Your confidentiality is assured. Please read and accept our <a target=\"_blank\" rel=\"noopener noreferrer\" href=\"https:\/\/www.apsware.com\/privacy-statement\/\">Privacy Policy<\/a><\/span><\/label><\/span><\/span><\/span>\n<\/p>\n<p><span id=\"wpcf7-69de2e287af39-wrapper\" class=\"wpcf7-form-control-wrap e-mail-wrap\" style=\"display:none !important; visibility:hidden !important;\"><input type=\"hidden\" name=\"e-mail-time-start\" value=\"1776168488\"><input type=\"hidden\" name=\"e-mail-time-check\" value=\"4\"><label for=\"wpcf7-69de2e287af39-field\" class=\"hp-message\">Please leave this field empty.<\/label><input id=\"wpcf7-69de2e287af39-field\"  class=\"wpcf7-form-control wpcf7-text\" type=\"text\" name=\"e-mail\" value=\"\" size=\"40\" tabindex=\"-1\" autocomplete=\"new-password\" \/><\/span><br \/>\n<span id=\"wpcf7-69de2e287b003-wrapper\" class=\"wpcf7-form-control-wrap identification-number-wrap\" style=\"display:none !important; visibility:hidden !important;\"><input type=\"hidden\" name=\"identification-number-time-start\" value=\"1776168488\"><input type=\"hidden\" name=\"identification-number-time-check\" value=\"4\"><label for=\"wpcf7-69de2e287b003-field\" class=\"hp-message\">Please leave this field empty.<\/label><input id=\"wpcf7-69de2e287b003-field\"  class=\"wpcf7-form-control wpcf7-text\" type=\"text\" name=\"identification-number\" value=\"\" size=\"40\" tabindex=\"-1\" autocomplete=\"new-password\" \/><\/span>\n<\/p>\n<div style=\"margin-top: 20px; margin-bottom:10px\">\n\t<p><input class=\"wpcf7-form-control wpcf7-submit has-spinner\" type=\"submit\" value=\"Send\" \/>\n\t<\/p>\n<\/div><div class=\"wpcf7-response-output\" aria-hidden=\"true\"><\/div>\n<\/form>\n<\/div>\n<\/p>\t\t\t\t\t\t\t\t<\/div>\n\t\t\t\t<\/div>\n\t\t\t\t\t<\/div>\n\t\t<\/div>\n\t\t\t\t<div class=\"elementor-column elementor-col-50 elementor-top-column elementor-element elementor-element-806cbd2\" data-id=\"806cbd2\" data-element_type=\"column\">\n\t\t\t<div class=\"elementor-widget-wrap elementor-element-populated\">\n\t\t\t\t\t\t<div class=\"elementor-element elementor-element-b7b2d24 elementor-widget elementor-widget-image\" data-id=\"b7b2d24\" data-element_type=\"widget\" data-widget_type=\"image.default\">\n\t\t\t\t<div class=\"elementor-widget-container\">\n\t\t\t\t\t\t\t\t\t\t\t\t\t\t\t<img fetchpriority=\"high\" decoding=\"async\" width=\"900\" height=\"343\" src=\"https:\/\/www.apsware.com\/wp-content\/uploads\/2022\/08\/2022_08_25_Simplify-application-and-data-workflow-Orchestration-across-SAP-environments.jpg\" class=\"attachment-large size-large wp-image-25306\" alt=\"\" srcset=\"https:\/\/www.apsware.com\/wp-content\/uploads\/2022\/08\/2022_08_25_Simplify-application-and-data-workflow-Orchestration-across-SAP-environments.jpg 900w, https:\/\/www.apsware.com\/wp-content\/uploads\/2022\/08\/2022_08_25_Simplify-application-and-data-workflow-Orchestration-across-SAP-environments-300x114.jpg 300w, https:\/\/www.apsware.com\/wp-content\/uploads\/2022\/08\/2022_08_25_Simplify-application-and-data-workflow-Orchestration-across-SAP-environments-768x293.jpg 768w, https:\/\/www.apsware.com\/wp-content\/uploads\/2022\/08\/2022_08_25_Simplify-application-and-data-workflow-Orchestration-across-SAP-environments-830x316.jpg 830w, https:\/\/www.apsware.com\/wp-content\/uploads\/2022\/08\/2022_08_25_Simplify-application-and-data-workflow-Orchestration-across-SAP-environments-230x88.jpg 230w, https:\/\/www.apsware.com\/wp-content\/uploads\/2022\/08\/2022_08_25_Simplify-application-and-data-workflow-Orchestration-across-SAP-environments-350x133.jpg 350w, https:\/\/www.apsware.com\/wp-content\/uploads\/2022\/08\/2022_08_25_Simplify-application-and-data-workflow-Orchestration-across-SAP-environments-480x183.jpg 480w\" sizes=\"(max-width: 900px) 100vw, 900px\" \/>\t\t\t\t\t\t\t\t\t\t\t\t\t\t\t<\/div>\n\t\t\t\t<\/div>\n\t\t\t\t<div class=\"elementor-element elementor-element-ff24720 elementor-widget elementor-widget-heading\" data-id=\"ff24720\" data-element_type=\"widget\" data-widget_type=\"heading.default\">\n\t\t\t\t<div class=\"elementor-widget-container\">\n\t\t\t\t\t<h2 class=\"elementor-heading-title elementor-size-default\">Control-M f\u00fcr SAP<\/h2>\t\t\t\t<\/div>\n\t\t\t\t<\/div>\n\t\t\t\t<div class=\"elementor-element elementor-element-c16d607 elementor-widget elementor-widget-heading\" data-id=\"c16d607\" data-element_type=\"widget\" data-widget_type=\"heading.default\">\n\t\t\t\t<div class=\"elementor-widget-container\">\n\t\t\t\t\t<h4 class=\"elementor-heading-title elementor-size-default\">Ihr Automatisierungs-Hub f\u00fcr SAP- und Nicht-SAP-Workflows<\/h4>\t\t\t\t<\/div>\n\t\t\t\t<\/div>\n\t\t\t\t<div class=\"elementor-element elementor-element-cbe0b47 elementor-widget elementor-widget-text-editor\" data-id=\"cbe0b47\" data-element_type=\"widget\" data-widget_type=\"text-editor.default\">\n\t\t\t\t<div class=\"elementor-widget-container\">\n\t\t\t\t\t\t\t\t\tSie sind gefordert, Ihre digitalen Gesch\u00e4ftsprozesse zu beschleunigen und neue Services f\u00fcr Ihre Kunden zu erm\u00f6glichen. Mit Control-M ist es Ihnen m\u00f6glich, SAP- und Nicht-SAP-Prozesse, Daten-Workflows und hybride Infrastrukturen vom Mainframe bis zur Cloud zu integrieren und zu automatisieren. apsware und Control-M erm\u00f6glicht Ihren IT-Experten und Expertinnen gemeinsam mit den Fachanwendern, zuverl\u00e4ssige Automatisierungsdienste f\u00fcr Ihr Unternehmen bereitzustellen.\t\t\t\t\t\t\t\t<\/div>\n\t\t\t\t<\/div>\n\t\t\t\t<div class=\"elementor-element elementor-element-17c0b3f elementor-align-center elementor-widget elementor-widget-button\" data-id=\"17c0b3f\" data-element_type=\"widget\" data-widget_type=\"button.default\">\n\t\t\t\t<div class=\"elementor-widget-container\">\n\t\t\t\t\t\t\t\t\t<div class=\"elementor-button-wrapper\">\n\t\t\t\t\t<a class=\"elementor-button elementor-button-link elementor-size-sm\" href=\"https:\/\/www.apsware.com\/de\/apsware-loesungen-fuer-bmc-control-m\/control-m-digital-business-automation-im-ueberblick\/apsware-control-m-fuer-sap\/\">\n\t\t\t\t\t\t<span class=\"elementor-button-content-wrapper\">\n\t\t\t\t\t\t\t\t\t<span class=\"elementor-button-text\">Zur\u00fcck zur Control-M f\u00fcr SAP-Seite<\/span>\n\t\t\t\t\t<\/span>\n\t\t\t\t\t<\/a>\n\t\t\t\t<\/div>\n\t\t\t\t\t\t\t\t<\/div>\n\t\t\t\t<\/div>\n\t\t\t\t\t<\/div>\n\t\t<\/div>\n\t\t\t\t\t<\/div>\n\t\t<\/section>\n\t\t\t\t<\/div>\n\t\t","protected":false},"excerpt":{"rendered":"<p>Control-M f\u00fcr SAP &#8211; ebook Control-M f\u00fcr SAP Ihr Automatisierungs-Hub f\u00fcr SAP- und Nicht-SAP-Workflows Sie sind gefordert, Ihre digitalen Gesch\u00e4ftsprozesse zu beschleunigen und neue Services f\u00fcr Ihre Kunden zu erm\u00f6glichen. Mit Control-M ist es Ihnen m\u00f6glich, SAP- und Nicht-SAP-Prozesse, Daten-Workflows und hybride Infrastrukturen vom Mainframe bis zur Cloud zu integrieren und zu automatisieren. apsware und [&hellip;]<\/p>\n","protected":false},"author":2,"featured_media":0,"parent":25695,"menu_order":0,"comment_status":"closed","ping_status":"closed","template":"","meta":{"footnotes":""},"class_list":["post-25728","page","type-page","status-publish","hentry"],"yoast_head":"<!-- This site is optimized with the Yoast SEO plugin v25.6 - https:\/\/yoast.com\/wordpress\/plugins\/seo\/ -->\n<title>Control-M f\u00fcr SAP - ebook - apsware<\/title>\n<meta name=\"robots\" content=\"index, follow, max-snippet:-1, max-image-preview:large, max-video-preview:-1\" \/>\n<link rel=\"canonical\" href=\"https:\/\/www.apsware.com\/de\/apsware-loesungen-fuer-bmc-control-m\/control-m-digital-business-automation-im-ueberblick\/apsware-control-m-fuer-sap\/control-m-fuer-sap-ebook\/\" \/>\n<meta property=\"og:locale\" content=\"de_DE\" \/>\n<meta property=\"og:type\" content=\"article\" \/>\n<meta property=\"og:title\" content=\"Control-M f\u00fcr SAP - ebook - apsware\" \/>\n<meta property=\"og:description\" content=\"Control-M f\u00fcr SAP &#8211; ebook Control-M f\u00fcr SAP Ihr Automatisierungs-Hub f\u00fcr SAP- und Nicht-SAP-Workflows Sie sind gefordert, Ihre digitalen Gesch\u00e4ftsprozesse zu beschleunigen und neue Services f\u00fcr Ihre Kunden zu erm\u00f6glichen. Mit Control-M ist es Ihnen m\u00f6glich, SAP- und Nicht-SAP-Prozesse, Daten-Workflows und hybride Infrastrukturen vom Mainframe bis zur Cloud zu integrieren und zu automatisieren. apsware und [&hellip;]\" \/>\n<meta property=\"og:url\" content=\"https:\/\/www.apsware.com\/de\/apsware-loesungen-fuer-bmc-control-m\/control-m-digital-business-automation-im-ueberblick\/apsware-control-m-fuer-sap\/control-m-fuer-sap-ebook\/\" \/>\n<meta property=\"og:site_name\" content=\"apsware\" \/>\n<meta property=\"article:modified_time\" content=\"2022-09-16T13:32:40+00:00\" \/>\n<meta property=\"og:image\" content=\"https:\/\/www.apsware.com\/wp-content\/uploads\/2022\/08\/2022_08_25_Simplify-application-and-data-workflow-Orchestration-across-SAP-environments.jpg\" \/>\n<meta name=\"twitter:card\" content=\"summary_large_image\" \/>\n<meta name=\"twitter:label1\" content=\"Gesch\u00e4tzte Lesezeit\" \/>\n\t<meta name=\"twitter:data1\" content=\"1\u00a0Minute\" \/>\n<script type=\"application\/ld+json\" class=\"yoast-schema-graph\">{\"@context\":\"https:\/\/schema.org\",\"@graph\":[{\"@type\":\"WebPage\",\"@id\":\"https:\/\/www.apsware.com\/de\/apsware-loesungen-fuer-bmc-control-m\/control-m-digital-business-automation-im-ueberblick\/apsware-control-m-fuer-sap\/control-m-fuer-sap-ebook\/\",\"url\":\"https:\/\/www.apsware.com\/de\/apsware-loesungen-fuer-bmc-control-m\/control-m-digital-business-automation-im-ueberblick\/apsware-control-m-fuer-sap\/control-m-fuer-sap-ebook\/\",\"name\":\"Control-M f\u00fcr SAP - ebook - apsware\",\"isPartOf\":{\"@id\":\"https:\/\/www.apsware.com\/de\/#website\"},\"primaryImageOfPage\":{\"@id\":\"https:\/\/www.apsware.com\/de\/apsware-loesungen-fuer-bmc-control-m\/control-m-digital-business-automation-im-ueberblick\/apsware-control-m-fuer-sap\/control-m-fuer-sap-ebook\/#primaryimage\"},\"image\":{\"@id\":\"https:\/\/www.apsware.com\/de\/apsware-loesungen-fuer-bmc-control-m\/control-m-digital-business-automation-im-ueberblick\/apsware-control-m-fuer-sap\/control-m-fuer-sap-ebook\/#primaryimage\"},\"thumbnailUrl\":\"https:\/\/www.apsware.com\/wp-content\/uploads\/2022\/08\/2022_08_25_Simplify-application-and-data-workflow-Orchestration-across-SAP-environments.jpg\",\"datePublished\":\"2022-09-16T12:41:31+00:00\",\"dateModified\":\"2022-09-16T13:32:40+00:00\",\"breadcrumb\":{\"@id\":\"https:\/\/www.apsware.com\/de\/apsware-loesungen-fuer-bmc-control-m\/control-m-digital-business-automation-im-ueberblick\/apsware-control-m-fuer-sap\/control-m-fuer-sap-ebook\/#breadcrumb\"},\"inLanguage\":\"de\",\"potentialAction\":[{\"@type\":\"ReadAction\",\"target\":[\"https:\/\/www.apsware.com\/de\/apsware-loesungen-fuer-bmc-control-m\/control-m-digital-business-automation-im-ueberblick\/apsware-control-m-fuer-sap\/control-m-fuer-sap-ebook\/\"]}]},{\"@type\":\"ImageObject\",\"inLanguage\":\"de\",\"@id\":\"https:\/\/www.apsware.com\/de\/apsware-loesungen-fuer-bmc-control-m\/control-m-digital-business-automation-im-ueberblick\/apsware-control-m-fuer-sap\/control-m-fuer-sap-ebook\/#primaryimage\",\"url\":\"https:\/\/www.apsware.com\/wp-content\/uploads\/2022\/08\/2022_08_25_Simplify-application-and-data-workflow-Orchestration-across-SAP-environments.jpg\",\"contentUrl\":\"https:\/\/www.apsware.com\/wp-content\/uploads\/2022\/08\/2022_08_25_Simplify-application-and-data-workflow-Orchestration-across-SAP-environments.jpg\"},{\"@type\":\"BreadcrumbList\",\"@id\":\"https:\/\/www.apsware.com\/de\/apsware-loesungen-fuer-bmc-control-m\/control-m-digital-business-automation-im-ueberblick\/apsware-control-m-fuer-sap\/control-m-fuer-sap-ebook\/#breadcrumb\",\"itemListElement\":[{\"@type\":\"ListItem\",\"position\":1,\"name\":\"Home\",\"item\":\"https:\/\/www.apsware.com\/de\/\"},{\"@type\":\"ListItem\",\"position\":2,\"name\":\"apsware L\u00f6sungen f\u00fcr BMC Control-M\",\"item\":\"https:\/\/www.apsware.com\/de\/apsware-loesungen-fuer-bmc-control-m\/\"},{\"@type\":\"ListItem\",\"position\":3,\"name\":\"Control-M Digital Business Automation im \u00dcberblick\",\"item\":\"https:\/\/www.apsware.com\/de\/apsware-loesungen-fuer-bmc-control-m\/control-m-digital-business-automation-im-ueberblick\/\"},{\"@type\":\"ListItem\",\"position\":4,\"name\":\"Control-M f\u00fcr SAP\",\"item\":\"https:\/\/www.apsware.com\/de\/apsware-loesungen-fuer-bmc-control-m\/control-m-digital-business-automation-im-ueberblick\/apsware-control-m-fuer-sap\/\"},{\"@type\":\"ListItem\",\"position\":5,\"name\":\"Control-M f\u00fcr SAP &#8211; ebook\"}]},{\"@type\":\"WebSite\",\"@id\":\"https:\/\/www.apsware.com\/de\/#website\",\"url\":\"https:\/\/www.apsware.com\/de\/\",\"name\":\"apsware\",\"description\":\"Digital Business Automation\",\"publisher\":{\"@id\":\"https:\/\/www.apsware.com\/de\/#organization\"},\"potentialAction\":[{\"@type\":\"SearchAction\",\"target\":{\"@type\":\"EntryPoint\",\"urlTemplate\":\"https:\/\/www.apsware.com\/de\/?s={search_term_string}\"},\"query-input\":{\"@type\":\"PropertyValueSpecification\",\"valueRequired\":true,\"valueName\":\"search_term_string\"}}],\"inLanguage\":\"de\"},{\"@type\":\"Organization\",\"@id\":\"https:\/\/www.apsware.com\/de\/#organization\",\"name\":\"apsware\",\"url\":\"https:\/\/www.apsware.com\/de\/\",\"logo\":{\"@type\":\"ImageObject\",\"inLanguage\":\"de\",\"@id\":\"https:\/\/www.apsware.com\/de\/#\/schema\/logo\/image\/\",\"url\":\"https:\/\/www.apsware.com\/wp-content\/uploads\/2019\/04\/apsware_logo_rgb-2-1.png\",\"contentUrl\":\"https:\/\/www.apsware.com\/wp-content\/uploads\/2019\/04\/apsware_logo_rgb-2-1.png\",\"width\":200,\"height\":46,\"caption\":\"apsware\"},\"image\":{\"@id\":\"https:\/\/www.apsware.com\/de\/#\/schema\/logo\/image\/\"}}]}<\/script>\n<!-- \/ Yoast SEO plugin. -->","yoast_head_json":{"title":"Control-M f\u00fcr SAP - ebook - apsware","robots":{"index":"index","follow":"follow","max-snippet":"max-snippet:-1","max-image-preview":"max-image-preview:large","max-video-preview":"max-video-preview:-1"},"canonical":"https:\/\/www.apsware.com\/de\/apsware-loesungen-fuer-bmc-control-m\/control-m-digital-business-automation-im-ueberblick\/apsware-control-m-fuer-sap\/control-m-fuer-sap-ebook\/","og_locale":"de_DE","og_type":"article","og_title":"Control-M f\u00fcr SAP - ebook - apsware","og_description":"Control-M f\u00fcr SAP &#8211; ebook Control-M f\u00fcr SAP Ihr Automatisierungs-Hub f\u00fcr SAP- und Nicht-SAP-Workflows Sie sind gefordert, Ihre digitalen Gesch\u00e4ftsprozesse zu beschleunigen und neue Services f\u00fcr Ihre Kunden zu erm\u00f6glichen. Mit Control-M ist es Ihnen m\u00f6glich, SAP- und Nicht-SAP-Prozesse, Daten-Workflows und hybride Infrastrukturen vom Mainframe bis zur Cloud zu integrieren und zu automatisieren. apsware und [&hellip;]","og_url":"https:\/\/www.apsware.com\/de\/apsware-loesungen-fuer-bmc-control-m\/control-m-digital-business-automation-im-ueberblick\/apsware-control-m-fuer-sap\/control-m-fuer-sap-ebook\/","og_site_name":"apsware","article_modified_time":"2022-09-16T13:32:40+00:00","og_image":[{"url":"https:\/\/www.apsware.com\/wp-content\/uploads\/2022\/08\/2022_08_25_Simplify-application-and-data-workflow-Orchestration-across-SAP-environments.jpg","type":"","width":"","height":""}],"twitter_card":"summary_large_image","twitter_misc":{"Gesch\u00e4tzte Lesezeit":"1\u00a0Minute"},"schema":{"@context":"https:\/\/schema.org","@graph":[{"@type":"WebPage","@id":"https:\/\/www.apsware.com\/de\/apsware-loesungen-fuer-bmc-control-m\/control-m-digital-business-automation-im-ueberblick\/apsware-control-m-fuer-sap\/control-m-fuer-sap-ebook\/","url":"https:\/\/www.apsware.com\/de\/apsware-loesungen-fuer-bmc-control-m\/control-m-digital-business-automation-im-ueberblick\/apsware-control-m-fuer-sap\/control-m-fuer-sap-ebook\/","name":"Control-M f\u00fcr SAP - ebook - apsware","isPartOf":{"@id":"https:\/\/www.apsware.com\/de\/#website"},"primaryImageOfPage":{"@id":"https:\/\/www.apsware.com\/de\/apsware-loesungen-fuer-bmc-control-m\/control-m-digital-business-automation-im-ueberblick\/apsware-control-m-fuer-sap\/control-m-fuer-sap-ebook\/#primaryimage"},"image":{"@id":"https:\/\/www.apsware.com\/de\/apsware-loesungen-fuer-bmc-control-m\/control-m-digital-business-automation-im-ueberblick\/apsware-control-m-fuer-sap\/control-m-fuer-sap-ebook\/#primaryimage"},"thumbnailUrl":"https:\/\/www.apsware.com\/wp-content\/uploads\/2022\/08\/2022_08_25_Simplify-application-and-data-workflow-Orchestration-across-SAP-environments.jpg","datePublished":"2022-09-16T12:41:31+00:00","dateModified":"2022-09-16T13:32:40+00:00","breadcrumb":{"@id":"https:\/\/www.apsware.com\/de\/apsware-loesungen-fuer-bmc-control-m\/control-m-digital-business-automation-im-ueberblick\/apsware-control-m-fuer-sap\/control-m-fuer-sap-ebook\/#breadcrumb"},"inLanguage":"de","potentialAction":[{"@type":"ReadAction","target":["https:\/\/www.apsware.com\/de\/apsware-loesungen-fuer-bmc-control-m\/control-m-digital-business-automation-im-ueberblick\/apsware-control-m-fuer-sap\/control-m-fuer-sap-ebook\/"]}]},{"@type":"ImageObject","inLanguage":"de","@id":"https:\/\/www.apsware.com\/de\/apsware-loesungen-fuer-bmc-control-m\/control-m-digital-business-automation-im-ueberblick\/apsware-control-m-fuer-sap\/control-m-fuer-sap-ebook\/#primaryimage","url":"https:\/\/www.apsware.com\/wp-content\/uploads\/2022\/08\/2022_08_25_Simplify-application-and-data-workflow-Orchestration-across-SAP-environments.jpg","contentUrl":"https:\/\/www.apsware.com\/wp-content\/uploads\/2022\/08\/2022_08_25_Simplify-application-and-data-workflow-Orchestration-across-SAP-environments.jpg"},{"@type":"BreadcrumbList","@id":"https:\/\/www.apsware.com\/de\/apsware-loesungen-fuer-bmc-control-m\/control-m-digital-business-automation-im-ueberblick\/apsware-control-m-fuer-sap\/control-m-fuer-sap-ebook\/#breadcrumb","itemListElement":[{"@type":"ListItem","position":1,"name":"Home","item":"https:\/\/www.apsware.com\/de\/"},{"@type":"ListItem","position":2,"name":"apsware L\u00f6sungen f\u00fcr BMC Control-M","item":"https:\/\/www.apsware.com\/de\/apsware-loesungen-fuer-bmc-control-m\/"},{"@type":"ListItem","position":3,"name":"Control-M Digital Business Automation im \u00dcberblick","item":"https:\/\/www.apsware.com\/de\/apsware-loesungen-fuer-bmc-control-m\/control-m-digital-business-automation-im-ueberblick\/"},{"@type":"ListItem","position":4,"name":"Control-M f\u00fcr SAP","item":"https:\/\/www.apsware.com\/de\/apsware-loesungen-fuer-bmc-control-m\/control-m-digital-business-automation-im-ueberblick\/apsware-control-m-fuer-sap\/"},{"@type":"ListItem","position":5,"name":"Control-M f\u00fcr SAP &#8211; ebook"}]},{"@type":"WebSite","@id":"https:\/\/www.apsware.com\/de\/#website","url":"https:\/\/www.apsware.com\/de\/","name":"apsware","description":"Digital Business Automation","publisher":{"@id":"https:\/\/www.apsware.com\/de\/#organization"},"potentialAction":[{"@type":"SearchAction","target":{"@type":"EntryPoint","urlTemplate":"https:\/\/www.apsware.com\/de\/?s={search_term_string}"},"query-input":{"@type":"PropertyValueSpecification","valueRequired":true,"valueName":"search_term_string"}}],"inLanguage":"de"},{"@type":"Organization","@id":"https:\/\/www.apsware.com\/de\/#organization","name":"apsware","url":"https:\/\/www.apsware.com\/de\/","logo":{"@type":"ImageObject","inLanguage":"de","@id":"https:\/\/www.apsware.com\/de\/#\/schema\/logo\/image\/","url":"https:\/\/www.apsware.com\/wp-content\/uploads\/2019\/04\/apsware_logo_rgb-2-1.png","contentUrl":"https:\/\/www.apsware.com\/wp-content\/uploads\/2019\/04\/apsware_logo_rgb-2-1.png","width":200,"height":46,"caption":"apsware"},"image":{"@id":"https:\/\/www.apsware.com\/de\/#\/schema\/logo\/image\/"}}]}},"_links":{"self":[{"href":"https:\/\/www.apsware.com\/de\/wp-json\/wp\/v2\/pages\/25728","targetHints":{"allow":["GET"]}}],"collection":[{"href":"https:\/\/www.apsware.com\/de\/wp-json\/wp\/v2\/pages"}],"about":[{"href":"https:\/\/www.apsware.com\/de\/wp-json\/wp\/v2\/types\/page"}],"author":[{"embeddable":true,"href":"https:\/\/www.apsware.com\/de\/wp-json\/wp\/v2\/users\/2"}],"replies":[{"embeddable":true,"href":"https:\/\/www.apsware.com\/de\/wp-json\/wp\/v2\/comments?post=25728"}],"version-history":[{"count":6,"href":"https:\/\/www.apsware.com\/de\/wp-json\/wp\/v2\/pages\/25728\/revisions"}],"predecessor-version":[{"id":25761,"href":"https:\/\/www.apsware.com\/de\/wp-json\/wp\/v2\/pages\/25728\/revisions\/25761"}],"up":[{"embeddable":true,"href":"https:\/\/www.apsware.com\/de\/wp-json\/wp\/v2\/pages\/25695"}],"wp:attachment":[{"href":"https:\/\/www.apsware.com\/de\/wp-json\/wp\/v2\/media?parent=25728"}],"curies":[{"name":"wp","href":"https:\/\/api.w.org\/{rel}","templated":true}]}}