{"id":24081,"date":"2022-07-21T13:10:38","date_gmt":"2022-07-21T13:10:38","guid":{"rendered":"https:\/\/www.apsware.com\/veranstaltungen\/bmc-control-m-tage\/"},"modified":"2024-02-26T13:04:25","modified_gmt":"2024-02-26T13:04:25","slug":"bmc-control-m-tage","status":"publish","type":"page","link":"https:\/\/www.apsware.com\/de\/veranstaltungen\/bmc-control-m-tage\/","title":{"rendered":"BMC Control-M Tage"},"content":{"rendered":"\t\t<div data-elementor-type=\"wp-page\" data-elementor-id=\"24081\" class=\"elementor elementor-24081 elementor-23520\" data-elementor-post-type=\"page\">\n\t\t\t\t\t\t<section class=\"elementor-section elementor-top-section elementor-element elementor-element-598c8a4 elementor-section-height-min-height elementor-section-stretched elementor-section-boxed elementor-section-height-default elementor-section-items-middle\" data-id=\"598c8a4\" data-element_type=\"section\" data-settings=\"{&quot;stretch_section&quot;:&quot;section-stretched&quot;,&quot;background_background&quot;:&quot;classic&quot;}\">\n\t\t\t\t\t\t<div class=\"elementor-container elementor-column-gap-default\">\n\t\t\t\t\t<div class=\"elementor-column elementor-col-100 elementor-top-column elementor-element elementor-element-780fd8c\" data-id=\"780fd8c\" data-element_type=\"column\">\n\t\t\t<div class=\"elementor-widget-wrap elementor-element-populated\">\n\t\t\t\t\t\t<div class=\"elementor-element elementor-element-73ac195 elementor-widget elementor-widget-image\" data-id=\"73ac195\" data-element_type=\"widget\" data-widget_type=\"image.default\">\n\t\t\t\t<div class=\"elementor-widget-container\">\n\t\t\t\t\t\t\t\t\t\t\t\t\t\t\t<img fetchpriority=\"high\" decoding=\"async\" width=\"320\" height=\"170\" src=\"https:\/\/www.apsware.com\/wp-content\/uploads\/2020\/06\/bmc-control-m.png\" class=\"attachment-large size-large wp-image-16595\" alt=\"BMC Control-M Logo\" srcset=\"https:\/\/www.apsware.com\/wp-content\/uploads\/2020\/06\/bmc-control-m.png 320w, https:\/\/www.apsware.com\/wp-content\/uploads\/2020\/06\/bmc-control-m-300x159.png 300w, https:\/\/www.apsware.com\/wp-content\/uploads\/2020\/06\/bmc-control-m-230x122.png 230w\" sizes=\"(max-width: 320px) 100vw, 320px\" \/>\t\t\t\t\t\t\t\t\t\t\t\t\t\t\t<\/div>\n\t\t\t\t<\/div>\n\t\t\t\t\t<\/div>\n\t\t<\/div>\n\t\t\t\t\t<\/div>\n\t\t<\/section>\n\t\t\t\t<section class=\"elementor-section elementor-top-section elementor-element elementor-element-e7505be elementor-section-stretched elementor-hidden-desktop elementor-hidden-tablet elementor-hidden-mobile elementor-section-boxed elementor-section-height-default elementor-section-height-default\" data-id=\"e7505be\" data-element_type=\"section\" data-settings=\"{&quot;stretch_section&quot;:&quot;section-stretched&quot;}\">\n\t\t\t\t\t\t<div class=\"elementor-container elementor-column-gap-default\">\n\t\t\t\t\t<div class=\"elementor-column elementor-col-100 elementor-top-column elementor-element elementor-element-2121688\" data-id=\"2121688\" data-element_type=\"column\">\n\t\t\t<div class=\"elementor-widget-wrap elementor-element-populated\">\n\t\t\t\t\t\t<div class=\"elementor-element elementor-element-152b168 elementor-widget elementor-widget-heading\" data-id=\"152b168\" data-element_type=\"widget\" data-widget_type=\"heading.default\">\n\t\t\t\t<div class=\"elementor-widget-container\">\n\t\t\t\t\t<h2 class=\"elementor-heading-title elementor-size-default\">Registrieren Sie sich f\u00fcr den BMC Control-M Tag in Frankfurt<\/h2>\t\t\t\t<\/div>\n\t\t\t\t<\/div>\n\t\t\t\t\t<\/div>\n\t\t<\/div>\n\t\t\t\t\t<\/div>\n\t\t<\/section>\n\t\t\t\t<section class=\"elementor-section elementor-top-section elementor-element elementor-element-afccf37 elementor-section-stretched elementor-hidden-desktop elementor-hidden-tablet elementor-hidden-mobile elementor-section-boxed elementor-section-height-default elementor-section-height-default\" data-id=\"afccf37\" data-element_type=\"section\" data-settings=\"{&quot;stretch_section&quot;:&quot;section-stretched&quot;}\">\n\t\t\t\t\t\t<div class=\"elementor-container elementor-column-gap-default\">\n\t\t\t\t\t<div class=\"elementor-column elementor-col-33 elementor-top-column elementor-element elementor-element-fb82403\" data-id=\"fb82403\" data-element_type=\"column\">\n\t\t\t<div class=\"elementor-widget-wrap elementor-element-populated\">\n\t\t\t\t\t\t<div class=\"elementor-element elementor-element-dad4ccf elementor-widget elementor-widget-heading\" data-id=\"dad4ccf\" data-element_type=\"widget\" data-widget_type=\"heading.default\">\n\t\t\t\t<div class=\"elementor-widget-container\">\n\t\t\t\t\t<h5 class=\"elementor-heading-title elementor-size-default\">Was erwartet Sie?<\/h5>\t\t\t\t<\/div>\n\t\t\t\t<\/div>\n\t\t\t\t<div class=\"elementor-element elementor-element-5ae50b8 elementor-widget elementor-widget-text-editor\" data-id=\"5ae50b8\" data-element_type=\"widget\" data-widget_type=\"text-editor.default\">\n\t\t\t\t<div class=\"elementor-widget-container\">\n\t\t\t\t\t\t\t\t\t<ul class=\"red-bullets\">\n<li>Control-M v21, Roadmap und Neuigkeiten aus dem Bereich<\/li>\n<li>Erfahrungsberichte von und mit Kunden sowie Erfahrungsaustausch<\/li>\n<li>Workflow Insights, MFT v21 und Cloud<\/li>\n<li>sowie weitere Themen<\/li>\n<li><\/li>\n<\/ul>\n\t\t\t\t\t\t\t\t<\/div>\n\t\t\t\t<\/div>\n\t\t\t\t\t<\/div>\n\t\t<\/div>\n\t\t\t\t<div class=\"elementor-column elementor-col-33 elementor-top-column elementor-element elementor-element-0adf681\" data-id=\"0adf681\" data-element_type=\"column\">\n\t\t\t<div class=\"elementor-widget-wrap elementor-element-populated\">\n\t\t\t\t\t\t<div class=\"elementor-element elementor-element-33c395f elementor-widget elementor-widget-image\" data-id=\"33c395f\" data-element_type=\"widget\" data-widget_type=\"image.default\">\n\t\t\t\t<div class=\"elementor-widget-container\">\n\t\t\t\t\t\t\t\t\t\t\t\t\t\t\t<img decoding=\"async\" width=\"300\" height=\"304\" src=\"https:\/\/www.apsware.com\/wp-content\/uploads\/2020\/06\/apsware_kalender_grau.png\" class=\"attachment-large size-large wp-image-16436\" alt=\"apsware webinar - check your calendar\" srcset=\"https:\/\/www.apsware.com\/wp-content\/uploads\/2020\/06\/apsware_kalender_grau.png 300w, https:\/\/www.apsware.com\/wp-content\/uploads\/2020\/06\/apsware_kalender_grau-296x300.png 296w, https:\/\/www.apsware.com\/wp-content\/uploads\/2020\/06\/apsware_kalender_grau-230x233.png 230w\" sizes=\"(max-width: 300px) 100vw, 300px\" \/>\t\t\t\t\t\t\t\t\t\t\t\t\t\t\t<\/div>\n\t\t\t\t<\/div>\n\t\t\t\t\t<\/div>\n\t\t<\/div>\n\t\t\t\t<div class=\"elementor-column elementor-col-33 elementor-top-column elementor-element elementor-element-07b1a9c\" data-id=\"07b1a9c\" data-element_type=\"column\">\n\t\t\t<div class=\"elementor-widget-wrap elementor-element-populated\">\n\t\t\t\t\t\t<div class=\"elementor-element elementor-element-2189d04 elementor-widget elementor-widget-text-editor\" data-id=\"2189d04\" data-element_type=\"widget\" data-widget_type=\"text-editor.default\">\n\t\t\t\t<div class=\"elementor-widget-container\">\n\t\t\t\t\t\t\t\t\t<p><strong>15. Februar 2023 in\u00a0Frankfurt<br \/><\/strong>Orfeo\u2019s Erben,\u00a0Hamburger Allee 45, 60486 Frankfurt<strong>\u00a0<\/strong><\/p>\n\t\t\t\t\t\t\t\t<\/div>\n\t\t\t\t<\/div>\n\t\t\t\t<div class=\"elementor-element elementor-element-84dc3cb elementor-widget elementor-widget-text-editor\" data-id=\"84dc3cb\" data-element_type=\"widget\" data-widget_type=\"text-editor.default\">\n\t\t\t\t<div class=\"elementor-widget-container\">\n\t\t\t\t\t\t\t\t\t<p><strong>Was erwartet Sie genau?<\/strong><\/p>\n<p><a href=\"https:\/\/www.bmc.com\/content\/dam\/bmc\/collateral\/bmc\/agenda-control-m-tag-2023-frankfurt.pdf\" target=\"_blank\" rel=\"noopener\">Frankfurt: Agenda\u00a0<\/a><\/p>\n\t\t\t\t\t\t\t\t<\/div>\n\t\t\t\t<\/div>\n\t\t\t\t\t<\/div>\n\t\t<\/div>\n\t\t\t\t\t<\/div>\n\t\t<\/section>\n\t\t\t\t<section class=\"elementor-section elementor-top-section elementor-element elementor-element-d56a34f elementor-section-stretched elementor-hidden-desktop elementor-hidden-tablet elementor-hidden-mobile elementor-section-boxed elementor-section-height-default elementor-section-height-default\" data-id=\"d56a34f\" data-element_type=\"section\" data-settings=\"{&quot;stretch_section&quot;:&quot;section-stretched&quot;}\">\n\t\t\t\t\t\t<div class=\"elementor-container elementor-column-gap-default\">\n\t\t\t\t\t<div class=\"elementor-column elementor-col-100 elementor-top-column elementor-element elementor-element-ac2f999\" data-id=\"ac2f999\" data-element_type=\"column\">\n\t\t\t<div class=\"elementor-widget-wrap elementor-element-populated\">\n\t\t\t\t\t\t<div class=\"elementor-element elementor-element-1a1c0af elementor-widget elementor-widget-text-editor\" data-id=\"1a1c0af\" data-element_type=\"widget\" data-widget_type=\"text-editor.default\">\n\t\t\t\t<div class=\"elementor-widget-container\">\n\t\t\t\t\t\t\t\t\t<p>Im Anschluss an die Veranstaltung erwartet Sie ein Kinoerlebnis und ein gem\u00fctlicher Tagesabschluss. Let\u2019s go to the Movies!<\/p>\n<p>Die Veranstaltung wird nat\u00fcrlich gem\u00e4\u00df der dann geltenden Corona Richtlinien stattfinden.<\/p>\n<p>Wir freuen uns auf Sie!<\/p>\n\t\t\t\t\t\t\t\t<\/div>\n\t\t\t\t<\/div>\n\t\t\t\t<div class=\"elementor-element elementor-element-33e06bd elementor-align-center elementor-widget elementor-widget-button\" data-id=\"33e06bd\" data-element_type=\"widget\" data-widget_type=\"button.default\">\n\t\t\t\t<div class=\"elementor-widget-container\">\n\t\t\t\t\t\t\t\t\t<div class=\"elementor-button-wrapper\">\n\t\t\t\t\t<a class=\"elementor-button elementor-button-link elementor-size-sm\" href=\"https:\/\/www.bmcsoftware.de\/forms\/control-m-tage-events-germany-sep2022-feb2023.html?cid=pt-Control_M_Tage_Germany_partner_apsware-AS-02-f-07052022&#038;cc=pt&#038;elqcid=19426&#038;sfcid=7013n000001u4Yj\" target=\"_blank\">\n\t\t\t\t\t\t<span class=\"elementor-button-content-wrapper\">\n\t\t\t\t\t\t\t\t\t<span class=\"elementor-button-text\">Jetzt f\u00fcr die BMC Control-M Tage<br>registrieren<\/span>\n\t\t\t\t\t<\/span>\n\t\t\t\t\t<\/a>\n\t\t\t\t<\/div>\n\t\t\t\t\t\t\t\t<\/div>\n\t\t\t\t<\/div>\n\t\t\t\t<div class=\"elementor-element elementor-element-4144224 elementor-align-center elementor-widget elementor-widget-button\" data-id=\"4144224\" data-element_type=\"widget\" data-widget_type=\"button.default\">\n\t\t\t\t<div class=\"elementor-widget-container\">\n\t\t\t\t\t\t\t\t\t<div class=\"elementor-button-wrapper\">\n\t\t\t\t\t<a class=\"elementor-button elementor-button-link elementor-size-sm\" href=\"https:\/\/www.apsware.com\/de\/veranstaltungen\/\">\n\t\t\t\t\t\t<span class=\"elementor-button-content-wrapper\">\n\t\t\t\t\t\t\t\t\t<span class=\"elementor-button-text\">zur\u00fcck zur Event-\u00dcbersicht<\/span>\n\t\t\t\t\t<\/span>\n\t\t\t\t\t<\/a>\n\t\t\t\t<\/div>\n\t\t\t\t\t\t\t\t<\/div>\n\t\t\t\t<\/div>\n\t\t\t\t\t<\/div>\n\t\t<\/div>\n\t\t\t\t\t<\/div>\n\t\t<\/section>\n\t\t\t\t<section class=\"elementor-section elementor-top-section elementor-element elementor-element-cc249b1 elementor-section-stretched elementor-section-boxed elementor-section-height-default elementor-section-height-default\" data-id=\"cc249b1\" data-element_type=\"section\" data-settings=\"{&quot;stretch_section&quot;:&quot;section-stretched&quot;}\">\n\t\t\t\t\t\t<div class=\"elementor-container elementor-column-gap-default\">\n\t\t\t\t\t<div class=\"elementor-column elementor-col-100 elementor-top-column elementor-element elementor-element-39bdd00\" data-id=\"39bdd00\" data-element_type=\"column\">\n\t\t\t<div class=\"elementor-widget-wrap elementor-element-populated\">\n\t\t\t\t\t\t<div class=\"elementor-element elementor-element-5c5cb96 elementor-widget elementor-widget-heading\" data-id=\"5c5cb96\" data-element_type=\"widget\" data-widget_type=\"heading.default\">\n\t\t\t\t<div class=\"elementor-widget-container\">\n\t\t\t\t\t<h2 class=\"elementor-heading-title elementor-size-default\">BMC Control-M Tage 2022 \/ 2023<\/h2>\t\t\t\t<\/div>\n\t\t\t\t<\/div>\n\t\t\t\t<div class=\"elementor-element elementor-element-687c84b elementor-widget elementor-widget-text-editor\" data-id=\"687c84b\" data-element_type=\"widget\" data-widget_type=\"text-editor.default\">\n\t\t\t\t<div class=\"elementor-widget-container\">\n\t\t\t\t\t\t\t\t\t<p>Die BMC Control-M Tage in Deutschland f\u00fcr 2022\/2023 sind leider bereits vorbei. Die n\u00e4chsten apsware Events finden Sie unter dem nachfolgenden Link.\u00a0<br \/>Vielleicht sehen wir uns dort?<\/p>\n\t\t\t\t\t\t\t\t<\/div>\n\t\t\t\t<\/div>\n\t\t\t\t<div class=\"elementor-element elementor-element-57004e5 elementor-align-center elementor-widget elementor-widget-button\" data-id=\"57004e5\" data-element_type=\"widget\" data-widget_type=\"button.default\">\n\t\t\t\t<div class=\"elementor-widget-container\">\n\t\t\t\t\t\t\t\t\t<div class=\"elementor-button-wrapper\">\n\t\t\t\t\t<a class=\"elementor-button elementor-button-link elementor-size-sm\" href=\"https:\/\/www.apsware.com\/de\/veranstaltungen\/\">\n\t\t\t\t\t\t<span class=\"elementor-button-content-wrapper\">\n\t\t\t\t\t\t\t\t\t<span class=\"elementor-button-text\">apsware Events<\/span>\n\t\t\t\t\t<\/span>\n\t\t\t\t\t<\/a>\n\t\t\t\t<\/div>\n\t\t\t\t\t\t\t\t<\/div>\n\t\t\t\t<\/div>\n\t\t\t\t\t<\/div>\n\t\t<\/div>\n\t\t\t\t\t<\/div>\n\t\t<\/section>\n\t\t\t\t<\/div>\n\t\t","protected":false},"excerpt":{"rendered":"<p>Registrieren Sie sich f\u00fcr den BMC Control-M Tag in Frankfurt Was erwartet Sie? Control-M v21, Roadmap und Neuigkeiten aus dem Bereich Erfahrungsberichte von und mit Kunden sowie Erfahrungsaustausch Workflow Insights, MFT v21 und Cloud sowie weitere Themen 15. Februar 2023 in\u00a0FrankfurtOrfeo\u2019s Erben,\u00a0Hamburger Allee 45, 60486 Frankfurt\u00a0 Was erwartet Sie genau? Frankfurt: Agenda\u00a0 Im Anschluss an [&hellip;]<\/p>\n","protected":false},"author":2,"featured_media":0,"parent":17486,"menu_order":0,"comment_status":"closed","ping_status":"closed","template":"","meta":{"footnotes":""},"class_list":["post-24081","page","type-page","status-publish","hentry"],"yoast_head":"<!-- This site is optimized with the Yoast SEO plugin v25.6 - https:\/\/yoast.com\/wordpress\/plugins\/seo\/ -->\n<title>BMC Control-M Tage - apsware<\/title>\n<meta name=\"robots\" content=\"noindex, nofollow\" \/>\n<meta property=\"og:locale\" content=\"de_DE\" \/>\n<meta property=\"og:type\" content=\"article\" \/>\n<meta property=\"og:title\" content=\"BMC Control-M Tage - apsware\" \/>\n<meta property=\"og:description\" content=\"Registrieren Sie sich f\u00fcr den BMC Control-M Tag in Frankfurt Was erwartet Sie? Control-M v21, Roadmap und Neuigkeiten aus dem Bereich Erfahrungsberichte von und mit Kunden sowie Erfahrungsaustausch Workflow Insights, MFT v21 und Cloud sowie weitere Themen 15. Februar 2023 in\u00a0FrankfurtOrfeo\u2019s Erben,\u00a0Hamburger Allee 45, 60486 Frankfurt\u00a0 Was erwartet Sie genau? Frankfurt: Agenda\u00a0 Im Anschluss an [&hellip;]\" \/>\n<meta property=\"og:url\" content=\"https:\/\/www.apsware.com\/de\/veranstaltungen\/bmc-control-m-tage\/\" \/>\n<meta property=\"og:site_name\" content=\"apsware\" \/>\n<meta property=\"article:modified_time\" content=\"2024-02-26T13:04:25+00:00\" \/>\n<meta property=\"og:image\" content=\"https:\/\/www.apsware.com\/wp-content\/uploads\/2020\/06\/bmc-control-m.png\" \/>\n<meta name=\"twitter:card\" content=\"summary_large_image\" \/>\n<meta name=\"twitter:label1\" content=\"Gesch\u00e4tzte Lesezeit\" \/>\n\t<meta name=\"twitter:data1\" content=\"1\u00a0Minute\" \/>\n<script type=\"application\/ld+json\" class=\"yoast-schema-graph\">{\"@context\":\"https:\/\/schema.org\",\"@graph\":[{\"@type\":\"WebPage\",\"@id\":\"https:\/\/www.apsware.com\/de\/veranstaltungen\/bmc-control-m-tage\/\",\"url\":\"https:\/\/www.apsware.com\/de\/veranstaltungen\/bmc-control-m-tage\/\",\"name\":\"BMC Control-M Tage - apsware\",\"isPartOf\":{\"@id\":\"https:\/\/www.apsware.com\/de\/#website\"},\"primaryImageOfPage\":{\"@id\":\"https:\/\/www.apsware.com\/de\/veranstaltungen\/bmc-control-m-tage\/#primaryimage\"},\"image\":{\"@id\":\"https:\/\/www.apsware.com\/de\/veranstaltungen\/bmc-control-m-tage\/#primaryimage\"},\"thumbnailUrl\":\"https:\/\/www.apsware.com\/wp-content\/uploads\/2020\/06\/bmc-control-m.png\",\"datePublished\":\"2022-07-21T13:10:38+00:00\",\"dateModified\":\"2024-02-26T13:04:25+00:00\",\"breadcrumb\":{\"@id\":\"https:\/\/www.apsware.com\/de\/veranstaltungen\/bmc-control-m-tage\/#breadcrumb\"},\"inLanguage\":\"de\",\"potentialAction\":[{\"@type\":\"ReadAction\",\"target\":[\"https:\/\/www.apsware.com\/de\/veranstaltungen\/bmc-control-m-tage\/\"]}]},{\"@type\":\"ImageObject\",\"inLanguage\":\"de\",\"@id\":\"https:\/\/www.apsware.com\/de\/veranstaltungen\/bmc-control-m-tage\/#primaryimage\",\"url\":\"https:\/\/www.apsware.com\/wp-content\/uploads\/2020\/06\/bmc-control-m.png\",\"contentUrl\":\"https:\/\/www.apsware.com\/wp-content\/uploads\/2020\/06\/bmc-control-m.png\"},{\"@type\":\"BreadcrumbList\",\"@id\":\"https:\/\/www.apsware.com\/de\/veranstaltungen\/bmc-control-m-tage\/#breadcrumb\",\"itemListElement\":[{\"@type\":\"ListItem\",\"position\":1,\"name\":\"Home\",\"item\":\"https:\/\/www.apsware.com\/de\/\"},{\"@type\":\"ListItem\",\"position\":2,\"name\":\"apsware Events 2025\",\"item\":\"https:\/\/www.apsware.com\/de\/veranstaltungen\/\"},{\"@type\":\"ListItem\",\"position\":3,\"name\":\"BMC Control-M Tage\"}]},{\"@type\":\"WebSite\",\"@id\":\"https:\/\/www.apsware.com\/de\/#website\",\"url\":\"https:\/\/www.apsware.com\/de\/\",\"name\":\"apsware\",\"description\":\"Digital Business Automation\",\"publisher\":{\"@id\":\"https:\/\/www.apsware.com\/de\/#organization\"},\"potentialAction\":[{\"@type\":\"SearchAction\",\"target\":{\"@type\":\"EntryPoint\",\"urlTemplate\":\"https:\/\/www.apsware.com\/de\/?s={search_term_string}\"},\"query-input\":{\"@type\":\"PropertyValueSpecification\",\"valueRequired\":true,\"valueName\":\"search_term_string\"}}],\"inLanguage\":\"de\"},{\"@type\":\"Organization\",\"@id\":\"https:\/\/www.apsware.com\/de\/#organization\",\"name\":\"apsware\",\"url\":\"https:\/\/www.apsware.com\/de\/\",\"logo\":{\"@type\":\"ImageObject\",\"inLanguage\":\"de\",\"@id\":\"https:\/\/www.apsware.com\/de\/#\/schema\/logo\/image\/\",\"url\":\"https:\/\/www.apsware.com\/wp-content\/uploads\/2019\/04\/apsware_logo_rgb-2-1.png\",\"contentUrl\":\"https:\/\/www.apsware.com\/wp-content\/uploads\/2019\/04\/apsware_logo_rgb-2-1.png\",\"width\":200,\"height\":46,\"caption\":\"apsware\"},\"image\":{\"@id\":\"https:\/\/www.apsware.com\/de\/#\/schema\/logo\/image\/\"}}]}<\/script>\n<!-- \/ Yoast SEO plugin. -->","yoast_head_json":{"title":"BMC Control-M Tage - apsware","robots":{"index":"noindex","follow":"nofollow"},"og_locale":"de_DE","og_type":"article","og_title":"BMC Control-M Tage - apsware","og_description":"Registrieren Sie sich f\u00fcr den BMC Control-M Tag in Frankfurt Was erwartet Sie? Control-M v21, Roadmap und Neuigkeiten aus dem Bereich Erfahrungsberichte von und mit Kunden sowie Erfahrungsaustausch Workflow Insights, MFT v21 und Cloud sowie weitere Themen 15. Februar 2023 in\u00a0FrankfurtOrfeo\u2019s Erben,\u00a0Hamburger Allee 45, 60486 Frankfurt\u00a0 Was erwartet Sie genau? Frankfurt: Agenda\u00a0 Im Anschluss an [&hellip;]","og_url":"https:\/\/www.apsware.com\/de\/veranstaltungen\/bmc-control-m-tage\/","og_site_name":"apsware","article_modified_time":"2024-02-26T13:04:25+00:00","og_image":[{"url":"https:\/\/www.apsware.com\/wp-content\/uploads\/2020\/06\/bmc-control-m.png","type":"","width":"","height":""}],"twitter_card":"summary_large_image","twitter_misc":{"Gesch\u00e4tzte Lesezeit":"1\u00a0Minute"},"schema":{"@context":"https:\/\/schema.org","@graph":[{"@type":"WebPage","@id":"https:\/\/www.apsware.com\/de\/veranstaltungen\/bmc-control-m-tage\/","url":"https:\/\/www.apsware.com\/de\/veranstaltungen\/bmc-control-m-tage\/","name":"BMC Control-M Tage - apsware","isPartOf":{"@id":"https:\/\/www.apsware.com\/de\/#website"},"primaryImageOfPage":{"@id":"https:\/\/www.apsware.com\/de\/veranstaltungen\/bmc-control-m-tage\/#primaryimage"},"image":{"@id":"https:\/\/www.apsware.com\/de\/veranstaltungen\/bmc-control-m-tage\/#primaryimage"},"thumbnailUrl":"https:\/\/www.apsware.com\/wp-content\/uploads\/2020\/06\/bmc-control-m.png","datePublished":"2022-07-21T13:10:38+00:00","dateModified":"2024-02-26T13:04:25+00:00","breadcrumb":{"@id":"https:\/\/www.apsware.com\/de\/veranstaltungen\/bmc-control-m-tage\/#breadcrumb"},"inLanguage":"de","potentialAction":[{"@type":"ReadAction","target":["https:\/\/www.apsware.com\/de\/veranstaltungen\/bmc-control-m-tage\/"]}]},{"@type":"ImageObject","inLanguage":"de","@id":"https:\/\/www.apsware.com\/de\/veranstaltungen\/bmc-control-m-tage\/#primaryimage","url":"https:\/\/www.apsware.com\/wp-content\/uploads\/2020\/06\/bmc-control-m.png","contentUrl":"https:\/\/www.apsware.com\/wp-content\/uploads\/2020\/06\/bmc-control-m.png"},{"@type":"BreadcrumbList","@id":"https:\/\/www.apsware.com\/de\/veranstaltungen\/bmc-control-m-tage\/#breadcrumb","itemListElement":[{"@type":"ListItem","position":1,"name":"Home","item":"https:\/\/www.apsware.com\/de\/"},{"@type":"ListItem","position":2,"name":"apsware Events 2025","item":"https:\/\/www.apsware.com\/de\/veranstaltungen\/"},{"@type":"ListItem","position":3,"name":"BMC Control-M Tage"}]},{"@type":"WebSite","@id":"https:\/\/www.apsware.com\/de\/#website","url":"https:\/\/www.apsware.com\/de\/","name":"apsware","description":"Digital Business Automation","publisher":{"@id":"https:\/\/www.apsware.com\/de\/#organization"},"potentialAction":[{"@type":"SearchAction","target":{"@type":"EntryPoint","urlTemplate":"https:\/\/www.apsware.com\/de\/?s={search_term_string}"},"query-input":{"@type":"PropertyValueSpecification","valueRequired":true,"valueName":"search_term_string"}}],"inLanguage":"de"},{"@type":"Organization","@id":"https:\/\/www.apsware.com\/de\/#organization","name":"apsware","url":"https:\/\/www.apsware.com\/de\/","logo":{"@type":"ImageObject","inLanguage":"de","@id":"https:\/\/www.apsware.com\/de\/#\/schema\/logo\/image\/","url":"https:\/\/www.apsware.com\/wp-content\/uploads\/2019\/04\/apsware_logo_rgb-2-1.png","contentUrl":"https:\/\/www.apsware.com\/wp-content\/uploads\/2019\/04\/apsware_logo_rgb-2-1.png","width":200,"height":46,"caption":"apsware"},"image":{"@id":"https:\/\/www.apsware.com\/de\/#\/schema\/logo\/image\/"}}]}},"_links":{"self":[{"href":"https:\/\/www.apsware.com\/de\/wp-json\/wp\/v2\/pages\/24081","targetHints":{"allow":["GET"]}}],"collection":[{"href":"https:\/\/www.apsware.com\/de\/wp-json\/wp\/v2\/pages"}],"about":[{"href":"https:\/\/www.apsware.com\/de\/wp-json\/wp\/v2\/types\/page"}],"author":[{"embeddable":true,"href":"https:\/\/www.apsware.com\/de\/wp-json\/wp\/v2\/users\/2"}],"replies":[{"embeddable":true,"href":"https:\/\/www.apsware.com\/de\/wp-json\/wp\/v2\/comments?post=24081"}],"version-history":[{"count":30,"href":"https:\/\/www.apsware.com\/de\/wp-json\/wp\/v2\/pages\/24081\/revisions"}],"predecessor-version":[{"id":32082,"href":"https:\/\/www.apsware.com\/de\/wp-json\/wp\/v2\/pages\/24081\/revisions\/32082"}],"up":[{"embeddable":true,"href":"https:\/\/www.apsware.com\/de\/wp-json\/wp\/v2\/pages\/17486"}],"wp:attachment":[{"href":"https:\/\/www.apsware.com\/de\/wp-json\/wp\/v2\/media?parent=24081"}],"curies":[{"name":"wp","href":"https:\/\/api.w.org\/{rel}","templated":true}]}}