{"id":23262,"date":"2022-06-14T08:27:55","date_gmt":"2022-06-14T08:27:55","guid":{"rendered":"https:\/\/www.apsware.com\/control-m-digital-business-automation-im-ueberblick\/control-m-praesentation\/"},"modified":"2023-11-17T09:58:45","modified_gmt":"2023-11-17T09:58:45","slug":"control-m-praesentation","status":"publish","type":"page","link":"https:\/\/www.apsware.com\/de\/apsware-loesungen-fuer-bmc-control-m\/control-m-digital-business-automation-im-ueberblick\/control-m-praesentation\/","title":{"rendered":"Control-M Pr\u00e4sentation"},"content":{"rendered":"\t\t<div data-elementor-type=\"wp-page\" data-elementor-id=\"23262\" class=\"elementor elementor-23262 elementor-16697\" data-elementor-post-type=\"page\">\n\t\t\t\t\t\t<section class=\"elementor-section elementor-top-section elementor-element elementor-element-4d91e63 elementor-section-stretched elementor-section-boxed elementor-section-height-default elementor-section-height-default\" data-id=\"4d91e63\" data-element_type=\"section\" data-settings=\"{&quot;stretch_section&quot;:&quot;section-stretched&quot;}\">\n\t\t\t\t\t\t<div class=\"elementor-container elementor-column-gap-default\">\n\t\t\t\t\t<div class=\"elementor-column elementor-col-100 elementor-top-column elementor-element elementor-element-291e94a\" data-id=\"291e94a\" data-element_type=\"column\">\n\t\t\t<div class=\"elementor-widget-wrap elementor-element-populated\">\n\t\t\t\t\t\t<div class=\"elementor-element elementor-element-f20c25c elementor-widget elementor-widget-heading\" data-id=\"f20c25c\" data-element_type=\"widget\" data-widget_type=\"heading.default\">\n\t\t\t\t<div class=\"elementor-widget-container\">\n\t\t\t\t\t<h2 class=\"elementor-heading-title elementor-size-default\">Fragen Sie eine individuelle Control-M Pr\u00e4sentation an<\/h2>\t\t\t\t<\/div>\n\t\t\t\t<\/div>\n\t\t\t\t\t<\/div>\n\t\t<\/div>\n\t\t\t\t\t<\/div>\n\t\t<\/section>\n\t\t\t\t<section class=\"elementor-section elementor-top-section elementor-element elementor-element-5544d5b elementor-section-stretched elementor-section-boxed elementor-section-height-default elementor-section-height-default\" data-id=\"5544d5b\" data-element_type=\"section\" data-settings=\"{&quot;stretch_section&quot;:&quot;section-stretched&quot;,&quot;background_background&quot;:&quot;classic&quot;}\">\n\t\t\t\t\t\t<div class=\"elementor-container elementor-column-gap-default\">\n\t\t\t\t\t<div class=\"elementor-column elementor-col-50 elementor-top-column elementor-element elementor-element-7884788\" data-id=\"7884788\" data-element_type=\"column\">\n\t\t\t<div class=\"elementor-widget-wrap elementor-element-populated\">\n\t\t\t\t\t\t<div class=\"elementor-element elementor-element-cd1029e elementor-widget elementor-widget-text-editor\" data-id=\"cd1029e\" data-element_type=\"widget\" data-widget_type=\"text-editor.default\">\n\t\t\t\t<div class=\"elementor-widget-container\">\n\t\t\t\t\t\t\t\t\t\n<div class=\"wpcf7 no-js\" id=\"wpcf7-f16683-o1\" lang=\"en-US\" dir=\"ltr\" data-wpcf7-id=\"16683\">\n<div class=\"screen-reader-response\"><p role=\"status\" aria-live=\"polite\" aria-atomic=\"true\"><\/p> <ul><\/ul><\/div>\n<form action=\"\/de\/wp-json\/wp\/v2\/pages\/23262#wpcf7-f16683-o1\" method=\"post\" class=\"wpcf7-form init\" aria-label=\"Contact form\" novalidate=\"novalidate\" data-status=\"init\">\n<fieldset class=\"hidden-fields-container\"><input type=\"hidden\" name=\"_wpcf7\" value=\"16683\" \/><input type=\"hidden\" name=\"_wpcf7_version\" value=\"6.1\" \/><input type=\"hidden\" name=\"_wpcf7_locale\" value=\"en_US\" \/><input type=\"hidden\" name=\"_wpcf7_unit_tag\" value=\"wpcf7-f16683-o1\" \/><input type=\"hidden\" name=\"_wpcf7_container_post\" value=\"0\" \/><input type=\"hidden\" name=\"_wpcf7_posted_data_hash\" value=\"\" \/>\n<\/fieldset>\n<p><label> Company (required)<br \/>\n<span class=\"wpcf7-form-control-wrap\" data-name=\"company\"><input size=\"40\" maxlength=\"400\" class=\"wpcf7-form-control wpcf7-text wpcf7-validates-as-required required\" aria-required=\"true\" aria-invalid=\"false\" value=\"\" type=\"text\" name=\"company\" \/><\/span> <\/label><br \/>\n<label> First Name + Last Name (required)<br \/>\n<span class=\"wpcf7-form-control-wrap\" data-name=\"your-name\"><input size=\"40\" maxlength=\"400\" class=\"wpcf7-form-control wpcf7-text wpcf7-validates-as-required required\" aria-required=\"true\" aria-invalid=\"false\" value=\"\" type=\"text\" name=\"your-name\" \/><\/span><\/label><br \/>\n<label> Country (required)<br \/>\n<span class=\"wpcf7-form-control-wrap\" data-name=\"country\"><input size=\"40\" maxlength=\"400\" class=\"wpcf7-form-control wpcf7-text wpcf7-validates-as-required\" aria-required=\"true\" aria-invalid=\"false\" value=\"\" type=\"text\" name=\"country\" \/><\/span><\/] <\/label><br \/>\n<label>Your email (required)<br \/>\n<span class=\"wpcf7-form-control-wrap\" data-name=\"email\"><input size=\"40\" maxlength=\"400\" class=\"wpcf7-form-control wpcf7-email wpcf7-validates-as-required wpcf7-text wpcf7-validates-as-email required\" aria-required=\"true\" aria-invalid=\"false\" value=\"\" type=\"email\" name=\"email\" \/><\/span><\/label><br \/>\n<label>Phone<br \/>\n<span class=\"wpcf7-form-control-wrap\" data-name=\"phone\"><input size=\"40\" maxlength=\"400\" class=\"wpcf7-form-control wpcf7-text borderinput\" aria-invalid=\"false\" value=\"\" type=\"text\" name=\"phone\" \/><\/span><\/label><br \/>\n<label> Suggested date\/time (required)<br \/>\n<span class=\"wpcf7-form-control-wrap\" data-name=\"datetime\"><input size=\"40\" maxlength=\"400\" class=\"wpcf7-form-control wpcf7-text wpcf7-validates-as-required borderinput\" aria-required=\"true\" aria-invalid=\"false\" value=\"\" type=\"text\" name=\"datetime\" \/><\/span> <\/label>\n<\/p>\n<p><label> Comment \/ Question \/ Remark<br \/>\n<span class=\"wpcf7-form-control-wrap\" data-name=\"area\"><input size=\"40\" maxlength=\"400\" class=\"wpcf7-form-control wpcf7-text\" aria-invalid=\"false\" value=\"\" type=\"text\" name=\"area\" \/><\/span><\/label>\n<\/p>\n<p><span class=\"wpcf7-form-control-wrap\" data-name=\"your-consent\"><span class=\"wpcf7-form-control wpcf7-acceptance\"><span class=\"wpcf7-list-item\"><label><input type=\"checkbox\" name=\"your-consent\" value=\"1\" aria-invalid=\"false\" \/><span class=\"wpcf7-list-item-label\">Your confidentiality is assured. Please read and accept our <a target=\"_blank\" rel=\"noopener noreferrer\" href=\"https:\/\/www.apsware.com\/privacy-statement\/\">Privacy Policy<\/a><\/span><\/label><\/span><\/span><\/span>\n<\/p>\n<p><span id=\"wpcf7-69dceb053fada-wrapper\" class=\"wpcf7-form-control-wrap e-mail-wrap\" style=\"display:none !important; visibility:hidden !important;\"><input type=\"hidden\" name=\"e-mail-time-start\" value=\"1776085765\"><input type=\"hidden\" name=\"e-mail-time-check\" value=\"4\"><label for=\"wpcf7-69dceb053fada-field\" class=\"hp-message\">Please leave this field empty.<\/label><input id=\"wpcf7-69dceb053fada-field\"  class=\"wpcf7-form-control wpcf7-text\" type=\"text\" name=\"e-mail\" value=\"\" size=\"40\" tabindex=\"-1\" autocomplete=\"new-password\" \/><\/span><br \/>\n<span id=\"wpcf7-69dceb053fb4f-wrapper\" class=\"wpcf7-form-control-wrap identification-number-wrap\" style=\"display:none !important; visibility:hidden !important;\"><input type=\"hidden\" name=\"identification-number-time-start\" value=\"1776085765\"><input type=\"hidden\" name=\"identification-number-time-check\" value=\"4\"><label for=\"wpcf7-69dceb053fb4f-field\" class=\"hp-message\">Please leave this field empty.<\/label><input id=\"wpcf7-69dceb053fb4f-field\"  class=\"wpcf7-form-control wpcf7-text\" type=\"text\" name=\"identification-number\" value=\"\" size=\"40\" tabindex=\"-1\" autocomplete=\"new-password\" \/><\/span>\n<\/p>\n<div style=\"margin-top: 20px; margin-bottom:10px\">\n\t<p><input class=\"wpcf7-form-control wpcf7-submit has-spinner\" type=\"submit\" value=\"Send\" \/>\n\t<\/p>\n<\/div><div class=\"wpcf7-response-output\" aria-hidden=\"true\"><\/div>\n<\/form>\n<\/div>\n\t\t\t\t\t\t\t\t<\/div>\n\t\t\t\t<\/div>\n\t\t\t\t\t<\/div>\n\t\t<\/div>\n\t\t\t\t<div class=\"elementor-column elementor-col-50 elementor-top-column elementor-element elementor-element-fd8dc2e\" data-id=\"fd8dc2e\" data-element_type=\"column\">\n\t\t\t<div class=\"elementor-widget-wrap elementor-element-populated\">\n\t\t\t\t\t\t<div class=\"elementor-element elementor-element-41ece56 elementor-widget elementor-widget-image\" data-id=\"41ece56\" data-element_type=\"widget\" data-widget_type=\"image.default\">\n\t\t\t\t<div class=\"elementor-widget-container\">\n\t\t\t\t\t\t\t\t\t\t\t\t\t\t\t<img fetchpriority=\"high\" decoding=\"async\" width=\"800\" height=\"481\" src=\"https:\/\/www.apsware.com\/wp-content\/uploads\/2020\/06\/Control-M_Automation_User_Interface_for_Experts.png\" class=\"attachment-large size-large wp-image-16647\" alt=\"Control-M Automation User Interface\" srcset=\"https:\/\/www.apsware.com\/wp-content\/uploads\/2020\/06\/Control-M_Automation_User_Interface_for_Experts.png 800w, https:\/\/www.apsware.com\/wp-content\/uploads\/2020\/06\/Control-M_Automation_User_Interface_for_Experts-300x180.png 300w, https:\/\/www.apsware.com\/wp-content\/uploads\/2020\/06\/Control-M_Automation_User_Interface_for_Experts-768x462.png 768w, https:\/\/www.apsware.com\/wp-content\/uploads\/2020\/06\/Control-M_Automation_User_Interface_for_Experts-230x138.png 230w, https:\/\/www.apsware.com\/wp-content\/uploads\/2020\/06\/Control-M_Automation_User_Interface_for_Experts-350x210.png 350w, https:\/\/www.apsware.com\/wp-content\/uploads\/2020\/06\/Control-M_Automation_User_Interface_for_Experts-480x289.png 480w\" sizes=\"(max-width: 800px) 100vw, 800px\" \/>\t\t\t\t\t\t\t\t\t\t\t\t\t\t\t<\/div>\n\t\t\t\t<\/div>\n\t\t\t\t<div class=\"elementor-element elementor-element-1260902 elementor-widget elementor-widget-heading\" data-id=\"1260902\" data-element_type=\"widget\" data-widget_type=\"heading.default\">\n\t\t\t\t<div class=\"elementor-widget-container\">\n\t\t\t\t\t<h2 class=\"elementor-heading-title elementor-size-default\">Control-M<\/h2>\t\t\t\t<\/div>\n\t\t\t\t<\/div>\n\t\t\t\t<div class=\"elementor-element elementor-element-ced344a elementor-widget elementor-widget-heading\" data-id=\"ced344a\" data-element_type=\"widget\" data-widget_type=\"heading.default\">\n\t\t\t\t<div class=\"elementor-widget-container\">\n\t\t\t\t\t<h4 class=\"elementor-heading-title elementor-size-default\">Digital Business Automation\u200b<\/h4>\t\t\t\t<\/div>\n\t\t\t\t<\/div>\n\t\t\t\t<div class=\"elementor-element elementor-element-74f3387 elementor-widget elementor-widget-text-editor\" data-id=\"74f3387\" data-element_type=\"widget\" data-widget_type=\"text-editor.default\">\n\t\t\t\t<div class=\"elementor-widget-container\">\n\t\t\t\t\t\t\t\t\tControl-M gibt Ihnen die Freiheit, plattform\u00fcbergreifende IT- und Gesch\u00e4ftsprozesse zu integrieren und zu automatisieren, von Mainframe- bis hin zu Multi-Cloud-Umgebungen.\r\n\r\nFordern Sie eine individuelle Control-M-Pr\u00e4sentation an und erfahren Sie, wie Control-M funktioniert.\t\t\t\t\t\t\t\t<\/div>\n\t\t\t\t<\/div>\n\t\t\t\t<div class=\"elementor-element elementor-element-fc1990b elementor-align-center elementor-widget elementor-widget-button\" data-id=\"fc1990b\" data-element_type=\"widget\" data-widget_type=\"button.default\">\n\t\t\t\t<div class=\"elementor-widget-container\">\n\t\t\t\t\t\t\t\t\t<div class=\"elementor-button-wrapper\">\n\t\t\t\t\t<a class=\"elementor-button elementor-button-link elementor-size-sm\" href=\"https:\/\/www.apsware.com\/de\/apsware-loesungen-fuer-bmc-control-m\/control-m-digital-business-automation-im-ueberblick\/\">\n\t\t\t\t\t\t<span class=\"elementor-button-content-wrapper\">\n\t\t\t\t\t\t\t\t\t<span class=\"elementor-button-text\">Zur\u00fcck zur Control-M \u00dcbersicht<\/span>\n\t\t\t\t\t<\/span>\n\t\t\t\t\t<\/a>\n\t\t\t\t<\/div>\n\t\t\t\t\t\t\t\t<\/div>\n\t\t\t\t<\/div>\n\t\t\t\t\t<\/div>\n\t\t<\/div>\n\t\t\t\t\t<\/div>\n\t\t<\/section>\n\t\t\t\t<\/div>\n\t\t","protected":false},"excerpt":{"rendered":"<p>Fragen Sie eine individuelle Control-M Pr\u00e4sentation an Control-M Digital Business Automation\u200b Control-M gibt Ihnen die Freiheit, plattform\u00fcbergreifende IT- und Gesch\u00e4ftsprozesse zu integrieren und zu automatisieren, von Mainframe- bis hin zu Multi-Cloud-Umgebungen. Fordern Sie eine individuelle Control-M-Pr\u00e4sentation an und erfahren Sie, wie Control-M funktioniert. Zur\u00fcck zur Control-M \u00dcbersicht<\/p>\n","protected":false},"author":2,"featured_media":0,"parent":17804,"menu_order":0,"comment_status":"closed","ping_status":"closed","template":"","meta":{"footnotes":""},"class_list":["post-23262","page","type-page","status-publish","hentry"],"yoast_head":"<!-- This site is optimized with the Yoast SEO plugin v25.6 - https:\/\/yoast.com\/wordpress\/plugins\/seo\/ -->\n<title>Control-M - Fordern Sie eine individuelle Control-M-Pr\u00e4sentation an<\/title>\n<meta name=\"description\" content=\"Fragen Sie eine individuelle Control-M Pr\u00e4sentation an und lernen Sie, wie Control-M in Kombination mit apsware Produkten kombiniert werden kann.\" \/>\n<meta name=\"robots\" content=\"index, follow, max-snippet:-1, max-image-preview:large, max-video-preview:-1\" \/>\n<link rel=\"canonical\" href=\"https:\/\/www.apsware.com\/de\/apsware-loesungen-fuer-bmc-control-m\/control-m-digital-business-automation-im-ueberblick\/control-m-praesentation\/\" \/>\n<meta property=\"og:locale\" content=\"de_DE\" \/>\n<meta property=\"og:type\" content=\"article\" \/>\n<meta property=\"og:title\" content=\"Control-M - Fordern Sie eine individuelle Control-M-Pr\u00e4sentation an\" \/>\n<meta property=\"og:description\" content=\"Fragen Sie eine individuelle Control-M Pr\u00e4sentation an und lernen Sie, wie Control-M in Kombination mit apsware Produkten kombiniert werden kann.\" \/>\n<meta property=\"og:url\" content=\"https:\/\/www.apsware.com\/de\/apsware-loesungen-fuer-bmc-control-m\/control-m-digital-business-automation-im-ueberblick\/control-m-praesentation\/\" \/>\n<meta property=\"og:site_name\" content=\"apsware\" \/>\n<meta property=\"article:modified_time\" content=\"2023-11-17T09:58:45+00:00\" \/>\n<meta property=\"og:image\" content=\"https:\/\/www.apsware.com\/wp-content\/uploads\/2020\/06\/Control-M_Automation_User_Interface_for_Experts.png\" \/>\n<meta name=\"twitter:card\" content=\"summary_large_image\" \/>\n<meta name=\"twitter:label1\" content=\"Gesch\u00e4tzte Lesezeit\" \/>\n\t<meta name=\"twitter:data1\" content=\"1\u00a0Minute\" \/>\n<script type=\"application\/ld+json\" class=\"yoast-schema-graph\">{\"@context\":\"https:\/\/schema.org\",\"@graph\":[{\"@type\":\"WebPage\",\"@id\":\"https:\/\/www.apsware.com\/de\/apsware-loesungen-fuer-bmc-control-m\/control-m-digital-business-automation-im-ueberblick\/control-m-praesentation\/\",\"url\":\"https:\/\/www.apsware.com\/de\/apsware-loesungen-fuer-bmc-control-m\/control-m-digital-business-automation-im-ueberblick\/control-m-praesentation\/\",\"name\":\"Control-M - Fordern Sie eine individuelle Control-M-Pr\u00e4sentation an\",\"isPartOf\":{\"@id\":\"https:\/\/www.apsware.com\/de\/#website\"},\"primaryImageOfPage\":{\"@id\":\"https:\/\/www.apsware.com\/de\/apsware-loesungen-fuer-bmc-control-m\/control-m-digital-business-automation-im-ueberblick\/control-m-praesentation\/#primaryimage\"},\"image\":{\"@id\":\"https:\/\/www.apsware.com\/de\/apsware-loesungen-fuer-bmc-control-m\/control-m-digital-business-automation-im-ueberblick\/control-m-praesentation\/#primaryimage\"},\"thumbnailUrl\":\"https:\/\/www.apsware.com\/wp-content\/uploads\/2020\/06\/Control-M_Automation_User_Interface_for_Experts.png\",\"datePublished\":\"2022-06-14T08:27:55+00:00\",\"dateModified\":\"2023-11-17T09:58:45+00:00\",\"description\":\"Fragen Sie eine individuelle Control-M Pr\u00e4sentation an und lernen Sie, wie Control-M in Kombination mit apsware Produkten kombiniert werden kann.\",\"breadcrumb\":{\"@id\":\"https:\/\/www.apsware.com\/de\/apsware-loesungen-fuer-bmc-control-m\/control-m-digital-business-automation-im-ueberblick\/control-m-praesentation\/#breadcrumb\"},\"inLanguage\":\"de\",\"potentialAction\":[{\"@type\":\"ReadAction\",\"target\":[\"https:\/\/www.apsware.com\/de\/apsware-loesungen-fuer-bmc-control-m\/control-m-digital-business-automation-im-ueberblick\/control-m-praesentation\/\"]}]},{\"@type\":\"ImageObject\",\"inLanguage\":\"de\",\"@id\":\"https:\/\/www.apsware.com\/de\/apsware-loesungen-fuer-bmc-control-m\/control-m-digital-business-automation-im-ueberblick\/control-m-praesentation\/#primaryimage\",\"url\":\"https:\/\/www.apsware.com\/wp-content\/uploads\/2020\/06\/Control-M_Automation_User_Interface_for_Experts.png\",\"contentUrl\":\"https:\/\/www.apsware.com\/wp-content\/uploads\/2020\/06\/Control-M_Automation_User_Interface_for_Experts.png\"},{\"@type\":\"BreadcrumbList\",\"@id\":\"https:\/\/www.apsware.com\/de\/apsware-loesungen-fuer-bmc-control-m\/control-m-digital-business-automation-im-ueberblick\/control-m-praesentation\/#breadcrumb\",\"itemListElement\":[{\"@type\":\"ListItem\",\"position\":1,\"name\":\"Home\",\"item\":\"https:\/\/www.apsware.com\/de\/\"},{\"@type\":\"ListItem\",\"position\":2,\"name\":\"apsware L\u00f6sungen f\u00fcr BMC Control-M\",\"item\":\"https:\/\/www.apsware.com\/de\/apsware-loesungen-fuer-bmc-control-m\/\"},{\"@type\":\"ListItem\",\"position\":3,\"name\":\"Control-M Digital Business Automation im \u00dcberblick\",\"item\":\"https:\/\/www.apsware.com\/de\/apsware-loesungen-fuer-bmc-control-m\/control-m-digital-business-automation-im-ueberblick\/\"},{\"@type\":\"ListItem\",\"position\":4,\"name\":\"Control-M Pr\u00e4sentation\"}]},{\"@type\":\"WebSite\",\"@id\":\"https:\/\/www.apsware.com\/de\/#website\",\"url\":\"https:\/\/www.apsware.com\/de\/\",\"name\":\"apsware\",\"description\":\"Digital Business Automation\",\"publisher\":{\"@id\":\"https:\/\/www.apsware.com\/de\/#organization\"},\"potentialAction\":[{\"@type\":\"SearchAction\",\"target\":{\"@type\":\"EntryPoint\",\"urlTemplate\":\"https:\/\/www.apsware.com\/de\/?s={search_term_string}\"},\"query-input\":{\"@type\":\"PropertyValueSpecification\",\"valueRequired\":true,\"valueName\":\"search_term_string\"}}],\"inLanguage\":\"de\"},{\"@type\":\"Organization\",\"@id\":\"https:\/\/www.apsware.com\/de\/#organization\",\"name\":\"apsware\",\"url\":\"https:\/\/www.apsware.com\/de\/\",\"logo\":{\"@type\":\"ImageObject\",\"inLanguage\":\"de\",\"@id\":\"https:\/\/www.apsware.com\/de\/#\/schema\/logo\/image\/\",\"url\":\"https:\/\/www.apsware.com\/wp-content\/uploads\/2019\/04\/apsware_logo_rgb-2-1.png\",\"contentUrl\":\"https:\/\/www.apsware.com\/wp-content\/uploads\/2019\/04\/apsware_logo_rgb-2-1.png\",\"width\":200,\"height\":46,\"caption\":\"apsware\"},\"image\":{\"@id\":\"https:\/\/www.apsware.com\/de\/#\/schema\/logo\/image\/\"}}]}<\/script>\n<!-- \/ Yoast SEO plugin. -->","yoast_head_json":{"title":"Control-M - Fordern Sie eine individuelle Control-M-Pr\u00e4sentation an","description":"Fragen Sie eine individuelle Control-M Pr\u00e4sentation an und lernen Sie, wie Control-M in Kombination mit apsware Produkten kombiniert werden kann.","robots":{"index":"index","follow":"follow","max-snippet":"max-snippet:-1","max-image-preview":"max-image-preview:large","max-video-preview":"max-video-preview:-1"},"canonical":"https:\/\/www.apsware.com\/de\/apsware-loesungen-fuer-bmc-control-m\/control-m-digital-business-automation-im-ueberblick\/control-m-praesentation\/","og_locale":"de_DE","og_type":"article","og_title":"Control-M - Fordern Sie eine individuelle Control-M-Pr\u00e4sentation an","og_description":"Fragen Sie eine individuelle Control-M Pr\u00e4sentation an und lernen Sie, wie Control-M in Kombination mit apsware Produkten kombiniert werden kann.","og_url":"https:\/\/www.apsware.com\/de\/apsware-loesungen-fuer-bmc-control-m\/control-m-digital-business-automation-im-ueberblick\/control-m-praesentation\/","og_site_name":"apsware","article_modified_time":"2023-11-17T09:58:45+00:00","og_image":[{"url":"https:\/\/www.apsware.com\/wp-content\/uploads\/2020\/06\/Control-M_Automation_User_Interface_for_Experts.png","type":"","width":"","height":""}],"twitter_card":"summary_large_image","twitter_misc":{"Gesch\u00e4tzte Lesezeit":"1\u00a0Minute"},"schema":{"@context":"https:\/\/schema.org","@graph":[{"@type":"WebPage","@id":"https:\/\/www.apsware.com\/de\/apsware-loesungen-fuer-bmc-control-m\/control-m-digital-business-automation-im-ueberblick\/control-m-praesentation\/","url":"https:\/\/www.apsware.com\/de\/apsware-loesungen-fuer-bmc-control-m\/control-m-digital-business-automation-im-ueberblick\/control-m-praesentation\/","name":"Control-M - Fordern Sie eine individuelle Control-M-Pr\u00e4sentation an","isPartOf":{"@id":"https:\/\/www.apsware.com\/de\/#website"},"primaryImageOfPage":{"@id":"https:\/\/www.apsware.com\/de\/apsware-loesungen-fuer-bmc-control-m\/control-m-digital-business-automation-im-ueberblick\/control-m-praesentation\/#primaryimage"},"image":{"@id":"https:\/\/www.apsware.com\/de\/apsware-loesungen-fuer-bmc-control-m\/control-m-digital-business-automation-im-ueberblick\/control-m-praesentation\/#primaryimage"},"thumbnailUrl":"https:\/\/www.apsware.com\/wp-content\/uploads\/2020\/06\/Control-M_Automation_User_Interface_for_Experts.png","datePublished":"2022-06-14T08:27:55+00:00","dateModified":"2023-11-17T09:58:45+00:00","description":"Fragen Sie eine individuelle Control-M Pr\u00e4sentation an und lernen Sie, wie Control-M in Kombination mit apsware Produkten kombiniert werden kann.","breadcrumb":{"@id":"https:\/\/www.apsware.com\/de\/apsware-loesungen-fuer-bmc-control-m\/control-m-digital-business-automation-im-ueberblick\/control-m-praesentation\/#breadcrumb"},"inLanguage":"de","potentialAction":[{"@type":"ReadAction","target":["https:\/\/www.apsware.com\/de\/apsware-loesungen-fuer-bmc-control-m\/control-m-digital-business-automation-im-ueberblick\/control-m-praesentation\/"]}]},{"@type":"ImageObject","inLanguage":"de","@id":"https:\/\/www.apsware.com\/de\/apsware-loesungen-fuer-bmc-control-m\/control-m-digital-business-automation-im-ueberblick\/control-m-praesentation\/#primaryimage","url":"https:\/\/www.apsware.com\/wp-content\/uploads\/2020\/06\/Control-M_Automation_User_Interface_for_Experts.png","contentUrl":"https:\/\/www.apsware.com\/wp-content\/uploads\/2020\/06\/Control-M_Automation_User_Interface_for_Experts.png"},{"@type":"BreadcrumbList","@id":"https:\/\/www.apsware.com\/de\/apsware-loesungen-fuer-bmc-control-m\/control-m-digital-business-automation-im-ueberblick\/control-m-praesentation\/#breadcrumb","itemListElement":[{"@type":"ListItem","position":1,"name":"Home","item":"https:\/\/www.apsware.com\/de\/"},{"@type":"ListItem","position":2,"name":"apsware L\u00f6sungen f\u00fcr BMC Control-M","item":"https:\/\/www.apsware.com\/de\/apsware-loesungen-fuer-bmc-control-m\/"},{"@type":"ListItem","position":3,"name":"Control-M Digital Business Automation im \u00dcberblick","item":"https:\/\/www.apsware.com\/de\/apsware-loesungen-fuer-bmc-control-m\/control-m-digital-business-automation-im-ueberblick\/"},{"@type":"ListItem","position":4,"name":"Control-M Pr\u00e4sentation"}]},{"@type":"WebSite","@id":"https:\/\/www.apsware.com\/de\/#website","url":"https:\/\/www.apsware.com\/de\/","name":"apsware","description":"Digital Business Automation","publisher":{"@id":"https:\/\/www.apsware.com\/de\/#organization"},"potentialAction":[{"@type":"SearchAction","target":{"@type":"EntryPoint","urlTemplate":"https:\/\/www.apsware.com\/de\/?s={search_term_string}"},"query-input":{"@type":"PropertyValueSpecification","valueRequired":true,"valueName":"search_term_string"}}],"inLanguage":"de"},{"@type":"Organization","@id":"https:\/\/www.apsware.com\/de\/#organization","name":"apsware","url":"https:\/\/www.apsware.com\/de\/","logo":{"@type":"ImageObject","inLanguage":"de","@id":"https:\/\/www.apsware.com\/de\/#\/schema\/logo\/image\/","url":"https:\/\/www.apsware.com\/wp-content\/uploads\/2019\/04\/apsware_logo_rgb-2-1.png","contentUrl":"https:\/\/www.apsware.com\/wp-content\/uploads\/2019\/04\/apsware_logo_rgb-2-1.png","width":200,"height":46,"caption":"apsware"},"image":{"@id":"https:\/\/www.apsware.com\/de\/#\/schema\/logo\/image\/"}}]}},"_links":{"self":[{"href":"https:\/\/www.apsware.com\/de\/wp-json\/wp\/v2\/pages\/23262","targetHints":{"allow":["GET"]}}],"collection":[{"href":"https:\/\/www.apsware.com\/de\/wp-json\/wp\/v2\/pages"}],"about":[{"href":"https:\/\/www.apsware.com\/de\/wp-json\/wp\/v2\/types\/page"}],"author":[{"embeddable":true,"href":"https:\/\/www.apsware.com\/de\/wp-json\/wp\/v2\/users\/2"}],"replies":[{"embeddable":true,"href":"https:\/\/www.apsware.com\/de\/wp-json\/wp\/v2\/comments?post=23262"}],"version-history":[{"count":4,"href":"https:\/\/www.apsware.com\/de\/wp-json\/wp\/v2\/pages\/23262\/revisions"}],"predecessor-version":[{"id":31573,"href":"https:\/\/www.apsware.com\/de\/wp-json\/wp\/v2\/pages\/23262\/revisions\/31573"}],"up":[{"embeddable":true,"href":"https:\/\/www.apsware.com\/de\/wp-json\/wp\/v2\/pages\/17804"}],"wp:attachment":[{"href":"https:\/\/www.apsware.com\/de\/wp-json\/wp\/v2\/media?parent=23262"}],"curies":[{"name":"wp","href":"https:\/\/api.w.org\/{rel}","templated":true}]}}