{"id":22961,"date":"2022-06-07T13:17:32","date_gmt":"2022-06-07T13:17:32","guid":{"rendered":"https:\/\/www.apsware.com\/apsware-wir-stellen-uns-vor\/apsware-strategische-partner\/"},"modified":"2023-11-16T14:02:21","modified_gmt":"2023-11-16T14:02:21","slug":"apsware-strategische-partner","status":"publish","type":"page","link":"https:\/\/www.apsware.com\/de\/apsware-wir-stellen-uns-vor\/apsware-strategische-partner\/","title":{"rendered":"apsware Strategische Partner"},"content":{"rendered":"\t\t<div data-elementor-type=\"wp-page\" data-elementor-id=\"22961\" class=\"elementor elementor-22961 elementor-16464\" data-elementor-post-type=\"page\">\n\t\t\t\t\t\t<section class=\"elementor-section elementor-top-section elementor-element elementor-element-8a12c1b elementor-section-stretched elementor-section-height-min-height elementor-hidden-mobile elementor-section-boxed elementor-section-height-default elementor-section-items-middle\" data-id=\"8a12c1b\" data-element_type=\"section\" data-settings=\"{&quot;stretch_section&quot;:&quot;section-stretched&quot;,&quot;background_background&quot;:&quot;classic&quot;}\">\n\t\t\t\t\t\t<div class=\"elementor-container elementor-column-gap-default\">\n\t\t\t\t\t<div class=\"elementor-column elementor-col-100 elementor-top-column elementor-element elementor-element-50b9d69\" data-id=\"50b9d69\" data-element_type=\"column\">\n\t\t\t<div class=\"elementor-widget-wrap elementor-element-populated\">\n\t\t\t\t\t\t<div class=\"elementor-element elementor-element-d9851b7 elementor-widget elementor-widget-image\" data-id=\"d9851b7\" data-element_type=\"widget\" data-widget_type=\"image.default\">\n\t\t\t\t<div class=\"elementor-widget-container\">\n\t\t\t\t\t\t\t\t\t\t\t\t\t\t\t<img fetchpriority=\"high\" decoding=\"async\" width=\"680\" height=\"155\" src=\"https:\/\/www.apsware.com\/wp-content\/uploads\/2022\/02\/apsware_logo_rgb_680px.png\" class=\"attachment-large size-large wp-image-21573\" alt=\"\" srcset=\"https:\/\/www.apsware.com\/wp-content\/uploads\/2022\/02\/apsware_logo_rgb_680px.png 680w, https:\/\/www.apsware.com\/wp-content\/uploads\/2022\/02\/apsware_logo_rgb_680px-300x68.png 300w, https:\/\/www.apsware.com\/wp-content\/uploads\/2022\/02\/apsware_logo_rgb_680px-230x52.png 230w, https:\/\/www.apsware.com\/wp-content\/uploads\/2022\/02\/apsware_logo_rgb_680px-350x80.png 350w, https:\/\/www.apsware.com\/wp-content\/uploads\/2022\/02\/apsware_logo_rgb_680px-480x109.png 480w\" sizes=\"(max-width: 680px) 100vw, 680px\" \/>\t\t\t\t\t\t\t\t\t\t\t\t\t\t\t<\/div>\n\t\t\t\t<\/div>\n\t\t\t\t<div class=\"elementor-element elementor-element-0e34109 elementor-widget elementor-widget-heading\" data-id=\"0e34109\" data-element_type=\"widget\" data-widget_type=\"heading.default\">\n\t\t\t\t<div class=\"elementor-widget-container\">\n\t\t\t\t\t<h2 class=\"elementor-heading-title elementor-size-default\">Strategische Partner<\/h2>\t\t\t\t<\/div>\n\t\t\t\t<\/div>\n\t\t\t\t\t<\/div>\n\t\t<\/div>\n\t\t\t\t\t<\/div>\n\t\t<\/section>\n\t\t\t\t<section class=\"elementor-section elementor-top-section elementor-element elementor-element-59433b2 elementor-section-stretched elementor-section-height-min-height elementor-hidden-desktop elementor-hidden-tablet elementor-section-boxed elementor-section-height-default elementor-section-items-middle\" data-id=\"59433b2\" data-element_type=\"section\" data-settings=\"{&quot;stretch_section&quot;:&quot;section-stretched&quot;,&quot;background_background&quot;:&quot;classic&quot;}\">\n\t\t\t\t\t\t<div class=\"elementor-container elementor-column-gap-default\">\n\t\t\t\t\t<div class=\"elementor-column elementor-col-100 elementor-top-column elementor-element elementor-element-8bc887b\" data-id=\"8bc887b\" data-element_type=\"column\">\n\t\t\t<div class=\"elementor-widget-wrap\">\n\t\t\t\t\t\t\t<\/div>\n\t\t<\/div>\n\t\t\t\t\t<\/div>\n\t\t<\/section>\n\t\t\t\t<section class=\"elementor-section elementor-top-section elementor-element elementor-element-3d9913f elementor-section-stretched elementor-section-boxed elementor-section-height-default elementor-section-height-default\" data-id=\"3d9913f\" data-element_type=\"section\" data-settings=\"{&quot;stretch_section&quot;:&quot;section-stretched&quot;}\">\n\t\t\t\t\t\t<div class=\"elementor-container elementor-column-gap-default\">\n\t\t\t\t\t<div class=\"elementor-column elementor-col-100 elementor-top-column elementor-element elementor-element-34a93ce\" data-id=\"34a93ce\" data-element_type=\"column\">\n\t\t\t<div class=\"elementor-widget-wrap elementor-element-populated\">\n\t\t\t\t\t\t<div class=\"elementor-element elementor-element-dfb839e elementor-widget elementor-widget-heading\" data-id=\"dfb839e\" data-element_type=\"widget\" data-widget_type=\"heading.default\">\n\t\t\t\t<div class=\"elementor-widget-container\">\n\t\t\t\t\t<h2 class=\"elementor-heading-title elementor-size-xxl\">Strategische Partner <\/h2>\t\t\t\t<\/div>\n\t\t\t\t<\/div>\n\t\t\t\t<div class=\"elementor-element elementor-element-cdaf51a elementor-widget elementor-widget-text-editor\" data-id=\"cdaf51a\" data-element_type=\"widget\" data-widget_type=\"text-editor.default\">\n\t\t\t\t<div class=\"elementor-widget-container\">\n\t\t\t\t\t\t\t\t\t<p style=\"text-align: center;\">apsware arbeitet mit folgenden, f\u00fchrenden Anbietern von Workload Automation-Technologien zusammen:<\/p>\t\t\t\t\t\t\t\t<\/div>\n\t\t\t\t<\/div>\n\t\t\t\t\t<\/div>\n\t\t<\/div>\n\t\t\t\t\t<\/div>\n\t\t<\/section>\n\t\t\t\t<section class=\"elementor-section elementor-top-section elementor-element elementor-element-7dda1fa elementor-section-stretched elementor-section-boxed elementor-section-height-default elementor-section-height-default\" data-id=\"7dda1fa\" data-element_type=\"section\" data-settings=\"{&quot;stretch_section&quot;:&quot;section-stretched&quot;}\">\n\t\t\t\t\t\t<div class=\"elementor-container elementor-column-gap-default\">\n\t\t\t\t\t<div class=\"elementor-column elementor-col-33 elementor-top-column elementor-element elementor-element-386ff75\" data-id=\"386ff75\" data-element_type=\"column\">\n\t\t\t<div class=\"elementor-widget-wrap elementor-element-populated\">\n\t\t\t\t\t\t<div class=\"elementor-element elementor-element-a2e4160 elementor-widget elementor-widget-image\" data-id=\"a2e4160\" data-element_type=\"widget\" data-widget_type=\"image.default\">\n\t\t\t\t<div class=\"elementor-widget-container\">\n\t\t\t\t\t\t\t\t\t\t\t\t\t\t\t<img decoding=\"async\" src=\"https:\/\/www.apsware.com\/wp-content\/uploads\/elementor\/thumbs\/BMC_Elite-Partner-p6pmppq1pdw4krobrcblzrpm89bjm6ry6rnerqyqdc.png\" title=\"BMC_Elite Partner\" alt=\"BMC_Elite Partner\" loading=\"lazy\" \/>\t\t\t\t\t\t\t\t\t\t\t\t\t\t\t<\/div>\n\t\t\t\t<\/div>\n\t\t\t\t<div class=\"elementor-element elementor-element-a59b67d elementor-widget elementor-widget-heading\" data-id=\"a59b67d\" data-element_type=\"widget\" data-widget_type=\"heading.default\">\n\t\t\t\t<div class=\"elementor-widget-container\">\n\t\t\t\t\t<h2 class=\"elementor-heading-title elementor-size-default\">BMC Software<\/h2>\t\t\t\t<\/div>\n\t\t\t\t<\/div>\n\t\t\t\t<div class=\"elementor-element elementor-element-c0fcd1e elementor-widget elementor-widget-text-editor\" data-id=\"c0fcd1e\" data-element_type=\"widget\" data-widget_type=\"text-editor.default\">\n\t\t\t\t<div class=\"elementor-widget-container\">\n\t\t\t\t\t\t\t\t\tapsware ist der f\u00fchrende &#8220;Elite Partner&#8221; von BMC Software f\u00fcr den Bereich Control-M Digital Business Automation. In enger Partnerschaft mit BMC Software bietet apsware seinen Kunden in der Europ\u00e4ischen Union und den Vereinigten Staaten Control-M-Lizenzen, Support, Schulungen und Beratungsleistungen an.\r\n\r\napsware liefert auch f\u00fchrende Softwarel\u00f6sungen f\u00fcr Control-M, wie apsware analytics, apsware job request und apsware visualjob.\t\t\t\t\t\t\t\t<\/div>\n\t\t\t\t<\/div>\n\t\t\t\t<div class=\"elementor-element elementor-element-732cce7 elementor-align-center elementor-widget elementor-widget-button\" data-id=\"732cce7\" data-element_type=\"widget\" data-widget_type=\"button.default\">\n\t\t\t\t<div class=\"elementor-widget-container\">\n\t\t\t\t\t\t\t\t\t<div class=\"elementor-button-wrapper\">\n\t\t\t\t\t<a class=\"elementor-button elementor-button-link elementor-size-sm\" href=\"https:\/\/www.apsware.com\/de\/apsware-loesungen-fuer-bmc-control-m\/\">\n\t\t\t\t\t\t<span class=\"elementor-button-content-wrapper\">\n\t\t\t\t\t\t\t\t\t<span class=\"elementor-button-text\">apsware L\u00f6sungen f\u00fcr Control-M<\/span>\n\t\t\t\t\t<\/span>\n\t\t\t\t\t<\/a>\n\t\t\t\t<\/div>\n\t\t\t\t\t\t\t\t<\/div>\n\t\t\t\t<\/div>\n\t\t\t\t\t<\/div>\n\t\t<\/div>\n\t\t\t\t<div class=\"elementor-column elementor-col-33 elementor-top-column elementor-element elementor-element-d89f168\" data-id=\"d89f168\" data-element_type=\"column\">\n\t\t\t<div class=\"elementor-widget-wrap elementor-element-populated\">\n\t\t\t\t\t\t<div class=\"elementor-element elementor-element-d61dbab elementor-widget elementor-widget-image\" data-id=\"d61dbab\" data-element_type=\"widget\" data-widget_type=\"image.default\">\n\t\t\t\t<div class=\"elementor-widget-container\">\n\t\t\t\t\t\t\t\t\t\t\t\t\t\t\t<img decoding=\"async\" src=\"https:\/\/www.apsware.com\/wp-content\/uploads\/elementor\/thumbs\/broadcom_400x400px-oqikghqf3imilxfoi783232bhtd7ozm45oppw6t2vk.png\" title=\"broadcom_400x400px\" alt=\"Broadcom - strategic partners of apsware\" loading=\"lazy\" \/>\t\t\t\t\t\t\t\t\t\t\t\t\t\t\t<\/div>\n\t\t\t\t<\/div>\n\t\t\t\t<div class=\"elementor-element elementor-element-204a57a elementor-widget elementor-widget-heading\" data-id=\"204a57a\" data-element_type=\"widget\" data-widget_type=\"heading.default\">\n\t\t\t\t<div class=\"elementor-widget-container\">\n\t\t\t\t\t<h2 class=\"elementor-heading-title elementor-size-default\">Broadcom<\/h2>\t\t\t\t<\/div>\n\t\t\t\t<\/div>\n\t\t\t\t<div class=\"elementor-element elementor-element-3c73755 elementor-widget elementor-widget-text-editor\" data-id=\"3c73755\" data-element_type=\"widget\" data-widget_type=\"text-editor.default\">\n\t\t\t\t<div class=\"elementor-widget-container\">\n\t\t\t\t\t\t\t\t\tapsware verf\u00fcgt \u00fcber fundierte Kenntnisse und Erfahrungen mit der Automic-Produktreihe von Broadcom.\r\n\r\nIm Rahmen einer Entwicklungspartnerschaft mit Broadcom entwickelte und unterst\u00fctzt apsware f\u00fchrende Value-Added-L\u00f6sungen f\u00fcr Automic.\t\t\t\t\t\t\t\t<\/div>\n\t\t\t\t<\/div>\n\t\t\t\t<div class=\"elementor-element elementor-element-00f601a elementor-align-center elementor-widget elementor-widget-button\" data-id=\"00f601a\" data-element_type=\"widget\" data-widget_type=\"button.default\">\n\t\t\t\t<div class=\"elementor-widget-container\">\n\t\t\t\t\t\t\t\t\t<div class=\"elementor-button-wrapper\">\n\t\t\t\t\t<a class=\"elementor-button elementor-button-link elementor-size-sm\" href=\"https:\/\/www.apsware.com\/de\/automic\/\">\n\t\t\t\t\t\t<span class=\"elementor-button-content-wrapper\">\n\t\t\t\t\t\t\t\t\t<span class=\"elementor-button-text\">apsware L\u00f6sungen f\u00fcr Automic<\/span>\n\t\t\t\t\t<\/span>\n\t\t\t\t\t<\/a>\n\t\t\t\t<\/div>\n\t\t\t\t\t\t\t\t<\/div>\n\t\t\t\t<\/div>\n\t\t\t\t\t<\/div>\n\t\t<\/div>\n\t\t\t\t<div class=\"elementor-column elementor-col-33 elementor-top-column elementor-element elementor-element-07f0cdf\" data-id=\"07f0cdf\" data-element_type=\"column\">\n\t\t\t<div class=\"elementor-widget-wrap elementor-element-populated\">\n\t\t\t\t\t\t<div class=\"elementor-element elementor-element-a09ad55 elementor-widget elementor-widget-image\" data-id=\"a09ad55\" data-element_type=\"widget\" data-widget_type=\"image.default\">\n\t\t\t\t<div class=\"elementor-widget-container\">\n\t\t\t\t\t\t\t\t\t\t\t\t\t\t\t<img decoding=\"async\" src=\"https:\/\/www.apsware.com\/wp-content\/uploads\/elementor\/thumbs\/IBM_400x400px-oqikgkjxo0qdkrbl1qfyrkcp9yzbc2xb62o6c0owcw.png\" title=\"IBM_400x400px\" alt=\"IBM - strategic partners of apsware\" loading=\"lazy\" \/>\t\t\t\t\t\t\t\t\t\t\t\t\t\t\t<\/div>\n\t\t\t\t<\/div>\n\t\t\t\t<div class=\"elementor-element elementor-element-a80f263 elementor-widget elementor-widget-heading\" data-id=\"a80f263\" data-element_type=\"widget\" data-widget_type=\"heading.default\">\n\t\t\t\t<div class=\"elementor-widget-container\">\n\t\t\t\t\t<h2 class=\"elementor-heading-title elementor-size-default\">IBM<\/h2>\t\t\t\t<\/div>\n\t\t\t\t<\/div>\n\t\t\t\t<div class=\"elementor-element elementor-element-282c4bf elementor-widget elementor-widget-text-editor\" data-id=\"282c4bf\" data-element_type=\"widget\" data-widget_type=\"text-editor.default\">\n\t\t\t\t<div class=\"elementor-widget-container\">\n\t\t\t\t\t\t\t\t\tapsware ist ein Entwicklungspartner von IBM im Bereich Workload Automation.\r\n\r\napsware hat marktf\u00fchrende L\u00f6sungen f\u00fcr den IBM z Workload Scheduler entwickelt, wie apsware analytics, apsware visualjob, apsware emon und apsware easy.\r\n\r\nEinige der gr\u00f6\u00dften IBM z Workload Scheduling-Anwender profitieren ma\u00dfgeblich von den apsware-L\u00f6sungen.\t\t\t\t\t\t\t\t<\/div>\n\t\t\t\t<\/div>\n\t\t\t\t<div class=\"elementor-element elementor-element-f92944c elementor-align-center elementor-widget elementor-widget-button\" data-id=\"f92944c\" data-element_type=\"widget\" data-widget_type=\"button.default\">\n\t\t\t\t<div class=\"elementor-widget-container\">\n\t\t\t\t\t\t\t\t\t<div class=\"elementor-button-wrapper\">\n\t\t\t\t\t<a class=\"elementor-button elementor-button-link elementor-size-sm\" href=\"https:\/\/www.apsware.com\/de\/apsware-software-loesungen-fuer-iws-ibm-workload-scheduler\/\">\n\t\t\t\t\t\t<span class=\"elementor-button-content-wrapper\">\n\t\t\t\t\t\t\t\t\t<span class=\"elementor-button-text\">apsware L\u00f6sungen f\u00fcr IBM z Workload Scheduler<\/span>\n\t\t\t\t\t<\/span>\n\t\t\t\t\t<\/a>\n\t\t\t\t<\/div>\n\t\t\t\t\t\t\t\t<\/div>\n\t\t\t\t<\/div>\n\t\t\t\t\t<\/div>\n\t\t<\/div>\n\t\t\t\t\t<\/div>\n\t\t<\/section>\n\t\t\t\t<\/div>\n\t\t","protected":false},"excerpt":{"rendered":"<p>Strategische Partner Strategische Partner apsware arbeitet mit folgenden, f\u00fchrenden Anbietern von Workload Automation-Technologien zusammen: BMC Software apsware ist der f\u00fchrende &#8220;Elite Partner&#8221; von BMC Software f\u00fcr den Bereich Control-M Digital Business Automation. In enger Partnerschaft mit BMC Software bietet apsware seinen Kunden in der Europ\u00e4ischen Union und den Vereinigten Staaten Control-M-Lizenzen, Support, Schulungen und Beratungsleistungen [&hellip;]<\/p>\n","protected":false},"author":2,"featured_media":0,"parent":21675,"menu_order":0,"comment_status":"closed","ping_status":"closed","template":"","meta":{"footnotes":""},"class_list":["post-22961","page","type-page","status-publish","hentry"],"yoast_head":"<!-- This site is optimized with the Yoast SEO plugin v25.6 - https:\/\/yoast.com\/wordpress\/plugins\/seo\/ -->\n<title>Strategische Partner von apsware - Erfahren Sie mehr \u00fcber unsere Partner<\/title>\n<meta name=\"description\" content=\"BMC, Broadcom und IBM sind strategische Partner von apsware GmbH - Erfahren Sie mehr dar\u00fcber, wie wir zusammen arbeiten.\" \/>\n<meta name=\"robots\" content=\"index, follow, max-snippet:-1, max-image-preview:large, max-video-preview:-1\" \/>\n<link rel=\"canonical\" href=\"https:\/\/www.apsware.com\/de\/apsware-wir-stellen-uns-vor\/apsware-strategische-partner\/\" \/>\n<meta property=\"og:locale\" content=\"de_DE\" \/>\n<meta property=\"og:type\" content=\"article\" \/>\n<meta property=\"og:title\" content=\"Strategische Partner von apsware - Erfahren Sie mehr \u00fcber unsere Partner\" \/>\n<meta property=\"og:description\" content=\"BMC, Broadcom und IBM sind strategische Partner von apsware GmbH - Erfahren Sie mehr dar\u00fcber, wie wir zusammen arbeiten.\" \/>\n<meta property=\"og:url\" content=\"https:\/\/www.apsware.com\/de\/apsware-wir-stellen-uns-vor\/apsware-strategische-partner\/\" \/>\n<meta property=\"og:site_name\" content=\"apsware\" \/>\n<meta property=\"article:modified_time\" content=\"2023-11-16T14:02:21+00:00\" \/>\n<meta property=\"og:image\" content=\"https:\/\/www.apsware.com\/wp-content\/uploads\/2022\/02\/apsware_logo_rgb_680px.png\" \/>\n<meta name=\"twitter:card\" content=\"summary_large_image\" \/>\n<meta name=\"twitter:label1\" content=\"Gesch\u00e4tzte Lesezeit\" \/>\n\t<meta name=\"twitter:data1\" content=\"2\u00a0Minuten\" \/>\n<script type=\"application\/ld+json\" class=\"yoast-schema-graph\">{\"@context\":\"https:\/\/schema.org\",\"@graph\":[{\"@type\":\"WebPage\",\"@id\":\"https:\/\/www.apsware.com\/de\/apsware-wir-stellen-uns-vor\/apsware-strategische-partner\/\",\"url\":\"https:\/\/www.apsware.com\/de\/apsware-wir-stellen-uns-vor\/apsware-strategische-partner\/\",\"name\":\"Strategische Partner von apsware - Erfahren Sie mehr \u00fcber unsere Partner\",\"isPartOf\":{\"@id\":\"https:\/\/www.apsware.com\/de\/#website\"},\"primaryImageOfPage\":{\"@id\":\"https:\/\/www.apsware.com\/de\/apsware-wir-stellen-uns-vor\/apsware-strategische-partner\/#primaryimage\"},\"image\":{\"@id\":\"https:\/\/www.apsware.com\/de\/apsware-wir-stellen-uns-vor\/apsware-strategische-partner\/#primaryimage\"},\"thumbnailUrl\":\"https:\/\/www.apsware.com\/wp-content\/uploads\/2022\/02\/apsware_logo_rgb_680px.png\",\"datePublished\":\"2022-06-07T13:17:32+00:00\",\"dateModified\":\"2023-11-16T14:02:21+00:00\",\"description\":\"BMC, Broadcom und IBM sind strategische Partner von apsware GmbH - Erfahren Sie mehr dar\u00fcber, wie wir zusammen arbeiten.\",\"breadcrumb\":{\"@id\":\"https:\/\/www.apsware.com\/de\/apsware-wir-stellen-uns-vor\/apsware-strategische-partner\/#breadcrumb\"},\"inLanguage\":\"de\",\"potentialAction\":[{\"@type\":\"ReadAction\",\"target\":[\"https:\/\/www.apsware.com\/de\/apsware-wir-stellen-uns-vor\/apsware-strategische-partner\/\"]}]},{\"@type\":\"ImageObject\",\"inLanguage\":\"de\",\"@id\":\"https:\/\/www.apsware.com\/de\/apsware-wir-stellen-uns-vor\/apsware-strategische-partner\/#primaryimage\",\"url\":\"https:\/\/www.apsware.com\/wp-content\/uploads\/2022\/02\/apsware_logo_rgb_680px.png\",\"contentUrl\":\"https:\/\/www.apsware.com\/wp-content\/uploads\/2022\/02\/apsware_logo_rgb_680px.png\"},{\"@type\":\"BreadcrumbList\",\"@id\":\"https:\/\/www.apsware.com\/de\/apsware-wir-stellen-uns-vor\/apsware-strategische-partner\/#breadcrumb\",\"itemListElement\":[{\"@type\":\"ListItem\",\"position\":1,\"name\":\"Home\",\"item\":\"https:\/\/www.apsware.com\/de\/\"},{\"@type\":\"ListItem\",\"position\":2,\"name\":\"apsware &#8211; wir stellen uns vor\",\"item\":\"https:\/\/www.apsware.com\/de\/about-us\/\"},{\"@type\":\"ListItem\",\"position\":3,\"name\":\"apsware Strategische Partner\"}]},{\"@type\":\"WebSite\",\"@id\":\"https:\/\/www.apsware.com\/de\/#website\",\"url\":\"https:\/\/www.apsware.com\/de\/\",\"name\":\"apsware\",\"description\":\"Digital Business Automation\",\"publisher\":{\"@id\":\"https:\/\/www.apsware.com\/de\/#organization\"},\"potentialAction\":[{\"@type\":\"SearchAction\",\"target\":{\"@type\":\"EntryPoint\",\"urlTemplate\":\"https:\/\/www.apsware.com\/de\/?s={search_term_string}\"},\"query-input\":{\"@type\":\"PropertyValueSpecification\",\"valueRequired\":true,\"valueName\":\"search_term_string\"}}],\"inLanguage\":\"de\"},{\"@type\":\"Organization\",\"@id\":\"https:\/\/www.apsware.com\/de\/#organization\",\"name\":\"apsware\",\"url\":\"https:\/\/www.apsware.com\/de\/\",\"logo\":{\"@type\":\"ImageObject\",\"inLanguage\":\"de\",\"@id\":\"https:\/\/www.apsware.com\/de\/#\/schema\/logo\/image\/\",\"url\":\"https:\/\/www.apsware.com\/wp-content\/uploads\/2019\/04\/apsware_logo_rgb-2-1.png\",\"contentUrl\":\"https:\/\/www.apsware.com\/wp-content\/uploads\/2019\/04\/apsware_logo_rgb-2-1.png\",\"width\":200,\"height\":46,\"caption\":\"apsware\"},\"image\":{\"@id\":\"https:\/\/www.apsware.com\/de\/#\/schema\/logo\/image\/\"}}]}<\/script>\n<!-- \/ Yoast SEO plugin. -->","yoast_head_json":{"title":"Strategische Partner von apsware - Erfahren Sie mehr \u00fcber unsere Partner","description":"BMC, Broadcom und IBM sind strategische Partner von apsware GmbH - Erfahren Sie mehr dar\u00fcber, wie wir zusammen arbeiten.","robots":{"index":"index","follow":"follow","max-snippet":"max-snippet:-1","max-image-preview":"max-image-preview:large","max-video-preview":"max-video-preview:-1"},"canonical":"https:\/\/www.apsware.com\/de\/apsware-wir-stellen-uns-vor\/apsware-strategische-partner\/","og_locale":"de_DE","og_type":"article","og_title":"Strategische Partner von apsware - Erfahren Sie mehr \u00fcber unsere Partner","og_description":"BMC, Broadcom und IBM sind strategische Partner von apsware GmbH - Erfahren Sie mehr dar\u00fcber, wie wir zusammen arbeiten.","og_url":"https:\/\/www.apsware.com\/de\/apsware-wir-stellen-uns-vor\/apsware-strategische-partner\/","og_site_name":"apsware","article_modified_time":"2023-11-16T14:02:21+00:00","og_image":[{"url":"https:\/\/www.apsware.com\/wp-content\/uploads\/2022\/02\/apsware_logo_rgb_680px.png","type":"","width":"","height":""}],"twitter_card":"summary_large_image","twitter_misc":{"Gesch\u00e4tzte Lesezeit":"2\u00a0Minuten"},"schema":{"@context":"https:\/\/schema.org","@graph":[{"@type":"WebPage","@id":"https:\/\/www.apsware.com\/de\/apsware-wir-stellen-uns-vor\/apsware-strategische-partner\/","url":"https:\/\/www.apsware.com\/de\/apsware-wir-stellen-uns-vor\/apsware-strategische-partner\/","name":"Strategische Partner von apsware - Erfahren Sie mehr \u00fcber unsere Partner","isPartOf":{"@id":"https:\/\/www.apsware.com\/de\/#website"},"primaryImageOfPage":{"@id":"https:\/\/www.apsware.com\/de\/apsware-wir-stellen-uns-vor\/apsware-strategische-partner\/#primaryimage"},"image":{"@id":"https:\/\/www.apsware.com\/de\/apsware-wir-stellen-uns-vor\/apsware-strategische-partner\/#primaryimage"},"thumbnailUrl":"https:\/\/www.apsware.com\/wp-content\/uploads\/2022\/02\/apsware_logo_rgb_680px.png","datePublished":"2022-06-07T13:17:32+00:00","dateModified":"2023-11-16T14:02:21+00:00","description":"BMC, Broadcom und IBM sind strategische Partner von apsware GmbH - Erfahren Sie mehr dar\u00fcber, wie wir zusammen arbeiten.","breadcrumb":{"@id":"https:\/\/www.apsware.com\/de\/apsware-wir-stellen-uns-vor\/apsware-strategische-partner\/#breadcrumb"},"inLanguage":"de","potentialAction":[{"@type":"ReadAction","target":["https:\/\/www.apsware.com\/de\/apsware-wir-stellen-uns-vor\/apsware-strategische-partner\/"]}]},{"@type":"ImageObject","inLanguage":"de","@id":"https:\/\/www.apsware.com\/de\/apsware-wir-stellen-uns-vor\/apsware-strategische-partner\/#primaryimage","url":"https:\/\/www.apsware.com\/wp-content\/uploads\/2022\/02\/apsware_logo_rgb_680px.png","contentUrl":"https:\/\/www.apsware.com\/wp-content\/uploads\/2022\/02\/apsware_logo_rgb_680px.png"},{"@type":"BreadcrumbList","@id":"https:\/\/www.apsware.com\/de\/apsware-wir-stellen-uns-vor\/apsware-strategische-partner\/#breadcrumb","itemListElement":[{"@type":"ListItem","position":1,"name":"Home","item":"https:\/\/www.apsware.com\/de\/"},{"@type":"ListItem","position":2,"name":"apsware &#8211; wir stellen uns vor","item":"https:\/\/www.apsware.com\/de\/about-us\/"},{"@type":"ListItem","position":3,"name":"apsware Strategische Partner"}]},{"@type":"WebSite","@id":"https:\/\/www.apsware.com\/de\/#website","url":"https:\/\/www.apsware.com\/de\/","name":"apsware","description":"Digital Business Automation","publisher":{"@id":"https:\/\/www.apsware.com\/de\/#organization"},"potentialAction":[{"@type":"SearchAction","target":{"@type":"EntryPoint","urlTemplate":"https:\/\/www.apsware.com\/de\/?s={search_term_string}"},"query-input":{"@type":"PropertyValueSpecification","valueRequired":true,"valueName":"search_term_string"}}],"inLanguage":"de"},{"@type":"Organization","@id":"https:\/\/www.apsware.com\/de\/#organization","name":"apsware","url":"https:\/\/www.apsware.com\/de\/","logo":{"@type":"ImageObject","inLanguage":"de","@id":"https:\/\/www.apsware.com\/de\/#\/schema\/logo\/image\/","url":"https:\/\/www.apsware.com\/wp-content\/uploads\/2019\/04\/apsware_logo_rgb-2-1.png","contentUrl":"https:\/\/www.apsware.com\/wp-content\/uploads\/2019\/04\/apsware_logo_rgb-2-1.png","width":200,"height":46,"caption":"apsware"},"image":{"@id":"https:\/\/www.apsware.com\/de\/#\/schema\/logo\/image\/"}}]}},"_links":{"self":[{"href":"https:\/\/www.apsware.com\/de\/wp-json\/wp\/v2\/pages\/22961","targetHints":{"allow":["GET"]}}],"collection":[{"href":"https:\/\/www.apsware.com\/de\/wp-json\/wp\/v2\/pages"}],"about":[{"href":"https:\/\/www.apsware.com\/de\/wp-json\/wp\/v2\/types\/page"}],"author":[{"embeddable":true,"href":"https:\/\/www.apsware.com\/de\/wp-json\/wp\/v2\/users\/2"}],"replies":[{"embeddable":true,"href":"https:\/\/www.apsware.com\/de\/wp-json\/wp\/v2\/comments?post=22961"}],"version-history":[{"count":9,"href":"https:\/\/www.apsware.com\/de\/wp-json\/wp\/v2\/pages\/22961\/revisions"}],"predecessor-version":[{"id":31563,"href":"https:\/\/www.apsware.com\/de\/wp-json\/wp\/v2\/pages\/22961\/revisions\/31563"}],"up":[{"embeddable":true,"href":"https:\/\/www.apsware.com\/de\/wp-json\/wp\/v2\/pages\/21675"}],"wp:attachment":[{"href":"https:\/\/www.apsware.com\/de\/wp-json\/wp\/v2\/media?parent=22961"}],"curies":[{"name":"wp","href":"https:\/\/api.w.org\/{rel}","templated":true}]}}