{"id":22870,"date":"2022-06-03T10:43:00","date_gmt":"2022-06-03T10:43:00","guid":{"rendered":"https:\/\/www.apsware.com\/apsware-discovery-for-control-m-fragen-sie-eine-praesentation-an\/"},"modified":"2022-06-13T07:45:18","modified_gmt":"2022-06-13T07:45:18","slug":"apsware-discovery-for-control-m-fragen-sie-eine-praesentation-an","status":"publish","type":"page","link":"https:\/\/www.apsware.com\/de\/apsware-loesungen-fuer-bmc-control-m\/apsware-discovery-fuer-control-m\/apsware-discovery-for-control-m-fragen-sie-eine-praesentation-an\/","title":{"rendered":"apsware discovery for Control-M &#8211; Fragen Sie eine Pr\u00e4sentation an"},"content":{"rendered":"\t\t<div data-elementor-type=\"wp-page\" data-elementor-id=\"22870\" class=\"elementor elementor-22870 elementor-20405\" data-elementor-post-type=\"page\">\n\t\t\t\t\t\t<section class=\"elementor-section elementor-top-section elementor-element elementor-element-7881ce0 elementor-section-stretched elementor-section-boxed elementor-section-height-default elementor-section-height-default\" data-id=\"7881ce0\" data-element_type=\"section\" data-settings=\"{&quot;stretch_section&quot;:&quot;section-stretched&quot;}\">\n\t\t\t\t\t\t<div class=\"elementor-container elementor-column-gap-default\">\n\t\t\t\t\t<div class=\"elementor-column elementor-col-100 elementor-top-column elementor-element elementor-element-8680969\" data-id=\"8680969\" data-element_type=\"column\">\n\t\t\t<div class=\"elementor-widget-wrap elementor-element-populated\">\n\t\t\t\t\t\t<div class=\"elementor-element elementor-element-bffefc3 elementor-widget elementor-widget-heading\" data-id=\"bffefc3\" data-element_type=\"widget\" data-widget_type=\"heading.default\">\n\t\t\t\t<div class=\"elementor-widget-container\">\n\t\t\t\t\t<h2 class=\"elementor-heading-title elementor-size-default\">Fordern Sie eine apsware discovery for Control-M Pr\u00e4sentation an<\/h2>\t\t\t\t<\/div>\n\t\t\t\t<\/div>\n\t\t\t\t\t<\/div>\n\t\t<\/div>\n\t\t\t\t\t<\/div>\n\t\t<\/section>\n\t\t\t\t<section class=\"elementor-section elementor-top-section elementor-element elementor-element-a21a6a7 elementor-section-stretched elementor-section-boxed elementor-section-height-default elementor-section-height-default\" data-id=\"a21a6a7\" data-element_type=\"section\" data-settings=\"{&quot;stretch_section&quot;:&quot;section-stretched&quot;,&quot;background_background&quot;:&quot;classic&quot;}\">\n\t\t\t\t\t\t<div class=\"elementor-container elementor-column-gap-default\">\n\t\t\t\t\t<div class=\"elementor-column elementor-col-50 elementor-top-column elementor-element elementor-element-8685705\" data-id=\"8685705\" data-element_type=\"column\">\n\t\t\t<div class=\"elementor-widget-wrap elementor-element-populated\">\n\t\t\t\t\t\t<div class=\"elementor-element elementor-element-43df8ed elementor-widget elementor-widget-text-editor\" data-id=\"43df8ed\" data-element_type=\"widget\" data-widget_type=\"text-editor.default\">\n\t\t\t\t<div class=\"elementor-widget-container\">\n\t\t\t\t\t\t\t\t\t\n<div class=\"wpcf7 no-js\" id=\"wpcf7-f20403-o1\" lang=\"en-US\" dir=\"ltr\" data-wpcf7-id=\"20403\">\n<div class=\"screen-reader-response\"><p role=\"status\" aria-live=\"polite\" aria-atomic=\"true\"><\/p> <ul><\/ul><\/div>\n<form action=\"\/de\/wp-json\/wp\/v2\/pages\/22870#wpcf7-f20403-o1\" method=\"post\" class=\"wpcf7-form init\" aria-label=\"Contact form\" enctype=\"multipart\/form-data\" novalidate=\"novalidate\" data-status=\"init\">\n<fieldset class=\"hidden-fields-container\"><input type=\"hidden\" name=\"_wpcf7\" value=\"20403\" \/><input type=\"hidden\" name=\"_wpcf7_version\" value=\"6.1\" \/><input type=\"hidden\" name=\"_wpcf7_locale\" value=\"en_US\" \/><input type=\"hidden\" name=\"_wpcf7_unit_tag\" value=\"wpcf7-f20403-o1\" \/><input type=\"hidden\" name=\"_wpcf7_container_post\" value=\"0\" \/><input type=\"hidden\" name=\"_wpcf7_posted_data_hash\" value=\"\" \/>\n<\/fieldset>\n<p><label> First Name (required)<br \/>\n<span class=\"wpcf7-form-control-wrap\" data-name=\"first-name\"><input size=\"40\" maxlength=\"400\" class=\"wpcf7-form-control wpcf7-text wpcf7-validates-as-required borderinput\" aria-required=\"true\" aria-invalid=\"false\" value=\"\" type=\"text\" name=\"first-name\" \/><\/span> <\/label><br \/>\n<label> Last Name (required)<br \/>\n<span class=\"wpcf7-form-control-wrap\" data-name=\"last-name\"><input size=\"40\" maxlength=\"400\" class=\"wpcf7-form-control wpcf7-text wpcf7-validates-as-required borderinput\" aria-required=\"true\" aria-invalid=\"false\" value=\"\" type=\"text\" name=\"last-name\" \/><\/span> <\/label><br \/>\n<label> Company (required)<br \/>\n<span class=\"wpcf7-form-control-wrap\" data-name=\"company\"><input size=\"40\" maxlength=\"400\" class=\"wpcf7-form-control wpcf7-text wpcf7-validates-as-required borderinput\" aria-required=\"true\" aria-invalid=\"false\" value=\"\" type=\"text\" name=\"company\" \/><\/span> <\/label><br \/>\n<label> Country (required)<br \/>\n<span class=\"wpcf7-form-control-wrap\" data-name=\"country\"><input size=\"40\" maxlength=\"400\" class=\"wpcf7-form-control wpcf7-text wpcf7-validates-as-required borderinput\" aria-required=\"true\" aria-invalid=\"false\" value=\"\" type=\"text\" name=\"country\" \/><\/span> <\/label><br \/>\n<label> Phone (required)<br \/>\n<span class=\"wpcf7-form-control-wrap\" data-name=\"phone\"><input size=\"40\" maxlength=\"400\" class=\"wpcf7-form-control wpcf7-text wpcf7-validates-as-required borderinput\" aria-required=\"true\" aria-invalid=\"false\" value=\"\" type=\"text\" name=\"phone\" \/><\/span> <\/label><br \/>\n<label> Company email (required)<br \/>\n<span class=\"wpcf7-form-control-wrap\" data-name=\"email\"><input size=\"40\" maxlength=\"400\" class=\"wpcf7-form-control wpcf7-email wpcf7-validates-as-required wpcf7-text wpcf7-validates-as-email borderinput\" aria-required=\"true\" aria-invalid=\"false\" value=\"\" type=\"email\" name=\"email\" \/><\/span> <\/label><br \/>\n<label> Suggested date\/time\/timezone (required)<br \/>\n<span class=\"wpcf7-form-control-wrap\" data-name=\"datetime\"><input size=\"40\" maxlength=\"400\" class=\"wpcf7-form-control wpcf7-text wpcf7-validates-as-required borderinput\" aria-required=\"true\" aria-invalid=\"false\" value=\"\" type=\"text\" name=\"datetime\" \/><\/span> <\/label><br \/>\n<label>Upload your XML-Data here &#8211; and<br \/>\nwe will include it into your presentation:<br \/>\n<span class=\"wpcf7-form-control-wrap\" data-name=\"apsware_discovery_file\"><input size=\"40\" class=\"wpcf7-form-control wpcf7-file\" accept=\".xml\" aria-invalid=\"false\" type=\"file\" name=\"apsware_discovery_file\" \/><\/span> <\/label>\n<\/p>\n<p><label> Comments \/ questions \/ remarks<br \/>\n<span class=\"wpcf7-form-control-wrap\" data-name=\"Comment\"><input size=\"40\" maxlength=\"400\" class=\"wpcf7-form-control wpcf7-text borderinput\" aria-invalid=\"false\" value=\"\" type=\"text\" name=\"Comment\" \/><\/span> <\/label><br \/>\n<span class=\"wpcf7-form-control-wrap\" data-name=\"your-consent\"><span class=\"wpcf7-form-control wpcf7-acceptance\"><span class=\"wpcf7-list-item\"><label><input type=\"checkbox\" name=\"your-consent\" value=\"1\" aria-invalid=\"false\" \/><span class=\"wpcf7-list-item-label\">Your confidentiality is assured. Please read and accept our <a target=\"_blank\" rel=\"noopener noreferrer\" href=\"https:\/\/www.apsware.com\/privacy-statement\/\">Privacy Policy<\/a><\/span><\/label><\/span><\/span><\/span>\n<\/p>\n<p><span id=\"wpcf7-69e4e57969f30-wrapper\" class=\"wpcf7-form-control-wrap e-mail-wrap\" style=\"display:none !important; visibility:hidden !important;\"><input type=\"hidden\" name=\"e-mail-time-start\" value=\"1776608633\"><input type=\"hidden\" name=\"e-mail-time-check\" value=\"4\"><label for=\"wpcf7-69e4e57969f30-field\" class=\"hp-message\">Please leave this field empty.<\/label><input id=\"wpcf7-69e4e57969f30-field\"  class=\"wpcf7-form-control wpcf7-text\" type=\"text\" name=\"e-mail\" value=\"\" size=\"40\" tabindex=\"-1\" autocomplete=\"new-password\" \/><\/span><br \/>\n<span id=\"wpcf7-69e4e57969fad-wrapper\" class=\"wpcf7-form-control-wrap identification-number-wrap\" style=\"display:none !important; visibility:hidden !important;\"><input type=\"hidden\" name=\"identification-number-time-start\" value=\"1776608633\"><input type=\"hidden\" name=\"identification-number-time-check\" value=\"4\"><label for=\"wpcf7-69e4e57969fad-field\" class=\"hp-message\">Please leave this field empty.<\/label><input id=\"wpcf7-69e4e57969fad-field\"  class=\"wpcf7-form-control wpcf7-text\" type=\"text\" name=\"identification-number\" value=\"\" size=\"40\" tabindex=\"-1\" autocomplete=\"new-password\" \/><\/span>\n<\/p>\n<div style=\"margin-top: 20px; margin-bottom:10px\">\n\t<p><input class=\"wpcf7-form-control wpcf7-submit has-spinner\" type=\"submit\" value=\"Send\" \/>\n\t<\/p>\n<\/div><div class=\"wpcf7-response-output\" aria-hidden=\"true\"><\/div>\n<\/form>\n<\/div>\n\t\t\t\t\t\t\t\t<\/div>\n\t\t\t\t<\/div>\n\t\t\t\t\t<\/div>\n\t\t<\/div>\n\t\t\t\t<div class=\"elementor-column elementor-col-50 elementor-top-column elementor-element elementor-element-2de72c3\" data-id=\"2de72c3\" data-element_type=\"column\">\n\t\t\t<div class=\"elementor-widget-wrap elementor-element-populated\">\n\t\t\t\t\t\t<div class=\"elementor-element elementor-element-de965fc elementor-widget elementor-widget-image\" data-id=\"de965fc\" data-element_type=\"widget\" data-widget_type=\"image.default\">\n\t\t\t\t<div class=\"elementor-widget-container\">\n\t\t\t\t\t\t\t\t\t\t\t\t\t\t\t<img fetchpriority=\"high\" decoding=\"async\" width=\"745\" height=\"448\" src=\"https:\/\/www.apsware.com\/wp-content\/uploads\/2022\/06\/notebook_apsware_discovery_02_flowchart.jpg\" class=\"attachment-large size-large wp-image-22834\" alt=\"\" srcset=\"https:\/\/www.apsware.com\/wp-content\/uploads\/2022\/06\/notebook_apsware_discovery_02_flowchart.jpg 745w, https:\/\/www.apsware.com\/wp-content\/uploads\/2022\/06\/notebook_apsware_discovery_02_flowchart-300x180.jpg 300w, https:\/\/www.apsware.com\/wp-content\/uploads\/2022\/06\/notebook_apsware_discovery_02_flowchart-230x138.jpg 230w, https:\/\/www.apsware.com\/wp-content\/uploads\/2022\/06\/notebook_apsware_discovery_02_flowchart-350x210.jpg 350w, https:\/\/www.apsware.com\/wp-content\/uploads\/2022\/06\/notebook_apsware_discovery_02_flowchart-480x289.jpg 480w\" sizes=\"(max-width: 745px) 100vw, 745px\" \/>\t\t\t\t\t\t\t\t\t\t\t\t\t\t\t<\/div>\n\t\t\t\t<\/div>\n\t\t\t\t<div class=\"elementor-element elementor-element-92eaacf elementor-widget elementor-widget-heading\" data-id=\"92eaacf\" data-element_type=\"widget\" data-widget_type=\"heading.default\">\n\t\t\t\t<div class=\"elementor-widget-container\">\n\t\t\t\t\t<h2 class=\"elementor-heading-title elementor-size-default\">apsware discovery for Control-M <\/h2>\t\t\t\t<\/div>\n\t\t\t\t<\/div>\n\t\t\t\t<div class=\"elementor-element elementor-element-e2a0c39 elementor-widget elementor-widget-text-editor\" data-id=\"e2a0c39\" data-element_type=\"widget\" data-widget_type=\"text-editor.default\">\n\t\t\t\t<div class=\"elementor-widget-container\">\n\t\t\t\t\t\t\t\t\tFordern Sie eine apsware discovery for Control-M-Pr\u00e4sentation an und erfahren Sie, wie Sie von den erweiterten Flowchart- und Cross-Referencing-Funktionen f\u00fcr Control-M-Jobdefinitionen profitieren k\u00f6nnen.\r\n<br><br>\r\n<strong>Option:<\/strong> Schicken Sie uns Ihre Control-M-Definitionen im XML-Format, und wir erstellen eine ma\u00dfgeschneiderte Demo f\u00fcr Sie, die Ihre Discovery-Ma\u00dfnahmen wirklich aufwertet.\t\t\t\t\t\t\t\t<\/div>\n\t\t\t\t<\/div>\n\t\t\t\t<div class=\"elementor-element elementor-element-0dbbab6 elementor-align-center elementor-widget elementor-widget-button\" data-id=\"0dbbab6\" data-element_type=\"widget\" data-widget_type=\"button.default\">\n\t\t\t\t<div class=\"elementor-widget-container\">\n\t\t\t\t\t\t\t\t\t<div class=\"elementor-button-wrapper\">\n\t\t\t\t\t<a class=\"elementor-button elementor-button-link elementor-size-sm\" href=\"https:\/\/www.apsware.com\/de\/apsware-discovery-fuer-control-m\/\">\n\t\t\t\t\t\t<span class=\"elementor-button-content-wrapper\">\n\t\t\t\t\t\t\t\t\t<span class=\"elementor-button-text\">Zur\u00fcck zu apsware discovery for Control-M<\/span>\n\t\t\t\t\t<\/span>\n\t\t\t\t\t<\/a>\n\t\t\t\t<\/div>\n\t\t\t\t\t\t\t\t<\/div>\n\t\t\t\t<\/div>\n\t\t\t\t\t<\/div>\n\t\t<\/div>\n\t\t\t\t\t<\/div>\n\t\t<\/section>\n\t\t\t\t<\/div>\n\t\t","protected":false},"excerpt":{"rendered":"<p>Fordern Sie eine apsware discovery for Control-M Pr\u00e4sentation an apsware discovery for Control-M Fordern Sie eine apsware discovery for Control-M-Pr\u00e4sentation an und erfahren Sie, wie Sie von den erweiterten Flowchart- und Cross-Referencing-Funktionen f\u00fcr Control-M-Jobdefinitionen profitieren k\u00f6nnen. Option: Schicken Sie uns Ihre Control-M-Definitionen im XML-Format, und wir erstellen eine ma\u00dfgeschneiderte Demo f\u00fcr Sie, die Ihre Discovery-Ma\u00dfnahmen [&hellip;]<\/p>\n","protected":false},"author":2,"featured_media":0,"parent":23088,"menu_order":0,"comment_status":"closed","ping_status":"closed","template":"","meta":{"footnotes":""},"class_list":["post-22870","page","type-page","status-publish","hentry"],"yoast_head":"<!-- This site is optimized with the Yoast SEO plugin v25.6 - https:\/\/yoast.com\/wordpress\/plugins\/seo\/ -->\n<title>apsware discovery for Control-M - Fragen Sie eine Pr\u00e4sentation an - apsware<\/title>\n<meta name=\"robots\" content=\"index, follow, max-snippet:-1, max-image-preview:large, max-video-preview:-1\" \/>\n<link rel=\"canonical\" href=\"https:\/\/www.apsware.com\/de\/apsware-loesungen-fuer-bmc-control-m\/apsware-discovery-fuer-control-m\/apsware-discovery-for-control-m-fragen-sie-eine-praesentation-an\/\" \/>\n<meta property=\"og:locale\" content=\"de_DE\" \/>\n<meta property=\"og:type\" content=\"article\" \/>\n<meta property=\"og:title\" content=\"apsware discovery for Control-M - Fragen Sie eine Pr\u00e4sentation an - apsware\" \/>\n<meta property=\"og:description\" content=\"Fordern Sie eine apsware discovery for Control-M Pr\u00e4sentation an apsware discovery for Control-M Fordern Sie eine apsware discovery for Control-M-Pr\u00e4sentation an und erfahren Sie, wie Sie von den erweiterten Flowchart- und Cross-Referencing-Funktionen f\u00fcr Control-M-Jobdefinitionen profitieren k\u00f6nnen. Option: Schicken Sie uns Ihre Control-M-Definitionen im XML-Format, und wir erstellen eine ma\u00dfgeschneiderte Demo f\u00fcr Sie, die Ihre Discovery-Ma\u00dfnahmen [&hellip;]\" \/>\n<meta property=\"og:url\" content=\"https:\/\/www.apsware.com\/de\/apsware-loesungen-fuer-bmc-control-m\/apsware-discovery-fuer-control-m\/apsware-discovery-for-control-m-fragen-sie-eine-praesentation-an\/\" \/>\n<meta property=\"og:site_name\" content=\"apsware\" \/>\n<meta property=\"article:modified_time\" content=\"2022-06-13T07:45:18+00:00\" \/>\n<meta property=\"og:image\" content=\"https:\/\/www.apsware.com\/wp-content\/uploads\/2022\/06\/notebook_apsware_discovery_02_flowchart.jpg\" \/>\n<meta name=\"twitter:card\" content=\"summary_large_image\" \/>\n<script type=\"application\/ld+json\" class=\"yoast-schema-graph\">{\"@context\":\"https:\/\/schema.org\",\"@graph\":[{\"@type\":\"WebPage\",\"@id\":\"https:\/\/www.apsware.com\/de\/apsware-loesungen-fuer-bmc-control-m\/apsware-discovery-fuer-control-m\/apsware-discovery-for-control-m-fragen-sie-eine-praesentation-an\/\",\"url\":\"https:\/\/www.apsware.com\/de\/apsware-loesungen-fuer-bmc-control-m\/apsware-discovery-fuer-control-m\/apsware-discovery-for-control-m-fragen-sie-eine-praesentation-an\/\",\"name\":\"apsware discovery for Control-M - Fragen Sie eine Pr\u00e4sentation an - apsware\",\"isPartOf\":{\"@id\":\"https:\/\/www.apsware.com\/de\/#website\"},\"primaryImageOfPage\":{\"@id\":\"https:\/\/www.apsware.com\/de\/apsware-loesungen-fuer-bmc-control-m\/apsware-discovery-fuer-control-m\/apsware-discovery-for-control-m-fragen-sie-eine-praesentation-an\/#primaryimage\"},\"image\":{\"@id\":\"https:\/\/www.apsware.com\/de\/apsware-loesungen-fuer-bmc-control-m\/apsware-discovery-fuer-control-m\/apsware-discovery-for-control-m-fragen-sie-eine-praesentation-an\/#primaryimage\"},\"thumbnailUrl\":\"https:\/\/www.apsware.com\/wp-content\/uploads\/2022\/06\/notebook_apsware_discovery_02_flowchart.jpg\",\"datePublished\":\"2022-06-03T10:43:00+00:00\",\"dateModified\":\"2022-06-13T07:45:18+00:00\",\"breadcrumb\":{\"@id\":\"https:\/\/www.apsware.com\/de\/apsware-loesungen-fuer-bmc-control-m\/apsware-discovery-fuer-control-m\/apsware-discovery-for-control-m-fragen-sie-eine-praesentation-an\/#breadcrumb\"},\"inLanguage\":\"de\",\"potentialAction\":[{\"@type\":\"ReadAction\",\"target\":[\"https:\/\/www.apsware.com\/de\/apsware-loesungen-fuer-bmc-control-m\/apsware-discovery-fuer-control-m\/apsware-discovery-for-control-m-fragen-sie-eine-praesentation-an\/\"]}]},{\"@type\":\"ImageObject\",\"inLanguage\":\"de\",\"@id\":\"https:\/\/www.apsware.com\/de\/apsware-loesungen-fuer-bmc-control-m\/apsware-discovery-fuer-control-m\/apsware-discovery-for-control-m-fragen-sie-eine-praesentation-an\/#primaryimage\",\"url\":\"https:\/\/www.apsware.com\/wp-content\/uploads\/2022\/06\/notebook_apsware_discovery_02_flowchart.jpg\",\"contentUrl\":\"https:\/\/www.apsware.com\/wp-content\/uploads\/2022\/06\/notebook_apsware_discovery_02_flowchart.jpg\"},{\"@type\":\"BreadcrumbList\",\"@id\":\"https:\/\/www.apsware.com\/de\/apsware-loesungen-fuer-bmc-control-m\/apsware-discovery-fuer-control-m\/apsware-discovery-for-control-m-fragen-sie-eine-praesentation-an\/#breadcrumb\",\"itemListElement\":[{\"@type\":\"ListItem\",\"position\":1,\"name\":\"Home\",\"item\":\"https:\/\/www.apsware.com\/de\/\"},{\"@type\":\"ListItem\",\"position\":2,\"name\":\"apsware L\u00f6sungen f\u00fcr BMC Control-M\",\"item\":\"https:\/\/www.apsware.com\/de\/apsware-loesungen-fuer-bmc-control-m\/\"},{\"@type\":\"ListItem\",\"position\":3,\"name\":\"apsware discovery f\u00fcr Control-M\",\"item\":\"https:\/\/www.apsware.com\/de\/control-m\/apsware-discovery-for-control-m\/\"},{\"@type\":\"ListItem\",\"position\":4,\"name\":\"apsware discovery for Control-M &#8211; Fragen Sie eine Pr\u00e4sentation an\"}]},{\"@type\":\"WebSite\",\"@id\":\"https:\/\/www.apsware.com\/de\/#website\",\"url\":\"https:\/\/www.apsware.com\/de\/\",\"name\":\"apsware\",\"description\":\"Digital Business Automation\",\"publisher\":{\"@id\":\"https:\/\/www.apsware.com\/de\/#organization\"},\"potentialAction\":[{\"@type\":\"SearchAction\",\"target\":{\"@type\":\"EntryPoint\",\"urlTemplate\":\"https:\/\/www.apsware.com\/de\/?s={search_term_string}\"},\"query-input\":{\"@type\":\"PropertyValueSpecification\",\"valueRequired\":true,\"valueName\":\"search_term_string\"}}],\"inLanguage\":\"de\"},{\"@type\":\"Organization\",\"@id\":\"https:\/\/www.apsware.com\/de\/#organization\",\"name\":\"apsware\",\"url\":\"https:\/\/www.apsware.com\/de\/\",\"logo\":{\"@type\":\"ImageObject\",\"inLanguage\":\"de\",\"@id\":\"https:\/\/www.apsware.com\/de\/#\/schema\/logo\/image\/\",\"url\":\"https:\/\/www.apsware.com\/wp-content\/uploads\/2019\/04\/apsware_logo_rgb-2-1.png\",\"contentUrl\":\"https:\/\/www.apsware.com\/wp-content\/uploads\/2019\/04\/apsware_logo_rgb-2-1.png\",\"width\":200,\"height\":46,\"caption\":\"apsware\"},\"image\":{\"@id\":\"https:\/\/www.apsware.com\/de\/#\/schema\/logo\/image\/\"}}]}<\/script>\n<!-- \/ Yoast SEO plugin. -->","yoast_head_json":{"title":"apsware discovery for Control-M - Fragen Sie eine Pr\u00e4sentation an - apsware","robots":{"index":"index","follow":"follow","max-snippet":"max-snippet:-1","max-image-preview":"max-image-preview:large","max-video-preview":"max-video-preview:-1"},"canonical":"https:\/\/www.apsware.com\/de\/apsware-loesungen-fuer-bmc-control-m\/apsware-discovery-fuer-control-m\/apsware-discovery-for-control-m-fragen-sie-eine-praesentation-an\/","og_locale":"de_DE","og_type":"article","og_title":"apsware discovery for Control-M - Fragen Sie eine Pr\u00e4sentation an - apsware","og_description":"Fordern Sie eine apsware discovery for Control-M Pr\u00e4sentation an apsware discovery for Control-M Fordern Sie eine apsware discovery for Control-M-Pr\u00e4sentation an und erfahren Sie, wie Sie von den erweiterten Flowchart- und Cross-Referencing-Funktionen f\u00fcr Control-M-Jobdefinitionen profitieren k\u00f6nnen. Option: Schicken Sie uns Ihre Control-M-Definitionen im XML-Format, und wir erstellen eine ma\u00dfgeschneiderte Demo f\u00fcr Sie, die Ihre Discovery-Ma\u00dfnahmen [&hellip;]","og_url":"https:\/\/www.apsware.com\/de\/apsware-loesungen-fuer-bmc-control-m\/apsware-discovery-fuer-control-m\/apsware-discovery-for-control-m-fragen-sie-eine-praesentation-an\/","og_site_name":"apsware","article_modified_time":"2022-06-13T07:45:18+00:00","og_image":[{"url":"https:\/\/www.apsware.com\/wp-content\/uploads\/2022\/06\/notebook_apsware_discovery_02_flowchart.jpg","type":"","width":"","height":""}],"twitter_card":"summary_large_image","schema":{"@context":"https:\/\/schema.org","@graph":[{"@type":"WebPage","@id":"https:\/\/www.apsware.com\/de\/apsware-loesungen-fuer-bmc-control-m\/apsware-discovery-fuer-control-m\/apsware-discovery-for-control-m-fragen-sie-eine-praesentation-an\/","url":"https:\/\/www.apsware.com\/de\/apsware-loesungen-fuer-bmc-control-m\/apsware-discovery-fuer-control-m\/apsware-discovery-for-control-m-fragen-sie-eine-praesentation-an\/","name":"apsware discovery for Control-M - Fragen Sie eine Pr\u00e4sentation an - apsware","isPartOf":{"@id":"https:\/\/www.apsware.com\/de\/#website"},"primaryImageOfPage":{"@id":"https:\/\/www.apsware.com\/de\/apsware-loesungen-fuer-bmc-control-m\/apsware-discovery-fuer-control-m\/apsware-discovery-for-control-m-fragen-sie-eine-praesentation-an\/#primaryimage"},"image":{"@id":"https:\/\/www.apsware.com\/de\/apsware-loesungen-fuer-bmc-control-m\/apsware-discovery-fuer-control-m\/apsware-discovery-for-control-m-fragen-sie-eine-praesentation-an\/#primaryimage"},"thumbnailUrl":"https:\/\/www.apsware.com\/wp-content\/uploads\/2022\/06\/notebook_apsware_discovery_02_flowchart.jpg","datePublished":"2022-06-03T10:43:00+00:00","dateModified":"2022-06-13T07:45:18+00:00","breadcrumb":{"@id":"https:\/\/www.apsware.com\/de\/apsware-loesungen-fuer-bmc-control-m\/apsware-discovery-fuer-control-m\/apsware-discovery-for-control-m-fragen-sie-eine-praesentation-an\/#breadcrumb"},"inLanguage":"de","potentialAction":[{"@type":"ReadAction","target":["https:\/\/www.apsware.com\/de\/apsware-loesungen-fuer-bmc-control-m\/apsware-discovery-fuer-control-m\/apsware-discovery-for-control-m-fragen-sie-eine-praesentation-an\/"]}]},{"@type":"ImageObject","inLanguage":"de","@id":"https:\/\/www.apsware.com\/de\/apsware-loesungen-fuer-bmc-control-m\/apsware-discovery-fuer-control-m\/apsware-discovery-for-control-m-fragen-sie-eine-praesentation-an\/#primaryimage","url":"https:\/\/www.apsware.com\/wp-content\/uploads\/2022\/06\/notebook_apsware_discovery_02_flowchart.jpg","contentUrl":"https:\/\/www.apsware.com\/wp-content\/uploads\/2022\/06\/notebook_apsware_discovery_02_flowchart.jpg"},{"@type":"BreadcrumbList","@id":"https:\/\/www.apsware.com\/de\/apsware-loesungen-fuer-bmc-control-m\/apsware-discovery-fuer-control-m\/apsware-discovery-for-control-m-fragen-sie-eine-praesentation-an\/#breadcrumb","itemListElement":[{"@type":"ListItem","position":1,"name":"Home","item":"https:\/\/www.apsware.com\/de\/"},{"@type":"ListItem","position":2,"name":"apsware L\u00f6sungen f\u00fcr BMC Control-M","item":"https:\/\/www.apsware.com\/de\/apsware-loesungen-fuer-bmc-control-m\/"},{"@type":"ListItem","position":3,"name":"apsware discovery f\u00fcr Control-M","item":"https:\/\/www.apsware.com\/de\/control-m\/apsware-discovery-for-control-m\/"},{"@type":"ListItem","position":4,"name":"apsware discovery for Control-M &#8211; Fragen Sie eine Pr\u00e4sentation an"}]},{"@type":"WebSite","@id":"https:\/\/www.apsware.com\/de\/#website","url":"https:\/\/www.apsware.com\/de\/","name":"apsware","description":"Digital Business Automation","publisher":{"@id":"https:\/\/www.apsware.com\/de\/#organization"},"potentialAction":[{"@type":"SearchAction","target":{"@type":"EntryPoint","urlTemplate":"https:\/\/www.apsware.com\/de\/?s={search_term_string}"},"query-input":{"@type":"PropertyValueSpecification","valueRequired":true,"valueName":"search_term_string"}}],"inLanguage":"de"},{"@type":"Organization","@id":"https:\/\/www.apsware.com\/de\/#organization","name":"apsware","url":"https:\/\/www.apsware.com\/de\/","logo":{"@type":"ImageObject","inLanguage":"de","@id":"https:\/\/www.apsware.com\/de\/#\/schema\/logo\/image\/","url":"https:\/\/www.apsware.com\/wp-content\/uploads\/2019\/04\/apsware_logo_rgb-2-1.png","contentUrl":"https:\/\/www.apsware.com\/wp-content\/uploads\/2019\/04\/apsware_logo_rgb-2-1.png","width":200,"height":46,"caption":"apsware"},"image":{"@id":"https:\/\/www.apsware.com\/de\/#\/schema\/logo\/image\/"}}]}},"_links":{"self":[{"href":"https:\/\/www.apsware.com\/de\/wp-json\/wp\/v2\/pages\/22870","targetHints":{"allow":["GET"]}}],"collection":[{"href":"https:\/\/www.apsware.com\/de\/wp-json\/wp\/v2\/pages"}],"about":[{"href":"https:\/\/www.apsware.com\/de\/wp-json\/wp\/v2\/types\/page"}],"author":[{"embeddable":true,"href":"https:\/\/www.apsware.com\/de\/wp-json\/wp\/v2\/users\/2"}],"replies":[{"embeddable":true,"href":"https:\/\/www.apsware.com\/de\/wp-json\/wp\/v2\/comments?post=22870"}],"version-history":[{"count":5,"href":"https:\/\/www.apsware.com\/de\/wp-json\/wp\/v2\/pages\/22870\/revisions"}],"predecessor-version":[{"id":23144,"href":"https:\/\/www.apsware.com\/de\/wp-json\/wp\/v2\/pages\/22870\/revisions\/23144"}],"up":[{"embeddable":true,"href":"https:\/\/www.apsware.com\/de\/wp-json\/wp\/v2\/pages\/23088"}],"wp:attachment":[{"href":"https:\/\/www.apsware.com\/de\/wp-json\/wp\/v2\/media?parent=22870"}],"curies":[{"name":"wp","href":"https:\/\/api.w.org\/{rel}","templated":true}]}}