{"id":22500,"date":"2022-05-19T08:30:45","date_gmt":"2022-05-19T08:30:45","guid":{"rendered":"https:\/\/www.apsware.com\/karriere\/"},"modified":"2023-11-20T15:42:24","modified_gmt":"2023-11-20T15:42:24","slug":"karriere","status":"publish","type":"page","link":"https:\/\/www.apsware.com\/de\/karriere\/","title":{"rendered":"Karriere"},"content":{"rendered":"\t\t<div data-elementor-type=\"wp-page\" data-elementor-id=\"22500\" class=\"elementor elementor-22500 elementor-17901\" data-elementor-post-type=\"page\">\n\t\t\t\t\t\t<section class=\"elementor-section elementor-top-section elementor-element elementor-element-f789023 elementor-section-stretched elementor-section-height-min-height elementor-section-boxed elementor-section-height-default elementor-section-items-middle\" data-id=\"f789023\" data-element_type=\"section\" data-settings=\"{&quot;stretch_section&quot;:&quot;section-stretched&quot;,&quot;background_background&quot;:&quot;classic&quot;}\">\n\t\t\t\t\t\t<div class=\"elementor-container elementor-column-gap-default\">\n\t\t\t\t\t<div class=\"elementor-column elementor-col-100 elementor-top-column elementor-element elementor-element-5b8d535\" data-id=\"5b8d535\" data-element_type=\"column\">\n\t\t\t<div class=\"elementor-widget-wrap\">\n\t\t\t\t\t\t\t<\/div>\n\t\t<\/div>\n\t\t\t\t\t<\/div>\n\t\t<\/section>\n\t\t\t\t<section class=\"elementor-section elementor-top-section elementor-element elementor-element-fc63a85 elementor-section-stretched elementor-section-boxed elementor-section-height-default elementor-section-height-default\" data-id=\"fc63a85\" data-element_type=\"section\" data-settings=\"{&quot;stretch_section&quot;:&quot;section-stretched&quot;}\">\n\t\t\t\t\t\t<div class=\"elementor-container elementor-column-gap-default\">\n\t\t\t\t\t<div class=\"elementor-column elementor-col-100 elementor-top-column elementor-element elementor-element-c4dab63\" data-id=\"c4dab63\" data-element_type=\"column\">\n\t\t\t<div class=\"elementor-widget-wrap elementor-element-populated\">\n\t\t\t\t\t\t<div class=\"elementor-element elementor-element-604e177 elementor-widget elementor-widget-heading\" data-id=\"604e177\" data-element_type=\"widget\" data-widget_type=\"heading.default\">\n\t\t\t\t<div class=\"elementor-widget-container\">\n\t\t\t\t\t<h2 class=\"elementor-heading-title elementor-size-xxl\">apsware Jobs<\/h2>\t\t\t\t<\/div>\n\t\t\t\t<\/div>\n\t\t\t\t\t<\/div>\n\t\t<\/div>\n\t\t\t\t\t<\/div>\n\t\t<\/section>\n\t\t\t\t<section class=\"elementor-section elementor-top-section elementor-element elementor-element-41d05e1 elementor-section-stretched elementor-section-boxed elementor-section-height-default elementor-section-height-default\" data-id=\"41d05e1\" data-element_type=\"section\" data-settings=\"{&quot;stretch_section&quot;:&quot;section-stretched&quot;,&quot;background_background&quot;:&quot;classic&quot;}\">\n\t\t\t\t\t\t<div class=\"elementor-container elementor-column-gap-default\">\n\t\t\t\t\t<div class=\"elementor-column elementor-col-33 elementor-top-column elementor-element elementor-element-76483d3\" data-id=\"76483d3\" data-element_type=\"column\" data-settings=\"{&quot;background_background&quot;:&quot;classic&quot;}\">\n\t\t\t<div class=\"elementor-widget-wrap elementor-element-populated\">\n\t\t\t\t\t\t<div class=\"elementor-element elementor-element-a6c094d elementor-widget elementor-widget-image\" data-id=\"a6c094d\" data-element_type=\"widget\" data-widget_type=\"image.default\">\n\t\t\t\t<div class=\"elementor-widget-container\">\n\t\t\t\t\t\t\t\t\t\t\t\t\t\t\t<img fetchpriority=\"high\" decoding=\"async\" width=\"800\" height=\"481\" src=\"https:\/\/www.apsware.com\/wp-content\/uploads\/2020\/06\/notebook_Control-M_Service.png\" class=\"attachment-large size-large wp-image-16661\" alt=\"Control-M - \u00dcberblick - Contact us\" srcset=\"https:\/\/www.apsware.com\/wp-content\/uploads\/2020\/06\/notebook_Control-M_Service.png 800w, https:\/\/www.apsware.com\/wp-content\/uploads\/2020\/06\/notebook_Control-M_Service-300x180.png 300w, https:\/\/www.apsware.com\/wp-content\/uploads\/2020\/06\/notebook_Control-M_Service-768x462.png 768w, https:\/\/www.apsware.com\/wp-content\/uploads\/2020\/06\/notebook_Control-M_Service-230x138.png 230w, https:\/\/www.apsware.com\/wp-content\/uploads\/2020\/06\/notebook_Control-M_Service-350x210.png 350w, https:\/\/www.apsware.com\/wp-content\/uploads\/2020\/06\/notebook_Control-M_Service-480x289.png 480w\" sizes=\"(max-width: 800px) 100vw, 800px\" \/>\t\t\t\t\t\t\t\t\t\t\t\t\t\t\t<\/div>\n\t\t\t\t<\/div>\n\t\t\t\t<div class=\"elementor-element elementor-element-acf4e30 elementor-widget elementor-widget-heading\" data-id=\"acf4e30\" data-element_type=\"widget\" data-widget_type=\"heading.default\">\n\t\t\t\t<div class=\"elementor-widget-container\">\n\t\t\t\t\t<h4 class=\"elementor-heading-title elementor-size-default\">IT Solutions<br>Sales \/ Account Manager<\/h4>\t\t\t\t<\/div>\n\t\t\t\t<\/div>\n\t\t\t\t<div class=\"elementor-element elementor-element-ca734ba elementor-widget elementor-widget-text-editor\" data-id=\"ca734ba\" data-element_type=\"widget\" data-widget_type=\"text-editor.default\">\n\t\t\t\t<div class=\"elementor-widget-container\">\n\t\t\t\t\t\t\t\t\t<p style=\"text-align: center;\">Land: Deutschland<br \/>Stadt: M\u00f6nchengladbach<\/p>\t\t\t\t\t\t\t\t<\/div>\n\t\t\t\t<\/div>\n\t\t\t\t<div class=\"elementor-element elementor-element-6357c00 elementor-align-center elementor-widget elementor-widget-button\" data-id=\"6357c00\" data-element_type=\"widget\" data-widget_type=\"button.default\">\n\t\t\t\t<div class=\"elementor-widget-container\">\n\t\t\t\t\t\t\t\t\t<div class=\"elementor-button-wrapper\">\n\t\t\t\t\t<a class=\"elementor-button elementor-button-link elementor-size-sm\" href=\"https:\/\/www.apsware.com\/de\/karriere\/it-solutions-sales-account-manager\/\">\n\t\t\t\t\t\t<span class=\"elementor-button-content-wrapper\">\n\t\t\t\t\t\t\t\t\t<span class=\"elementor-button-text\">Weitere Informationen<\/span>\n\t\t\t\t\t<\/span>\n\t\t\t\t\t<\/a>\n\t\t\t\t<\/div>\n\t\t\t\t\t\t\t\t<\/div>\n\t\t\t\t<\/div>\n\t\t\t\t\t<\/div>\n\t\t<\/div>\n\t\t\t\t<div class=\"elementor-column elementor-col-33 elementor-top-column elementor-element elementor-element-329f104\" data-id=\"329f104\" data-element_type=\"column\" data-settings=\"{&quot;background_background&quot;:&quot;classic&quot;}\">\n\t\t\t<div class=\"elementor-widget-wrap elementor-element-populated\">\n\t\t\t\t\t\t<div class=\"elementor-element elementor-element-5472574 elementor-widget elementor-widget-image\" data-id=\"5472574\" data-element_type=\"widget\" data-widget_type=\"image.default\">\n\t\t\t\t<div class=\"elementor-widget-container\">\n\t\t\t\t\t\t\t\t\t\t\t\t\t\t\t<img fetchpriority=\"high\" decoding=\"async\" width=\"800\" height=\"481\" src=\"https:\/\/www.apsware.com\/wp-content\/uploads\/2020\/06\/notebook_Control-M_Service.png\" class=\"attachment-large size-large wp-image-16661\" alt=\"Control-M - \u00dcberblick - Contact us\" srcset=\"https:\/\/www.apsware.com\/wp-content\/uploads\/2020\/06\/notebook_Control-M_Service.png 800w, https:\/\/www.apsware.com\/wp-content\/uploads\/2020\/06\/notebook_Control-M_Service-300x180.png 300w, https:\/\/www.apsware.com\/wp-content\/uploads\/2020\/06\/notebook_Control-M_Service-768x462.png 768w, https:\/\/www.apsware.com\/wp-content\/uploads\/2020\/06\/notebook_Control-M_Service-230x138.png 230w, https:\/\/www.apsware.com\/wp-content\/uploads\/2020\/06\/notebook_Control-M_Service-350x210.png 350w, https:\/\/www.apsware.com\/wp-content\/uploads\/2020\/06\/notebook_Control-M_Service-480x289.png 480w\" sizes=\"(max-width: 800px) 100vw, 800px\" \/>\t\t\t\t\t\t\t\t\t\t\t\t\t\t\t<\/div>\n\t\t\t\t<\/div>\n\t\t\t\t<div class=\"elementor-element elementor-element-bec3216 elementor-widget elementor-widget-heading\" data-id=\"bec3216\" data-element_type=\"widget\" data-widget_type=\"heading.default\">\n\t\t\t\t<div class=\"elementor-widget-container\">\n\t\t\t\t\t<h4 class=\"elementor-heading-title elementor-size-default\">IT Solutions <br>Services Engineer<\/h4>\t\t\t\t<\/div>\n\t\t\t\t<\/div>\n\t\t\t\t<div class=\"elementor-element elementor-element-47cc8a1 elementor-widget elementor-widget-text-editor\" data-id=\"47cc8a1\" data-element_type=\"widget\" data-widget_type=\"text-editor.default\">\n\t\t\t\t<div class=\"elementor-widget-container\">\n\t\t\t\t\t\t\t\t\t<p style=\"text-align: center;\">Land: Deutschland<br \/>Stadt: M\u00f6nchengladbach<\/p>\t\t\t\t\t\t\t\t<\/div>\n\t\t\t\t<\/div>\n\t\t\t\t<div class=\"elementor-element elementor-element-754c4c9 elementor-align-center elementor-widget elementor-widget-button\" data-id=\"754c4c9\" data-element_type=\"widget\" data-widget_type=\"button.default\">\n\t\t\t\t<div class=\"elementor-widget-container\">\n\t\t\t\t\t\t\t\t\t<div class=\"elementor-button-wrapper\">\n\t\t\t\t\t<a class=\"elementor-button elementor-button-link elementor-size-sm\" href=\"https:\/\/www.apsware.com\/de\/karriere\/it-solutions-services-engineer\/\">\n\t\t\t\t\t\t<span class=\"elementor-button-content-wrapper\">\n\t\t\t\t\t\t\t\t\t<span class=\"elementor-button-text\">Weitere Informationen<\/span>\n\t\t\t\t\t<\/span>\n\t\t\t\t\t<\/a>\n\t\t\t\t<\/div>\n\t\t\t\t\t\t\t\t<\/div>\n\t\t\t\t<\/div>\n\t\t\t\t\t<\/div>\n\t\t<\/div>\n\t\t\t\t<div class=\"elementor-column elementor-col-33 elementor-top-column elementor-element elementor-element-a5b9aa4\" data-id=\"a5b9aa4\" data-element_type=\"column\" data-settings=\"{&quot;background_background&quot;:&quot;classic&quot;}\">\n\t\t\t<div class=\"elementor-widget-wrap elementor-element-populated\">\n\t\t\t\t\t\t<div class=\"elementor-element elementor-element-ee0b839 elementor-widget elementor-widget-image\" data-id=\"ee0b839\" data-element_type=\"widget\" data-widget_type=\"image.default\">\n\t\t\t\t<div class=\"elementor-widget-container\">\n\t\t\t\t\t\t\t\t\t\t\t\t\t\t\t<img fetchpriority=\"high\" decoding=\"async\" width=\"800\" height=\"481\" src=\"https:\/\/www.apsware.com\/wp-content\/uploads\/2020\/06\/notebook_Control-M_Service.png\" class=\"attachment-large size-large wp-image-16661\" alt=\"Control-M - \u00dcberblick - Contact us\" srcset=\"https:\/\/www.apsware.com\/wp-content\/uploads\/2020\/06\/notebook_Control-M_Service.png 800w, https:\/\/www.apsware.com\/wp-content\/uploads\/2020\/06\/notebook_Control-M_Service-300x180.png 300w, https:\/\/www.apsware.com\/wp-content\/uploads\/2020\/06\/notebook_Control-M_Service-768x462.png 768w, https:\/\/www.apsware.com\/wp-content\/uploads\/2020\/06\/notebook_Control-M_Service-230x138.png 230w, https:\/\/www.apsware.com\/wp-content\/uploads\/2020\/06\/notebook_Control-M_Service-350x210.png 350w, https:\/\/www.apsware.com\/wp-content\/uploads\/2020\/06\/notebook_Control-M_Service-480x289.png 480w\" sizes=\"(max-width: 800px) 100vw, 800px\" \/>\t\t\t\t\t\t\t\t\t\t\t\t\t\t\t<\/div>\n\t\t\t\t<\/div>\n\t\t\t\t<div class=\"elementor-element elementor-element-3f1d8c7 elementor-widget elementor-widget-heading\" data-id=\"3f1d8c7\" data-element_type=\"widget\" data-widget_type=\"heading.default\">\n\t\t\t\t<div class=\"elementor-widget-container\">\n\t\t\t\t\t<h4 class=\"elementor-heading-title elementor-size-default\">IT Solutions <br>Management Engineer<\/h4>\t\t\t\t<\/div>\n\t\t\t\t<\/div>\n\t\t\t\t<div class=\"elementor-element elementor-element-00a9548 elementor-widget elementor-widget-text-editor\" data-id=\"00a9548\" data-element_type=\"widget\" data-widget_type=\"text-editor.default\">\n\t\t\t\t<div class=\"elementor-widget-container\">\n\t\t\t\t\t\t\t\t\t<p style=\"text-align: center;\">Land: Deutschland<br \/>Stadt: M\u00f6nchengladbach<\/p>\t\t\t\t\t\t\t\t<\/div>\n\t\t\t\t<\/div>\n\t\t\t\t<div class=\"elementor-element elementor-element-88bf7e1 elementor-align-center elementor-widget elementor-widget-button\" data-id=\"88bf7e1\" data-element_type=\"widget\" data-widget_type=\"button.default\">\n\t\t\t\t<div class=\"elementor-widget-container\">\n\t\t\t\t\t\t\t\t\t<div class=\"elementor-button-wrapper\">\n\t\t\t\t\t<a class=\"elementor-button elementor-button-link elementor-size-sm\" href=\"https:\/\/www.apsware.com\/de\/karriere\/it-solutions-management-engineer\/\">\n\t\t\t\t\t\t<span class=\"elementor-button-content-wrapper\">\n\t\t\t\t\t\t\t\t\t<span class=\"elementor-button-text\">Weitere Informationen<\/span>\n\t\t\t\t\t<\/span>\n\t\t\t\t\t<\/a>\n\t\t\t\t<\/div>\n\t\t\t\t\t\t\t\t<\/div>\n\t\t\t\t<\/div>\n\t\t\t\t\t<\/div>\n\t\t<\/div>\n\t\t\t\t\t<\/div>\n\t\t<\/section>\n\t\t\t\t<\/div>\n\t\t","protected":false},"excerpt":{"rendered":"<p>apsware Jobs IT SolutionsSales \/ Account Manager Land: DeutschlandStadt: M\u00f6nchengladbach Weitere Informationen IT Solutions Services Engineer Land: DeutschlandStadt: M\u00f6nchengladbach Weitere Informationen IT Solutions Management Engineer Land: DeutschlandStadt: M\u00f6nchengladbach Weitere Informationen<\/p>\n","protected":false},"author":2,"featured_media":0,"parent":0,"menu_order":0,"comment_status":"closed","ping_status":"closed","template":"","meta":{"footnotes":""},"class_list":["post-22500","page","type-page","status-publish","hentry"],"yoast_head":"<!-- This site is optimized with the Yoast SEO plugin v25.6 - https:\/\/yoast.com\/wordpress\/plugins\/seo\/ -->\n<title>Karriere - apsware<\/title>\n<meta name=\"robots\" content=\"index, follow, max-snippet:-1, max-image-preview:large, max-video-preview:-1\" \/>\n<link rel=\"canonical\" href=\"https:\/\/www.apsware.com\/de\/karriere\/\" \/>\n<meta property=\"og:locale\" content=\"de_DE\" \/>\n<meta property=\"og:type\" content=\"article\" \/>\n<meta property=\"og:title\" content=\"Karriere - apsware\" \/>\n<meta property=\"og:description\" content=\"apsware Jobs IT SolutionsSales \/ Account Manager Land: DeutschlandStadt: M\u00f6nchengladbach Weitere Informationen IT Solutions Services Engineer Land: DeutschlandStadt: M\u00f6nchengladbach Weitere Informationen IT Solutions Management Engineer Land: DeutschlandStadt: M\u00f6nchengladbach Weitere Informationen\" \/>\n<meta property=\"og:url\" content=\"https:\/\/www.apsware.com\/de\/karriere\/\" \/>\n<meta property=\"og:site_name\" content=\"apsware\" \/>\n<meta property=\"article:modified_time\" content=\"2023-11-20T15:42:24+00:00\" \/>\n<meta property=\"og:image\" content=\"https:\/\/www.apsware.com\/wp-content\/uploads\/2020\/06\/notebook_Control-M_Service.png\" \/>\n<meta name=\"twitter:card\" content=\"summary_large_image\" \/>\n<meta name=\"twitter:label1\" content=\"Gesch\u00e4tzte Lesezeit\" \/>\n\t<meta name=\"twitter:data1\" content=\"1\u00a0Minute\" \/>\n<script type=\"application\/ld+json\" class=\"yoast-schema-graph\">{\"@context\":\"https:\/\/schema.org\",\"@graph\":[{\"@type\":\"WebPage\",\"@id\":\"https:\/\/www.apsware.com\/de\/karriere\/\",\"url\":\"https:\/\/www.apsware.com\/de\/karriere\/\",\"name\":\"Karriere - apsware\",\"isPartOf\":{\"@id\":\"https:\/\/www.apsware.com\/de\/#website\"},\"primaryImageOfPage\":{\"@id\":\"https:\/\/www.apsware.com\/de\/karriere\/#primaryimage\"},\"image\":{\"@id\":\"https:\/\/www.apsware.com\/de\/karriere\/#primaryimage\"},\"thumbnailUrl\":\"https:\/\/www.apsware.com\/wp-content\/uploads\/2020\/06\/notebook_Control-M_Service.png\",\"datePublished\":\"2022-05-19T08:30:45+00:00\",\"dateModified\":\"2023-11-20T15:42:24+00:00\",\"breadcrumb\":{\"@id\":\"https:\/\/www.apsware.com\/de\/karriere\/#breadcrumb\"},\"inLanguage\":\"de\",\"potentialAction\":[{\"@type\":\"ReadAction\",\"target\":[\"https:\/\/www.apsware.com\/de\/karriere\/\"]}]},{\"@type\":\"ImageObject\",\"inLanguage\":\"de\",\"@id\":\"https:\/\/www.apsware.com\/de\/karriere\/#primaryimage\",\"url\":\"https:\/\/www.apsware.com\/wp-content\/uploads\/2020\/06\/notebook_Control-M_Service.png\",\"contentUrl\":\"https:\/\/www.apsware.com\/wp-content\/uploads\/2020\/06\/notebook_Control-M_Service.png\"},{\"@type\":\"BreadcrumbList\",\"@id\":\"https:\/\/www.apsware.com\/de\/karriere\/#breadcrumb\",\"itemListElement\":[{\"@type\":\"ListItem\",\"position\":1,\"name\":\"Home\",\"item\":\"https:\/\/www.apsware.com\/de\/\"},{\"@type\":\"ListItem\",\"position\":2,\"name\":\"Karriere\"}]},{\"@type\":\"WebSite\",\"@id\":\"https:\/\/www.apsware.com\/de\/#website\",\"url\":\"https:\/\/www.apsware.com\/de\/\",\"name\":\"apsware\",\"description\":\"Digital Business Automation\",\"publisher\":{\"@id\":\"https:\/\/www.apsware.com\/de\/#organization\"},\"potentialAction\":[{\"@type\":\"SearchAction\",\"target\":{\"@type\":\"EntryPoint\",\"urlTemplate\":\"https:\/\/www.apsware.com\/de\/?s={search_term_string}\"},\"query-input\":{\"@type\":\"PropertyValueSpecification\",\"valueRequired\":true,\"valueName\":\"search_term_string\"}}],\"inLanguage\":\"de\"},{\"@type\":\"Organization\",\"@id\":\"https:\/\/www.apsware.com\/de\/#organization\",\"name\":\"apsware\",\"url\":\"https:\/\/www.apsware.com\/de\/\",\"logo\":{\"@type\":\"ImageObject\",\"inLanguage\":\"de\",\"@id\":\"https:\/\/www.apsware.com\/de\/#\/schema\/logo\/image\/\",\"url\":\"https:\/\/www.apsware.com\/wp-content\/uploads\/2019\/04\/apsware_logo_rgb-2-1.png\",\"contentUrl\":\"https:\/\/www.apsware.com\/wp-content\/uploads\/2019\/04\/apsware_logo_rgb-2-1.png\",\"width\":200,\"height\":46,\"caption\":\"apsware\"},\"image\":{\"@id\":\"https:\/\/www.apsware.com\/de\/#\/schema\/logo\/image\/\"}}]}<\/script>\n<!-- \/ Yoast SEO plugin. -->","yoast_head_json":{"title":"Karriere - apsware","robots":{"index":"index","follow":"follow","max-snippet":"max-snippet:-1","max-image-preview":"max-image-preview:large","max-video-preview":"max-video-preview:-1"},"canonical":"https:\/\/www.apsware.com\/de\/karriere\/","og_locale":"de_DE","og_type":"article","og_title":"Karriere - apsware","og_description":"apsware Jobs IT SolutionsSales \/ Account Manager Land: DeutschlandStadt: M\u00f6nchengladbach Weitere Informationen IT Solutions Services Engineer Land: DeutschlandStadt: M\u00f6nchengladbach Weitere Informationen IT Solutions Management Engineer Land: DeutschlandStadt: M\u00f6nchengladbach Weitere Informationen","og_url":"https:\/\/www.apsware.com\/de\/karriere\/","og_site_name":"apsware","article_modified_time":"2023-11-20T15:42:24+00:00","og_image":[{"url":"https:\/\/www.apsware.com\/wp-content\/uploads\/2020\/06\/notebook_Control-M_Service.png","type":"","width":"","height":""}],"twitter_card":"summary_large_image","twitter_misc":{"Gesch\u00e4tzte Lesezeit":"1\u00a0Minute"},"schema":{"@context":"https:\/\/schema.org","@graph":[{"@type":"WebPage","@id":"https:\/\/www.apsware.com\/de\/karriere\/","url":"https:\/\/www.apsware.com\/de\/karriere\/","name":"Karriere - apsware","isPartOf":{"@id":"https:\/\/www.apsware.com\/de\/#website"},"primaryImageOfPage":{"@id":"https:\/\/www.apsware.com\/de\/karriere\/#primaryimage"},"image":{"@id":"https:\/\/www.apsware.com\/de\/karriere\/#primaryimage"},"thumbnailUrl":"https:\/\/www.apsware.com\/wp-content\/uploads\/2020\/06\/notebook_Control-M_Service.png","datePublished":"2022-05-19T08:30:45+00:00","dateModified":"2023-11-20T15:42:24+00:00","breadcrumb":{"@id":"https:\/\/www.apsware.com\/de\/karriere\/#breadcrumb"},"inLanguage":"de","potentialAction":[{"@type":"ReadAction","target":["https:\/\/www.apsware.com\/de\/karriere\/"]}]},{"@type":"ImageObject","inLanguage":"de","@id":"https:\/\/www.apsware.com\/de\/karriere\/#primaryimage","url":"https:\/\/www.apsware.com\/wp-content\/uploads\/2020\/06\/notebook_Control-M_Service.png","contentUrl":"https:\/\/www.apsware.com\/wp-content\/uploads\/2020\/06\/notebook_Control-M_Service.png"},{"@type":"BreadcrumbList","@id":"https:\/\/www.apsware.com\/de\/karriere\/#breadcrumb","itemListElement":[{"@type":"ListItem","position":1,"name":"Home","item":"https:\/\/www.apsware.com\/de\/"},{"@type":"ListItem","position":2,"name":"Karriere"}]},{"@type":"WebSite","@id":"https:\/\/www.apsware.com\/de\/#website","url":"https:\/\/www.apsware.com\/de\/","name":"apsware","description":"Digital Business Automation","publisher":{"@id":"https:\/\/www.apsware.com\/de\/#organization"},"potentialAction":[{"@type":"SearchAction","target":{"@type":"EntryPoint","urlTemplate":"https:\/\/www.apsware.com\/de\/?s={search_term_string}"},"query-input":{"@type":"PropertyValueSpecification","valueRequired":true,"valueName":"search_term_string"}}],"inLanguage":"de"},{"@type":"Organization","@id":"https:\/\/www.apsware.com\/de\/#organization","name":"apsware","url":"https:\/\/www.apsware.com\/de\/","logo":{"@type":"ImageObject","inLanguage":"de","@id":"https:\/\/www.apsware.com\/de\/#\/schema\/logo\/image\/","url":"https:\/\/www.apsware.com\/wp-content\/uploads\/2019\/04\/apsware_logo_rgb-2-1.png","contentUrl":"https:\/\/www.apsware.com\/wp-content\/uploads\/2019\/04\/apsware_logo_rgb-2-1.png","width":200,"height":46,"caption":"apsware"},"image":{"@id":"https:\/\/www.apsware.com\/de\/#\/schema\/logo\/image\/"}}]}},"_links":{"self":[{"href":"https:\/\/www.apsware.com\/de\/wp-json\/wp\/v2\/pages\/22500","targetHints":{"allow":["GET"]}}],"collection":[{"href":"https:\/\/www.apsware.com\/de\/wp-json\/wp\/v2\/pages"}],"about":[{"href":"https:\/\/www.apsware.com\/de\/wp-json\/wp\/v2\/types\/page"}],"author":[{"embeddable":true,"href":"https:\/\/www.apsware.com\/de\/wp-json\/wp\/v2\/users\/2"}],"replies":[{"embeddable":true,"href":"https:\/\/www.apsware.com\/de\/wp-json\/wp\/v2\/comments?post=22500"}],"version-history":[{"count":17,"href":"https:\/\/www.apsware.com\/de\/wp-json\/wp\/v2\/pages\/22500\/revisions"}],"predecessor-version":[{"id":31740,"href":"https:\/\/www.apsware.com\/de\/wp-json\/wp\/v2\/pages\/22500\/revisions\/31740"}],"wp:attachment":[{"href":"https:\/\/www.apsware.com\/de\/wp-json\/wp\/v2\/media?parent=22500"}],"curies":[{"name":"wp","href":"https:\/\/api.w.org\/{rel}","templated":true}]}}