{"id":21675,"date":"2022-04-04T09:40:38","date_gmt":"2022-04-04T09:40:38","guid":{"rendered":"https:\/\/www.apsware.com\/apsware-wir-stellen-uns-vor\/"},"modified":"2025-02-25T11:56:23","modified_gmt":"2025-02-25T11:56:23","slug":"apsware-wir-stellen-uns-vor","status":"publish","type":"page","link":"https:\/\/www.apsware.com\/de\/apsware-wir-stellen-uns-vor\/","title":{"rendered":"apsware &#8211; wir stellen uns vor"},"content":{"rendered":"\t\t<div data-elementor-type=\"wp-page\" data-elementor-id=\"21675\" class=\"elementor elementor-21675 elementor-9214\" data-elementor-post-type=\"page\">\n\t\t\t\t\t\t<section class=\"elementor-section elementor-top-section elementor-element elementor-element-1cd890b elementor-section-stretched elementor-section-height-min-height elementor-section-boxed elementor-section-height-default elementor-section-items-middle\" data-id=\"1cd890b\" data-element_type=\"section\" data-settings=\"{&quot;stretch_section&quot;:&quot;section-stretched&quot;,&quot;background_background&quot;:&quot;classic&quot;}\">\n\t\t\t\t\t\t<div class=\"elementor-container elementor-column-gap-default\">\n\t\t\t\t\t<div class=\"elementor-column elementor-col-100 elementor-top-column elementor-element elementor-element-d325c2f\" data-id=\"d325c2f\" data-element_type=\"column\">\n\t\t\t<div class=\"elementor-widget-wrap elementor-element-populated\">\n\t\t\t\t\t\t<div class=\"elementor-element elementor-element-246546a elementor-widget elementor-widget-image\" data-id=\"246546a\" data-element_type=\"widget\" data-widget_type=\"image.default\">\n\t\t\t\t<div class=\"elementor-widget-container\">\n\t\t\t\t\t\t\t\t\t\t\t\t\t\t\t<img decoding=\"async\" src=\"https:\/\/www.apsware.com\/wp-content\/uploads\/elementor\/thumbs\/apsware_logo_rgb_680px-pki4a9gw33rcv2nhnvb67kng7w0fbn1wyop2fcnmn0.png\" title=\"apsware_logo_rgb_680px\" alt=\"apsware_logo_rgb_680px\" loading=\"lazy\" \/>\t\t\t\t\t\t\t\t\t\t\t\t\t\t\t<\/div>\n\t\t\t\t<\/div>\n\t\t\t\t\t<\/div>\n\t\t<\/div>\n\t\t\t\t\t<\/div>\n\t\t<\/section>\n\t\t\t\t<section class=\"elementor-section elementor-top-section elementor-element elementor-element-10e97b2 elementor-section-stretched elementor-section-boxed elementor-section-height-default elementor-section-height-default\" data-id=\"10e97b2\" data-element_type=\"section\" data-settings=\"{&quot;stretch_section&quot;:&quot;section-stretched&quot;}\">\n\t\t\t\t\t\t<div class=\"elementor-container elementor-column-gap-default\">\n\t\t\t\t\t<div class=\"elementor-column elementor-col-100 elementor-top-column elementor-element elementor-element-da37752\" data-id=\"da37752\" data-element_type=\"column\">\n\t\t\t<div class=\"elementor-widget-wrap elementor-element-populated\">\n\t\t\t\t\t\t<div class=\"elementor-element elementor-element-3e58585 elementor-widget elementor-widget-heading\" data-id=\"3e58585\" data-element_type=\"widget\" data-widget_type=\"heading.default\">\n\t\t\t\t<div class=\"elementor-widget-container\">\n\t\t\t\t\t<h3 class=\"elementor-heading-title elementor-size-xl\">apsware Firmenpr\u00e4sentation<\/h3>\t\t\t\t<\/div>\n\t\t\t\t<\/div>\n\t\t\t\t<div class=\"elementor-element elementor-element-8d3708a elementor-widget elementor-widget-heading\" data-id=\"8d3708a\" data-element_type=\"widget\" data-widget_type=\"heading.default\">\n\t\t\t\t<div class=\"elementor-widget-container\">\n\t\t\t\t\t<h2 class=\"elementor-heading-title elementor-size-default\">apsware - die Digital Business Automation Experten<\/h2>\t\t\t\t<\/div>\n\t\t\t\t<\/div>\n\t\t\t\t\t<\/div>\n\t\t<\/div>\n\t\t\t\t\t<\/div>\n\t\t<\/section>\n\t\t\t\t<section class=\"elementor-section elementor-top-section elementor-element elementor-element-d30ae67 elementor-section-stretched elementor-section-boxed elementor-section-height-default elementor-section-height-default\" data-id=\"d30ae67\" data-element_type=\"section\" data-settings=\"{&quot;stretch_section&quot;:&quot;section-stretched&quot;}\">\n\t\t\t\t\t\t<div class=\"elementor-container elementor-column-gap-default\">\n\t\t\t\t\t<div class=\"elementor-column elementor-col-100 elementor-top-column elementor-element elementor-element-be9ec84\" data-id=\"be9ec84\" data-element_type=\"column\">\n\t\t\t<div class=\"elementor-widget-wrap elementor-element-populated\">\n\t\t\t\t\t\t<div class=\"elementor-element elementor-element-2f583cc elementor-widget elementor-widget-text-editor\" data-id=\"2f583cc\" data-element_type=\"widget\" data-widget_type=\"text-editor.default\">\n\t\t\t\t<div class=\"elementor-widget-container\">\n\t\t\t\t\t\t\t\t\tDie Automatisierung von Digital Business Prozessen ist f\u00fcr die meisten Unternehmen unerl\u00e4sslich. Gegr\u00fcndet 1996, hat sich apsware auf Digital Business Automation spezialisiert, einschlie\u00dflich Workload Automation, Batch Scheduling und Managed File Transfer. apsware bietet Technologie, Dienstleistungen, Wissen und Erfahrung, um die Automatisierung von digitalen Gesch\u00e4ftsprozessen zu implementieren, zu betreiben und zu verbessern.<br><br>Seit Jahrzehnten nimmt apsware eine f\u00fchrende Rolle bei der Optimierung von Digital Business Automation-Umgebungen durch seine fachkundigen Analyse- und Visualisierungsl\u00f6sungen ein. Die L\u00f6sungen von apsware erm\u00f6glichen es Automatisierungsexperten und Self-Service-Anwendern, innerhalb von Minuten statt Stunden oder gar Tagen Einblicke in komplexe automatisierte Prozesse zu erhalten. Dadurch k\u00f6nnen Unternehmen Probleme und Verz\u00f6gerungen bei automatisierten Prozessen vermeiden.<br><br>Hunderte von regionalen und multinationalen Unternehmen aus allen wichtigen Branchen nutzen die L\u00f6sungen von apsware, um die Effizienz von Digital Business Automation zu verbessern, Kosten zu senken und Wettbewerbsvorteile zu erzielen.<br><br>Das fundierte Wissen und die Erfahrung der apsware-Experten erm\u00f6glicht es Unternehmen, Digital Business Automation-Projekte von der Konzeption bis zum Abschluss erfolgreich durchzuf\u00fchren.<br><br>Durch Technologiepartnerschaften mit Marktf\u00fchrern wie BMC Software, IBM und Broadcom entwickelt, vermarktet und unterst\u00fctzt apsware innovative Analyse- und Visualisierungsl\u00f6sungen, die Ihre Digital Business Automation-L\u00f6sung verbessern und erg\u00e4nzen.<br><br>apsware ist ein zu 100 % privates, unabh\u00e4ngiges Unternehmen, ohne externe Investoren.<br><br>&nbsp;<br><br>\u00bb Visualization und Analysis von Business Prozessen<br><br>\u00bb Digital Business Process Automation<br><br>\u00bb Process Orchestration<br><br>\u00bb Workload Automation<br><br>&nbsp;<br><br>Hunderte von regionalen und multinationalen Unternehmen aus allen wichtigen Branchen nutzen die L\u00f6sungen der apsware GmbH, um die Effizienz von Digital Business Automation zu verbessern, Kosten zu senken und Wettbewerbsvorteile zu erzielen.<br><br>&nbsp;<br><br>Durch eigene Technologien und durch Technologiepartnerschaften mit Marktf\u00fchrern wie BMC Software, IBM und Broadcom entwickelt und vermarktet apsware GmbH innovative L\u00f6sungen, zur Steuerung von Digital Business Automation-L\u00f6sungen.<br><br>Wir sind international und in verschiedenen M\u00e4rkten und Branchen mit unseren L\u00f6sungen erfolgreich.<br><br>Die apsware GmbH ist ein zu 100%, privates, unabh\u00e4ngiges Unternehmen, was es der apsware GmbH erm\u00f6glicht, sich ausschlie\u00dflich auf die Bed\u00fcrfnisse seiner Kunden und Mitarbeiter zu konzentrieren.\t\t\t\t\t\t\t\t<\/div>\n\t\t\t\t<\/div>\n\t\t\t\t\t<\/div>\n\t\t<\/div>\n\t\t\t\t\t<\/div>\n\t\t<\/section>\n\t\t\t\t<\/div>\n\t\t","protected":false},"excerpt":{"rendered":"<p>apsware Firmenpr\u00e4sentation apsware &#8211; die Digital Business Automation Experten Die Automatisierung von Digital Business Prozessen ist f\u00fcr die meisten Unternehmen unerl\u00e4sslich. Gegr\u00fcndet 1996, hat sich apsware auf Digital Business Automation spezialisiert, einschlie\u00dflich Workload Automation, Batch Scheduling und Managed File Transfer. apsware bietet Technologie, Dienstleistungen, Wissen und Erfahrung, um die Automatisierung von digitalen Gesch\u00e4ftsprozessen zu implementieren, [&hellip;]<\/p>\n","protected":false},"author":381,"featured_media":0,"parent":0,"menu_order":0,"comment_status":"closed","ping_status":"closed","template":"","meta":{"footnotes":""},"class_list":["post-21675","page","type-page","status-publish","hentry"],"yoast_head":"<!-- This site is optimized with the Yoast SEO plugin v25.6 - https:\/\/yoast.com\/wordpress\/plugins\/seo\/ -->\n<title>apsware - wir stellen uns vor - apsware<\/title>\n<meta name=\"description\" content=\"apsware hat sich auf Digital Business Automation, einschlie\u00dflich Workload Automation und Batch Scheduling, spezialisiert. Erfahren Sie mehr \u00fcber das Unternehmen.\" \/>\n<meta name=\"robots\" content=\"index, follow, max-snippet:-1, max-image-preview:large, max-video-preview:-1\" \/>\n<link rel=\"canonical\" href=\"https:\/\/www.apsware.com\/de\/apsware-wir-stellen-uns-vor\/\" \/>\n<meta property=\"og:locale\" content=\"de_DE\" \/>\n<meta property=\"og:type\" content=\"article\" \/>\n<meta property=\"og:title\" content=\"apsware - wir stellen uns vor - apsware\" \/>\n<meta property=\"og:description\" content=\"apsware hat sich auf Digital Business Automation, einschlie\u00dflich Workload Automation und Batch Scheduling, spezialisiert. Erfahren Sie mehr \u00fcber das Unternehmen.\" \/>\n<meta property=\"og:url\" content=\"https:\/\/www.apsware.com\/de\/apsware-wir-stellen-uns-vor\/\" \/>\n<meta property=\"og:site_name\" content=\"apsware\" \/>\n<meta property=\"article:modified_time\" content=\"2025-02-25T11:56:23+00:00\" \/>\n<meta property=\"og:image\" content=\"https:\/\/www.apsware.com\/wp-content\/uploads\/elementor\/thumbs\/apsware_logo_rgb_680px-pki4a9gw33rcv2nhnvb67kng7w0fbn1wyop2fcnmna.png\" \/>\n<meta name=\"twitter:card\" content=\"summary_large_image\" \/>\n<meta name=\"twitter:label1\" content=\"Gesch\u00e4tzte Lesezeit\" \/>\n\t<meta name=\"twitter:data1\" content=\"3\u00a0Minuten\" \/>\n<script type=\"application\/ld+json\" class=\"yoast-schema-graph\">{\"@context\":\"https:\/\/schema.org\",\"@graph\":[{\"@type\":\"WebPage\",\"@id\":\"https:\/\/www.apsware.com\/de\/apsware-wir-stellen-uns-vor\/\",\"url\":\"https:\/\/www.apsware.com\/de\/apsware-wir-stellen-uns-vor\/\",\"name\":\"apsware - wir stellen uns vor - apsware\",\"isPartOf\":{\"@id\":\"https:\/\/www.apsware.com\/de\/#website\"},\"primaryImageOfPage\":{\"@id\":\"https:\/\/www.apsware.com\/de\/apsware-wir-stellen-uns-vor\/#primaryimage\"},\"image\":{\"@id\":\"https:\/\/www.apsware.com\/de\/apsware-wir-stellen-uns-vor\/#primaryimage\"},\"thumbnailUrl\":\"https:\/\/www.apsware.com\/wp-content\/uploads\/elementor\/thumbs\/apsware_logo_rgb_680px-pki4a9gw33rcv2nhnvb67kng7w0fbn1wyop2fcnmna.png\",\"datePublished\":\"2022-04-04T09:40:38+00:00\",\"dateModified\":\"2025-02-25T11:56:23+00:00\",\"description\":\"apsware hat sich auf Digital Business Automation, einschlie\u00dflich Workload Automation und Batch Scheduling, spezialisiert. Erfahren Sie mehr \u00fcber das Unternehmen.\",\"breadcrumb\":{\"@id\":\"https:\/\/www.apsware.com\/de\/apsware-wir-stellen-uns-vor\/#breadcrumb\"},\"inLanguage\":\"de\",\"potentialAction\":[{\"@type\":\"ReadAction\",\"target\":[\"https:\/\/www.apsware.com\/de\/apsware-wir-stellen-uns-vor\/\"]}]},{\"@type\":\"ImageObject\",\"inLanguage\":\"de\",\"@id\":\"https:\/\/www.apsware.com\/de\/apsware-wir-stellen-uns-vor\/#primaryimage\",\"url\":\"https:\/\/www.apsware.com\/wp-content\/uploads\/elementor\/thumbs\/apsware_logo_rgb_680px-pki4a9gw33rcv2nhnvb67kng7w0fbn1wyop2fcnmna.png\",\"contentUrl\":\"https:\/\/www.apsware.com\/wp-content\/uploads\/elementor\/thumbs\/apsware_logo_rgb_680px-pki4a9gw33rcv2nhnvb67kng7w0fbn1wyop2fcnmna.png\"},{\"@type\":\"BreadcrumbList\",\"@id\":\"https:\/\/www.apsware.com\/de\/apsware-wir-stellen-uns-vor\/#breadcrumb\",\"itemListElement\":[{\"@type\":\"ListItem\",\"position\":1,\"name\":\"Home\",\"item\":\"https:\/\/www.apsware.com\/de\/\"},{\"@type\":\"ListItem\",\"position\":2,\"name\":\"apsware &#8211; wir stellen uns vor\"}]},{\"@type\":\"WebSite\",\"@id\":\"https:\/\/www.apsware.com\/de\/#website\",\"url\":\"https:\/\/www.apsware.com\/de\/\",\"name\":\"apsware\",\"description\":\"Digital Business Automation\",\"publisher\":{\"@id\":\"https:\/\/www.apsware.com\/de\/#organization\"},\"potentialAction\":[{\"@type\":\"SearchAction\",\"target\":{\"@type\":\"EntryPoint\",\"urlTemplate\":\"https:\/\/www.apsware.com\/de\/?s={search_term_string}\"},\"query-input\":{\"@type\":\"PropertyValueSpecification\",\"valueRequired\":true,\"valueName\":\"search_term_string\"}}],\"inLanguage\":\"de\"},{\"@type\":\"Organization\",\"@id\":\"https:\/\/www.apsware.com\/de\/#organization\",\"name\":\"apsware\",\"url\":\"https:\/\/www.apsware.com\/de\/\",\"logo\":{\"@type\":\"ImageObject\",\"inLanguage\":\"de\",\"@id\":\"https:\/\/www.apsware.com\/de\/#\/schema\/logo\/image\/\",\"url\":\"https:\/\/www.apsware.com\/wp-content\/uploads\/2019\/04\/apsware_logo_rgb-2-1.png\",\"contentUrl\":\"https:\/\/www.apsware.com\/wp-content\/uploads\/2019\/04\/apsware_logo_rgb-2-1.png\",\"width\":200,\"height\":46,\"caption\":\"apsware\"},\"image\":{\"@id\":\"https:\/\/www.apsware.com\/de\/#\/schema\/logo\/image\/\"}}]}<\/script>\n<!-- \/ Yoast SEO plugin. -->","yoast_head_json":{"title":"apsware - wir stellen uns vor - apsware","description":"apsware hat sich auf Digital Business Automation, einschlie\u00dflich Workload Automation und Batch Scheduling, spezialisiert. Erfahren Sie mehr \u00fcber das Unternehmen.","robots":{"index":"index","follow":"follow","max-snippet":"max-snippet:-1","max-image-preview":"max-image-preview:large","max-video-preview":"max-video-preview:-1"},"canonical":"https:\/\/www.apsware.com\/de\/apsware-wir-stellen-uns-vor\/","og_locale":"de_DE","og_type":"article","og_title":"apsware - wir stellen uns vor - apsware","og_description":"apsware hat sich auf Digital Business Automation, einschlie\u00dflich Workload Automation und Batch Scheduling, spezialisiert. Erfahren Sie mehr \u00fcber das Unternehmen.","og_url":"https:\/\/www.apsware.com\/de\/apsware-wir-stellen-uns-vor\/","og_site_name":"apsware","article_modified_time":"2025-02-25T11:56:23+00:00","og_image":[{"url":"https:\/\/www.apsware.com\/wp-content\/uploads\/elementor\/thumbs\/apsware_logo_rgb_680px-pki4a9gw33rcv2nhnvb67kng7w0fbn1wyop2fcnmna.png","type":"","width":"","height":""}],"twitter_card":"summary_large_image","twitter_misc":{"Gesch\u00e4tzte Lesezeit":"3\u00a0Minuten"},"schema":{"@context":"https:\/\/schema.org","@graph":[{"@type":"WebPage","@id":"https:\/\/www.apsware.com\/de\/apsware-wir-stellen-uns-vor\/","url":"https:\/\/www.apsware.com\/de\/apsware-wir-stellen-uns-vor\/","name":"apsware - wir stellen uns vor - apsware","isPartOf":{"@id":"https:\/\/www.apsware.com\/de\/#website"},"primaryImageOfPage":{"@id":"https:\/\/www.apsware.com\/de\/apsware-wir-stellen-uns-vor\/#primaryimage"},"image":{"@id":"https:\/\/www.apsware.com\/de\/apsware-wir-stellen-uns-vor\/#primaryimage"},"thumbnailUrl":"https:\/\/www.apsware.com\/wp-content\/uploads\/elementor\/thumbs\/apsware_logo_rgb_680px-pki4a9gw33rcv2nhnvb67kng7w0fbn1wyop2fcnmna.png","datePublished":"2022-04-04T09:40:38+00:00","dateModified":"2025-02-25T11:56:23+00:00","description":"apsware hat sich auf Digital Business Automation, einschlie\u00dflich Workload Automation und Batch Scheduling, spezialisiert. Erfahren Sie mehr \u00fcber das Unternehmen.","breadcrumb":{"@id":"https:\/\/www.apsware.com\/de\/apsware-wir-stellen-uns-vor\/#breadcrumb"},"inLanguage":"de","potentialAction":[{"@type":"ReadAction","target":["https:\/\/www.apsware.com\/de\/apsware-wir-stellen-uns-vor\/"]}]},{"@type":"ImageObject","inLanguage":"de","@id":"https:\/\/www.apsware.com\/de\/apsware-wir-stellen-uns-vor\/#primaryimage","url":"https:\/\/www.apsware.com\/wp-content\/uploads\/elementor\/thumbs\/apsware_logo_rgb_680px-pki4a9gw33rcv2nhnvb67kng7w0fbn1wyop2fcnmna.png","contentUrl":"https:\/\/www.apsware.com\/wp-content\/uploads\/elementor\/thumbs\/apsware_logo_rgb_680px-pki4a9gw33rcv2nhnvb67kng7w0fbn1wyop2fcnmna.png"},{"@type":"BreadcrumbList","@id":"https:\/\/www.apsware.com\/de\/apsware-wir-stellen-uns-vor\/#breadcrumb","itemListElement":[{"@type":"ListItem","position":1,"name":"Home","item":"https:\/\/www.apsware.com\/de\/"},{"@type":"ListItem","position":2,"name":"apsware &#8211; wir stellen uns vor"}]},{"@type":"WebSite","@id":"https:\/\/www.apsware.com\/de\/#website","url":"https:\/\/www.apsware.com\/de\/","name":"apsware","description":"Digital Business Automation","publisher":{"@id":"https:\/\/www.apsware.com\/de\/#organization"},"potentialAction":[{"@type":"SearchAction","target":{"@type":"EntryPoint","urlTemplate":"https:\/\/www.apsware.com\/de\/?s={search_term_string}"},"query-input":{"@type":"PropertyValueSpecification","valueRequired":true,"valueName":"search_term_string"}}],"inLanguage":"de"},{"@type":"Organization","@id":"https:\/\/www.apsware.com\/de\/#organization","name":"apsware","url":"https:\/\/www.apsware.com\/de\/","logo":{"@type":"ImageObject","inLanguage":"de","@id":"https:\/\/www.apsware.com\/de\/#\/schema\/logo\/image\/","url":"https:\/\/www.apsware.com\/wp-content\/uploads\/2019\/04\/apsware_logo_rgb-2-1.png","contentUrl":"https:\/\/www.apsware.com\/wp-content\/uploads\/2019\/04\/apsware_logo_rgb-2-1.png","width":200,"height":46,"caption":"apsware"},"image":{"@id":"https:\/\/www.apsware.com\/de\/#\/schema\/logo\/image\/"}}]}},"_links":{"self":[{"href":"https:\/\/www.apsware.com\/de\/wp-json\/wp\/v2\/pages\/21675","targetHints":{"allow":["GET"]}}],"collection":[{"href":"https:\/\/www.apsware.com\/de\/wp-json\/wp\/v2\/pages"}],"about":[{"href":"https:\/\/www.apsware.com\/de\/wp-json\/wp\/v2\/types\/page"}],"author":[{"embeddable":true,"href":"https:\/\/www.apsware.com\/de\/wp-json\/wp\/v2\/users\/381"}],"replies":[{"embeddable":true,"href":"https:\/\/www.apsware.com\/de\/wp-json\/wp\/v2\/comments?post=21675"}],"version-history":[{"count":42,"href":"https:\/\/www.apsware.com\/de\/wp-json\/wp\/v2\/pages\/21675\/revisions"}],"predecessor-version":[{"id":35026,"href":"https:\/\/www.apsware.com\/de\/wp-json\/wp\/v2\/pages\/21675\/revisions\/35026"}],"wp:attachment":[{"href":"https:\/\/www.apsware.com\/de\/wp-json\/wp\/v2\/media?parent=21675"}],"curies":[{"name":"wp","href":"https:\/\/api.w.org\/{rel}","templated":true}]}}