{"id":19514,"date":"2021-03-24T13:30:07","date_gmt":"2021-03-24T13:30:07","guid":{"rendered":"https:\/\/www.apsware.com\/blog\/modernization-with-workflow-automation\/wie-control-m-die-ausfuehrung-von-end-to-end-workflows-in-komplexen-hybriden-umgebungen-orchestriert-request-ebook\/"},"modified":"2021-03-25T12:58:36","modified_gmt":"2021-03-25T12:58:36","slug":"wie-control-m-die-ausfuehrung-von-end-to-end-workflows-in-komplexen-hybriden-umgebungen-orchestriert-request-ebook","status":"publish","type":"page","link":"https:\/\/www.apsware.com\/de\/blog\/blog_wie_control-m_die_ausfuehrung_von_end_to_end_workflows_orchestriert\/wie-control-m-die-ausfuehrung-von-end-to-end-workflows-in-komplexen-hybriden-umgebungen-orchestriert-request-ebook\/","title":{"rendered":"Wie Control-M die Ausf\u00fchrung von End-to-End-Workflows in komplexen, hybriden Umgebungen orchestriert &#8211; request ebook"},"content":{"rendered":"\t\t<div data-elementor-type=\"wp-page\" data-elementor-id=\"19514\" class=\"elementor elementor-19514 elementor-19486\" data-elementor-post-type=\"page\">\n\t\t\t\t\t\t<section class=\"elementor-section elementor-top-section elementor-element elementor-element-55e9c19 elementor-section-stretched elementor-section-boxed elementor-section-height-default elementor-section-height-default\" data-id=\"55e9c19\" data-element_type=\"section\" data-settings=\"{&quot;stretch_section&quot;:&quot;section-stretched&quot;}\">\n\t\t\t\t\t\t<div class=\"elementor-container elementor-column-gap-default\">\n\t\t\t\t\t<div class=\"elementor-column elementor-col-100 elementor-top-column elementor-element elementor-element-608944c\" data-id=\"608944c\" data-element_type=\"column\">\n\t\t\t<div class=\"elementor-widget-wrap elementor-element-populated\">\n\t\t\t\t\t\t<div class=\"elementor-element elementor-element-35920a9 elementor-widget elementor-widget-heading\" data-id=\"35920a9\" data-element_type=\"widget\" data-widget_type=\"heading.default\">\n\t\t\t\t<div class=\"elementor-widget-container\">\n\t\t\t\t\t<h2 class=\"elementor-heading-title elementor-size-default\">Wie Control-M die Ausf\u00fchrung von End-to-End-Workflows orchestriert<\/h2>\t\t\t\t<\/div>\n\t\t\t\t<\/div>\n\t\t\t\t\t<\/div>\n\t\t<\/div>\n\t\t\t\t\t<\/div>\n\t\t<\/section>\n\t\t\t\t<section class=\"elementor-section elementor-top-section elementor-element elementor-element-fd46a57 elementor-section-stretched elementor-section-boxed elementor-section-height-default elementor-section-height-default\" data-id=\"fd46a57\" data-element_type=\"section\" data-settings=\"{&quot;stretch_section&quot;:&quot;section-stretched&quot;}\">\n\t\t\t\t\t\t\t<div class=\"elementor-background-overlay\"><\/div>\n\t\t\t\t\t\t\t<div class=\"elementor-container elementor-column-gap-default\">\n\t\t\t\t\t<div class=\"elementor-column elementor-col-50 elementor-top-column elementor-element elementor-element-201d95f\" data-id=\"201d95f\" data-element_type=\"column\">\n\t\t\t<div class=\"elementor-widget-wrap elementor-element-populated\">\n\t\t\t\t\t\t<div class=\"elementor-element elementor-element-d99cf2b elementor-widget elementor-widget-text-editor\" data-id=\"d99cf2b\" data-element_type=\"widget\" data-widget_type=\"text-editor.default\">\n\t\t\t\t<div class=\"elementor-widget-container\">\n\t\t\t\t\t\t\t\t\t<p>\n<div class=\"wpcf7 no-js\" id=\"wpcf7-f19609-o1\" lang=\"de-DE\" dir=\"ltr\" data-wpcf7-id=\"19609\">\n<div class=\"screen-reader-response\"><p role=\"status\" aria-live=\"polite\" aria-atomic=\"true\"><\/p> <ul><\/ul><\/div>\n<form action=\"\/de\/wp-json\/wp\/v2\/pages\/19514#wpcf7-f19609-o1\" method=\"post\" class=\"wpcf7-form init\" aria-label=\"Kontaktformular\" novalidate=\"novalidate\" data-status=\"init\">\n<fieldset class=\"hidden-fields-container\"><input type=\"hidden\" name=\"_wpcf7\" value=\"19609\" \/><input type=\"hidden\" name=\"_wpcf7_version\" value=\"6.1\" \/><input type=\"hidden\" name=\"_wpcf7_locale\" value=\"de_DE\" \/><input type=\"hidden\" name=\"_wpcf7_unit_tag\" value=\"wpcf7-f19609-o1\" \/><input type=\"hidden\" name=\"_wpcf7_container_post\" value=\"0\" \/><input type=\"hidden\" name=\"_wpcf7_posted_data_hash\" value=\"\" \/>\n<\/fieldset>\n<p><label> Firma (erforderlich)<br \/>\n<span class=\"wpcf7-form-control-wrap\" data-name=\"company\"><input size=\"40\" maxlength=\"400\" class=\"wpcf7-form-control wpcf7-text wpcf7-validates-as-required borderinput\" aria-required=\"true\" aria-invalid=\"false\" value=\"\" type=\"text\" name=\"company\" \/><\/span> <\/label><br \/>\n<label> Vorname + Nachname(erforderlich)<br \/>\n<span class=\"wpcf7-form-control-wrap\" data-name=\"first-name\"><input size=\"40\" maxlength=\"400\" class=\"wpcf7-form-control wpcf7-text wpcf7-validates-as-required borderinput\" aria-required=\"true\" aria-invalid=\"false\" value=\"\" type=\"text\" name=\"first-name\" \/><\/span> <\/label><br \/>\n<label> Firmen Email (erforderlich)<br \/>\n<span class=\"wpcf7-form-control-wrap\" data-name=\"email\"><input size=\"40\" maxlength=\"400\" class=\"wpcf7-form-control wpcf7-email wpcf7-validates-as-required wpcf7-text wpcf7-validates-as-email borderinput\" aria-required=\"true\" aria-invalid=\"false\" value=\"\" type=\"email\" name=\"email\" \/><\/span> <\/label>\n<\/p>\n<p><span class=\"wpcf7-form-control-wrap\" data-name=\"checkbox-855\"><span class=\"wpcf7-form-control wpcf7-checkbox wpcf7-validates-as-required\"><span class=\"wpcf7-list-item first last\"><input type=\"checkbox\" name=\"checkbox-855[]\" value=\"\" \/><span class=\"wpcf7-list-item-label\"><\/span><\/span><\/span><\/span><span> Ihre Vertraulichkeit ist gew\u00e4hrleistet. Bitte lesen und akzeptieren Sie unsere <a target=\"_blank\" rel=\"noopener noreferrer\" href=\"https:\/\/www.apsware.com\/privacy-statement\/\">Datenschutzerkl\u00e4rung<\/a><\/span>\n<\/p>\n<div style=\"margin-top: 20px; margin-bottom:10px\">\n\t<p><input class=\"wpcf7-form-control wpcf7-submit has-spinner\" type=\"submit\" value=\"Send\" \/>\n\t<\/p>\n<\/div><div class=\"wpcf7-response-output\" aria-hidden=\"true\"><\/div>\n<\/form>\n<\/div>\n<\/p>\n\t\t\t\t\t\t\t\t<\/div>\n\t\t\t\t<\/div>\n\t\t\t\t\t<\/div>\n\t\t<\/div>\n\t\t\t\t<div class=\"elementor-column elementor-col-50 elementor-top-column elementor-element elementor-element-6017397\" data-id=\"6017397\" data-element_type=\"column\">\n\t\t\t<div class=\"elementor-widget-wrap elementor-element-populated\">\n\t\t\t\t\t\t<div class=\"elementor-element elementor-element-7a6c87c elementor-widget elementor-widget-image\" data-id=\"7a6c87c\" data-element_type=\"widget\" data-widget_type=\"image.default\">\n\t\t\t\t<div class=\"elementor-widget-container\">\n\t\t\t\t\t\t\t\t\t\t\t\t\t\t\t<img fetchpriority=\"high\" decoding=\"async\" width=\"746\" height=\"433\" src=\"https:\/\/www.apsware.com\/wp-content\/uploads\/2021\/03\/notebook_end_to_end_01.png\" class=\"attachment-large size-large wp-image-19502\" alt=\"\" srcset=\"https:\/\/www.apsware.com\/wp-content\/uploads\/2021\/03\/notebook_end_to_end_01.png 746w, https:\/\/www.apsware.com\/wp-content\/uploads\/2021\/03\/notebook_end_to_end_01-300x174.png 300w, https:\/\/www.apsware.com\/wp-content\/uploads\/2021\/03\/notebook_end_to_end_01-230x133.png 230w, https:\/\/www.apsware.com\/wp-content\/uploads\/2021\/03\/notebook_end_to_end_01-350x203.png 350w, https:\/\/www.apsware.com\/wp-content\/uploads\/2021\/03\/notebook_end_to_end_01-480x279.png 480w\" sizes=\"(max-width: 746px) 100vw, 746px\" \/>\t\t\t\t\t\t\t\t\t\t\t\t\t\t\t<\/div>\n\t\t\t\t<\/div>\n\t\t\t\t<div class=\"elementor-element elementor-element-6181205 elementor-widget elementor-widget-heading\" data-id=\"6181205\" data-element_type=\"widget\" data-widget_type=\"heading.default\">\n\t\t\t\t<div class=\"elementor-widget-container\">\n\t\t\t\t\t<h2 class=\"elementor-heading-title elementor-size-default\">eBook anfordern<\/h2>\t\t\t\t<\/div>\n\t\t\t\t<\/div>\n\t\t\t\t<div class=\"elementor-element elementor-element-202cf4f elementor-widget elementor-widget-text-editor\" data-id=\"202cf4f\" data-element_type=\"widget\" data-widget_type=\"text-editor.default\">\n\t\t\t\t<div class=\"elementor-widget-container\">\n\t\t\t\t\t\t\t\t\t<p>Um unser ebook \u00fcber End-to-End Automation mit Control-M (in englischer Sprache) herunterzuladen, f\u00fcllen Sie bitte das Kontaktformular aus und Sie erhalten das ebook umgehend als PDF-Datei.<\/p>\t\t\t\t\t\t\t\t<\/div>\n\t\t\t\t<\/div>\n\t\t\t\t<div class=\"elementor-element elementor-element-8cf0394 elementor-align-center elementor-widget elementor-widget-button\" data-id=\"8cf0394\" data-element_type=\"widget\" data-widget_type=\"button.default\">\n\t\t\t\t<div class=\"elementor-widget-container\">\n\t\t\t\t\t\t\t\t\t<div class=\"elementor-button-wrapper\">\n\t\t\t\t\t<a class=\"elementor-button elementor-button-link elementor-size-sm\" href=\"https:\/\/www.apsware.com\/de\/blog\/modernization-with-workflow-automation\/\">\n\t\t\t\t\t\t<span class=\"elementor-button-content-wrapper\">\n\t\t\t\t\t\t\t\t\t<span class=\"elementor-button-text\">Zur\u00fcck zum Blog<\/span>\n\t\t\t\t\t<\/span>\n\t\t\t\t\t<\/a>\n\t\t\t\t<\/div>\n\t\t\t\t\t\t\t\t<\/div>\n\t\t\t\t<\/div>\n\t\t\t\t<div class=\"elementor-element elementor-element-a0a7167 elementor-align-center elementor-widget elementor-widget-button\" data-id=\"a0a7167\" data-element_type=\"widget\" data-widget_type=\"button.default\">\n\t\t\t\t<div class=\"elementor-widget-container\">\n\t\t\t\t\t\t\t\t\t<div class=\"elementor-button-wrapper\">\n\t\t\t\t\t<a class=\"elementor-button elementor-button-link elementor-size-sm\" href=\"\/de\/control-m-digital-business-automation-im-ueberblick\/\">\n\t\t\t\t\t\t<span class=\"elementor-button-content-wrapper\">\n\t\t\t\t\t\t\t\t\t<span class=\"elementor-button-text\">Gehe zu Control-M Overview<\/span>\n\t\t\t\t\t<\/span>\n\t\t\t\t\t<\/a>\n\t\t\t\t<\/div>\n\t\t\t\t\t\t\t\t<\/div>\n\t\t\t\t<\/div>\n\t\t\t\t\t<\/div>\n\t\t<\/div>\n\t\t\t\t\t<\/div>\n\t\t<\/section>\n\t\t\t\t<\/div>\n\t\t","protected":false},"excerpt":{"rendered":"<p>Wie Control-M die Ausf\u00fchrung von End-to-End-Workflows orchestriert eBook anfordern Um unser ebook \u00fcber End-to-End Automation mit Control-M (in englischer Sprache) herunterzuladen, f\u00fcllen Sie bitte das Kontaktformular aus und Sie erhalten das ebook umgehend als PDF-Datei. Zur\u00fcck zum Blog Gehe zu Control-M Overview<\/p>\n","protected":false},"author":2,"featured_media":0,"parent":19510,"menu_order":0,"comment_status":"closed","ping_status":"closed","template":"","meta":{"footnotes":""},"class_list":["post-19514","page","type-page","status-publish","hentry"],"yoast_head":"<!-- This site is optimized with the Yoast SEO plugin v25.6 - https:\/\/yoast.com\/wordpress\/plugins\/seo\/ -->\n<title>Wie Control-M die Ausf\u00fchrung von End-to-End-Workflows in komplexen, hybriden Umgebungen orchestriert - request ebook - apsware<\/title>\n<meta name=\"robots\" content=\"index, follow, max-snippet:-1, max-image-preview:large, max-video-preview:-1\" \/>\n<link rel=\"canonical\" href=\"https:\/\/www.apsware.com\/de\/blog\/blog_wie_control-m_die_ausfuehrung_von_end_to_end_workflows_orchestriert\/wie-control-m-die-ausfuehrung-von-end-to-end-workflows-in-komplexen-hybriden-umgebungen-orchestriert-request-ebook\/\" \/>\n<meta property=\"og:locale\" content=\"de_DE\" \/>\n<meta property=\"og:type\" content=\"article\" \/>\n<meta property=\"og:title\" content=\"Wie Control-M die Ausf\u00fchrung von End-to-End-Workflows in komplexen, hybriden Umgebungen orchestriert - request ebook - apsware\" \/>\n<meta property=\"og:description\" content=\"Wie Control-M die Ausf\u00fchrung von End-to-End-Workflows orchestriert eBook anfordern Um unser ebook \u00fcber End-to-End Automation mit Control-M (in englischer Sprache) herunterzuladen, f\u00fcllen Sie bitte das Kontaktformular aus und Sie erhalten das ebook umgehend als PDF-Datei. Zur\u00fcck zum Blog Gehe zu Control-M Overview\" \/>\n<meta property=\"og:url\" content=\"https:\/\/www.apsware.com\/de\/blog\/blog_wie_control-m_die_ausfuehrung_von_end_to_end_workflows_orchestriert\/wie-control-m-die-ausfuehrung-von-end-to-end-workflows-in-komplexen-hybriden-umgebungen-orchestriert-request-ebook\/\" \/>\n<meta property=\"og:site_name\" content=\"apsware\" \/>\n<meta property=\"article:modified_time\" content=\"2021-03-25T12:58:36+00:00\" \/>\n<meta property=\"og:image\" content=\"https:\/\/www.apsware.com\/wp-content\/uploads\/2021\/03\/notebook_end_to_end_01.png\" \/>\n<meta name=\"twitter:card\" content=\"summary_large_image\" \/>\n<script type=\"application\/ld+json\" class=\"yoast-schema-graph\">{\"@context\":\"https:\/\/schema.org\",\"@graph\":[{\"@type\":\"WebPage\",\"@id\":\"https:\/\/www.apsware.com\/de\/blog\/blog_wie_control-m_die_ausfuehrung_von_end_to_end_workflows_orchestriert\/wie-control-m-die-ausfuehrung-von-end-to-end-workflows-in-komplexen-hybriden-umgebungen-orchestriert-request-ebook\/\",\"url\":\"https:\/\/www.apsware.com\/de\/blog\/blog_wie_control-m_die_ausfuehrung_von_end_to_end_workflows_orchestriert\/wie-control-m-die-ausfuehrung-von-end-to-end-workflows-in-komplexen-hybriden-umgebungen-orchestriert-request-ebook\/\",\"name\":\"Wie Control-M die Ausf\u00fchrung von End-to-End-Workflows in komplexen, hybriden Umgebungen orchestriert - request ebook - apsware\",\"isPartOf\":{\"@id\":\"https:\/\/www.apsware.com\/de\/#website\"},\"primaryImageOfPage\":{\"@id\":\"https:\/\/www.apsware.com\/de\/blog\/blog_wie_control-m_die_ausfuehrung_von_end_to_end_workflows_orchestriert\/wie-control-m-die-ausfuehrung-von-end-to-end-workflows-in-komplexen-hybriden-umgebungen-orchestriert-request-ebook\/#primaryimage\"},\"image\":{\"@id\":\"https:\/\/www.apsware.com\/de\/blog\/blog_wie_control-m_die_ausfuehrung_von_end_to_end_workflows_orchestriert\/wie-control-m-die-ausfuehrung-von-end-to-end-workflows-in-komplexen-hybriden-umgebungen-orchestriert-request-ebook\/#primaryimage\"},\"thumbnailUrl\":\"https:\/\/www.apsware.com\/wp-content\/uploads\/2021\/03\/notebook_end_to_end_01.png\",\"datePublished\":\"2021-03-24T13:30:07+00:00\",\"dateModified\":\"2021-03-25T12:58:36+00:00\",\"breadcrumb\":{\"@id\":\"https:\/\/www.apsware.com\/de\/blog\/blog_wie_control-m_die_ausfuehrung_von_end_to_end_workflows_orchestriert\/wie-control-m-die-ausfuehrung-von-end-to-end-workflows-in-komplexen-hybriden-umgebungen-orchestriert-request-ebook\/#breadcrumb\"},\"inLanguage\":\"de\",\"potentialAction\":[{\"@type\":\"ReadAction\",\"target\":[\"https:\/\/www.apsware.com\/de\/blog\/blog_wie_control-m_die_ausfuehrung_von_end_to_end_workflows_orchestriert\/wie-control-m-die-ausfuehrung-von-end-to-end-workflows-in-komplexen-hybriden-umgebungen-orchestriert-request-ebook\/\"]}]},{\"@type\":\"ImageObject\",\"inLanguage\":\"de\",\"@id\":\"https:\/\/www.apsware.com\/de\/blog\/blog_wie_control-m_die_ausfuehrung_von_end_to_end_workflows_orchestriert\/wie-control-m-die-ausfuehrung-von-end-to-end-workflows-in-komplexen-hybriden-umgebungen-orchestriert-request-ebook\/#primaryimage\",\"url\":\"https:\/\/www.apsware.com\/wp-content\/uploads\/2021\/03\/notebook_end_to_end_01.png\",\"contentUrl\":\"https:\/\/www.apsware.com\/wp-content\/uploads\/2021\/03\/notebook_end_to_end_01.png\"},{\"@type\":\"BreadcrumbList\",\"@id\":\"https:\/\/www.apsware.com\/de\/blog\/blog_wie_control-m_die_ausfuehrung_von_end_to_end_workflows_orchestriert\/wie-control-m-die-ausfuehrung-von-end-to-end-workflows-in-komplexen-hybriden-umgebungen-orchestriert-request-ebook\/#breadcrumb\",\"itemListElement\":[{\"@type\":\"ListItem\",\"position\":1,\"name\":\"Home\",\"item\":\"https:\/\/www.apsware.com\/de\/\"},{\"@type\":\"ListItem\",\"position\":2,\"name\":\"Digital Business Automation von apsware &#8211; Blog und News\",\"item\":\"https:\/\/www.apsware.com\/de\/blog\/\"},{\"@type\":\"ListItem\",\"position\":3,\"name\":\"blog &#8211; Wie Control-M die Ausf\u00fchrung von End-to-End-Workflows orchestriert\",\"item\":\"https:\/\/www.apsware.com\/de\/blog\/how_control-m_orchestrates_end_to_end_workflow_executions\/\"},{\"@type\":\"ListItem\",\"position\":4,\"name\":\"Wie Control-M die Ausf\u00fchrung von End-to-End-Workflows in komplexen, hybriden Umgebungen orchestriert &#8211; request ebook\"}]},{\"@type\":\"WebSite\",\"@id\":\"https:\/\/www.apsware.com\/de\/#website\",\"url\":\"https:\/\/www.apsware.com\/de\/\",\"name\":\"apsware\",\"description\":\"Digital Business Automation\",\"publisher\":{\"@id\":\"https:\/\/www.apsware.com\/de\/#organization\"},\"potentialAction\":[{\"@type\":\"SearchAction\",\"target\":{\"@type\":\"EntryPoint\",\"urlTemplate\":\"https:\/\/www.apsware.com\/de\/?s={search_term_string}\"},\"query-input\":{\"@type\":\"PropertyValueSpecification\",\"valueRequired\":true,\"valueName\":\"search_term_string\"}}],\"inLanguage\":\"de\"},{\"@type\":\"Organization\",\"@id\":\"https:\/\/www.apsware.com\/de\/#organization\",\"name\":\"apsware\",\"url\":\"https:\/\/www.apsware.com\/de\/\",\"logo\":{\"@type\":\"ImageObject\",\"inLanguage\":\"de\",\"@id\":\"https:\/\/www.apsware.com\/de\/#\/schema\/logo\/image\/\",\"url\":\"https:\/\/www.apsware.com\/wp-content\/uploads\/2019\/04\/apsware_logo_rgb-2-1.png\",\"contentUrl\":\"https:\/\/www.apsware.com\/wp-content\/uploads\/2019\/04\/apsware_logo_rgb-2-1.png\",\"width\":200,\"height\":46,\"caption\":\"apsware\"},\"image\":{\"@id\":\"https:\/\/www.apsware.com\/de\/#\/schema\/logo\/image\/\"}}]}<\/script>\n<!-- \/ Yoast SEO plugin. -->","yoast_head_json":{"title":"Wie Control-M die Ausf\u00fchrung von End-to-End-Workflows in komplexen, hybriden Umgebungen orchestriert - request ebook - apsware","robots":{"index":"index","follow":"follow","max-snippet":"max-snippet:-1","max-image-preview":"max-image-preview:large","max-video-preview":"max-video-preview:-1"},"canonical":"https:\/\/www.apsware.com\/de\/blog\/blog_wie_control-m_die_ausfuehrung_von_end_to_end_workflows_orchestriert\/wie-control-m-die-ausfuehrung-von-end-to-end-workflows-in-komplexen-hybriden-umgebungen-orchestriert-request-ebook\/","og_locale":"de_DE","og_type":"article","og_title":"Wie Control-M die Ausf\u00fchrung von End-to-End-Workflows in komplexen, hybriden Umgebungen orchestriert - request ebook - apsware","og_description":"Wie Control-M die Ausf\u00fchrung von End-to-End-Workflows orchestriert eBook anfordern Um unser ebook \u00fcber End-to-End Automation mit Control-M (in englischer Sprache) herunterzuladen, f\u00fcllen Sie bitte das Kontaktformular aus und Sie erhalten das ebook umgehend als PDF-Datei. Zur\u00fcck zum Blog Gehe zu Control-M Overview","og_url":"https:\/\/www.apsware.com\/de\/blog\/blog_wie_control-m_die_ausfuehrung_von_end_to_end_workflows_orchestriert\/wie-control-m-die-ausfuehrung-von-end-to-end-workflows-in-komplexen-hybriden-umgebungen-orchestriert-request-ebook\/","og_site_name":"apsware","article_modified_time":"2021-03-25T12:58:36+00:00","og_image":[{"url":"https:\/\/www.apsware.com\/wp-content\/uploads\/2021\/03\/notebook_end_to_end_01.png","type":"","width":"","height":""}],"twitter_card":"summary_large_image","schema":{"@context":"https:\/\/schema.org","@graph":[{"@type":"WebPage","@id":"https:\/\/www.apsware.com\/de\/blog\/blog_wie_control-m_die_ausfuehrung_von_end_to_end_workflows_orchestriert\/wie-control-m-die-ausfuehrung-von-end-to-end-workflows-in-komplexen-hybriden-umgebungen-orchestriert-request-ebook\/","url":"https:\/\/www.apsware.com\/de\/blog\/blog_wie_control-m_die_ausfuehrung_von_end_to_end_workflows_orchestriert\/wie-control-m-die-ausfuehrung-von-end-to-end-workflows-in-komplexen-hybriden-umgebungen-orchestriert-request-ebook\/","name":"Wie Control-M die Ausf\u00fchrung von End-to-End-Workflows in komplexen, hybriden Umgebungen orchestriert - request ebook - apsware","isPartOf":{"@id":"https:\/\/www.apsware.com\/de\/#website"},"primaryImageOfPage":{"@id":"https:\/\/www.apsware.com\/de\/blog\/blog_wie_control-m_die_ausfuehrung_von_end_to_end_workflows_orchestriert\/wie-control-m-die-ausfuehrung-von-end-to-end-workflows-in-komplexen-hybriden-umgebungen-orchestriert-request-ebook\/#primaryimage"},"image":{"@id":"https:\/\/www.apsware.com\/de\/blog\/blog_wie_control-m_die_ausfuehrung_von_end_to_end_workflows_orchestriert\/wie-control-m-die-ausfuehrung-von-end-to-end-workflows-in-komplexen-hybriden-umgebungen-orchestriert-request-ebook\/#primaryimage"},"thumbnailUrl":"https:\/\/www.apsware.com\/wp-content\/uploads\/2021\/03\/notebook_end_to_end_01.png","datePublished":"2021-03-24T13:30:07+00:00","dateModified":"2021-03-25T12:58:36+00:00","breadcrumb":{"@id":"https:\/\/www.apsware.com\/de\/blog\/blog_wie_control-m_die_ausfuehrung_von_end_to_end_workflows_orchestriert\/wie-control-m-die-ausfuehrung-von-end-to-end-workflows-in-komplexen-hybriden-umgebungen-orchestriert-request-ebook\/#breadcrumb"},"inLanguage":"de","potentialAction":[{"@type":"ReadAction","target":["https:\/\/www.apsware.com\/de\/blog\/blog_wie_control-m_die_ausfuehrung_von_end_to_end_workflows_orchestriert\/wie-control-m-die-ausfuehrung-von-end-to-end-workflows-in-komplexen-hybriden-umgebungen-orchestriert-request-ebook\/"]}]},{"@type":"ImageObject","inLanguage":"de","@id":"https:\/\/www.apsware.com\/de\/blog\/blog_wie_control-m_die_ausfuehrung_von_end_to_end_workflows_orchestriert\/wie-control-m-die-ausfuehrung-von-end-to-end-workflows-in-komplexen-hybriden-umgebungen-orchestriert-request-ebook\/#primaryimage","url":"https:\/\/www.apsware.com\/wp-content\/uploads\/2021\/03\/notebook_end_to_end_01.png","contentUrl":"https:\/\/www.apsware.com\/wp-content\/uploads\/2021\/03\/notebook_end_to_end_01.png"},{"@type":"BreadcrumbList","@id":"https:\/\/www.apsware.com\/de\/blog\/blog_wie_control-m_die_ausfuehrung_von_end_to_end_workflows_orchestriert\/wie-control-m-die-ausfuehrung-von-end-to-end-workflows-in-komplexen-hybriden-umgebungen-orchestriert-request-ebook\/#breadcrumb","itemListElement":[{"@type":"ListItem","position":1,"name":"Home","item":"https:\/\/www.apsware.com\/de\/"},{"@type":"ListItem","position":2,"name":"Digital Business Automation von apsware &#8211; Blog und News","item":"https:\/\/www.apsware.com\/de\/blog\/"},{"@type":"ListItem","position":3,"name":"blog &#8211; Wie Control-M die Ausf\u00fchrung von End-to-End-Workflows orchestriert","item":"https:\/\/www.apsware.com\/de\/blog\/how_control-m_orchestrates_end_to_end_workflow_executions\/"},{"@type":"ListItem","position":4,"name":"Wie Control-M die Ausf\u00fchrung von End-to-End-Workflows in komplexen, hybriden Umgebungen orchestriert &#8211; request ebook"}]},{"@type":"WebSite","@id":"https:\/\/www.apsware.com\/de\/#website","url":"https:\/\/www.apsware.com\/de\/","name":"apsware","description":"Digital Business Automation","publisher":{"@id":"https:\/\/www.apsware.com\/de\/#organization"},"potentialAction":[{"@type":"SearchAction","target":{"@type":"EntryPoint","urlTemplate":"https:\/\/www.apsware.com\/de\/?s={search_term_string}"},"query-input":{"@type":"PropertyValueSpecification","valueRequired":true,"valueName":"search_term_string"}}],"inLanguage":"de"},{"@type":"Organization","@id":"https:\/\/www.apsware.com\/de\/#organization","name":"apsware","url":"https:\/\/www.apsware.com\/de\/","logo":{"@type":"ImageObject","inLanguage":"de","@id":"https:\/\/www.apsware.com\/de\/#\/schema\/logo\/image\/","url":"https:\/\/www.apsware.com\/wp-content\/uploads\/2019\/04\/apsware_logo_rgb-2-1.png","contentUrl":"https:\/\/www.apsware.com\/wp-content\/uploads\/2019\/04\/apsware_logo_rgb-2-1.png","width":200,"height":46,"caption":"apsware"},"image":{"@id":"https:\/\/www.apsware.com\/de\/#\/schema\/logo\/image\/"}}]}},"_links":{"self":[{"href":"https:\/\/www.apsware.com\/de\/wp-json\/wp\/v2\/pages\/19514","targetHints":{"allow":["GET"]}}],"collection":[{"href":"https:\/\/www.apsware.com\/de\/wp-json\/wp\/v2\/pages"}],"about":[{"href":"https:\/\/www.apsware.com\/de\/wp-json\/wp\/v2\/types\/page"}],"author":[{"embeddable":true,"href":"https:\/\/www.apsware.com\/de\/wp-json\/wp\/v2\/users\/2"}],"replies":[{"embeddable":true,"href":"https:\/\/www.apsware.com\/de\/wp-json\/wp\/v2\/comments?post=19514"}],"version-history":[{"count":8,"href":"https:\/\/www.apsware.com\/de\/wp-json\/wp\/v2\/pages\/19514\/revisions"}],"predecessor-version":[{"id":19604,"href":"https:\/\/www.apsware.com\/de\/wp-json\/wp\/v2\/pages\/19514\/revisions\/19604"}],"up":[{"embeddable":true,"href":"https:\/\/www.apsware.com\/de\/wp-json\/wp\/v2\/pages\/19510"}],"wp:attachment":[{"href":"https:\/\/www.apsware.com\/de\/wp-json\/wp\/v2\/media?parent=19514"}],"curies":[{"name":"wp","href":"https:\/\/api.w.org\/{rel}","templated":true}]}}