{"id":19296,"date":"2021-03-16T14:14:03","date_gmt":"2021-03-16T14:14:03","guid":{"rendered":"https:\/\/www.apsware.com\/apsware-education\/bmc-control-m-scheduling-basic\/"},"modified":"2024-10-16T14:01:43","modified_gmt":"2024-10-16T14:01:43","slug":"bmc-control-m-scheduling-basic","status":"publish","type":"page","link":"https:\/\/www.apsware.com\/de\/apsware-education\/bmc-control-m-scheduling-basic\/","title":{"rendered":"BMC CONTROL-M Training Scheduling Basic"},"content":{"rendered":"\t\t<div data-elementor-type=\"wp-page\" data-elementor-id=\"19296\" class=\"elementor elementor-19296 elementor-18017\" data-elementor-post-type=\"page\">\n\t\t\t\t\t\t<section class=\"elementor-section elementor-top-section elementor-element elementor-element-7f49b38 elementor-section-stretched elementor-section-height-min-height elementor-hidden-mobile elementor-section-boxed elementor-section-height-default elementor-section-items-middle\" data-id=\"7f49b38\" data-element_type=\"section\" data-settings=\"{&quot;stretch_section&quot;:&quot;section-stretched&quot;,&quot;background_background&quot;:&quot;classic&quot;}\">\n\t\t\t\t\t\t<div class=\"elementor-container elementor-column-gap-default\">\n\t\t\t\t\t<div class=\"elementor-column elementor-col-100 elementor-top-column elementor-element elementor-element-aa29375\" data-id=\"aa29375\" data-element_type=\"column\">\n\t\t\t<div class=\"elementor-widget-wrap elementor-element-populated\">\n\t\t\t\t\t\t<div class=\"elementor-element elementor-element-b473f06 elementor-widget elementor-widget-image\" data-id=\"b473f06\" data-element_type=\"widget\" data-widget_type=\"image.default\">\n\t\t\t\t<div class=\"elementor-widget-container\">\n\t\t\t\t\t\t\t\t\t\t\t\t\t\t\t<img decoding=\"async\" src=\"https:\/\/www.apsware.com\/wp-content\/uploads\/elementor\/thumbs\/apsware_education_cmyk_stacked-popk2u1xepwc9gx5d3vek0bs9bgmfq21750oesuk6s.png\" title=\"apsware_education_cmyk_stacked\" alt=\"apsware_education_cmyk_stacked\" loading=\"lazy\" \/>\t\t\t\t\t\t\t\t\t\t\t\t\t\t\t<\/div>\n\t\t\t\t<\/div>\n\t\t\t\t\t<\/div>\n\t\t<\/div>\n\t\t\t\t\t<\/div>\n\t\t<\/section>\n\t\t\t\t<section class=\"elementor-section elementor-top-section elementor-element elementor-element-6c3c93b elementor-section-stretched elementor-section-boxed elementor-section-height-default elementor-section-height-default\" data-id=\"6c3c93b\" data-element_type=\"section\" data-settings=\"{&quot;stretch_section&quot;:&quot;section-stretched&quot;}\">\n\t\t\t\t\t\t<div class=\"elementor-container elementor-column-gap-default\">\n\t\t\t\t\t<div class=\"elementor-column elementor-col-100 elementor-top-column elementor-element elementor-element-494db6b\" data-id=\"494db6b\" data-element_type=\"column\">\n\t\t\t<div class=\"elementor-widget-wrap elementor-element-populated\">\n\t\t\t\t\t\t<div class=\"elementor-element elementor-element-2303f93 elementor-widget elementor-widget-heading\" data-id=\"2303f93\" data-element_type=\"widget\" data-widget_type=\"heading.default\">\n\t\t\t\t<div class=\"elementor-widget-container\">\n\t\t\t\t\t<h2 class=\"elementor-heading-title elementor-size-default\">Control-M <span data-elementor-setting-key=\"title\" data-pen-placeholder=\"Eingabe hier...\">Training: <\/span>Scheduling Basic<\/h2>\t\t\t\t<\/div>\n\t\t\t\t<\/div>\n\t\t\t\t<div class=\"elementor-element elementor-element-370a90d elementor-widget elementor-widget-heading\" data-id=\"370a90d\" data-element_type=\"widget\" data-widget_type=\"heading.default\">\n\t\t\t\t<div class=\"elementor-widget-container\">\n\t\t\t\t\t<h4 class=\"elementor-heading-title elementor-size-default\">Zielgruppe: Automation Engineers \/ Scheduling Verantwortliche<\/h4>\t\t\t\t<\/div>\n\t\t\t\t<\/div>\n\t\t\t\t<div class=\"elementor-element elementor-element-a54e126 elementor-widget elementor-widget-text-editor\" data-id=\"a54e126\" data-element_type=\"widget\" data-widget_type=\"text-editor.default\">\n\t\t\t\t<div class=\"elementor-widget-container\">\n\t\t\t\t\t\t\t\t\t<p>In diesem Basis Control-M Training vermitteln wir die Grundlagen im Umgang mit Control-M. Die Anwender werden mit der g\u00e4ngigen Terminologie vertraut gemacht und erlernen die grundlegenden Techniken zur Erstellung, Verwaltung und Steuerung von automatisierten Prozessen. Durch die Verwendung von Best Practice \u00dcbungen vertiefen und festigen wir das Anwendungswissen. Nach Abschluss des Trainings verf\u00fcgen die Teilnehmer \u00fcber die F\u00e4higkeit automatisierte Abl\u00e4ufe zu erstellen und zu pflegen.<span class=\"Apple-converted-space\">\u00a0<\/span><\/p>\t\t\t\t\t\t\t\t<\/div>\n\t\t\t\t<\/div>\n\t\t\t\t\t<\/div>\n\t\t<\/div>\n\t\t\t\t\t<\/div>\n\t\t<\/section>\n\t\t\t\t<section class=\"elementor-section elementor-top-section elementor-element elementor-element-c367e5e elementor-section-stretched elementor-section-boxed elementor-section-height-default elementor-section-height-default\" data-id=\"c367e5e\" data-element_type=\"section\" data-settings=\"{&quot;stretch_section&quot;:&quot;section-stretched&quot;}\">\n\t\t\t\t\t\t<div class=\"elementor-container elementor-column-gap-default\">\n\t\t\t\t\t<div class=\"elementor-column elementor-col-50 elementor-top-column elementor-element elementor-element-07fd11a\" data-id=\"07fd11a\" data-element_type=\"column\">\n\t\t\t<div class=\"elementor-widget-wrap elementor-element-populated\">\n\t\t\t\t\t\t<div class=\"elementor-element elementor-element-7eb966a elementor-widget elementor-widget-heading\" data-id=\"7eb966a\" data-element_type=\"widget\" data-widget_type=\"heading.default\">\n\t\t\t\t<div class=\"elementor-widget-container\">\n\t\t\t\t\t<h5 class=\"elementor-heading-title elementor-size-default\">Trainingsinhalte:<\/h5>\t\t\t\t<\/div>\n\t\t\t\t<\/div>\n\t\t\t\t<div class=\"elementor-element elementor-element-5e0e459 elementor-widget elementor-widget-text-editor\" data-id=\"5e0e459\" data-element_type=\"widget\" data-widget_type=\"text-editor.default\">\n\t\t\t\t<div class=\"elementor-widget-container\">\n\t\t\t\t\t\t\t\t\t<ul><li>Architektur<\/li><li>Benutzer Interface (DS, z\/OS bei Bedarf)<\/li><li>Job Typen \/ Erstellung von Objekten<\/li><li>Abh\u00e4ngigkeiten<span class=\"Apple-converted-space\">\u00a0<\/span><\/li><li>Planung und Scheduling<\/li><li>Ressourcen<\/li><li>Benachrichtigung<\/li><li>Nachgelagerte Verarbeitung<\/li><li>Benutzerfunktionen<\/li><li>Anwendung von View Points<\/li><li>Reporting<\/li><\/ul>\t\t\t\t\t\t\t\t<\/div>\n\t\t\t\t<\/div>\n\t\t\t\t<div class=\"elementor-element elementor-element-c552059 elementor-widget elementor-widget-text-editor\" data-id=\"c552059\" data-element_type=\"widget\" data-widget_type=\"text-editor.default\">\n\t\t\t\t<div class=\"elementor-widget-container\">\n\t\t\t\t\t\t\t\t\t<p><strong>Dauer:<\/strong> 24 Stunden<\/p>\n\t\t\t\t\t\t\t\t<\/div>\n\t\t\t\t<\/div>\n\t\t\t\t<div class=\"elementor-element elementor-element-dad620f elementor-align-center elementor-widget elementor-widget-button\" data-id=\"dad620f\" data-element_type=\"widget\" data-widget_type=\"button.default\">\n\t\t\t\t<div class=\"elementor-widget-container\">\n\t\t\t\t\t\t\t\t\t<div class=\"elementor-button-wrapper\">\n\t\t\t\t\t<a class=\"elementor-button elementor-button-link elementor-size-sm\" href=\"https:\/\/www.apsware.com\/de\/apsware-education\/apsware-education-fuer-control-m-download-broschuere\/\">\n\t\t\t\t\t\t<span class=\"elementor-button-content-wrapper\">\n\t\t\t\t\t\t\t\t\t<span class=\"elementor-button-text\">apsware education Brosch\u00fcre anfordern<\/span>\n\t\t\t\t\t<\/span>\n\t\t\t\t\t<\/a>\n\t\t\t\t<\/div>\n\t\t\t\t\t\t\t\t<\/div>\n\t\t\t\t<\/div>\n\t\t\t\t<div class=\"elementor-element elementor-element-d7bbe4b elementor-align-center elementor-widget elementor-widget-button\" data-id=\"d7bbe4b\" data-element_type=\"widget\" data-widget_type=\"button.default\">\n\t\t\t\t<div class=\"elementor-widget-container\">\n\t\t\t\t\t\t\t\t\t<div class=\"elementor-button-wrapper\">\n\t\t\t\t\t<a class=\"elementor-button elementor-button-link elementor-size-sm\" href=\"https:\/\/www.apsware.com\/de\/apsware-education\/\">\n\t\t\t\t\t\t<span class=\"elementor-button-content-wrapper\">\n\t\t\t\t\t\t\t\t\t<span class=\"elementor-button-text\">Zur\u00fcck zu apsware education \u00dcbersicht<\/span>\n\t\t\t\t\t<\/span>\n\t\t\t\t\t<\/a>\n\t\t\t\t<\/div>\n\t\t\t\t\t\t\t\t<\/div>\n\t\t\t\t<\/div>\n\t\t\t\t\t<\/div>\n\t\t<\/div>\n\t\t\t\t<div class=\"elementor-column elementor-col-50 elementor-top-column elementor-element elementor-element-fbbab99\" data-id=\"fbbab99\" data-element_type=\"column\">\n\t\t\t<div class=\"elementor-widget-wrap elementor-element-populated\">\n\t\t\t\t\t\t<div class=\"elementor-element elementor-element-e4000a8 elementor-widget elementor-widget-heading\" data-id=\"e4000a8\" data-element_type=\"widget\" data-widget_type=\"heading.default\">\n\t\t\t\t<div class=\"elementor-widget-container\">\n\t\t\t\t\t<h4 class=\"elementor-heading-title elementor-size-default\">Online Control-M Training anfragen<\/h4>\t\t\t\t<\/div>\n\t\t\t\t<\/div>\n\t\t\t\t<div class=\"elementor-element elementor-element-511dc71 elementor-widget elementor-widget-text-editor\" data-id=\"511dc71\" data-element_type=\"widget\" data-widget_type=\"text-editor.default\">\n\t\t\t\t<div class=\"elementor-widget-container\">\n\t\t\t\t\t\t\t\t\t<p>\n<div class=\"wpcf7 no-js\" id=\"wpcf7-f18213-o1\" lang=\"en-US\" dir=\"ltr\" data-wpcf7-id=\"18213\">\n<div class=\"screen-reader-response\"><p role=\"status\" aria-live=\"polite\" aria-atomic=\"true\"><\/p> <ul><\/ul><\/div>\n<form action=\"\/de\/wp-json\/wp\/v2\/pages\/19296#wpcf7-f18213-o1\" method=\"post\" class=\"wpcf7-form init\" aria-label=\"Contact form\" novalidate=\"novalidate\" data-status=\"init\">\n<fieldset class=\"hidden-fields-container\"><input type=\"hidden\" name=\"_wpcf7\" value=\"18213\" \/><input type=\"hidden\" name=\"_wpcf7_version\" value=\"6.1\" \/><input type=\"hidden\" name=\"_wpcf7_locale\" value=\"en_US\" \/><input type=\"hidden\" name=\"_wpcf7_unit_tag\" value=\"wpcf7-f18213-o1\" \/><input type=\"hidden\" name=\"_wpcf7_container_post\" value=\"0\" \/><input type=\"hidden\" name=\"_wpcf7_posted_data_hash\" value=\"\" \/>\n<\/fieldset>\n<p><label> Company (required)<br \/>\n<span class=\"wpcf7-form-control-wrap\" data-name=\"company\"><input size=\"40\" maxlength=\"400\" class=\"wpcf7-form-control wpcf7-text wpcf7-validates-as-required borderinput\" aria-required=\"true\" aria-invalid=\"false\" value=\"\" type=\"text\" name=\"company\" \/><\/span> <\/label><br \/>\n<label> First Name + Last Name (required)<br \/>\n<span class=\"wpcf7-form-control-wrap\" data-name=\"first-last-name\"><input size=\"40\" maxlength=\"400\" class=\"wpcf7-form-control wpcf7-text wpcf7-validates-as-required borderinput\" aria-required=\"true\" aria-invalid=\"false\" value=\"\" type=\"text\" name=\"first-last-name\" \/><\/span> <\/label><br \/>\n<label>Your email (required)<br \/>\n<span class=\"wpcf7-form-control-wrap\" data-name=\"email\"><input size=\"40\" maxlength=\"400\" class=\"wpcf7-form-control wpcf7-email wpcf7-validates-as-required wpcf7-text wpcf7-validates-as-email borderinput\" aria-required=\"true\" aria-invalid=\"false\" value=\"\" type=\"email\" name=\"email\" \/><\/span> <\/label><br \/>\n<label> Phone<br \/>\n<span class=\"wpcf7-form-control-wrap\" data-name=\"phone\"><input size=\"40\" maxlength=\"400\" class=\"wpcf7-form-control wpcf7-text borderinput\" aria-invalid=\"false\" value=\"\" type=\"text\" name=\"phone\" \/><\/span> <\/label>\n<\/p>\n<p><span class=\"wpcf7-form-control-wrap\" data-name=\"your-consent\"><span class=\"wpcf7-form-control wpcf7-acceptance\"><span class=\"wpcf7-list-item\"><label><input type=\"checkbox\" name=\"your-consent\" value=\"1\" aria-invalid=\"false\" \/><span class=\"wpcf7-list-item-label\">Your confidentiality is assured. Please read and accept our <a target=\"_blank\" rel=\"noopener noreferrer\" href=\"https:\/\/www.apsware.com\/privacy-statement\/\">Privacy Policy<\/a><\/span><\/label><\/span><\/span><\/span>\n<\/p>\n<p><span id=\"wpcf7-69e747562dfc1-wrapper\" class=\"wpcf7-form-control-wrap e-mail-wrap\" style=\"display:none !important; visibility:hidden !important;\"><input type=\"hidden\" name=\"e-mail-time-start\" value=\"1776764758\"><input type=\"hidden\" name=\"e-mail-time-check\" value=\"4\"><label for=\"wpcf7-69e747562dfc1-field\" class=\"hp-message\">Please leave this field empty.<\/label><input id=\"wpcf7-69e747562dfc1-field\"  class=\"wpcf7-form-control wpcf7-text\" type=\"text\" name=\"e-mail\" value=\"\" size=\"40\" tabindex=\"-1\" autocomplete=\"new-password\" \/><\/span><br \/>\n<span id=\"wpcf7-69e747562e087-wrapper\" class=\"wpcf7-form-control-wrap identification-number-wrap\" style=\"display:none !important; visibility:hidden !important;\"><input type=\"hidden\" name=\"identification-number-time-start\" value=\"1776764758\"><input type=\"hidden\" name=\"identification-number-time-check\" value=\"4\"><label for=\"wpcf7-69e747562e087-field\" class=\"hp-message\">Please leave this field empty.<\/label><input id=\"wpcf7-69e747562e087-field\"  class=\"wpcf7-form-control wpcf7-text\" type=\"text\" name=\"identification-number\" value=\"\" size=\"40\" tabindex=\"-1\" autocomplete=\"new-password\" \/><\/span>\n<\/p>\n<div style=\"margin-top: 20px; margin-bottom:10px\">\n\t<p><input class=\"wpcf7-form-control wpcf7-submit has-spinner\" type=\"submit\" value=\"Send\" \/>\n\t<\/p>\n<\/div><div class=\"wpcf7-response-output\" aria-hidden=\"true\"><\/div>\n<\/form>\n<\/div>\n<\/p>\n\t\t\t\t\t\t\t\t<\/div>\n\t\t\t\t<\/div>\n\t\t\t\t\t<\/div>\n\t\t<\/div>\n\t\t\t\t\t<\/div>\n\t\t<\/section>\n\t\t\t\t<\/div>\n\t\t","protected":false},"excerpt":{"rendered":"<p>Control-M Training: Scheduling Basic Zielgruppe: Automation Engineers \/ Scheduling Verantwortliche In diesem Basis Control-M Training vermitteln wir die Grundlagen im Umgang mit Control-M. Die Anwender werden mit der g\u00e4ngigen Terminologie vertraut gemacht und erlernen die grundlegenden Techniken zur Erstellung, Verwaltung und Steuerung von automatisierten Prozessen. Durch die Verwendung von Best Practice \u00dcbungen vertiefen und festigen [&hellip;]<\/p>\n","protected":false},"author":2,"featured_media":0,"parent":19193,"menu_order":0,"comment_status":"closed","ping_status":"closed","template":"","meta":{"footnotes":""},"class_list":["post-19296","page","type-page","status-publish","hentry"],"yoast_head":"<!-- This site is optimized with the Yoast SEO plugin v25.6 - https:\/\/yoast.com\/wordpress\/plugins\/seo\/ -->\n<title>Control-M Training Scheduling Basic<\/title>\n<meta name=\"robots\" content=\"index, follow, max-snippet:-1, max-image-preview:large, max-video-preview:-1\" \/>\n<link rel=\"canonical\" href=\"https:\/\/www.apsware.com\/de\/apsware-education\/bmc-control-m-scheduling-basic\/\" \/>\n<meta property=\"og:locale\" content=\"de_DE\" \/>\n<meta property=\"og:type\" content=\"article\" \/>\n<meta property=\"og:title\" content=\"Control-M Training Scheduling Basic\" \/>\n<meta property=\"og:description\" content=\"Control-M Training: Scheduling Basic Zielgruppe: Automation Engineers \/ Scheduling Verantwortliche In diesem Basis Control-M Training vermitteln wir die Grundlagen im Umgang mit Control-M. Die Anwender werden mit der g\u00e4ngigen Terminologie vertraut gemacht und erlernen die grundlegenden Techniken zur Erstellung, Verwaltung und Steuerung von automatisierten Prozessen. Durch die Verwendung von Best Practice \u00dcbungen vertiefen und festigen [&hellip;]\" \/>\n<meta property=\"og:url\" content=\"https:\/\/www.apsware.com\/de\/apsware-education\/bmc-control-m-scheduling-basic\/\" \/>\n<meta property=\"og:site_name\" content=\"apsware\" \/>\n<meta property=\"article:modified_time\" content=\"2024-10-16T14:01:43+00:00\" \/>\n<meta property=\"og:image\" content=\"https:\/\/www.apsware.com\/wp-content\/uploads\/elementor\/thumbs\/apsware_education_cmyk_stacked-popk2u1xepwc9gx5d3vek0bs9bgmfq21750oesuk72.png\" \/>\n<meta name=\"twitter:card\" content=\"summary_large_image\" \/>\n<meta name=\"twitter:label1\" content=\"Gesch\u00e4tzte Lesezeit\" \/>\n\t<meta name=\"twitter:data1\" content=\"1\u00a0Minute\" \/>\n<script type=\"application\/ld+json\" class=\"yoast-schema-graph\">{\"@context\":\"https:\/\/schema.org\",\"@graph\":[{\"@type\":\"WebPage\",\"@id\":\"https:\/\/www.apsware.com\/de\/apsware-education\/bmc-control-m-scheduling-basic\/\",\"url\":\"https:\/\/www.apsware.com\/de\/apsware-education\/bmc-control-m-scheduling-basic\/\",\"name\":\"Control-M Training Scheduling Basic\",\"isPartOf\":{\"@id\":\"https:\/\/www.apsware.com\/de\/#website\"},\"primaryImageOfPage\":{\"@id\":\"https:\/\/www.apsware.com\/de\/apsware-education\/bmc-control-m-scheduling-basic\/#primaryimage\"},\"image\":{\"@id\":\"https:\/\/www.apsware.com\/de\/apsware-education\/bmc-control-m-scheduling-basic\/#primaryimage\"},\"thumbnailUrl\":\"https:\/\/www.apsware.com\/wp-content\/uploads\/elementor\/thumbs\/apsware_education_cmyk_stacked-popk2u1xepwc9gx5d3vek0bs9bgmfq21750oesuk72.png\",\"datePublished\":\"2021-03-16T14:14:03+00:00\",\"dateModified\":\"2024-10-16T14:01:43+00:00\",\"breadcrumb\":{\"@id\":\"https:\/\/www.apsware.com\/de\/apsware-education\/bmc-control-m-scheduling-basic\/#breadcrumb\"},\"inLanguage\":\"de\",\"potentialAction\":[{\"@type\":\"ReadAction\",\"target\":[\"https:\/\/www.apsware.com\/de\/apsware-education\/bmc-control-m-scheduling-basic\/\"]}]},{\"@type\":\"ImageObject\",\"inLanguage\":\"de\",\"@id\":\"https:\/\/www.apsware.com\/de\/apsware-education\/bmc-control-m-scheduling-basic\/#primaryimage\",\"url\":\"https:\/\/www.apsware.com\/wp-content\/uploads\/elementor\/thumbs\/apsware_education_cmyk_stacked-popk2u1xepwc9gx5d3vek0bs9bgmfq21750oesuk72.png\",\"contentUrl\":\"https:\/\/www.apsware.com\/wp-content\/uploads\/elementor\/thumbs\/apsware_education_cmyk_stacked-popk2u1xepwc9gx5d3vek0bs9bgmfq21750oesuk72.png\"},{\"@type\":\"BreadcrumbList\",\"@id\":\"https:\/\/www.apsware.com\/de\/apsware-education\/bmc-control-m-scheduling-basic\/#breadcrumb\",\"itemListElement\":[{\"@type\":\"ListItem\",\"position\":1,\"name\":\"Home\",\"item\":\"https:\/\/www.apsware.com\/de\/\"},{\"@type\":\"ListItem\",\"position\":2,\"name\":\"apsware education &#8211; Control-M Schulung\",\"item\":\"https:\/\/www.apsware.com\/de\/apsware-education\/\"},{\"@type\":\"ListItem\",\"position\":3,\"name\":\"BMC CONTROL-M Training Scheduling Basic\"}]},{\"@type\":\"WebSite\",\"@id\":\"https:\/\/www.apsware.com\/de\/#website\",\"url\":\"https:\/\/www.apsware.com\/de\/\",\"name\":\"apsware\",\"description\":\"Digital Business Automation\",\"publisher\":{\"@id\":\"https:\/\/www.apsware.com\/de\/#organization\"},\"potentialAction\":[{\"@type\":\"SearchAction\",\"target\":{\"@type\":\"EntryPoint\",\"urlTemplate\":\"https:\/\/www.apsware.com\/de\/?s={search_term_string}\"},\"query-input\":{\"@type\":\"PropertyValueSpecification\",\"valueRequired\":true,\"valueName\":\"search_term_string\"}}],\"inLanguage\":\"de\"},{\"@type\":\"Organization\",\"@id\":\"https:\/\/www.apsware.com\/de\/#organization\",\"name\":\"apsware\",\"url\":\"https:\/\/www.apsware.com\/de\/\",\"logo\":{\"@type\":\"ImageObject\",\"inLanguage\":\"de\",\"@id\":\"https:\/\/www.apsware.com\/de\/#\/schema\/logo\/image\/\",\"url\":\"https:\/\/www.apsware.com\/wp-content\/uploads\/2019\/04\/apsware_logo_rgb-2-1.png\",\"contentUrl\":\"https:\/\/www.apsware.com\/wp-content\/uploads\/2019\/04\/apsware_logo_rgb-2-1.png\",\"width\":200,\"height\":46,\"caption\":\"apsware\"},\"image\":{\"@id\":\"https:\/\/www.apsware.com\/de\/#\/schema\/logo\/image\/\"}}]}<\/script>\n<!-- \/ Yoast SEO plugin. -->","yoast_head_json":{"title":"Control-M Training Scheduling Basic","robots":{"index":"index","follow":"follow","max-snippet":"max-snippet:-1","max-image-preview":"max-image-preview:large","max-video-preview":"max-video-preview:-1"},"canonical":"https:\/\/www.apsware.com\/de\/apsware-education\/bmc-control-m-scheduling-basic\/","og_locale":"de_DE","og_type":"article","og_title":"Control-M Training Scheduling Basic","og_description":"Control-M Training: Scheduling Basic Zielgruppe: Automation Engineers \/ Scheduling Verantwortliche In diesem Basis Control-M Training vermitteln wir die Grundlagen im Umgang mit Control-M. Die Anwender werden mit der g\u00e4ngigen Terminologie vertraut gemacht und erlernen die grundlegenden Techniken zur Erstellung, Verwaltung und Steuerung von automatisierten Prozessen. Durch die Verwendung von Best Practice \u00dcbungen vertiefen und festigen [&hellip;]","og_url":"https:\/\/www.apsware.com\/de\/apsware-education\/bmc-control-m-scheduling-basic\/","og_site_name":"apsware","article_modified_time":"2024-10-16T14:01:43+00:00","og_image":[{"url":"https:\/\/www.apsware.com\/wp-content\/uploads\/elementor\/thumbs\/apsware_education_cmyk_stacked-popk2u1xepwc9gx5d3vek0bs9bgmfq21750oesuk72.png","type":"","width":"","height":""}],"twitter_card":"summary_large_image","twitter_misc":{"Gesch\u00e4tzte Lesezeit":"1\u00a0Minute"},"schema":{"@context":"https:\/\/schema.org","@graph":[{"@type":"WebPage","@id":"https:\/\/www.apsware.com\/de\/apsware-education\/bmc-control-m-scheduling-basic\/","url":"https:\/\/www.apsware.com\/de\/apsware-education\/bmc-control-m-scheduling-basic\/","name":"Control-M Training Scheduling Basic","isPartOf":{"@id":"https:\/\/www.apsware.com\/de\/#website"},"primaryImageOfPage":{"@id":"https:\/\/www.apsware.com\/de\/apsware-education\/bmc-control-m-scheduling-basic\/#primaryimage"},"image":{"@id":"https:\/\/www.apsware.com\/de\/apsware-education\/bmc-control-m-scheduling-basic\/#primaryimage"},"thumbnailUrl":"https:\/\/www.apsware.com\/wp-content\/uploads\/elementor\/thumbs\/apsware_education_cmyk_stacked-popk2u1xepwc9gx5d3vek0bs9bgmfq21750oesuk72.png","datePublished":"2021-03-16T14:14:03+00:00","dateModified":"2024-10-16T14:01:43+00:00","breadcrumb":{"@id":"https:\/\/www.apsware.com\/de\/apsware-education\/bmc-control-m-scheduling-basic\/#breadcrumb"},"inLanguage":"de","potentialAction":[{"@type":"ReadAction","target":["https:\/\/www.apsware.com\/de\/apsware-education\/bmc-control-m-scheduling-basic\/"]}]},{"@type":"ImageObject","inLanguage":"de","@id":"https:\/\/www.apsware.com\/de\/apsware-education\/bmc-control-m-scheduling-basic\/#primaryimage","url":"https:\/\/www.apsware.com\/wp-content\/uploads\/elementor\/thumbs\/apsware_education_cmyk_stacked-popk2u1xepwc9gx5d3vek0bs9bgmfq21750oesuk72.png","contentUrl":"https:\/\/www.apsware.com\/wp-content\/uploads\/elementor\/thumbs\/apsware_education_cmyk_stacked-popk2u1xepwc9gx5d3vek0bs9bgmfq21750oesuk72.png"},{"@type":"BreadcrumbList","@id":"https:\/\/www.apsware.com\/de\/apsware-education\/bmc-control-m-scheduling-basic\/#breadcrumb","itemListElement":[{"@type":"ListItem","position":1,"name":"Home","item":"https:\/\/www.apsware.com\/de\/"},{"@type":"ListItem","position":2,"name":"apsware education &#8211; Control-M Schulung","item":"https:\/\/www.apsware.com\/de\/apsware-education\/"},{"@type":"ListItem","position":3,"name":"BMC CONTROL-M Training Scheduling Basic"}]},{"@type":"WebSite","@id":"https:\/\/www.apsware.com\/de\/#website","url":"https:\/\/www.apsware.com\/de\/","name":"apsware","description":"Digital Business Automation","publisher":{"@id":"https:\/\/www.apsware.com\/de\/#organization"},"potentialAction":[{"@type":"SearchAction","target":{"@type":"EntryPoint","urlTemplate":"https:\/\/www.apsware.com\/de\/?s={search_term_string}"},"query-input":{"@type":"PropertyValueSpecification","valueRequired":true,"valueName":"search_term_string"}}],"inLanguage":"de"},{"@type":"Organization","@id":"https:\/\/www.apsware.com\/de\/#organization","name":"apsware","url":"https:\/\/www.apsware.com\/de\/","logo":{"@type":"ImageObject","inLanguage":"de","@id":"https:\/\/www.apsware.com\/de\/#\/schema\/logo\/image\/","url":"https:\/\/www.apsware.com\/wp-content\/uploads\/2019\/04\/apsware_logo_rgb-2-1.png","contentUrl":"https:\/\/www.apsware.com\/wp-content\/uploads\/2019\/04\/apsware_logo_rgb-2-1.png","width":200,"height":46,"caption":"apsware"},"image":{"@id":"https:\/\/www.apsware.com\/de\/#\/schema\/logo\/image\/"}}]}},"_links":{"self":[{"href":"https:\/\/www.apsware.com\/de\/wp-json\/wp\/v2\/pages\/19296","targetHints":{"allow":["GET"]}}],"collection":[{"href":"https:\/\/www.apsware.com\/de\/wp-json\/wp\/v2\/pages"}],"about":[{"href":"https:\/\/www.apsware.com\/de\/wp-json\/wp\/v2\/types\/page"}],"author":[{"embeddable":true,"href":"https:\/\/www.apsware.com\/de\/wp-json\/wp\/v2\/users\/2"}],"replies":[{"embeddable":true,"href":"https:\/\/www.apsware.com\/de\/wp-json\/wp\/v2\/comments?post=19296"}],"version-history":[{"count":20,"href":"https:\/\/www.apsware.com\/de\/wp-json\/wp\/v2\/pages\/19296\/revisions"}],"predecessor-version":[{"id":33993,"href":"https:\/\/www.apsware.com\/de\/wp-json\/wp\/v2\/pages\/19296\/revisions\/33993"}],"up":[{"embeddable":true,"href":"https:\/\/www.apsware.com\/de\/wp-json\/wp\/v2\/pages\/19193"}],"wp:attachment":[{"href":"https:\/\/www.apsware.com\/de\/wp-json\/wp\/v2\/media?parent=19296"}],"curies":[{"name":"wp","href":"https:\/\/api.w.org\/{rel}","templated":true}]}}