{"id":19293,"date":"2021-03-16T14:08:44","date_gmt":"2021-03-16T14:08:44","guid":{"rendered":"https:\/\/www.apsware.com\/apsware-education\/bmc-control-m-scheduling-advanced\/"},"modified":"2024-10-16T13:54:36","modified_gmt":"2024-10-16T13:54:36","slug":"bmc-control-m-scheduling-advanced","status":"publish","type":"page","link":"https:\/\/www.apsware.com\/de\/apsware-education\/bmc-control-m-scheduling-advanced\/","title":{"rendered":"BMC CONTROL-M Training Scheduling Advanced"},"content":{"rendered":"\t\t<div data-elementor-type=\"wp-page\" data-elementor-id=\"19293\" class=\"elementor elementor-19293 elementor-18135\" data-elementor-post-type=\"page\">\n\t\t\t\t\t\t<section class=\"elementor-section elementor-top-section elementor-element elementor-element-c1d0508 elementor-section-stretched elementor-section-height-min-height elementor-hidden-mobile elementor-section-boxed elementor-section-height-default elementor-section-items-middle\" data-id=\"c1d0508\" data-element_type=\"section\" data-settings=\"{&quot;stretch_section&quot;:&quot;section-stretched&quot;,&quot;background_background&quot;:&quot;classic&quot;}\">\n\t\t\t\t\t\t<div class=\"elementor-container elementor-column-gap-default\">\n\t\t\t\t\t<div class=\"elementor-column elementor-col-100 elementor-top-column elementor-element elementor-element-3e9bd9f\" data-id=\"3e9bd9f\" data-element_type=\"column\">\n\t\t\t<div class=\"elementor-widget-wrap elementor-element-populated\">\n\t\t\t\t\t\t<div class=\"elementor-element elementor-element-e7dbaee elementor-widget elementor-widget-image\" data-id=\"e7dbaee\" data-element_type=\"widget\" data-widget_type=\"image.default\">\n\t\t\t\t<div class=\"elementor-widget-container\">\n\t\t\t\t\t\t\t\t\t\t\t\t\t\t\t<img decoding=\"async\" src=\"https:\/\/www.apsware.com\/wp-content\/uploads\/elementor\/thumbs\/apsware_education_cmyk_stacked-popk2u1xepwc9gx5d3vek0bs9bgmfq21750oesuk6s.png\" title=\"apsware_education_cmyk_stacked\" alt=\"apsware_education_cmyk_stacked\" loading=\"lazy\" \/>\t\t\t\t\t\t\t\t\t\t\t\t\t\t\t<\/div>\n\t\t\t\t<\/div>\n\t\t\t\t\t<\/div>\n\t\t<\/div>\n\t\t\t\t\t<\/div>\n\t\t<\/section>\n\t\t\t\t<section class=\"elementor-section elementor-top-section elementor-element elementor-element-52e8f22 elementor-section-stretched elementor-section-boxed elementor-section-height-default elementor-section-height-default\" data-id=\"52e8f22\" data-element_type=\"section\" data-settings=\"{&quot;stretch_section&quot;:&quot;section-stretched&quot;}\">\n\t\t\t\t\t\t<div class=\"elementor-container elementor-column-gap-default\">\n\t\t\t\t\t<div class=\"elementor-column elementor-col-100 elementor-top-column elementor-element elementor-element-403f4eb\" data-id=\"403f4eb\" data-element_type=\"column\">\n\t\t\t<div class=\"elementor-widget-wrap elementor-element-populated\">\n\t\t\t\t\t\t<div class=\"elementor-element elementor-element-7e581e5 elementor-widget elementor-widget-heading\" data-id=\"7e581e5\" data-element_type=\"widget\" data-widget_type=\"heading.default\">\n\t\t\t\t<div class=\"elementor-widget-container\">\n\t\t\t\t\t<h2 class=\"elementor-heading-title elementor-size-default\">Training: BMC CONTROL-M Scheduling Advanced <\/h2>\t\t\t\t<\/div>\n\t\t\t\t<\/div>\n\t\t\t\t<div class=\"elementor-element elementor-element-6ed4d81 elementor-widget elementor-widget-heading\" data-id=\"6ed4d81\" data-element_type=\"widget\" data-widget_type=\"heading.default\">\n\t\t\t\t<div class=\"elementor-widget-container\">\n\t\t\t\t\t<h4 class=\"elementor-heading-title elementor-size-default\">Zielgruppe: Automation Engineers \/ Scheduling Verantwortliche \/ Automation Architekten \/ Control-M Administratoren<\/h4>\t\t\t\t<\/div>\n\t\t\t\t<\/div>\n\t\t\t\t<div class=\"elementor-element elementor-element-e85ada9 elementor-widget elementor-widget-text-editor\" data-id=\"e85ada9\" data-element_type=\"widget\" data-widget_type=\"text-editor.default\">\n\t\t\t\t<div class=\"elementor-widget-container\">\n\t\t\t\t\t\t\t\t\t<p>Im erweiterten Scheduling Training bietet apsware die M\u00f6glichkeit den vollen Leistungsumfang von Control-M zu verstehen und funktional auszusch\u00f6pfen. Wir trainieren komplexe Anwendungsf\u00e4lle und erkl\u00e4ren l\u00f6sungsbezogene Methodiken, so dass die Anwender in der Lage sind, effektive Automatisierungskonzepte unternehmensweit zu entwickeln und zur Anwendung zu bringen.<span class=\"Apple-converted-space\">\u00a0<\/span><\/p>\n\t\t\t\t\t\t\t\t<\/div>\n\t\t\t\t<\/div>\n\t\t\t\t\t<\/div>\n\t\t<\/div>\n\t\t\t\t\t<\/div>\n\t\t<\/section>\n\t\t\t\t<section class=\"elementor-section elementor-top-section elementor-element elementor-element-14f256d elementor-section-stretched elementor-section-boxed elementor-section-height-default elementor-section-height-default\" data-id=\"14f256d\" data-element_type=\"section\" data-settings=\"{&quot;stretch_section&quot;:&quot;section-stretched&quot;}\">\n\t\t\t\t\t\t<div class=\"elementor-container elementor-column-gap-default\">\n\t\t\t\t\t<div class=\"elementor-column elementor-col-50 elementor-top-column elementor-element elementor-element-554a9b1\" data-id=\"554a9b1\" data-element_type=\"column\">\n\t\t\t<div class=\"elementor-widget-wrap elementor-element-populated\">\n\t\t\t\t\t\t<div class=\"elementor-element elementor-element-177bbfd elementor-widget elementor-widget-heading\" data-id=\"177bbfd\" data-element_type=\"widget\" data-widget_type=\"heading.default\">\n\t\t\t\t<div class=\"elementor-widget-container\">\n\t\t\t\t\t<h5 class=\"elementor-heading-title elementor-size-default\">Trainingsinhalte:<\/h5>\t\t\t\t<\/div>\n\t\t\t\t<\/div>\n\t\t\t\t<div class=\"elementor-element elementor-element-e98309d elementor-widget elementor-widget-text-editor\" data-id=\"e98309d\" data-element_type=\"widget\" data-widget_type=\"text-editor.default\">\n\t\t\t\t<div class=\"elementor-widget-container\">\n\t\t\t\t\t\t\t\t\t<ul>\n<li>Erweitere Funktionen und Anpassungen<\/li>\n<li>Workload policies<\/li>\n<li>Variablen<\/li>\n<li>Erweitertes Scheduling, Kalender Management<\/li>\n<li>Service Level Management und Forecasting<\/li>\n<li>Workload Change Manager<\/li>\n<li>Batch Impact Manager (BIM)<\/li>\n<li>Managed File Transfer (MFT)<\/li>\n<li>Application Integrator<\/li>\n<li>Utilities<\/li>\n<\/ul>\n\t\t\t\t\t\t\t\t<\/div>\n\t\t\t\t<\/div>\n\t\t\t\t<div class=\"elementor-element elementor-element-f8e92d5 elementor-widget elementor-widget-text-editor\" data-id=\"f8e92d5\" data-element_type=\"widget\" data-widget_type=\"text-editor.default\">\n\t\t\t\t<div class=\"elementor-widget-container\">\n\t\t\t\t\t\t\t\t\t<p><strong>Dauer:<\/strong> 24 Stunden<\/p>\n\t\t\t\t\t\t\t\t<\/div>\n\t\t\t\t<\/div>\n\t\t\t\t<div class=\"elementor-element elementor-element-3d6e500 elementor-align-center elementor-widget elementor-widget-button\" data-id=\"3d6e500\" data-element_type=\"widget\" data-widget_type=\"button.default\">\n\t\t\t\t<div class=\"elementor-widget-container\">\n\t\t\t\t\t\t\t\t\t<div class=\"elementor-button-wrapper\">\n\t\t\t\t\t<a class=\"elementor-button elementor-button-link elementor-size-sm\" href=\"https:\/\/www.apsware.com\/de\/apsware-education\/apsware-education-fuer-control-m-download-broschuere\/\">\n\t\t\t\t\t\t<span class=\"elementor-button-content-wrapper\">\n\t\t\t\t\t\t\t\t\t<span class=\"elementor-button-text\">apsware education Brosch\u00fcre anfordern<\/span>\n\t\t\t\t\t<\/span>\n\t\t\t\t\t<\/a>\n\t\t\t\t<\/div>\n\t\t\t\t\t\t\t\t<\/div>\n\t\t\t\t<\/div>\n\t\t\t\t<div class=\"elementor-element elementor-element-6c525d4 elementor-align-center elementor-widget elementor-widget-button\" data-id=\"6c525d4\" data-element_type=\"widget\" data-widget_type=\"button.default\">\n\t\t\t\t<div class=\"elementor-widget-container\">\n\t\t\t\t\t\t\t\t\t<div class=\"elementor-button-wrapper\">\n\t\t\t\t\t<a class=\"elementor-button elementor-button-link elementor-size-sm\" href=\"https:\/\/www.apsware.com\/de\/apsware-education\/\">\n\t\t\t\t\t\t<span class=\"elementor-button-content-wrapper\">\n\t\t\t\t\t\t\t\t\t<span class=\"elementor-button-text\">Zur\u00fcck zu apsware education \u00dcbersicht<\/span>\n\t\t\t\t\t<\/span>\n\t\t\t\t\t<\/a>\n\t\t\t\t<\/div>\n\t\t\t\t\t\t\t\t<\/div>\n\t\t\t\t<\/div>\n\t\t\t\t\t<\/div>\n\t\t<\/div>\n\t\t\t\t<div class=\"elementor-column elementor-col-50 elementor-top-column elementor-element elementor-element-cce6ac6\" data-id=\"cce6ac6\" data-element_type=\"column\">\n\t\t\t<div class=\"elementor-widget-wrap elementor-element-populated\">\n\t\t\t\t\t\t<div class=\"elementor-element elementor-element-180c7a3 elementor-widget elementor-widget-heading\" data-id=\"180c7a3\" data-element_type=\"widget\" data-widget_type=\"heading.default\">\n\t\t\t\t<div class=\"elementor-widget-container\">\n\t\t\t\t\t<h4 class=\"elementor-heading-title elementor-size-default\">Online-Training anfragen<\/h4>\t\t\t\t<\/div>\n\t\t\t\t<\/div>\n\t\t\t\t<div class=\"elementor-element elementor-element-3b7f088 elementor-widget elementor-widget-text-editor\" data-id=\"3b7f088\" data-element_type=\"widget\" data-widget_type=\"text-editor.default\">\n\t\t\t\t<div class=\"elementor-widget-container\">\n\t\t\t\t\t\t\t\t\t<p>\n<div class=\"wpcf7 no-js\" id=\"wpcf7-f18222-o1\" lang=\"en-US\" dir=\"ltr\" data-wpcf7-id=\"18222\">\n<div class=\"screen-reader-response\"><p role=\"status\" aria-live=\"polite\" aria-atomic=\"true\"><\/p> <ul><\/ul><\/div>\n<form action=\"\/de\/wp-json\/wp\/v2\/pages\/19293#wpcf7-f18222-o1\" method=\"post\" class=\"wpcf7-form init\" aria-label=\"Contact form\" novalidate=\"novalidate\" data-status=\"init\">\n<fieldset class=\"hidden-fields-container\"><input type=\"hidden\" name=\"_wpcf7\" value=\"18222\" \/><input type=\"hidden\" name=\"_wpcf7_version\" value=\"6.1\" \/><input type=\"hidden\" name=\"_wpcf7_locale\" value=\"en_US\" \/><input type=\"hidden\" name=\"_wpcf7_unit_tag\" value=\"wpcf7-f18222-o1\" \/><input type=\"hidden\" name=\"_wpcf7_container_post\" value=\"0\" \/><input type=\"hidden\" name=\"_wpcf7_posted_data_hash\" value=\"\" \/>\n<\/fieldset>\n<p><label> Company (required)<br \/>\n<span class=\"wpcf7-form-control-wrap\" data-name=\"company\"><input size=\"40\" maxlength=\"400\" class=\"wpcf7-form-control wpcf7-text wpcf7-validates-as-required borderinput\" aria-required=\"true\" aria-invalid=\"false\" value=\"\" type=\"text\" name=\"company\" \/><\/span> <\/label><br \/>\n<label> First Name + Last Name (required)<br \/>\n<span class=\"wpcf7-form-control-wrap\" data-name=\"first-last-name\"><input size=\"40\" maxlength=\"400\" class=\"wpcf7-form-control wpcf7-text wpcf7-validates-as-required borderinput\" aria-required=\"true\" aria-invalid=\"false\" value=\"\" type=\"text\" name=\"first-last-name\" \/><\/span> <\/label><br \/>\n<label>Your email (required)<br \/>\n<span class=\"wpcf7-form-control-wrap\" data-name=\"email\"><input size=\"40\" maxlength=\"400\" class=\"wpcf7-form-control wpcf7-email wpcf7-validates-as-required wpcf7-text wpcf7-validates-as-email borderinput\" aria-required=\"true\" aria-invalid=\"false\" value=\"\" type=\"email\" name=\"email\" \/><\/span> <\/label><br \/>\n<label> Phone<br \/>\n<span class=\"wpcf7-form-control-wrap\" data-name=\"phone\"><input size=\"40\" maxlength=\"400\" class=\"wpcf7-form-control wpcf7-text borderinput\" aria-invalid=\"false\" value=\"\" type=\"text\" name=\"phone\" \/><\/span> <\/label>\n<\/p>\n<p><span class=\"wpcf7-form-control-wrap\" data-name=\"your-consent\"><span class=\"wpcf7-form-control wpcf7-acceptance\"><span class=\"wpcf7-list-item\"><label><input type=\"checkbox\" name=\"your-consent\" value=\"1\" aria-invalid=\"false\" \/><span class=\"wpcf7-list-item-label\">Your confidentiality is assured. Please read and accept our <a target=\"_blank\" rel=\"noopener noreferrer\" href=\"https:\/\/www.apsware.com\/privacy-statement\/\">Privacy Policy<\/a><\/span><\/label><\/span><\/span><\/span>\n<\/p>\n<p><span id=\"wpcf7-69e54f059f1e7-wrapper\" class=\"wpcf7-form-control-wrap e-mail-wrap\" style=\"display:none !important; visibility:hidden !important;\"><input type=\"hidden\" name=\"e-mail-time-start\" value=\"1776635653\"><input type=\"hidden\" name=\"e-mail-time-check\" value=\"4\"><label for=\"wpcf7-69e54f059f1e7-field\" class=\"hp-message\">Please leave this field empty.<\/label><input id=\"wpcf7-69e54f059f1e7-field\"  class=\"wpcf7-form-control wpcf7-text\" type=\"text\" name=\"e-mail\" value=\"\" size=\"40\" tabindex=\"-1\" autocomplete=\"new-password\" \/><\/span><br \/>\n<span id=\"wpcf7-69e54f059f279-wrapper\" class=\"wpcf7-form-control-wrap identification-number-wrap\" style=\"display:none !important; visibility:hidden !important;\"><input type=\"hidden\" name=\"identification-number-time-start\" value=\"1776635653\"><input type=\"hidden\" name=\"identification-number-time-check\" value=\"4\"><label for=\"wpcf7-69e54f059f279-field\" class=\"hp-message\">Please leave this field empty.<\/label><input id=\"wpcf7-69e54f059f279-field\"  class=\"wpcf7-form-control wpcf7-text\" type=\"text\" name=\"identification-number\" value=\"\" size=\"40\" tabindex=\"-1\" autocomplete=\"new-password\" \/><\/span>\n<\/p>\n<div style=\"margin-top: 20px; margin-bottom:10px\">\n\t<p><input class=\"wpcf7-form-control wpcf7-submit has-spinner\" type=\"submit\" value=\"Send\" \/>\n\t<\/p>\n<\/div><div class=\"wpcf7-response-output\" aria-hidden=\"true\"><\/div>\n<\/form>\n<\/div>\n<\/p>\n\t\t\t\t\t\t\t\t<\/div>\n\t\t\t\t<\/div>\n\t\t\t\t\t<\/div>\n\t\t<\/div>\n\t\t\t\t\t<\/div>\n\t\t<\/section>\n\t\t\t\t<\/div>\n\t\t","protected":false},"excerpt":{"rendered":"<p>Training: BMC CONTROL-M Scheduling Advanced Zielgruppe: Automation Engineers \/ Scheduling Verantwortliche \/ Automation Architekten \/ Control-M Administratoren Im erweiterten Scheduling Training bietet apsware die M\u00f6glichkeit den vollen Leistungsumfang von Control-M zu verstehen und funktional auszusch\u00f6pfen. Wir trainieren komplexe Anwendungsf\u00e4lle und erkl\u00e4ren l\u00f6sungsbezogene Methodiken, so dass die Anwender in der Lage sind, effektive Automatisierungskonzepte unternehmensweit zu [&hellip;]<\/p>\n","protected":false},"author":2,"featured_media":0,"parent":19193,"menu_order":0,"comment_status":"closed","ping_status":"closed","template":"","meta":{"footnotes":""},"class_list":["post-19293","page","type-page","status-publish","hentry"],"yoast_head":"<!-- This site is optimized with the Yoast SEO plugin v25.6 - https:\/\/yoast.com\/wordpress\/plugins\/seo\/ -->\n<title>Control-M Training Scheduling Advanced by apsware<\/title>\n<meta name=\"robots\" content=\"index, follow, max-snippet:-1, max-image-preview:large, max-video-preview:-1\" \/>\n<link rel=\"canonical\" href=\"https:\/\/www.apsware.com\/de\/apsware-education\/bmc-control-m-scheduling-advanced\/\" \/>\n<meta property=\"og:locale\" content=\"de_DE\" \/>\n<meta property=\"og:type\" content=\"article\" \/>\n<meta property=\"og:title\" content=\"Control-M Training Scheduling Advanced by apsware\" \/>\n<meta property=\"og:description\" content=\"Training: BMC CONTROL-M Scheduling Advanced Zielgruppe: Automation Engineers \/ Scheduling Verantwortliche \/ Automation Architekten \/ Control-M Administratoren Im erweiterten Scheduling Training bietet apsware die M\u00f6glichkeit den vollen Leistungsumfang von Control-M zu verstehen und funktional auszusch\u00f6pfen. Wir trainieren komplexe Anwendungsf\u00e4lle und erkl\u00e4ren l\u00f6sungsbezogene Methodiken, so dass die Anwender in der Lage sind, effektive Automatisierungskonzepte unternehmensweit zu [&hellip;]\" \/>\n<meta property=\"og:url\" content=\"https:\/\/www.apsware.com\/de\/apsware-education\/bmc-control-m-scheduling-advanced\/\" \/>\n<meta property=\"og:site_name\" content=\"apsware\" \/>\n<meta property=\"article:modified_time\" content=\"2024-10-16T13:54:36+00:00\" \/>\n<meta property=\"og:image\" content=\"https:\/\/www.apsware.com\/wp-content\/uploads\/elementor\/thumbs\/apsware_education_cmyk_stacked-popk2u1xepwc9gx5d3vek0bs9bgmfq21750oesuk72.png\" \/>\n<meta name=\"twitter:card\" content=\"summary_large_image\" \/>\n<meta name=\"twitter:label1\" content=\"Gesch\u00e4tzte Lesezeit\" \/>\n\t<meta name=\"twitter:data1\" content=\"1\u00a0Minute\" \/>\n<script type=\"application\/ld+json\" class=\"yoast-schema-graph\">{\"@context\":\"https:\/\/schema.org\",\"@graph\":[{\"@type\":\"WebPage\",\"@id\":\"https:\/\/www.apsware.com\/de\/apsware-education\/bmc-control-m-scheduling-advanced\/\",\"url\":\"https:\/\/www.apsware.com\/de\/apsware-education\/bmc-control-m-scheduling-advanced\/\",\"name\":\"Control-M Training Scheduling Advanced by apsware\",\"isPartOf\":{\"@id\":\"https:\/\/www.apsware.com\/de\/#website\"},\"primaryImageOfPage\":{\"@id\":\"https:\/\/www.apsware.com\/de\/apsware-education\/bmc-control-m-scheduling-advanced\/#primaryimage\"},\"image\":{\"@id\":\"https:\/\/www.apsware.com\/de\/apsware-education\/bmc-control-m-scheduling-advanced\/#primaryimage\"},\"thumbnailUrl\":\"https:\/\/www.apsware.com\/wp-content\/uploads\/elementor\/thumbs\/apsware_education_cmyk_stacked-popk2u1xepwc9gx5d3vek0bs9bgmfq21750oesuk72.png\",\"datePublished\":\"2021-03-16T14:08:44+00:00\",\"dateModified\":\"2024-10-16T13:54:36+00:00\",\"breadcrumb\":{\"@id\":\"https:\/\/www.apsware.com\/de\/apsware-education\/bmc-control-m-scheduling-advanced\/#breadcrumb\"},\"inLanguage\":\"de\",\"potentialAction\":[{\"@type\":\"ReadAction\",\"target\":[\"https:\/\/www.apsware.com\/de\/apsware-education\/bmc-control-m-scheduling-advanced\/\"]}]},{\"@type\":\"ImageObject\",\"inLanguage\":\"de\",\"@id\":\"https:\/\/www.apsware.com\/de\/apsware-education\/bmc-control-m-scheduling-advanced\/#primaryimage\",\"url\":\"https:\/\/www.apsware.com\/wp-content\/uploads\/elementor\/thumbs\/apsware_education_cmyk_stacked-popk2u1xepwc9gx5d3vek0bs9bgmfq21750oesuk72.png\",\"contentUrl\":\"https:\/\/www.apsware.com\/wp-content\/uploads\/elementor\/thumbs\/apsware_education_cmyk_stacked-popk2u1xepwc9gx5d3vek0bs9bgmfq21750oesuk72.png\"},{\"@type\":\"BreadcrumbList\",\"@id\":\"https:\/\/www.apsware.com\/de\/apsware-education\/bmc-control-m-scheduling-advanced\/#breadcrumb\",\"itemListElement\":[{\"@type\":\"ListItem\",\"position\":1,\"name\":\"Home\",\"item\":\"https:\/\/www.apsware.com\/de\/\"},{\"@type\":\"ListItem\",\"position\":2,\"name\":\"apsware education &#8211; Control-M Schulung\",\"item\":\"https:\/\/www.apsware.com\/de\/apsware-education\/\"},{\"@type\":\"ListItem\",\"position\":3,\"name\":\"BMC CONTROL-M Training Scheduling Advanced\"}]},{\"@type\":\"WebSite\",\"@id\":\"https:\/\/www.apsware.com\/de\/#website\",\"url\":\"https:\/\/www.apsware.com\/de\/\",\"name\":\"apsware\",\"description\":\"Digital Business Automation\",\"publisher\":{\"@id\":\"https:\/\/www.apsware.com\/de\/#organization\"},\"potentialAction\":[{\"@type\":\"SearchAction\",\"target\":{\"@type\":\"EntryPoint\",\"urlTemplate\":\"https:\/\/www.apsware.com\/de\/?s={search_term_string}\"},\"query-input\":{\"@type\":\"PropertyValueSpecification\",\"valueRequired\":true,\"valueName\":\"search_term_string\"}}],\"inLanguage\":\"de\"},{\"@type\":\"Organization\",\"@id\":\"https:\/\/www.apsware.com\/de\/#organization\",\"name\":\"apsware\",\"url\":\"https:\/\/www.apsware.com\/de\/\",\"logo\":{\"@type\":\"ImageObject\",\"inLanguage\":\"de\",\"@id\":\"https:\/\/www.apsware.com\/de\/#\/schema\/logo\/image\/\",\"url\":\"https:\/\/www.apsware.com\/wp-content\/uploads\/2019\/04\/apsware_logo_rgb-2-1.png\",\"contentUrl\":\"https:\/\/www.apsware.com\/wp-content\/uploads\/2019\/04\/apsware_logo_rgb-2-1.png\",\"width\":200,\"height\":46,\"caption\":\"apsware\"},\"image\":{\"@id\":\"https:\/\/www.apsware.com\/de\/#\/schema\/logo\/image\/\"}}]}<\/script>\n<!-- \/ Yoast SEO plugin. -->","yoast_head_json":{"title":"Control-M Training Scheduling Advanced by apsware","robots":{"index":"index","follow":"follow","max-snippet":"max-snippet:-1","max-image-preview":"max-image-preview:large","max-video-preview":"max-video-preview:-1"},"canonical":"https:\/\/www.apsware.com\/de\/apsware-education\/bmc-control-m-scheduling-advanced\/","og_locale":"de_DE","og_type":"article","og_title":"Control-M Training Scheduling Advanced by apsware","og_description":"Training: BMC CONTROL-M Scheduling Advanced Zielgruppe: Automation Engineers \/ Scheduling Verantwortliche \/ Automation Architekten \/ Control-M Administratoren Im erweiterten Scheduling Training bietet apsware die M\u00f6glichkeit den vollen Leistungsumfang von Control-M zu verstehen und funktional auszusch\u00f6pfen. Wir trainieren komplexe Anwendungsf\u00e4lle und erkl\u00e4ren l\u00f6sungsbezogene Methodiken, so dass die Anwender in der Lage sind, effektive Automatisierungskonzepte unternehmensweit zu [&hellip;]","og_url":"https:\/\/www.apsware.com\/de\/apsware-education\/bmc-control-m-scheduling-advanced\/","og_site_name":"apsware","article_modified_time":"2024-10-16T13:54:36+00:00","og_image":[{"url":"https:\/\/www.apsware.com\/wp-content\/uploads\/elementor\/thumbs\/apsware_education_cmyk_stacked-popk2u1xepwc9gx5d3vek0bs9bgmfq21750oesuk72.png","type":"","width":"","height":""}],"twitter_card":"summary_large_image","twitter_misc":{"Gesch\u00e4tzte Lesezeit":"1\u00a0Minute"},"schema":{"@context":"https:\/\/schema.org","@graph":[{"@type":"WebPage","@id":"https:\/\/www.apsware.com\/de\/apsware-education\/bmc-control-m-scheduling-advanced\/","url":"https:\/\/www.apsware.com\/de\/apsware-education\/bmc-control-m-scheduling-advanced\/","name":"Control-M Training Scheduling Advanced by apsware","isPartOf":{"@id":"https:\/\/www.apsware.com\/de\/#website"},"primaryImageOfPage":{"@id":"https:\/\/www.apsware.com\/de\/apsware-education\/bmc-control-m-scheduling-advanced\/#primaryimage"},"image":{"@id":"https:\/\/www.apsware.com\/de\/apsware-education\/bmc-control-m-scheduling-advanced\/#primaryimage"},"thumbnailUrl":"https:\/\/www.apsware.com\/wp-content\/uploads\/elementor\/thumbs\/apsware_education_cmyk_stacked-popk2u1xepwc9gx5d3vek0bs9bgmfq21750oesuk72.png","datePublished":"2021-03-16T14:08:44+00:00","dateModified":"2024-10-16T13:54:36+00:00","breadcrumb":{"@id":"https:\/\/www.apsware.com\/de\/apsware-education\/bmc-control-m-scheduling-advanced\/#breadcrumb"},"inLanguage":"de","potentialAction":[{"@type":"ReadAction","target":["https:\/\/www.apsware.com\/de\/apsware-education\/bmc-control-m-scheduling-advanced\/"]}]},{"@type":"ImageObject","inLanguage":"de","@id":"https:\/\/www.apsware.com\/de\/apsware-education\/bmc-control-m-scheduling-advanced\/#primaryimage","url":"https:\/\/www.apsware.com\/wp-content\/uploads\/elementor\/thumbs\/apsware_education_cmyk_stacked-popk2u1xepwc9gx5d3vek0bs9bgmfq21750oesuk72.png","contentUrl":"https:\/\/www.apsware.com\/wp-content\/uploads\/elementor\/thumbs\/apsware_education_cmyk_stacked-popk2u1xepwc9gx5d3vek0bs9bgmfq21750oesuk72.png"},{"@type":"BreadcrumbList","@id":"https:\/\/www.apsware.com\/de\/apsware-education\/bmc-control-m-scheduling-advanced\/#breadcrumb","itemListElement":[{"@type":"ListItem","position":1,"name":"Home","item":"https:\/\/www.apsware.com\/de\/"},{"@type":"ListItem","position":2,"name":"apsware education &#8211; Control-M Schulung","item":"https:\/\/www.apsware.com\/de\/apsware-education\/"},{"@type":"ListItem","position":3,"name":"BMC CONTROL-M Training Scheduling Advanced"}]},{"@type":"WebSite","@id":"https:\/\/www.apsware.com\/de\/#website","url":"https:\/\/www.apsware.com\/de\/","name":"apsware","description":"Digital Business Automation","publisher":{"@id":"https:\/\/www.apsware.com\/de\/#organization"},"potentialAction":[{"@type":"SearchAction","target":{"@type":"EntryPoint","urlTemplate":"https:\/\/www.apsware.com\/de\/?s={search_term_string}"},"query-input":{"@type":"PropertyValueSpecification","valueRequired":true,"valueName":"search_term_string"}}],"inLanguage":"de"},{"@type":"Organization","@id":"https:\/\/www.apsware.com\/de\/#organization","name":"apsware","url":"https:\/\/www.apsware.com\/de\/","logo":{"@type":"ImageObject","inLanguage":"de","@id":"https:\/\/www.apsware.com\/de\/#\/schema\/logo\/image\/","url":"https:\/\/www.apsware.com\/wp-content\/uploads\/2019\/04\/apsware_logo_rgb-2-1.png","contentUrl":"https:\/\/www.apsware.com\/wp-content\/uploads\/2019\/04\/apsware_logo_rgb-2-1.png","width":200,"height":46,"caption":"apsware"},"image":{"@id":"https:\/\/www.apsware.com\/de\/#\/schema\/logo\/image\/"}}]}},"_links":{"self":[{"href":"https:\/\/www.apsware.com\/de\/wp-json\/wp\/v2\/pages\/19293","targetHints":{"allow":["GET"]}}],"collection":[{"href":"https:\/\/www.apsware.com\/de\/wp-json\/wp\/v2\/pages"}],"about":[{"href":"https:\/\/www.apsware.com\/de\/wp-json\/wp\/v2\/types\/page"}],"author":[{"embeddable":true,"href":"https:\/\/www.apsware.com\/de\/wp-json\/wp\/v2\/users\/2"}],"replies":[{"embeddable":true,"href":"https:\/\/www.apsware.com\/de\/wp-json\/wp\/v2\/comments?post=19293"}],"version-history":[{"count":12,"href":"https:\/\/www.apsware.com\/de\/wp-json\/wp\/v2\/pages\/19293\/revisions"}],"predecessor-version":[{"id":33994,"href":"https:\/\/www.apsware.com\/de\/wp-json\/wp\/v2\/pages\/19293\/revisions\/33994"}],"up":[{"embeddable":true,"href":"https:\/\/www.apsware.com\/de\/wp-json\/wp\/v2\/pages\/19193"}],"wp:attachment":[{"href":"https:\/\/www.apsware.com\/de\/wp-json\/wp\/v2\/media?parent=19293"}],"curies":[{"name":"wp","href":"https:\/\/api.w.org\/{rel}","templated":true}]}}