{"id":19281,"date":"2021-03-16T13:34:25","date_gmt":"2021-03-16T13:34:25","guid":{"rendered":"https:\/\/www.apsware.com\/apsware-education\/bmc-control-d-bmc-control-v-basic\/"},"modified":"2022-05-18T10:49:59","modified_gmt":"2022-05-18T10:49:59","slug":"bmc-control-d-bmc-control-v-basic","status":"publish","type":"page","link":"https:\/\/www.apsware.com\/de\/apsware-education\/bmc-control-d-bmc-control-v-basic\/","title":{"rendered":"BMC CONTROL-D &#038;  BMC CONTROL-V Basic"},"content":{"rendered":"\t\t<div data-elementor-type=\"wp-page\" data-elementor-id=\"19281\" class=\"elementor elementor-19281 elementor-17971\" data-elementor-post-type=\"page\">\n\t\t\t\t\t\t<section class=\"elementor-section elementor-top-section elementor-element elementor-element-1ca34a6 elementor-section-stretched elementor-section-height-min-height elementor-hidden-mobile elementor-section-boxed elementor-section-height-default elementor-section-items-middle\" data-id=\"1ca34a6\" data-element_type=\"section\" data-settings=\"{&quot;stretch_section&quot;:&quot;section-stretched&quot;,&quot;background_background&quot;:&quot;classic&quot;}\">\n\t\t\t\t\t\t<div class=\"elementor-container elementor-column-gap-default\">\n\t\t\t\t\t<div class=\"elementor-column elementor-col-100 elementor-top-column elementor-element elementor-element-e5d1102\" data-id=\"e5d1102\" data-element_type=\"column\">\n\t\t\t<div class=\"elementor-widget-wrap elementor-element-populated\">\n\t\t\t\t\t\t<div class=\"elementor-element elementor-element-ee5ee88 elementor-widget elementor-widget-image\" data-id=\"ee5ee88\" data-element_type=\"widget\" data-widget_type=\"image.default\">\n\t\t\t\t<div class=\"elementor-widget-container\">\n\t\t\t\t\t\t\t\t\t\t\t\t\t\t\t<img decoding=\"async\" src=\"https:\/\/www.apsware.com\/wp-content\/uploads\/elementor\/thumbs\/apsware_education_cmyk_stacked-popk2u1xepwc9gx5d3vek0bs9bgmfq21750oesuk6s.png\" title=\"apsware_education_cmyk_stacked\" alt=\"apsware_education_cmyk_stacked\" loading=\"lazy\" \/>\t\t\t\t\t\t\t\t\t\t\t\t\t\t\t<\/div>\n\t\t\t\t<\/div>\n\t\t\t\t\t<\/div>\n\t\t<\/div>\n\t\t\t\t\t<\/div>\n\t\t<\/section>\n\t\t\t\t<section class=\"elementor-section elementor-top-section elementor-element elementor-element-cb287a2 elementor-section-stretched elementor-section-height-min-height elementor-hidden-desktop elementor-hidden-tablet elementor-section-boxed elementor-section-height-default elementor-section-items-middle\" data-id=\"cb287a2\" data-element_type=\"section\" data-settings=\"{&quot;stretch_section&quot;:&quot;section-stretched&quot;,&quot;background_background&quot;:&quot;classic&quot;}\">\n\t\t\t\t\t\t<div class=\"elementor-container elementor-column-gap-default\">\n\t\t\t\t\t<div class=\"elementor-column elementor-col-100 elementor-top-column elementor-element elementor-element-5840edf\" data-id=\"5840edf\" data-element_type=\"column\">\n\t\t\t<div class=\"elementor-widget-wrap\">\n\t\t\t\t\t\t\t<\/div>\n\t\t<\/div>\n\t\t\t\t\t<\/div>\n\t\t<\/section>\n\t\t\t\t<section class=\"elementor-section elementor-top-section elementor-element elementor-element-b4a4164 elementor-section-stretched elementor-section-boxed elementor-section-height-default elementor-section-height-default\" data-id=\"b4a4164\" data-element_type=\"section\" data-settings=\"{&quot;stretch_section&quot;:&quot;section-stretched&quot;}\">\n\t\t\t\t\t\t<div class=\"elementor-container elementor-column-gap-default\">\n\t\t\t\t\t<div class=\"elementor-column elementor-col-100 elementor-top-column elementor-element elementor-element-73ccedb\" data-id=\"73ccedb\" data-element_type=\"column\">\n\t\t\t<div class=\"elementor-widget-wrap elementor-element-populated\">\n\t\t\t\t\t\t<div class=\"elementor-element elementor-element-a08f902 elementor-widget elementor-widget-heading\" data-id=\"a08f902\" data-element_type=\"widget\" data-widget_type=\"heading.default\">\n\t\t\t\t<div class=\"elementor-widget-container\">\n\t\t\t\t\t<h2 class=\"elementor-heading-title elementor-size-default\">Training: BMC CONTROL-D &amp; BMC CONTROL-V Basic (z\/OS)<\/h2>\t\t\t\t<\/div>\n\t\t\t\t<\/div>\n\t\t\t\t<div class=\"elementor-element elementor-element-13816ba elementor-widget elementor-widget-heading\" data-id=\"13816ba\" data-element_type=\"widget\" data-widget_type=\"heading.default\">\n\t\t\t\t<div class=\"elementor-widget-container\">\n\t\t\t\t\t<h4 class=\"elementor-heading-title elementor-size-default\">Version 9.0.xx<\/h4>\t\t\t\t<\/div>\n\t\t\t\t<\/div>\n\t\t\t\t<div class=\"elementor-element elementor-element-2274f56 elementor-widget elementor-widget-text-editor\" data-id=\"2274f56\" data-element_type=\"widget\" data-widget_type=\"text-editor.default\">\n\t\t\t\t<div class=\"elementor-widget-container\">\n\t\t\t\t\t\t\t\t\t<ul><li><b>Zielgruppe:\u00a0<\/b>\u00a0Das BMC Control-D &amp; BMC Control-V Basic Training bietet sich f\u00fcr neue Anwender an, die weniger als 6 Monate Erfahrung mit den Produkten haben, sowie IT-Fachleute, die daran interessiert sind, diese Mainframe-Produkte (z\/OS) aus der Perspektive des Endanwenders kennen zu lernen.<\/li><li><b>Kurzfassung: <\/b>Dieses Seminar gibt den Teilnehmern einen \u00dcberblick \u00fcber die Komponenten des Output Management Tools CONTROL-D und CONTROL-V. Es wird gezeigt, wie Output mit Hilfe von Auftr\u00e4gen verteilt und verwaltet wird, Output am Bildschirm angesehen und gedruckt sowie archiviert und wieder zur\u00fcckgeladen werden kann. Die Handhabung der Trennauftr\u00e4ge und der Online-Men\u00fcs und der Reports am Bildschirm sind Schwerpunkt des Seminars. Durch umfangreiche \u00dcbungen wird der Teilnehmer in die Lage versetzt, die Funktionsweise von CONTROL-D und CONTROL-V kennen zulernen und einzusetzen. Die \u00dcbungen werden auf einer eigenen LPAR durchgef\u00fchrt. Ergebnisse k\u00f6nnen sofort \u00fcberpr\u00fcft und analysiert werden.<\/li><\/ul>\t\t\t\t\t\t\t\t<\/div>\n\t\t\t\t<\/div>\n\t\t\t\t\t<\/div>\n\t\t<\/div>\n\t\t\t\t\t<\/div>\n\t\t<\/section>\n\t\t\t\t<section class=\"elementor-section elementor-top-section elementor-element elementor-element-891a860 elementor-section-stretched elementor-section-boxed elementor-section-height-default elementor-section-height-default\" data-id=\"891a860\" data-element_type=\"section\" data-settings=\"{&quot;stretch_section&quot;:&quot;section-stretched&quot;}\">\n\t\t\t\t\t\t<div class=\"elementor-container elementor-column-gap-default\">\n\t\t\t\t\t<div class=\"elementor-column elementor-col-50 elementor-top-column elementor-element elementor-element-ef252cd\" data-id=\"ef252cd\" data-element_type=\"column\">\n\t\t\t<div class=\"elementor-widget-wrap elementor-element-populated\">\n\t\t\t\t\t\t<div class=\"elementor-element elementor-element-c58ab93 elementor-widget elementor-widget-heading\" data-id=\"c58ab93\" data-element_type=\"widget\" data-widget_type=\"heading.default\">\n\t\t\t\t<div class=\"elementor-widget-container\">\n\t\t\t\t\t<h5 class=\"elementor-heading-title elementor-size-default\">Kursziele: <\/h5>\t\t\t\t<\/div>\n\t\t\t\t<\/div>\n\t\t\t\t<div class=\"elementor-element elementor-element-4334d05 elementor-widget elementor-widget-text-editor\" data-id=\"4334d05\" data-element_type=\"widget\" data-widget_type=\"text-editor.default\">\n\t\t\t\t<div class=\"elementor-widget-container\">\n\t\t\t\t\t\t\t\t\t<p>Identifikation von Konzepten und M\u00f6glichkeiten einschlie\u00dflich:<\/p>\n\t\t\t\t\t\t\t\t<\/div>\n\t\t\t\t<\/div>\n\t\t\t\t<div class=\"elementor-element elementor-element-5642db0 elementor-widget elementor-widget-text-editor\" data-id=\"5642db0\" data-element_type=\"widget\" data-widget_type=\"text-editor.default\">\n\t\t\t\t<div class=\"elementor-widget-container\">\n\t\t\t\t\t\t\t\t\t<ul>\n<li>Aufl\u00f6sung (generische Aufl\u00f6sung im Vergleich mit regul\u00e4rer Aufl\u00f6sung)<\/li>\n<li>Arbeitsabl\u00e4ufe, die gleichzeitig mit der Berichterstellung m\u00f6glich sind<\/li>\n<li>B\u00fcndelungs- und Druckvorgang<\/li>\n<li>Online Viewing<\/li>\n<li>CONTROL-D und CONTROL-V Empf\u00e4ngerstruktur<\/li>\n<li>CONTROL-D Parameter f\u00fcr den Druckauftrag<\/li>\n<li>der generische Monitor und die generische Klasse<\/li>\n<li>die Online-Viewing-Bildauswahl<\/li>\n<li>Anzeigetypen<\/li>\n<li>CONTROL-V Indizierung<\/li>\n<li>unterst\u00fctzte Migrationsschnittstellen<\/li>\n<li>Integration von CONTROL-V in die CONTROL-D Aufl\u00f6sungsparameter<\/li>\n<li>Definition von Berichten (Aufl\u00f6sungen) an CONTROL-D und CONTROL-V<\/li>\n<li>Aktivierung von Berichten und \u00dcberpr\u00fcfung der Ergebnisberichte online<\/li>\n<li>Regeln erstellen<\/li>\n<li>einen Druckauftrag aktivieren<\/li>\n<li>Berichte pr\u00fcfen und editieren<\/li>\n<li>Berichte drucken<\/li>\n<\/ul>\n\t\t\t\t\t\t\t\t<\/div>\n\t\t\t\t<\/div>\n\t\t\t\t<div class=\"elementor-element elementor-element-12b997c elementor-widget elementor-widget-text-editor\" data-id=\"12b997c\" data-element_type=\"widget\" data-widget_type=\"text-editor.default\">\n\t\t\t\t<div class=\"elementor-widget-container\">\n\t\t\t\t\t\t\t\t\t<h5>Erforderliche Vorkenntnisse:<\/h5><ul><li><strong>Allgemein:<\/strong> Basiswissen \u00fcber MVS JCL und allgemeine Kenntnisse \u00fcber Konzepte der Berichtsverteilung<\/li><li><strong>Voraussetzungen:<\/strong> Keine<\/li><li><b>Dauer:<\/b> 4 Tage (2&#215;4 Std.\/Tag &#8211; insgesamt 32 Stunden)<\/li><\/ul>\t\t\t\t\t\t\t\t<\/div>\n\t\t\t\t<\/div>\n\t\t\t\t\t<\/div>\n\t\t<\/div>\n\t\t\t\t<div class=\"elementor-column elementor-col-50 elementor-top-column elementor-element elementor-element-251f51c\" data-id=\"251f51c\" data-element_type=\"column\">\n\t\t\t<div class=\"elementor-widget-wrap elementor-element-populated\">\n\t\t\t\t\t\t<div class=\"elementor-element elementor-element-e026f3d elementor-widget elementor-widget-heading\" data-id=\"e026f3d\" data-element_type=\"widget\" data-widget_type=\"heading.default\">\n\t\t\t\t<div class=\"elementor-widget-container\">\n\t\t\t\t\t<h4 class=\"elementor-heading-title elementor-size-default\">Online-Training anfragen<\/h4>\t\t\t\t<\/div>\n\t\t\t\t<\/div>\n\t\t\t\t<div class=\"elementor-element elementor-element-e6d9c27 elementor-widget elementor-widget-text-editor\" data-id=\"e6d9c27\" data-element_type=\"widget\" data-widget_type=\"text-editor.default\">\n\t\t\t\t<div class=\"elementor-widget-container\">\n\t\t\t\t\t\t\t\t\t<p>\n<div class=\"wpcf7 no-js\" id=\"wpcf7-f17988-o1\" lang=\"en-US\" dir=\"ltr\" data-wpcf7-id=\"17988\">\n<div class=\"screen-reader-response\"><p role=\"status\" aria-live=\"polite\" aria-atomic=\"true\"><\/p> <ul><\/ul><\/div>\n<form action=\"\/de\/wp-json\/wp\/v2\/pages\/19281#wpcf7-f17988-o1\" method=\"post\" class=\"wpcf7-form init\" aria-label=\"Contact form\" novalidate=\"novalidate\" data-status=\"init\">\n<fieldset class=\"hidden-fields-container\"><input type=\"hidden\" name=\"_wpcf7\" value=\"17988\" \/><input type=\"hidden\" name=\"_wpcf7_version\" value=\"6.1\" \/><input type=\"hidden\" name=\"_wpcf7_locale\" value=\"en_US\" \/><input type=\"hidden\" name=\"_wpcf7_unit_tag\" value=\"wpcf7-f17988-o1\" \/><input type=\"hidden\" name=\"_wpcf7_container_post\" value=\"0\" \/><input type=\"hidden\" name=\"_wpcf7_posted_data_hash\" value=\"\" \/>\n<\/fieldset>\n<p><label> Company (required)<br \/>\n<span class=\"wpcf7-form-control-wrap\" data-name=\"company\"><input size=\"40\" maxlength=\"400\" class=\"wpcf7-form-control wpcf7-text wpcf7-validates-as-required borderinput\" aria-required=\"true\" aria-invalid=\"false\" value=\"\" type=\"text\" name=\"company\" \/><\/span> <\/label><br \/>\n<label> First Name + Last Name(required)<br \/>\n<span class=\"wpcf7-form-control-wrap\" data-name=\"first-last-name\"><input size=\"40\" maxlength=\"400\" class=\"wpcf7-form-control wpcf7-text wpcf7-validates-as-required borderinput\" aria-required=\"true\" aria-invalid=\"false\" value=\"\" type=\"text\" name=\"first-last-name\" \/><\/span> <\/label><br \/>\n<label> Phone (required)<br \/>\n<span class=\"wpcf7-form-control-wrap\" data-name=\"phone\"><input size=\"40\" maxlength=\"400\" class=\"wpcf7-form-control wpcf7-text wpcf7-validates-as-required borderinput\" aria-required=\"true\" aria-invalid=\"false\" value=\"\" type=\"text\" name=\"phone\" \/><\/span> <\/label><br \/>\n<label>Your email (required)<br \/>\n<span class=\"wpcf7-form-control-wrap\" data-name=\"email\"><input size=\"40\" maxlength=\"400\" class=\"wpcf7-form-control wpcf7-email wpcf7-validates-as-required wpcf7-text wpcf7-validates-as-email borderinput\" aria-required=\"true\" aria-invalid=\"false\" value=\"\" type=\"email\" name=\"email\" \/><\/span> <\/label><br \/>\n<span class=\"wpcf7-form-control-wrap\" data-name=\"your-consent\"><span class=\"wpcf7-form-control wpcf7-acceptance\"><span class=\"wpcf7-list-item\"><label><input type=\"checkbox\" name=\"your-consent\" value=\"1\" aria-invalid=\"false\" \/><span class=\"wpcf7-list-item-label\">Your confidentiality is assured. Please read and accept our <a target=\"_blank\" rel=\"noopener noreferrer\" href=\"https:\/\/www.apsware.com\/privacy-statement\/\">Privacy Policy<\/a><\/span><\/label><\/span><\/span><\/span>\n<\/p>\n<p><span id=\"wpcf7-69e74769822e1-wrapper\" class=\"wpcf7-form-control-wrap e-mail-wrap\" style=\"display:none !important; visibility:hidden !important;\"><input type=\"hidden\" name=\"e-mail-time-start\" value=\"1776764777\"><input type=\"hidden\" name=\"e-mail-time-check\" value=\"4\"><label for=\"wpcf7-69e74769822e1-field\" class=\"hp-message\">Please leave this field empty.<\/label><input id=\"wpcf7-69e74769822e1-field\"  class=\"wpcf7-form-control wpcf7-text\" type=\"text\" name=\"e-mail\" value=\"\" size=\"40\" tabindex=\"-1\" autocomplete=\"new-password\" \/><\/span><br \/>\n<span id=\"wpcf7-69e7476982390-wrapper\" class=\"wpcf7-form-control-wrap identification-number-wrap\" style=\"display:none !important; visibility:hidden !important;\"><input type=\"hidden\" name=\"identification-number-time-start\" value=\"1776764777\"><input type=\"hidden\" name=\"identification-number-time-check\" value=\"4\"><label for=\"wpcf7-69e7476982390-field\" class=\"hp-message\">Please leave this field empty.<\/label><input id=\"wpcf7-69e7476982390-field\"  class=\"wpcf7-form-control wpcf7-text\" type=\"text\" name=\"identification-number\" value=\"\" size=\"40\" tabindex=\"-1\" autocomplete=\"new-password\" \/><\/span>\n<\/p>\n<div style=\"margin-top: 20px; margin-bottom:10px\">\n\t<p><input class=\"wpcf7-form-control wpcf7-submit has-spinner\" type=\"submit\" value=\"Send\" \/>\n\t<\/p>\n<\/div><div class=\"wpcf7-response-output\" aria-hidden=\"true\"><\/div>\n<\/form>\n<\/div>\n<\/p>\n\t\t\t\t\t\t\t\t<\/div>\n\t\t\t\t<\/div>\n\t\t\t\t<div class=\"elementor-element elementor-element-37619ba elementor-align-center elementor-widget elementor-widget-button\" data-id=\"37619ba\" data-element_type=\"widget\" data-widget_type=\"button.default\">\n\t\t\t\t<div class=\"elementor-widget-container\">\n\t\t\t\t\t\t\t\t\t<div class=\"elementor-button-wrapper\">\n\t\t\t\t\t<a class=\"elementor-button elementor-button-link elementor-size-sm\" href=\"https:\/\/www.apsware.com\/de\/apsware-education\/apsware-education-fuer-control-d-v-download-broschuere\/\">\n\t\t\t\t\t\t<span class=\"elementor-button-content-wrapper\">\n\t\t\t\t\t\t\t\t\t<span class=\"elementor-button-text\">apsware education f\u00fcr Control-D\/V&nbsp;Brosch\u00fcre anfordern<br><\/span>\n\t\t\t\t\t<\/span>\n\t\t\t\t\t<\/a>\n\t\t\t\t<\/div>\n\t\t\t\t\t\t\t\t<\/div>\n\t\t\t\t<\/div>\n\t\t\t\t<div class=\"elementor-element elementor-element-fe67de3 elementor-align-center elementor-widget elementor-widget-button\" data-id=\"fe67de3\" data-element_type=\"widget\" data-widget_type=\"button.default\">\n\t\t\t\t<div class=\"elementor-widget-container\">\n\t\t\t\t\t\t\t\t\t<div class=\"elementor-button-wrapper\">\n\t\t\t\t\t<a class=\"elementor-button elementor-button-link elementor-size-sm\" href=\"https:\/\/www.apsware.com\/de\/apsware-education\/\">\n\t\t\t\t\t\t<span class=\"elementor-button-content-wrapper\">\n\t\t\t\t\t\t\t\t\t<span class=\"elementor-button-text\">Zur\u00fcck zur apsware education \u00dcbersicht<\/span>\n\t\t\t\t\t<\/span>\n\t\t\t\t\t<\/a>\n\t\t\t\t<\/div>\n\t\t\t\t\t\t\t\t<\/div>\n\t\t\t\t<\/div>\n\t\t\t\t\t<\/div>\n\t\t<\/div>\n\t\t\t\t\t<\/div>\n\t\t<\/section>\n\t\t\t\t<\/div>\n\t\t","protected":false},"excerpt":{"rendered":"<p>Training: BMC CONTROL-D &amp; BMC CONTROL-V Basic (z\/OS) Version 9.0.xx Zielgruppe:\u00a0\u00a0Das BMC Control-D &amp; BMC Control-V Basic Training bietet sich f\u00fcr neue Anwender an, die weniger als 6 Monate Erfahrung mit den Produkten haben, sowie IT-Fachleute, die daran interessiert sind, diese Mainframe-Produkte (z\/OS) aus der Perspektive des Endanwenders kennen zu lernen. Kurzfassung: Dieses Seminar gibt [&hellip;]<\/p>\n","protected":false},"author":2,"featured_media":0,"parent":19193,"menu_order":0,"comment_status":"closed","ping_status":"closed","template":"","meta":{"footnotes":""},"class_list":["post-19281","page","type-page","status-publish","hentry"],"yoast_head":"<!-- This site is optimized with the Yoast SEO plugin v25.6 - https:\/\/yoast.com\/wordpress\/plugins\/seo\/ -->\n<title>BMC CONTROL-D &amp; BMC CONTROL-V - Basic Training<\/title>\n<meta name=\"description\" content=\"Bei dem BMC Control-D &amp; BMC Control-V Basic Training erhalten Sie einen \u00dcberblick \u00fcber die Komponenten des Output Management Tools.\" \/>\n<meta name=\"robots\" content=\"index, follow, max-snippet:-1, max-image-preview:large, max-video-preview:-1\" \/>\n<link rel=\"canonical\" href=\"https:\/\/www.apsware.com\/de\/apsware-education\/bmc-control-d-bmc-control-v-basic\/\" \/>\n<meta property=\"og:locale\" content=\"de_DE\" \/>\n<meta property=\"og:type\" content=\"article\" \/>\n<meta property=\"og:title\" content=\"BMC CONTROL-D &amp; BMC CONTROL-V - Basic Training\" \/>\n<meta property=\"og:description\" content=\"Bei dem BMC Control-D &amp; BMC Control-V Basic Training erhalten Sie einen \u00dcberblick \u00fcber die Komponenten des Output Management Tools.\" \/>\n<meta property=\"og:url\" content=\"https:\/\/www.apsware.com\/de\/apsware-education\/bmc-control-d-bmc-control-v-basic\/\" \/>\n<meta property=\"og:site_name\" content=\"apsware\" \/>\n<meta property=\"article:modified_time\" content=\"2022-05-18T10:49:59+00:00\" \/>\n<meta property=\"og:image\" content=\"https:\/\/www.apsware.com\/wp-content\/uploads\/elementor\/thumbs\/apsware_education_cmyk_stacked-popk2u1xepwc9gx5d3vek0bs9bgmfq21750oesuk72.png\" \/>\n<meta name=\"twitter:card\" content=\"summary_large_image\" \/>\n<meta name=\"twitter:label1\" content=\"Gesch\u00e4tzte Lesezeit\" \/>\n\t<meta name=\"twitter:data1\" content=\"2\u00a0Minuten\" \/>\n<script type=\"application\/ld+json\" class=\"yoast-schema-graph\">{\"@context\":\"https:\/\/schema.org\",\"@graph\":[{\"@type\":\"WebPage\",\"@id\":\"https:\/\/www.apsware.com\/de\/apsware-education\/bmc-control-d-bmc-control-v-basic\/\",\"url\":\"https:\/\/www.apsware.com\/de\/apsware-education\/bmc-control-d-bmc-control-v-basic\/\",\"name\":\"BMC CONTROL-D & BMC CONTROL-V - Basic Training\",\"isPartOf\":{\"@id\":\"https:\/\/www.apsware.com\/de\/#website\"},\"primaryImageOfPage\":{\"@id\":\"https:\/\/www.apsware.com\/de\/apsware-education\/bmc-control-d-bmc-control-v-basic\/#primaryimage\"},\"image\":{\"@id\":\"https:\/\/www.apsware.com\/de\/apsware-education\/bmc-control-d-bmc-control-v-basic\/#primaryimage\"},\"thumbnailUrl\":\"https:\/\/www.apsware.com\/wp-content\/uploads\/elementor\/thumbs\/apsware_education_cmyk_stacked-popk2u1xepwc9gx5d3vek0bs9bgmfq21750oesuk72.png\",\"datePublished\":\"2021-03-16T13:34:25+00:00\",\"dateModified\":\"2022-05-18T10:49:59+00:00\",\"description\":\"Bei dem BMC Control-D & BMC Control-V Basic Training erhalten Sie einen \u00dcberblick \u00fcber die Komponenten des Output Management Tools.\",\"breadcrumb\":{\"@id\":\"https:\/\/www.apsware.com\/de\/apsware-education\/bmc-control-d-bmc-control-v-basic\/#breadcrumb\"},\"inLanguage\":\"de\",\"potentialAction\":[{\"@type\":\"ReadAction\",\"target\":[\"https:\/\/www.apsware.com\/de\/apsware-education\/bmc-control-d-bmc-control-v-basic\/\"]}]},{\"@type\":\"ImageObject\",\"inLanguage\":\"de\",\"@id\":\"https:\/\/www.apsware.com\/de\/apsware-education\/bmc-control-d-bmc-control-v-basic\/#primaryimage\",\"url\":\"https:\/\/www.apsware.com\/wp-content\/uploads\/elementor\/thumbs\/apsware_education_cmyk_stacked-popk2u1xepwc9gx5d3vek0bs9bgmfq21750oesuk72.png\",\"contentUrl\":\"https:\/\/www.apsware.com\/wp-content\/uploads\/elementor\/thumbs\/apsware_education_cmyk_stacked-popk2u1xepwc9gx5d3vek0bs9bgmfq21750oesuk72.png\"},{\"@type\":\"BreadcrumbList\",\"@id\":\"https:\/\/www.apsware.com\/de\/apsware-education\/bmc-control-d-bmc-control-v-basic\/#breadcrumb\",\"itemListElement\":[{\"@type\":\"ListItem\",\"position\":1,\"name\":\"Home\",\"item\":\"https:\/\/www.apsware.com\/de\/\"},{\"@type\":\"ListItem\",\"position\":2,\"name\":\"apsware education &#8211; Control-M Schulung\",\"item\":\"https:\/\/www.apsware.com\/de\/apsware-education\/\"},{\"@type\":\"ListItem\",\"position\":3,\"name\":\"BMC CONTROL-D &#038; BMC CONTROL-V Basic\"}]},{\"@type\":\"WebSite\",\"@id\":\"https:\/\/www.apsware.com\/de\/#website\",\"url\":\"https:\/\/www.apsware.com\/de\/\",\"name\":\"apsware\",\"description\":\"Digital Business Automation\",\"publisher\":{\"@id\":\"https:\/\/www.apsware.com\/de\/#organization\"},\"potentialAction\":[{\"@type\":\"SearchAction\",\"target\":{\"@type\":\"EntryPoint\",\"urlTemplate\":\"https:\/\/www.apsware.com\/de\/?s={search_term_string}\"},\"query-input\":{\"@type\":\"PropertyValueSpecification\",\"valueRequired\":true,\"valueName\":\"search_term_string\"}}],\"inLanguage\":\"de\"},{\"@type\":\"Organization\",\"@id\":\"https:\/\/www.apsware.com\/de\/#organization\",\"name\":\"apsware\",\"url\":\"https:\/\/www.apsware.com\/de\/\",\"logo\":{\"@type\":\"ImageObject\",\"inLanguage\":\"de\",\"@id\":\"https:\/\/www.apsware.com\/de\/#\/schema\/logo\/image\/\",\"url\":\"https:\/\/www.apsware.com\/wp-content\/uploads\/2019\/04\/apsware_logo_rgb-2-1.png\",\"contentUrl\":\"https:\/\/www.apsware.com\/wp-content\/uploads\/2019\/04\/apsware_logo_rgb-2-1.png\",\"width\":200,\"height\":46,\"caption\":\"apsware\"},\"image\":{\"@id\":\"https:\/\/www.apsware.com\/de\/#\/schema\/logo\/image\/\"}}]}<\/script>\n<!-- \/ Yoast SEO plugin. -->","yoast_head_json":{"title":"BMC CONTROL-D & BMC CONTROL-V - Basic Training","description":"Bei dem BMC Control-D & BMC Control-V Basic Training erhalten Sie einen \u00dcberblick \u00fcber die Komponenten des Output Management Tools.","robots":{"index":"index","follow":"follow","max-snippet":"max-snippet:-1","max-image-preview":"max-image-preview:large","max-video-preview":"max-video-preview:-1"},"canonical":"https:\/\/www.apsware.com\/de\/apsware-education\/bmc-control-d-bmc-control-v-basic\/","og_locale":"de_DE","og_type":"article","og_title":"BMC CONTROL-D & BMC CONTROL-V - Basic Training","og_description":"Bei dem BMC Control-D & BMC Control-V Basic Training erhalten Sie einen \u00dcberblick \u00fcber die Komponenten des Output Management Tools.","og_url":"https:\/\/www.apsware.com\/de\/apsware-education\/bmc-control-d-bmc-control-v-basic\/","og_site_name":"apsware","article_modified_time":"2022-05-18T10:49:59+00:00","og_image":[{"url":"https:\/\/www.apsware.com\/wp-content\/uploads\/elementor\/thumbs\/apsware_education_cmyk_stacked-popk2u1xepwc9gx5d3vek0bs9bgmfq21750oesuk72.png","type":"","width":"","height":""}],"twitter_card":"summary_large_image","twitter_misc":{"Gesch\u00e4tzte Lesezeit":"2\u00a0Minuten"},"schema":{"@context":"https:\/\/schema.org","@graph":[{"@type":"WebPage","@id":"https:\/\/www.apsware.com\/de\/apsware-education\/bmc-control-d-bmc-control-v-basic\/","url":"https:\/\/www.apsware.com\/de\/apsware-education\/bmc-control-d-bmc-control-v-basic\/","name":"BMC CONTROL-D & BMC CONTROL-V - Basic Training","isPartOf":{"@id":"https:\/\/www.apsware.com\/de\/#website"},"primaryImageOfPage":{"@id":"https:\/\/www.apsware.com\/de\/apsware-education\/bmc-control-d-bmc-control-v-basic\/#primaryimage"},"image":{"@id":"https:\/\/www.apsware.com\/de\/apsware-education\/bmc-control-d-bmc-control-v-basic\/#primaryimage"},"thumbnailUrl":"https:\/\/www.apsware.com\/wp-content\/uploads\/elementor\/thumbs\/apsware_education_cmyk_stacked-popk2u1xepwc9gx5d3vek0bs9bgmfq21750oesuk72.png","datePublished":"2021-03-16T13:34:25+00:00","dateModified":"2022-05-18T10:49:59+00:00","description":"Bei dem BMC Control-D & BMC Control-V Basic Training erhalten Sie einen \u00dcberblick \u00fcber die Komponenten des Output Management Tools.","breadcrumb":{"@id":"https:\/\/www.apsware.com\/de\/apsware-education\/bmc-control-d-bmc-control-v-basic\/#breadcrumb"},"inLanguage":"de","potentialAction":[{"@type":"ReadAction","target":["https:\/\/www.apsware.com\/de\/apsware-education\/bmc-control-d-bmc-control-v-basic\/"]}]},{"@type":"ImageObject","inLanguage":"de","@id":"https:\/\/www.apsware.com\/de\/apsware-education\/bmc-control-d-bmc-control-v-basic\/#primaryimage","url":"https:\/\/www.apsware.com\/wp-content\/uploads\/elementor\/thumbs\/apsware_education_cmyk_stacked-popk2u1xepwc9gx5d3vek0bs9bgmfq21750oesuk72.png","contentUrl":"https:\/\/www.apsware.com\/wp-content\/uploads\/elementor\/thumbs\/apsware_education_cmyk_stacked-popk2u1xepwc9gx5d3vek0bs9bgmfq21750oesuk72.png"},{"@type":"BreadcrumbList","@id":"https:\/\/www.apsware.com\/de\/apsware-education\/bmc-control-d-bmc-control-v-basic\/#breadcrumb","itemListElement":[{"@type":"ListItem","position":1,"name":"Home","item":"https:\/\/www.apsware.com\/de\/"},{"@type":"ListItem","position":2,"name":"apsware education &#8211; Control-M Schulung","item":"https:\/\/www.apsware.com\/de\/apsware-education\/"},{"@type":"ListItem","position":3,"name":"BMC CONTROL-D &#038; BMC CONTROL-V Basic"}]},{"@type":"WebSite","@id":"https:\/\/www.apsware.com\/de\/#website","url":"https:\/\/www.apsware.com\/de\/","name":"apsware","description":"Digital Business Automation","publisher":{"@id":"https:\/\/www.apsware.com\/de\/#organization"},"potentialAction":[{"@type":"SearchAction","target":{"@type":"EntryPoint","urlTemplate":"https:\/\/www.apsware.com\/de\/?s={search_term_string}"},"query-input":{"@type":"PropertyValueSpecification","valueRequired":true,"valueName":"search_term_string"}}],"inLanguage":"de"},{"@type":"Organization","@id":"https:\/\/www.apsware.com\/de\/#organization","name":"apsware","url":"https:\/\/www.apsware.com\/de\/","logo":{"@type":"ImageObject","inLanguage":"de","@id":"https:\/\/www.apsware.com\/de\/#\/schema\/logo\/image\/","url":"https:\/\/www.apsware.com\/wp-content\/uploads\/2019\/04\/apsware_logo_rgb-2-1.png","contentUrl":"https:\/\/www.apsware.com\/wp-content\/uploads\/2019\/04\/apsware_logo_rgb-2-1.png","width":200,"height":46,"caption":"apsware"},"image":{"@id":"https:\/\/www.apsware.com\/de\/#\/schema\/logo\/image\/"}}]}},"_links":{"self":[{"href":"https:\/\/www.apsware.com\/de\/wp-json\/wp\/v2\/pages\/19281","targetHints":{"allow":["GET"]}}],"collection":[{"href":"https:\/\/www.apsware.com\/de\/wp-json\/wp\/v2\/pages"}],"about":[{"href":"https:\/\/www.apsware.com\/de\/wp-json\/wp\/v2\/types\/page"}],"author":[{"embeddable":true,"href":"https:\/\/www.apsware.com\/de\/wp-json\/wp\/v2\/users\/2"}],"replies":[{"embeddable":true,"href":"https:\/\/www.apsware.com\/de\/wp-json\/wp\/v2\/comments?post=19281"}],"version-history":[{"count":20,"href":"https:\/\/www.apsware.com\/de\/wp-json\/wp\/v2\/pages\/19281\/revisions"}],"predecessor-version":[{"id":22373,"href":"https:\/\/www.apsware.com\/de\/wp-json\/wp\/v2\/pages\/19281\/revisions\/22373"}],"up":[{"embeddable":true,"href":"https:\/\/www.apsware.com\/de\/wp-json\/wp\/v2\/pages\/19193"}],"wp:attachment":[{"href":"https:\/\/www.apsware.com\/de\/wp-json\/wp\/v2\/media?parent=19281"}],"curies":[{"name":"wp","href":"https:\/\/api.w.org\/{rel}","templated":true}]}}