{"id":17791,"date":"2020-12-02T13:50:06","date_gmt":"2020-12-02T13:50:06","guid":{"rendered":"https:\/\/www.apsware.com\/veranstaltungen\/webinar-digital-business-automation-2020-12-15-via-apsware\/"},"modified":"2022-05-19T12:15:03","modified_gmt":"2022-05-19T12:15:03","slug":"webinar-digital-business-automation-2020-12-15-via-apsware","status":"publish","type":"page","link":"https:\/\/www.apsware.com\/de\/veranstaltungen\/webinar-digital-business-automation-2020-12-15-via-apsware\/","title":{"rendered":"Webinar: End-to-End Automatisierung &#8211; 2021 01 19 via apsware"},"content":{"rendered":"\t\t<div data-elementor-type=\"wp-page\" data-elementor-id=\"17791\" class=\"elementor elementor-17791 elementor-17732\" data-elementor-post-type=\"page\">\n\t\t\t\t\t\t<section class=\"elementor-section elementor-top-section elementor-element elementor-element-969a200 elementor-section-stretched elementor-section-height-min-height elementor-section-boxed elementor-section-height-default elementor-section-items-middle\" data-id=\"969a200\" data-element_type=\"section\" data-settings=\"{&quot;stretch_section&quot;:&quot;section-stretched&quot;,&quot;background_background&quot;:&quot;classic&quot;}\">\n\t\t\t\t\t\t<div class=\"elementor-container elementor-column-gap-default\">\n\t\t\t\t\t<div class=\"elementor-column elementor-col-100 elementor-top-column elementor-element elementor-element-f9a301f\" data-id=\"f9a301f\" data-element_type=\"column\">\n\t\t\t<div class=\"elementor-widget-wrap\">\n\t\t\t\t\t\t\t<\/div>\n\t\t<\/div>\n\t\t\t\t\t<\/div>\n\t\t<\/section>\n\t\t\t\t<section class=\"elementor-section elementor-top-section elementor-element elementor-element-cb44651 elementor-section-stretched elementor-section-boxed elementor-section-height-default elementor-section-height-default\" data-id=\"cb44651\" data-element_type=\"section\" data-settings=\"{&quot;stretch_section&quot;:&quot;section-stretched&quot;}\">\n\t\t\t\t\t\t<div class=\"elementor-container elementor-column-gap-default\">\n\t\t\t\t\t<div class=\"elementor-column elementor-col-100 elementor-top-column elementor-element elementor-element-d5136f1\" data-id=\"d5136f1\" data-element_type=\"column\">\n\t\t\t<div class=\"elementor-widget-wrap elementor-element-populated\">\n\t\t\t\t\t\t<div class=\"elementor-element elementor-element-f1f3bb6 elementor-widget elementor-widget-heading\" data-id=\"f1f3bb6\" data-element_type=\"widget\" data-widget_type=\"heading.default\">\n\t\t\t\t<div class=\"elementor-widget-container\">\n\t\t\t\t\t<h2 class=\"elementor-heading-title elementor-size-default\">Webinar: End-to-End Automatisierung - was ist heute m\u00f6glich?<\/h2>\t\t\t\t<\/div>\n\t\t\t\t<\/div>\n\t\t\t\t\t<\/div>\n\t\t<\/div>\n\t\t\t\t\t<\/div>\n\t\t<\/section>\n\t\t\t\t<section class=\"elementor-section elementor-top-section elementor-element elementor-element-18b8583 elementor-section-stretched elementor-section-boxed elementor-section-height-default elementor-section-height-default\" data-id=\"18b8583\" data-element_type=\"section\" data-settings=\"{&quot;stretch_section&quot;:&quot;section-stretched&quot;}\">\n\t\t\t\t\t\t<div class=\"elementor-container elementor-column-gap-default\">\n\t\t\t\t\t<div class=\"elementor-column elementor-col-50 elementor-top-column elementor-element elementor-element-3f40a05\" data-id=\"3f40a05\" data-element_type=\"column\">\n\t\t\t<div class=\"elementor-widget-wrap elementor-element-populated\">\n\t\t\t\t\t\t<div class=\"elementor-element elementor-element-8ce1008 elementor-widget elementor-widget-text-editor\" data-id=\"8ce1008\" data-element_type=\"widget\" data-widget_type=\"text-editor.default\">\n\t\t\t\t<div class=\"elementor-widget-container\">\n\t\t\t\t\t\t\t\t\t<p>die End-to-End Automatisierung von digitalen IT- und Gesch\u00e4ftsprozessen &#8211; es ist einfacher als Sie denken.<\/p>\n<p>Melden Sie sich zu unserem n\u00e4chsten Webinar am 16. Februar 2021 und 16. M\u00e4rz 2021 um 10 Uhr (50 Minuten) an:<\/p>\t\t\t\t\t\t\t\t<\/div>\n\t\t\t\t<\/div>\n\t\t\t\t\t<\/div>\n\t\t<\/div>\n\t\t\t\t<div class=\"elementor-column elementor-col-25 elementor-top-column elementor-element elementor-element-46e7a33\" data-id=\"46e7a33\" data-element_type=\"column\">\n\t\t\t<div class=\"elementor-widget-wrap elementor-element-populated\">\n\t\t\t\t\t\t<div class=\"elementor-element elementor-element-adc64a5 elementor-widget elementor-widget-image\" data-id=\"adc64a5\" data-element_type=\"widget\" data-widget_type=\"image.default\">\n\t\t\t\t<div class=\"elementor-widget-container\">\n\t\t\t\t\t\t\t\t\t\t\t\t\t\t\t<img decoding=\"async\" src=\"https:\/\/www.apsware.com\/wp-content\/uploads\/elementor\/thumbs\/apsware_kalender_grau-oqh77vrcqxzh7o9ciafd3ttcjk7vgijfztc49fp5lc.png\" title=\"apsware_kalender_grau\" alt=\"apsware webinar - check your calendar\" loading=\"lazy\" \/>\t\t\t\t\t\t\t\t\t\t\t\t\t\t\t<\/div>\n\t\t\t\t<\/div>\n\t\t\t\t<div class=\"elementor-element elementor-element-4cd9379 elementor-widget elementor-widget-text-editor\" data-id=\"4cd9379\" data-element_type=\"widget\" data-widget_type=\"text-editor.default\">\n\t\t\t\t<div class=\"elementor-widget-container\">\n\t\t\t\t\t\t\t\t\t<p>16. Februar 2021<br \/>\n16. M\u00e4rz 2021<\/p>\n\t\t\t\t\t\t\t\t<\/div>\n\t\t\t\t<\/div>\n\t\t\t\t\t<\/div>\n\t\t<\/div>\n\t\t\t\t<div class=\"elementor-column elementor-col-25 elementor-top-column elementor-element elementor-element-397e8df\" data-id=\"397e8df\" data-element_type=\"column\">\n\t\t\t<div class=\"elementor-widget-wrap elementor-element-populated\">\n\t\t\t\t\t\t<div class=\"elementor-element elementor-element-228a566 elementor-widget elementor-widget-image\" data-id=\"228a566\" data-element_type=\"widget\" data-widget_type=\"image.default\">\n\t\t\t\t<div class=\"elementor-widget-container\">\n\t\t\t\t\t\t\t\t\t\t\t\t\t\t\t<img decoding=\"async\" src=\"https:\/\/www.apsware.com\/wp-content\/uploads\/elementor\/thumbs\/apsware_uhr_grau-oqh77wp6xs0rja7zcstzobkt4y38o7n6bxzlqpnreu.png\" title=\"apsware_uhr_grau\" alt=\"apsware webinar - check your avai\" loading=\"lazy\" \/>\t\t\t\t\t\t\t\t\t\t\t\t\t\t\t<\/div>\n\t\t\t\t<\/div>\n\t\t\t\t<div class=\"elementor-element elementor-element-7443a7f elementor-widget elementor-widget-text-editor\" data-id=\"7443a7f\" data-element_type=\"widget\" data-widget_type=\"text-editor.default\">\n\t\t\t\t<div class=\"elementor-widget-container\">\n\t\t\t\t\t\t\t\t\t<p>10:00 &#8211; 11:00 Uhr<\/p>\n\t\t\t\t\t\t\t\t<\/div>\n\t\t\t\t<\/div>\n\t\t\t\t\t<\/div>\n\t\t<\/div>\n\t\t\t\t\t<\/div>\n\t\t<\/section>\n\t\t\t\t<section class=\"elementor-section elementor-top-section elementor-element elementor-element-7809d68 elementor-section-stretched elementor-section-boxed elementor-section-height-default elementor-section-height-default\" data-id=\"7809d68\" data-element_type=\"section\" data-settings=\"{&quot;stretch_section&quot;:&quot;section-stretched&quot;}\">\n\t\t\t\t\t\t<div class=\"elementor-container elementor-column-gap-default\">\n\t\t\t\t\t<div class=\"elementor-column elementor-col-100 elementor-top-column elementor-element elementor-element-ef92d21\" data-id=\"ef92d21\" data-element_type=\"column\">\n\t\t\t<div class=\"elementor-widget-wrap elementor-element-populated\">\n\t\t\t\t\t\t<div class=\"elementor-element elementor-element-ca2a568 elementor-align-center elementor-widget elementor-widget-button\" data-id=\"ca2a568\" data-element_type=\"widget\" data-widget_type=\"button.default\">\n\t\t\t\t<div class=\"elementor-widget-container\">\n\t\t\t\t\t\t\t\t\t<div class=\"elementor-button-wrapper\">\n\t\t\t\t\t<a class=\"elementor-button elementor-button-link elementor-size-sm\" href=\"https:\/\/attendee.gotowebinar.com\/register\/207003266194894861\" target=\"_blank\">\n\t\t\t\t\t\t<span class=\"elementor-button-content-wrapper\">\n\t\t\t\t\t\t\t\t\t<span class=\"elementor-button-text\">Jetzt anmelden<\/span>\n\t\t\t\t\t<\/span>\n\t\t\t\t\t<\/a>\n\t\t\t\t<\/div>\n\t\t\t\t\t\t\t\t<\/div>\n\t\t\t\t<\/div>\n\t\t\t\t\t<\/div>\n\t\t<\/div>\n\t\t\t\t\t<\/div>\n\t\t<\/section>\n\t\t\t\t<section class=\"elementor-section elementor-top-section elementor-element elementor-element-b409587 elementor-section-stretched elementor-section-boxed elementor-section-height-default elementor-section-height-default\" data-id=\"b409587\" data-element_type=\"section\" data-settings=\"{&quot;stretch_section&quot;:&quot;section-stretched&quot;}\">\n\t\t\t\t\t\t<div class=\"elementor-container elementor-column-gap-default\">\n\t\t\t\t\t<div class=\"elementor-column elementor-col-50 elementor-top-column elementor-element elementor-element-a6f0bdc\" data-id=\"a6f0bdc\" data-element_type=\"column\">\n\t\t\t<div class=\"elementor-widget-wrap elementor-element-populated\">\n\t\t\t\t\t\t<div class=\"elementor-element elementor-element-e3ade64 elementor-widget elementor-widget-heading\" data-id=\"e3ade64\" data-element_type=\"widget\" data-widget_type=\"heading.default\">\n\t\t\t\t<div class=\"elementor-widget-container\">\n\t\t\t\t\t<h4 class=\"elementor-heading-title elementor-size-default\">Warum End-to-End Automatisierung?<\/h4>\t\t\t\t<\/div>\n\t\t\t\t<\/div>\n\t\t\t\t<div class=\"elementor-element elementor-element-6aa2a43 elementor-widget elementor-widget-text-editor\" data-id=\"6aa2a43\" data-element_type=\"widget\" data-widget_type=\"text-editor.default\">\n\t\t\t\t<div class=\"elementor-widget-container\">\n\t\t\t\t\t\t\t\t\t<p>Unternehmen, welche digitale Gesch\u00e4ftsprozesse in einem hohen Grad automatisiert haben, gewinnen entscheidende Wettbewerbsvorteile.<\/p>\n<p><b>Agenda:<\/b><\/p>\n<ul>\n<li>Wo findet Automatisierung von digitalen Prozessen heute statt?<\/li>\n<li>Komplexit\u00e4t: Anwendungen, Daten, Systeme<\/li>\n<li>Insell\u00f6sungen und Bordmittel<\/li>\n<li>End-to-End Automatisierung<\/li>\n<li>Praxisbeispiel, realisiert mit Control-M<\/li>\n<li>Fragen und Antworten<\/li>\n<\/ul>\n<p>Wir freuen uns, Ihnen die neusten Entwicklungen vorstellen zu d\u00fcrfen.<\/p>\n\t\t\t\t\t\t\t\t<\/div>\n\t\t\t\t<\/div>\n\t\t\t\t\t<\/div>\n\t\t<\/div>\n\t\t\t\t<div class=\"elementor-column elementor-col-50 elementor-top-column elementor-element elementor-element-be4be14\" data-id=\"be4be14\" data-element_type=\"column\">\n\t\t\t<div class=\"elementor-widget-wrap elementor-element-populated\">\n\t\t\t\t\t\t<div class=\"elementor-element elementor-element-6887ed4 elementor-widget elementor-widget-image\" data-id=\"6887ed4\" data-element_type=\"widget\" data-widget_type=\"image.default\">\n\t\t\t\t<div class=\"elementor-widget-container\">\n\t\t\t\t\t\t\t\t\t\t\t\t\t\t\t<img fetchpriority=\"high\" decoding=\"async\" width=\"800\" height=\"481\" src=\"https:\/\/www.apsware.com\/wp-content\/uploads\/2020\/08\/notebook_digital_business_automation.png\" class=\"attachment-large size-large wp-image-17345\" alt=\"Digital Business Automation overview\" srcset=\"https:\/\/www.apsware.com\/wp-content\/uploads\/2020\/08\/notebook_digital_business_automation.png 800w, https:\/\/www.apsware.com\/wp-content\/uploads\/2020\/08\/notebook_digital_business_automation-300x180.png 300w, https:\/\/www.apsware.com\/wp-content\/uploads\/2020\/08\/notebook_digital_business_automation-768x462.png 768w, https:\/\/www.apsware.com\/wp-content\/uploads\/2020\/08\/notebook_digital_business_automation-230x138.png 230w, https:\/\/www.apsware.com\/wp-content\/uploads\/2020\/08\/notebook_digital_business_automation-350x210.png 350w, https:\/\/www.apsware.com\/wp-content\/uploads\/2020\/08\/notebook_digital_business_automation-480x289.png 480w\" sizes=\"(max-width: 800px) 100vw, 800px\" \/>\t\t\t\t\t\t\t\t\t\t\t\t\t\t\t<\/div>\n\t\t\t\t<\/div>\n\t\t\t\t\t<\/div>\n\t\t<\/div>\n\t\t\t\t\t<\/div>\n\t\t<\/section>\n\t\t\t\t<section class=\"elementor-section elementor-top-section elementor-element elementor-element-17aed3f elementor-section-stretched elementor-section-boxed elementor-section-height-default elementor-section-height-default\" data-id=\"17aed3f\" data-element_type=\"section\" data-settings=\"{&quot;stretch_section&quot;:&quot;section-stretched&quot;}\">\n\t\t\t\t\t\t<div class=\"elementor-container elementor-column-gap-default\">\n\t\t\t\t\t<div class=\"elementor-column elementor-col-100 elementor-top-column elementor-element elementor-element-c2fa2eb\" data-id=\"c2fa2eb\" data-element_type=\"column\">\n\t\t\t<div class=\"elementor-widget-wrap elementor-element-populated\">\n\t\t\t\t\t\t<div class=\"elementor-element elementor-element-73b0a80 elementor-align-center elementor-widget elementor-widget-button\" data-id=\"73b0a80\" data-element_type=\"widget\" data-widget_type=\"button.default\">\n\t\t\t\t<div class=\"elementor-widget-container\">\n\t\t\t\t\t\t\t\t\t<div class=\"elementor-button-wrapper\">\n\t\t\t\t\t<a class=\"elementor-button elementor-button-link elementor-size-sm\" href=\"https:\/\/attendee.gotowebinar.com\/register\/207003266194894861\" target=\"_blank\">\n\t\t\t\t\t\t<span class=\"elementor-button-content-wrapper\">\n\t\t\t\t\t\t\t\t\t<span class=\"elementor-button-text\">Jetzt anmelden<\/span>\n\t\t\t\t\t<\/span>\n\t\t\t\t\t<\/a>\n\t\t\t\t<\/div>\n\t\t\t\t\t\t\t\t<\/div>\n\t\t\t\t<\/div>\n\t\t\t\t\t<\/div>\n\t\t<\/div>\n\t\t\t\t\t<\/div>\n\t\t<\/section>\n\t\t\t\t<\/div>\n\t\t","protected":false},"excerpt":{"rendered":"<p>Webinar: End-to-End Automatisierung &#8211; was ist heute m\u00f6glich? die End-to-End Automatisierung von digitalen IT- und Gesch\u00e4ftsprozessen &#8211; es ist einfacher als Sie denken. Melden Sie sich zu unserem n\u00e4chsten Webinar am 16. Februar 2021 und 16. M\u00e4rz 2021 um 10 Uhr (50 Minuten) an: 16. Februar 2021 16. M\u00e4rz 2021 10:00 &#8211; 11:00 Uhr Jetzt [&hellip;]<\/p>\n","protected":false},"author":2,"featured_media":0,"parent":17486,"menu_order":0,"comment_status":"closed","ping_status":"closed","template":"","meta":{"footnotes":""},"class_list":["post-17791","page","type-page","status-publish","hentry"],"yoast_head":"<!-- This site is optimized with the Yoast SEO plugin v25.6 - https:\/\/yoast.com\/wordpress\/plugins\/seo\/ -->\n<title>Webinar: End-to-End Automatisierung - 2021 01 19 via apsware - apsware<\/title>\n<meta name=\"robots\" content=\"noindex, nofollow\" \/>\n<meta property=\"og:locale\" content=\"de_DE\" \/>\n<meta property=\"og:type\" content=\"article\" \/>\n<meta property=\"og:title\" content=\"Webinar: End-to-End Automatisierung - 2021 01 19 via apsware - apsware\" \/>\n<meta property=\"og:description\" content=\"Webinar: End-to-End Automatisierung &#8211; was ist heute m\u00f6glich? die End-to-End Automatisierung von digitalen IT- und Gesch\u00e4ftsprozessen &#8211; es ist einfacher als Sie denken. Melden Sie sich zu unserem n\u00e4chsten Webinar am 16. Februar 2021 und 16. M\u00e4rz 2021 um 10 Uhr (50 Minuten) an: 16. Februar 2021 16. M\u00e4rz 2021 10:00 &#8211; 11:00 Uhr Jetzt [&hellip;]\" \/>\n<meta property=\"og:url\" content=\"https:\/\/www.apsware.com\/de\/veranstaltungen\/webinar-digital-business-automation-2020-12-15-via-apsware\/\" \/>\n<meta property=\"og:site_name\" content=\"apsware\" \/>\n<meta property=\"article:modified_time\" content=\"2022-05-19T12:15:03+00:00\" \/>\n<meta property=\"og:image\" content=\"https:\/\/www.apsware.com\/wp-content\/uploads\/elementor\/thumbs\/apsware_kalender_grau-oqh77vrcqxzh7o9ciafd3ttcjk7vgijfztc49fp5lm.png\" \/>\n<meta name=\"twitter:card\" content=\"summary_large_image\" \/>\n<meta name=\"twitter:label1\" content=\"Gesch\u00e4tzte Lesezeit\" \/>\n\t<meta name=\"twitter:data1\" content=\"2\u00a0Minuten\" \/>\n<script type=\"application\/ld+json\" class=\"yoast-schema-graph\">{\"@context\":\"https:\/\/schema.org\",\"@graph\":[{\"@type\":\"WebPage\",\"@id\":\"https:\/\/www.apsware.com\/de\/veranstaltungen\/webinar-digital-business-automation-2020-12-15-via-apsware\/\",\"url\":\"https:\/\/www.apsware.com\/de\/veranstaltungen\/webinar-digital-business-automation-2020-12-15-via-apsware\/\",\"name\":\"Webinar: End-to-End Automatisierung - 2021 01 19 via apsware - apsware\",\"isPartOf\":{\"@id\":\"https:\/\/www.apsware.com\/de\/#website\"},\"primaryImageOfPage\":{\"@id\":\"https:\/\/www.apsware.com\/de\/veranstaltungen\/webinar-digital-business-automation-2020-12-15-via-apsware\/#primaryimage\"},\"image\":{\"@id\":\"https:\/\/www.apsware.com\/de\/veranstaltungen\/webinar-digital-business-automation-2020-12-15-via-apsware\/#primaryimage\"},\"thumbnailUrl\":\"https:\/\/www.apsware.com\/wp-content\/uploads\/elementor\/thumbs\/apsware_kalender_grau-oqh77vrcqxzh7o9ciafd3ttcjk7vgijfztc49fp5lm.png\",\"datePublished\":\"2020-12-02T13:50:06+00:00\",\"dateModified\":\"2022-05-19T12:15:03+00:00\",\"breadcrumb\":{\"@id\":\"https:\/\/www.apsware.com\/de\/veranstaltungen\/webinar-digital-business-automation-2020-12-15-via-apsware\/#breadcrumb\"},\"inLanguage\":\"de\",\"potentialAction\":[{\"@type\":\"ReadAction\",\"target\":[\"https:\/\/www.apsware.com\/de\/veranstaltungen\/webinar-digital-business-automation-2020-12-15-via-apsware\/\"]}]},{\"@type\":\"ImageObject\",\"inLanguage\":\"de\",\"@id\":\"https:\/\/www.apsware.com\/de\/veranstaltungen\/webinar-digital-business-automation-2020-12-15-via-apsware\/#primaryimage\",\"url\":\"https:\/\/www.apsware.com\/wp-content\/uploads\/elementor\/thumbs\/apsware_kalender_grau-oqh77vrcqxzh7o9ciafd3ttcjk7vgijfztc49fp5lm.png\",\"contentUrl\":\"https:\/\/www.apsware.com\/wp-content\/uploads\/elementor\/thumbs\/apsware_kalender_grau-oqh77vrcqxzh7o9ciafd3ttcjk7vgijfztc49fp5lm.png\"},{\"@type\":\"BreadcrumbList\",\"@id\":\"https:\/\/www.apsware.com\/de\/veranstaltungen\/webinar-digital-business-automation-2020-12-15-via-apsware\/#breadcrumb\",\"itemListElement\":[{\"@type\":\"ListItem\",\"position\":1,\"name\":\"Home\",\"item\":\"https:\/\/www.apsware.com\/de\/\"},{\"@type\":\"ListItem\",\"position\":2,\"name\":\"apsware Events 2025\",\"item\":\"https:\/\/www.apsware.com\/de\/veranstaltungen\/\"},{\"@type\":\"ListItem\",\"position\":3,\"name\":\"Webinar: End-to-End Automatisierung &#8211; 2021 01 19 via apsware\"}]},{\"@type\":\"WebSite\",\"@id\":\"https:\/\/www.apsware.com\/de\/#website\",\"url\":\"https:\/\/www.apsware.com\/de\/\",\"name\":\"apsware\",\"description\":\"Digital Business Automation\",\"publisher\":{\"@id\":\"https:\/\/www.apsware.com\/de\/#organization\"},\"potentialAction\":[{\"@type\":\"SearchAction\",\"target\":{\"@type\":\"EntryPoint\",\"urlTemplate\":\"https:\/\/www.apsware.com\/de\/?s={search_term_string}\"},\"query-input\":{\"@type\":\"PropertyValueSpecification\",\"valueRequired\":true,\"valueName\":\"search_term_string\"}}],\"inLanguage\":\"de\"},{\"@type\":\"Organization\",\"@id\":\"https:\/\/www.apsware.com\/de\/#organization\",\"name\":\"apsware\",\"url\":\"https:\/\/www.apsware.com\/de\/\",\"logo\":{\"@type\":\"ImageObject\",\"inLanguage\":\"de\",\"@id\":\"https:\/\/www.apsware.com\/de\/#\/schema\/logo\/image\/\",\"url\":\"https:\/\/www.apsware.com\/wp-content\/uploads\/2019\/04\/apsware_logo_rgb-2-1.png\",\"contentUrl\":\"https:\/\/www.apsware.com\/wp-content\/uploads\/2019\/04\/apsware_logo_rgb-2-1.png\",\"width\":200,\"height\":46,\"caption\":\"apsware\"},\"image\":{\"@id\":\"https:\/\/www.apsware.com\/de\/#\/schema\/logo\/image\/\"}}]}<\/script>\n<!-- \/ Yoast SEO plugin. -->","yoast_head_json":{"title":"Webinar: End-to-End Automatisierung - 2021 01 19 via apsware - apsware","robots":{"index":"noindex","follow":"nofollow"},"og_locale":"de_DE","og_type":"article","og_title":"Webinar: End-to-End Automatisierung - 2021 01 19 via apsware - apsware","og_description":"Webinar: End-to-End Automatisierung &#8211; was ist heute m\u00f6glich? die End-to-End Automatisierung von digitalen IT- und Gesch\u00e4ftsprozessen &#8211; es ist einfacher als Sie denken. Melden Sie sich zu unserem n\u00e4chsten Webinar am 16. Februar 2021 und 16. M\u00e4rz 2021 um 10 Uhr (50 Minuten) an: 16. Februar 2021 16. M\u00e4rz 2021 10:00 &#8211; 11:00 Uhr Jetzt [&hellip;]","og_url":"https:\/\/www.apsware.com\/de\/veranstaltungen\/webinar-digital-business-automation-2020-12-15-via-apsware\/","og_site_name":"apsware","article_modified_time":"2022-05-19T12:15:03+00:00","og_image":[{"url":"https:\/\/www.apsware.com\/wp-content\/uploads\/elementor\/thumbs\/apsware_kalender_grau-oqh77vrcqxzh7o9ciafd3ttcjk7vgijfztc49fp5lm.png","type":"","width":"","height":""}],"twitter_card":"summary_large_image","twitter_misc":{"Gesch\u00e4tzte Lesezeit":"2\u00a0Minuten"},"schema":{"@context":"https:\/\/schema.org","@graph":[{"@type":"WebPage","@id":"https:\/\/www.apsware.com\/de\/veranstaltungen\/webinar-digital-business-automation-2020-12-15-via-apsware\/","url":"https:\/\/www.apsware.com\/de\/veranstaltungen\/webinar-digital-business-automation-2020-12-15-via-apsware\/","name":"Webinar: End-to-End Automatisierung - 2021 01 19 via apsware - apsware","isPartOf":{"@id":"https:\/\/www.apsware.com\/de\/#website"},"primaryImageOfPage":{"@id":"https:\/\/www.apsware.com\/de\/veranstaltungen\/webinar-digital-business-automation-2020-12-15-via-apsware\/#primaryimage"},"image":{"@id":"https:\/\/www.apsware.com\/de\/veranstaltungen\/webinar-digital-business-automation-2020-12-15-via-apsware\/#primaryimage"},"thumbnailUrl":"https:\/\/www.apsware.com\/wp-content\/uploads\/elementor\/thumbs\/apsware_kalender_grau-oqh77vrcqxzh7o9ciafd3ttcjk7vgijfztc49fp5lm.png","datePublished":"2020-12-02T13:50:06+00:00","dateModified":"2022-05-19T12:15:03+00:00","breadcrumb":{"@id":"https:\/\/www.apsware.com\/de\/veranstaltungen\/webinar-digital-business-automation-2020-12-15-via-apsware\/#breadcrumb"},"inLanguage":"de","potentialAction":[{"@type":"ReadAction","target":["https:\/\/www.apsware.com\/de\/veranstaltungen\/webinar-digital-business-automation-2020-12-15-via-apsware\/"]}]},{"@type":"ImageObject","inLanguage":"de","@id":"https:\/\/www.apsware.com\/de\/veranstaltungen\/webinar-digital-business-automation-2020-12-15-via-apsware\/#primaryimage","url":"https:\/\/www.apsware.com\/wp-content\/uploads\/elementor\/thumbs\/apsware_kalender_grau-oqh77vrcqxzh7o9ciafd3ttcjk7vgijfztc49fp5lm.png","contentUrl":"https:\/\/www.apsware.com\/wp-content\/uploads\/elementor\/thumbs\/apsware_kalender_grau-oqh77vrcqxzh7o9ciafd3ttcjk7vgijfztc49fp5lm.png"},{"@type":"BreadcrumbList","@id":"https:\/\/www.apsware.com\/de\/veranstaltungen\/webinar-digital-business-automation-2020-12-15-via-apsware\/#breadcrumb","itemListElement":[{"@type":"ListItem","position":1,"name":"Home","item":"https:\/\/www.apsware.com\/de\/"},{"@type":"ListItem","position":2,"name":"apsware Events 2025","item":"https:\/\/www.apsware.com\/de\/veranstaltungen\/"},{"@type":"ListItem","position":3,"name":"Webinar: End-to-End Automatisierung &#8211; 2021 01 19 via apsware"}]},{"@type":"WebSite","@id":"https:\/\/www.apsware.com\/de\/#website","url":"https:\/\/www.apsware.com\/de\/","name":"apsware","description":"Digital Business Automation","publisher":{"@id":"https:\/\/www.apsware.com\/de\/#organization"},"potentialAction":[{"@type":"SearchAction","target":{"@type":"EntryPoint","urlTemplate":"https:\/\/www.apsware.com\/de\/?s={search_term_string}"},"query-input":{"@type":"PropertyValueSpecification","valueRequired":true,"valueName":"search_term_string"}}],"inLanguage":"de"},{"@type":"Organization","@id":"https:\/\/www.apsware.com\/de\/#organization","name":"apsware","url":"https:\/\/www.apsware.com\/de\/","logo":{"@type":"ImageObject","inLanguage":"de","@id":"https:\/\/www.apsware.com\/de\/#\/schema\/logo\/image\/","url":"https:\/\/www.apsware.com\/wp-content\/uploads\/2019\/04\/apsware_logo_rgb-2-1.png","contentUrl":"https:\/\/www.apsware.com\/wp-content\/uploads\/2019\/04\/apsware_logo_rgb-2-1.png","width":200,"height":46,"caption":"apsware"},"image":{"@id":"https:\/\/www.apsware.com\/de\/#\/schema\/logo\/image\/"}}]}},"_links":{"self":[{"href":"https:\/\/www.apsware.com\/de\/wp-json\/wp\/v2\/pages\/17791","targetHints":{"allow":["GET"]}}],"collection":[{"href":"https:\/\/www.apsware.com\/de\/wp-json\/wp\/v2\/pages"}],"about":[{"href":"https:\/\/www.apsware.com\/de\/wp-json\/wp\/v2\/types\/page"}],"author":[{"embeddable":true,"href":"https:\/\/www.apsware.com\/de\/wp-json\/wp\/v2\/users\/2"}],"replies":[{"embeddable":true,"href":"https:\/\/www.apsware.com\/de\/wp-json\/wp\/v2\/comments?post=17791"}],"version-history":[{"count":9,"href":"https:\/\/www.apsware.com\/de\/wp-json\/wp\/v2\/pages\/17791\/revisions"}],"predecessor-version":[{"id":22556,"href":"https:\/\/www.apsware.com\/de\/wp-json\/wp\/v2\/pages\/17791\/revisions\/22556"}],"up":[{"embeddable":true,"href":"https:\/\/www.apsware.com\/de\/wp-json\/wp\/v2\/pages\/17486"}],"wp:attachment":[{"href":"https:\/\/www.apsware.com\/de\/wp-json\/wp\/v2\/media?parent=17791"}],"curies":[{"name":"wp","href":"https:\/\/api.w.org\/{rel}","templated":true}]}}