{"id":17607,"date":"2020-10-15T12:32:38","date_gmt":"2020-10-15T12:32:38","guid":{"rendered":"https:\/\/www.apsware.com\/download-bereich-fuer-software\/"},"modified":"2023-11-14T15:11:05","modified_gmt":"2023-11-14T15:11:05","slug":"download-bereich-fuer-software","status":"publish","type":"page","link":"https:\/\/www.apsware.com\/de\/download-bereich-fuer-software\/","title":{"rendered":"Download Bereich f\u00fcr Software"},"content":{"rendered":"\t\t<div data-elementor-type=\"wp-page\" data-elementor-id=\"17607\" class=\"elementor elementor-17607 elementor-7359\" data-elementor-post-type=\"page\">\n\t\t\t\t\t\t<section class=\"elementor-section elementor-top-section elementor-element elementor-element-1f32b81 elementor-section-stretched elementor-section-height-min-height elementor-section-boxed elementor-section-height-default elementor-section-items-middle\" data-id=\"1f32b81\" data-element_type=\"section\" data-settings=\"{&quot;stretch_section&quot;:&quot;section-stretched&quot;,&quot;background_background&quot;:&quot;classic&quot;}\">\n\t\t\t\t\t\t<div class=\"elementor-container elementor-column-gap-default\">\n\t\t\t\t\t<div class=\"elementor-column elementor-col-100 elementor-top-column elementor-element elementor-element-260a19e\" data-id=\"260a19e\" data-element_type=\"column\">\n\t\t\t<div class=\"elementor-widget-wrap elementor-element-populated\">\n\t\t\t\t\t\t<div class=\"elementor-element elementor-element-34fb3c4 elementor-widget elementor-widget-image\" data-id=\"34fb3c4\" data-element_type=\"widget\" data-widget_type=\"image.default\">\n\t\t\t\t<div class=\"elementor-widget-container\">\n\t\t\t\t\t\t\t\t\t\t\t\t\t\t\t<img decoding=\"async\" width=\"300\" height=\"68\" src=\"https:\/\/www.apsware.com\/wp-content\/uploads\/2022\/02\/apsware_logo_rgb_680px-300x68.png\" class=\"attachment-medium size-medium wp-image-21573\" alt=\"\" srcset=\"https:\/\/www.apsware.com\/wp-content\/uploads\/2022\/02\/apsware_logo_rgb_680px-300x68.png 300w, https:\/\/www.apsware.com\/wp-content\/uploads\/2022\/02\/apsware_logo_rgb_680px-230x52.png 230w, https:\/\/www.apsware.com\/wp-content\/uploads\/2022\/02\/apsware_logo_rgb_680px-350x80.png 350w, https:\/\/www.apsware.com\/wp-content\/uploads\/2022\/02\/apsware_logo_rgb_680px-480x109.png 480w, https:\/\/www.apsware.com\/wp-content\/uploads\/2022\/02\/apsware_logo_rgb_680px.png 680w\" sizes=\"(max-width: 300px) 100vw, 300px\" \/>\t\t\t\t\t\t\t\t\t\t\t\t\t\t\t<\/div>\n\t\t\t\t<\/div>\n\t\t\t\t\t<\/div>\n\t\t<\/div>\n\t\t\t\t\t<\/div>\n\t\t<\/section>\n\t\t\t\t<section class=\"elementor-section elementor-top-section elementor-element elementor-element-f1fc322 elementor-section-stretched elementor-section-content-middle elementor-section-boxed elementor-section-height-default elementor-section-height-default\" data-id=\"f1fc322\" data-element_type=\"section\" data-settings=\"{&quot;stretch_section&quot;:&quot;section-stretched&quot;}\">\n\t\t\t\t\t\t<div class=\"elementor-container elementor-column-gap-default\">\n\t\t\t\t\t<div class=\"elementor-column elementor-col-100 elementor-top-column elementor-element elementor-element-b2f2ca6\" data-id=\"b2f2ca6\" data-element_type=\"column\">\n\t\t\t<div class=\"elementor-widget-wrap elementor-element-populated\">\n\t\t\t\t\t\t<div class=\"elementor-element elementor-element-fa70947 elementor-widget elementor-widget-text-editor\" data-id=\"fa70947\" data-element_type=\"widget\" data-widget_type=\"text-editor.default\">\n\t\t\t\t<div class=\"elementor-widget-container\">\n\t\t\t\t\t\t\t\t\t<p style=\"text-align: right;\"><a href=\"https:\/\/www.apsware.com\/account\/\">Mein Account<\/a> \u00a0\u00a0 <a href=\"https:\/\/www.apsware.com\/de\/logout\/\">LogOut<\/a><\/p>\n\t\t\t\t\t\t\t\t<\/div>\n\t\t\t\t<\/div>\n\t\t\t\t<div class=\"elementor-element elementor-element-fac61f9 elementor-widget elementor-widget-heading\" data-id=\"fac61f9\" data-element_type=\"widget\" data-widget_type=\"heading.default\">\n\t\t\t\t<div class=\"elementor-widget-container\">\n\t\t\t\t\t<h2 class=\"elementor-heading-title elementor-size-default\">Downloads<\/h2>\t\t\t\t<\/div>\n\t\t\t\t<\/div>\n\t\t\t\t<div class=\"elementor-element elementor-element-4730822 elementor-widget elementor-widget-heading\" data-id=\"4730822\" data-element_type=\"widget\" data-widget_type=\"heading.default\">\n\t\t\t\t<div class=\"elementor-widget-container\">\n\t\t\t\t\t<h3 class=\"elementor-heading-title elementor-size-default\">Willkommen zum apsware Download Bereich<\/h3>\t\t\t\t<\/div>\n\t\t\t\t<\/div>\n\t\t\t\t\t<\/div>\n\t\t<\/div>\n\t\t\t\t\t<\/div>\n\t\t<\/section>\n\t\t\t\t<section class=\"elementor-section elementor-top-section elementor-element elementor-element-e472591 elementor-section-stretched elementor-section-boxed elementor-section-height-default elementor-section-height-default\" data-id=\"e472591\" data-element_type=\"section\" data-settings=\"{&quot;stretch_section&quot;:&quot;section-stretched&quot;}\">\n\t\t\t\t\t\t<div class=\"elementor-container elementor-column-gap-default\">\n\t\t\t\t\t<div class=\"elementor-column elementor-col-50 elementor-top-column elementor-element elementor-element-a3b95bf\" data-id=\"a3b95bf\" data-element_type=\"column\">\n\t\t\t<div class=\"elementor-widget-wrap elementor-element-populated\">\n\t\t\t\t\t\t<div class=\"elementor-element elementor-element-caba79b elementor-widget elementor-widget-image\" data-id=\"caba79b\" data-element_type=\"widget\" data-widget_type=\"image.default\">\n\t\t\t\t<div class=\"elementor-widget-container\">\n\t\t\t\t\t\t\t\t\t\t\t\t\t\t\t<img decoding=\"async\" width=\"90\" height=\"90\" src=\"https:\/\/www.apsware.com\/wp-content\/uploads\/2020\/02\/document_3.png\" class=\"attachment-large size-large wp-image-15569\" alt=\"apsware - document - bubbles\" \/>\t\t\t\t\t\t\t\t\t\t\t\t\t\t\t<\/div>\n\t\t\t\t<\/div>\n\t\t\t\t<div class=\"elementor-element elementor-element-82b72e0 elementor-widget elementor-widget-text-editor\" data-id=\"82b72e0\" data-element_type=\"widget\" data-widget_type=\"text-editor.default\">\n\t\t\t\t<div class=\"elementor-widget-container\">\n\t\t\t\t\t\t\t\t\t<p>Download Brosch\u00fcren und Pr\u00e4sentationen der apsware Software-L\u00f6sungen<\/p>\n\t\t\t\t\t\t\t\t<\/div>\n\t\t\t\t<\/div>\n\t\t\t\t<div class=\"elementor-element elementor-element-fee8690 elementor-align-center elementor-widget elementor-widget-button\" data-id=\"fee8690\" data-element_type=\"widget\" data-widget_type=\"button.default\">\n\t\t\t\t<div class=\"elementor-widget-container\">\n\t\t\t\t\t\t\t\t\t<div class=\"elementor-button-wrapper\">\n\t\t\t\t\t<a class=\"elementor-button elementor-button-link elementor-size-sm\" href=\"https:\/\/www.apsware.com\/product-informations-manuals\/\">\n\t\t\t\t\t\t<span class=\"elementor-button-content-wrapper\">\n\t\t\t\t\t\t\t\t\t<span class=\"elementor-button-text\">Produkt Informationen<\/span>\n\t\t\t\t\t<\/span>\n\t\t\t\t\t<\/a>\n\t\t\t\t<\/div>\n\t\t\t\t\t\t\t\t<\/div>\n\t\t\t\t<\/div>\n\t\t\t\t\t<\/div>\n\t\t<\/div>\n\t\t\t\t<div class=\"elementor-column elementor-col-50 elementor-top-column elementor-element elementor-element-b2a247e\" data-id=\"b2a247e\" data-element_type=\"column\">\n\t\t\t<div class=\"elementor-widget-wrap elementor-element-populated\">\n\t\t\t\t\t\t<div class=\"elementor-element elementor-element-154e945 elementor-widget elementor-widget-image\" data-id=\"154e945\" data-element_type=\"widget\" data-widget_type=\"image.default\">\n\t\t\t\t<div class=\"elementor-widget-container\">\n\t\t\t\t\t\t\t\t\t\t\t\t\t\t\t<img decoding=\"async\" width=\"90\" height=\"90\" src=\"https:\/\/www.apsware.com\/wp-content\/uploads\/2020\/02\/document_2.png\" class=\"attachment-large size-large wp-image-15566\" alt=\"apsware - document - bubbles\" \/>\t\t\t\t\t\t\t\t\t\t\t\t\t\t\t<\/div>\n\t\t\t\t<\/div>\n\t\t\t\t<div class=\"elementor-element elementor-element-50baa18 elementor-widget elementor-widget-text-editor\" data-id=\"50baa18\" data-element_type=\"widget\" data-widget_type=\"text-editor.default\">\n\t\t\t\t<div class=\"elementor-widget-container\">\n\t\t\t\t\t\t\t\t\t<p>Hier k\u00f6nnen Sie die Software und Handb\u00fccher der apsware-Software-L\u00f6sungen downloaden<\/p>\n\t\t\t\t\t\t\t\t<\/div>\n\t\t\t\t<\/div>\n\t\t\t\t<div class=\"elementor-element elementor-element-3311b51 elementor-align-center elementor-widget elementor-widget-button\" data-id=\"3311b51\" data-element_type=\"widget\" data-widget_type=\"button.default\">\n\t\t\t\t<div class=\"elementor-widget-container\">\n\t\t\t\t\t\t\t\t\t<div class=\"elementor-button-wrapper\">\n\t\t\t\t\t<a class=\"elementor-button elementor-button-link elementor-size-sm\" href=\"https:\/\/www.apsware.com\/product-download\/\">\n\t\t\t\t\t\t<span class=\"elementor-button-content-wrapper\">\n\t\t\t\t\t\t\t\t\t<span class=\"elementor-button-text\">Software und Handb\u00fccher<\/span>\n\t\t\t\t\t<\/span>\n\t\t\t\t\t<\/a>\n\t\t\t\t<\/div>\n\t\t\t\t\t\t\t\t<\/div>\n\t\t\t\t<\/div>\n\t\t\t\t\t<\/div>\n\t\t<\/div>\n\t\t\t\t\t<\/div>\n\t\t<\/section>\n\t\t\t\t<\/div>\n\t\t","protected":false},"excerpt":{"rendered":"<p>Mein Account \u00a0\u00a0 LogOut Downloads Willkommen zum apsware Download Bereich Download Brosch\u00fcren und Pr\u00e4sentationen der apsware Software-L\u00f6sungen Produkt Informationen Hier k\u00f6nnen Sie die Software und Handb\u00fccher der apsware-Software-L\u00f6sungen downloaden Software und Handb\u00fccher<\/p>\n","protected":false},"author":381,"featured_media":0,"parent":0,"menu_order":0,"comment_status":"closed","ping_status":"closed","template":"","meta":{"footnotes":""},"class_list":["post-17607","page","type-page","status-publish","hentry"],"yoast_head":"<!-- This site is optimized with the Yoast SEO plugin v25.6 - https:\/\/yoast.com\/wordpress\/plugins\/seo\/ -->\n<title>Download Bereich f\u00fcr Software - apsware<\/title>\n<meta name=\"description\" content=\"apsware Downloadbereich - hier k\u00f6nnen Sie unsere bereitgestellte Software oder verschiedene Brosch\u00fcren und Pr\u00e4sentationen herunterladen\" \/>\n<meta name=\"robots\" content=\"index, follow, max-snippet:-1, max-image-preview:large, max-video-preview:-1\" \/>\n<link rel=\"canonical\" href=\"https:\/\/www.apsware.com\/de\/download-bereich-fuer-software\/\" \/>\n<meta property=\"og:locale\" content=\"de_DE\" \/>\n<meta property=\"og:type\" content=\"article\" \/>\n<meta property=\"og:title\" content=\"Download Bereich f\u00fcr Software - apsware\" \/>\n<meta property=\"og:description\" content=\"apsware Downloadbereich - hier k\u00f6nnen Sie unsere bereitgestellte Software oder verschiedene Brosch\u00fcren und Pr\u00e4sentationen herunterladen\" \/>\n<meta property=\"og:url\" content=\"https:\/\/www.apsware.com\/de\/download-bereich-fuer-software\/\" \/>\n<meta property=\"og:site_name\" content=\"apsware\" \/>\n<meta property=\"article:modified_time\" content=\"2023-11-14T15:11:05+00:00\" \/>\n<meta property=\"og:image\" content=\"https:\/\/www.apsware.com\/wp-content\/uploads\/2022\/02\/apsware_logo_rgb_680px-300x68.png\" \/>\n<meta name=\"twitter:card\" content=\"summary_large_image\" \/>\n<meta name=\"twitter:label1\" content=\"Gesch\u00e4tzte Lesezeit\" \/>\n\t<meta name=\"twitter:data1\" content=\"1\u00a0Minute\" \/>\n<script type=\"application\/ld+json\" class=\"yoast-schema-graph\">{\"@context\":\"https:\/\/schema.org\",\"@graph\":[{\"@type\":\"WebPage\",\"@id\":\"https:\/\/www.apsware.com\/de\/download-bereich-fuer-software\/\",\"url\":\"https:\/\/www.apsware.com\/de\/download-bereich-fuer-software\/\",\"name\":\"Download Bereich f\u00fcr Software - apsware\",\"isPartOf\":{\"@id\":\"https:\/\/www.apsware.com\/de\/#website\"},\"primaryImageOfPage\":{\"@id\":\"https:\/\/www.apsware.com\/de\/download-bereich-fuer-software\/#primaryimage\"},\"image\":{\"@id\":\"https:\/\/www.apsware.com\/de\/download-bereich-fuer-software\/#primaryimage\"},\"thumbnailUrl\":\"https:\/\/www.apsware.com\/wp-content\/uploads\/2022\/02\/apsware_logo_rgb_680px-300x68.png\",\"datePublished\":\"2020-10-15T12:32:38+00:00\",\"dateModified\":\"2023-11-14T15:11:05+00:00\",\"description\":\"apsware Downloadbereich - hier k\u00f6nnen Sie unsere bereitgestellte Software oder verschiedene Brosch\u00fcren und Pr\u00e4sentationen herunterladen\",\"breadcrumb\":{\"@id\":\"https:\/\/www.apsware.com\/de\/download-bereich-fuer-software\/#breadcrumb\"},\"inLanguage\":\"de\",\"potentialAction\":[{\"@type\":\"ReadAction\",\"target\":[\"https:\/\/www.apsware.com\/de\/download-bereich-fuer-software\/\"]}]},{\"@type\":\"ImageObject\",\"inLanguage\":\"de\",\"@id\":\"https:\/\/www.apsware.com\/de\/download-bereich-fuer-software\/#primaryimage\",\"url\":\"https:\/\/www.apsware.com\/wp-content\/uploads\/2022\/02\/apsware_logo_rgb_680px-300x68.png\",\"contentUrl\":\"https:\/\/www.apsware.com\/wp-content\/uploads\/2022\/02\/apsware_logo_rgb_680px-300x68.png\"},{\"@type\":\"BreadcrumbList\",\"@id\":\"https:\/\/www.apsware.com\/de\/download-bereich-fuer-software\/#breadcrumb\",\"itemListElement\":[{\"@type\":\"ListItem\",\"position\":1,\"name\":\"Home\",\"item\":\"https:\/\/www.apsware.com\/de\/\"},{\"@type\":\"ListItem\",\"position\":2,\"name\":\"Download Bereich f\u00fcr Software\"}]},{\"@type\":\"WebSite\",\"@id\":\"https:\/\/www.apsware.com\/de\/#website\",\"url\":\"https:\/\/www.apsware.com\/de\/\",\"name\":\"apsware\",\"description\":\"Digital Business Automation\",\"publisher\":{\"@id\":\"https:\/\/www.apsware.com\/de\/#organization\"},\"potentialAction\":[{\"@type\":\"SearchAction\",\"target\":{\"@type\":\"EntryPoint\",\"urlTemplate\":\"https:\/\/www.apsware.com\/de\/?s={search_term_string}\"},\"query-input\":{\"@type\":\"PropertyValueSpecification\",\"valueRequired\":true,\"valueName\":\"search_term_string\"}}],\"inLanguage\":\"de\"},{\"@type\":\"Organization\",\"@id\":\"https:\/\/www.apsware.com\/de\/#organization\",\"name\":\"apsware\",\"url\":\"https:\/\/www.apsware.com\/de\/\",\"logo\":{\"@type\":\"ImageObject\",\"inLanguage\":\"de\",\"@id\":\"https:\/\/www.apsware.com\/de\/#\/schema\/logo\/image\/\",\"url\":\"https:\/\/www.apsware.com\/wp-content\/uploads\/2019\/04\/apsware_logo_rgb-2-1.png\",\"contentUrl\":\"https:\/\/www.apsware.com\/wp-content\/uploads\/2019\/04\/apsware_logo_rgb-2-1.png\",\"width\":200,\"height\":46,\"caption\":\"apsware\"},\"image\":{\"@id\":\"https:\/\/www.apsware.com\/de\/#\/schema\/logo\/image\/\"}}]}<\/script>\n<!-- \/ Yoast SEO plugin. -->","yoast_head_json":{"title":"Download Bereich f\u00fcr Software - apsware","description":"apsware Downloadbereich - hier k\u00f6nnen Sie unsere bereitgestellte Software oder verschiedene Brosch\u00fcren und Pr\u00e4sentationen herunterladen","robots":{"index":"index","follow":"follow","max-snippet":"max-snippet:-1","max-image-preview":"max-image-preview:large","max-video-preview":"max-video-preview:-1"},"canonical":"https:\/\/www.apsware.com\/de\/download-bereich-fuer-software\/","og_locale":"de_DE","og_type":"article","og_title":"Download Bereich f\u00fcr Software - apsware","og_description":"apsware Downloadbereich - hier k\u00f6nnen Sie unsere bereitgestellte Software oder verschiedene Brosch\u00fcren und Pr\u00e4sentationen herunterladen","og_url":"https:\/\/www.apsware.com\/de\/download-bereich-fuer-software\/","og_site_name":"apsware","article_modified_time":"2023-11-14T15:11:05+00:00","og_image":[{"url":"https:\/\/www.apsware.com\/wp-content\/uploads\/2022\/02\/apsware_logo_rgb_680px-300x68.png","type":"","width":"","height":""}],"twitter_card":"summary_large_image","twitter_misc":{"Gesch\u00e4tzte Lesezeit":"1\u00a0Minute"},"schema":{"@context":"https:\/\/schema.org","@graph":[{"@type":"WebPage","@id":"https:\/\/www.apsware.com\/de\/download-bereich-fuer-software\/","url":"https:\/\/www.apsware.com\/de\/download-bereich-fuer-software\/","name":"Download Bereich f\u00fcr Software - apsware","isPartOf":{"@id":"https:\/\/www.apsware.com\/de\/#website"},"primaryImageOfPage":{"@id":"https:\/\/www.apsware.com\/de\/download-bereich-fuer-software\/#primaryimage"},"image":{"@id":"https:\/\/www.apsware.com\/de\/download-bereich-fuer-software\/#primaryimage"},"thumbnailUrl":"https:\/\/www.apsware.com\/wp-content\/uploads\/2022\/02\/apsware_logo_rgb_680px-300x68.png","datePublished":"2020-10-15T12:32:38+00:00","dateModified":"2023-11-14T15:11:05+00:00","description":"apsware Downloadbereich - hier k\u00f6nnen Sie unsere bereitgestellte Software oder verschiedene Brosch\u00fcren und Pr\u00e4sentationen herunterladen","breadcrumb":{"@id":"https:\/\/www.apsware.com\/de\/download-bereich-fuer-software\/#breadcrumb"},"inLanguage":"de","potentialAction":[{"@type":"ReadAction","target":["https:\/\/www.apsware.com\/de\/download-bereich-fuer-software\/"]}]},{"@type":"ImageObject","inLanguage":"de","@id":"https:\/\/www.apsware.com\/de\/download-bereich-fuer-software\/#primaryimage","url":"https:\/\/www.apsware.com\/wp-content\/uploads\/2022\/02\/apsware_logo_rgb_680px-300x68.png","contentUrl":"https:\/\/www.apsware.com\/wp-content\/uploads\/2022\/02\/apsware_logo_rgb_680px-300x68.png"},{"@type":"BreadcrumbList","@id":"https:\/\/www.apsware.com\/de\/download-bereich-fuer-software\/#breadcrumb","itemListElement":[{"@type":"ListItem","position":1,"name":"Home","item":"https:\/\/www.apsware.com\/de\/"},{"@type":"ListItem","position":2,"name":"Download Bereich f\u00fcr Software"}]},{"@type":"WebSite","@id":"https:\/\/www.apsware.com\/de\/#website","url":"https:\/\/www.apsware.com\/de\/","name":"apsware","description":"Digital Business Automation","publisher":{"@id":"https:\/\/www.apsware.com\/de\/#organization"},"potentialAction":[{"@type":"SearchAction","target":{"@type":"EntryPoint","urlTemplate":"https:\/\/www.apsware.com\/de\/?s={search_term_string}"},"query-input":{"@type":"PropertyValueSpecification","valueRequired":true,"valueName":"search_term_string"}}],"inLanguage":"de"},{"@type":"Organization","@id":"https:\/\/www.apsware.com\/de\/#organization","name":"apsware","url":"https:\/\/www.apsware.com\/de\/","logo":{"@type":"ImageObject","inLanguage":"de","@id":"https:\/\/www.apsware.com\/de\/#\/schema\/logo\/image\/","url":"https:\/\/www.apsware.com\/wp-content\/uploads\/2019\/04\/apsware_logo_rgb-2-1.png","contentUrl":"https:\/\/www.apsware.com\/wp-content\/uploads\/2019\/04\/apsware_logo_rgb-2-1.png","width":200,"height":46,"caption":"apsware"},"image":{"@id":"https:\/\/www.apsware.com\/de\/#\/schema\/logo\/image\/"}}]}},"_links":{"self":[{"href":"https:\/\/www.apsware.com\/de\/wp-json\/wp\/v2\/pages\/17607","targetHints":{"allow":["GET"]}}],"collection":[{"href":"https:\/\/www.apsware.com\/de\/wp-json\/wp\/v2\/pages"}],"about":[{"href":"https:\/\/www.apsware.com\/de\/wp-json\/wp\/v2\/types\/page"}],"author":[{"embeddable":true,"href":"https:\/\/www.apsware.com\/de\/wp-json\/wp\/v2\/users\/381"}],"replies":[{"embeddable":true,"href":"https:\/\/www.apsware.com\/de\/wp-json\/wp\/v2\/comments?post=17607"}],"version-history":[{"count":14,"href":"https:\/\/www.apsware.com\/de\/wp-json\/wp\/v2\/pages\/17607\/revisions"}],"predecessor-version":[{"id":31498,"href":"https:\/\/www.apsware.com\/de\/wp-json\/wp\/v2\/pages\/17607\/revisions\/31498"}],"wp:attachment":[{"href":"https:\/\/www.apsware.com\/de\/wp-json\/wp\/v2\/media?parent=17607"}],"curies":[{"name":"wp","href":"https:\/\/api.w.org\/{rel}","templated":true}]}}