{"id":17603,"date":"2020-10-15T12:25:34","date_gmt":"2020-10-15T12:25:34","guid":{"rendered":"https:\/\/www.apsware.com\/kunden-support-portal\/"},"modified":"2022-05-31T13:22:35","modified_gmt":"2022-05-31T13:22:35","slug":"kunden-support-portal","status":"publish","type":"page","link":"https:\/\/www.apsware.com\/de\/kunden-support-portal\/","title":{"rendered":"Kunden Support Portal"},"content":{"rendered":"\t\t<div data-elementor-type=\"wp-page\" data-elementor-id=\"17603\" class=\"elementor elementor-17603 elementor-7474\" data-elementor-post-type=\"page\">\n\t\t\t\t\t\t<section class=\"elementor-section elementor-top-section elementor-element elementor-element-d21d4f7 elementor-section-stretched elementor-section-height-min-height elementor-hidden-mobile elementor-section-boxed elementor-section-height-default elementor-section-items-middle\" data-id=\"d21d4f7\" data-element_type=\"section\" data-settings=\"{&quot;stretch_section&quot;:&quot;section-stretched&quot;,&quot;background_background&quot;:&quot;classic&quot;}\">\n\t\t\t\t\t\t<div class=\"elementor-container elementor-column-gap-default\">\n\t\t\t\t\t<div class=\"elementor-column elementor-col-100 elementor-top-column elementor-element elementor-element-b24fa9a\" data-id=\"b24fa9a\" data-element_type=\"column\">\n\t\t\t<div class=\"elementor-widget-wrap\">\n\t\t\t\t\t\t\t<\/div>\n\t\t<\/div>\n\t\t\t\t\t<\/div>\n\t\t<\/section>\n\t\t\t\t<section class=\"elementor-section elementor-top-section elementor-element elementor-element-2eb384d elementor-section-stretched elementor-section-height-min-height elementor-hidden-desktop elementor-hidden-tablet elementor-section-boxed elementor-section-height-default elementor-section-items-middle\" data-id=\"2eb384d\" data-element_type=\"section\" data-settings=\"{&quot;stretch_section&quot;:&quot;section-stretched&quot;,&quot;background_background&quot;:&quot;classic&quot;}\">\n\t\t\t\t\t\t<div class=\"elementor-container elementor-column-gap-default\">\n\t\t\t\t\t<div class=\"elementor-column elementor-col-100 elementor-top-column elementor-element elementor-element-02fac52\" data-id=\"02fac52\" data-element_type=\"column\">\n\t\t\t<div class=\"elementor-widget-wrap\">\n\t\t\t\t\t\t\t<\/div>\n\t\t<\/div>\n\t\t\t\t\t<\/div>\n\t\t<\/section>\n\t\t\t\t<section class=\"elementor-section elementor-top-section elementor-element elementor-element-4d65323 elementor-section-stretched elementor-section-boxed elementor-section-height-default elementor-section-height-default\" data-id=\"4d65323\" data-element_type=\"section\" data-settings=\"{&quot;stretch_section&quot;:&quot;section-stretched&quot;}\">\n\t\t\t\t\t\t<div class=\"elementor-container elementor-column-gap-default\">\n\t\t\t\t\t<div class=\"elementor-column elementor-col-100 elementor-top-column elementor-element elementor-element-d139136\" data-id=\"d139136\" data-element_type=\"column\">\n\t\t\t<div class=\"elementor-widget-wrap elementor-element-populated\">\n\t\t\t\t\t\t<div class=\"elementor-element elementor-element-2b091c4 elementor-widget elementor-widget-heading\" data-id=\"2b091c4\" data-element_type=\"widget\" data-widget_type=\"heading.default\">\n\t\t\t\t<div class=\"elementor-widget-container\">\n\t\t\t\t\t<h2 class=\"elementor-heading-title elementor-size-xxl\">apsware Kunden-Support-Portal<\/h2>\t\t\t\t<\/div>\n\t\t\t\t<\/div>\n\t\t\t\t\t<\/div>\n\t\t<\/div>\n\t\t\t\t\t<\/div>\n\t\t<\/section>\n\t\t\t\t<section class=\"elementor-section elementor-top-section elementor-element elementor-element-ffb80a3 elementor-section-stretched elementor-section-boxed elementor-section-height-default elementor-section-height-default\" data-id=\"ffb80a3\" data-element_type=\"section\" data-settings=\"{&quot;stretch_section&quot;:&quot;section-stretched&quot;}\">\n\t\t\t\t\t\t<div class=\"elementor-container elementor-column-gap-default\">\n\t\t\t\t\t<div class=\"elementor-column elementor-col-100 elementor-top-column elementor-element elementor-element-b283fea\" data-id=\"b283fea\" data-element_type=\"column\">\n\t\t\t<div class=\"elementor-widget-wrap elementor-element-populated\">\n\t\t\t\t\t\t<div class=\"elementor-element elementor-element-08aa56c elementor-widget elementor-widget-heading\" data-id=\"08aa56c\" data-element_type=\"widget\" data-widget_type=\"heading.default\">\n\t\t\t\t<div class=\"elementor-widget-container\">\n\t\t\t\t\t<h2 class=\"elementor-heading-title elementor-size-default\">Wir freuen uns, wenn wir Ihnen helfen k\u00f6nnen.<\/h2>\t\t\t\t<\/div>\n\t\t\t\t<\/div>\n\t\t\t\t<div class=\"elementor-element elementor-element-9151597 elementor-widget elementor-widget-text-editor\" data-id=\"9151597\" data-element_type=\"widget\" data-widget_type=\"text-editor.default\">\n\t\t\t\t<div class=\"elementor-widget-container\">\n\t\t\t\t\t\t\t\t\t<p>Das Kundensupportportal unterst\u00fctzt die bestehenden apsware-Kunden bei allen technischen Supportanfragen zu den apsware Software-L\u00f6sungen.<\/p>\n<p>Auf diesem Portal k\u00f6nnen Sie neue Kundensupport-F\u00e4lle er\u00f6ffnen, mit dem apsware-Kundensupport-Team kommunizieren und den Status all Ihrer Support-F\u00e4lle online \u00fcberpr\u00fcfen.<\/p>\n<p>Bitte geben Sie Ihren Benutzernamen und Ihr Kennwort ein, um auf das apsware-Kundensupportportal zuzugreifen:<\/p>\n\t\t\t\t\t\t\t\t<\/div>\n\t\t\t\t<\/div>\n\t\t\t\t\t<\/div>\n\t\t<\/div>\n\t\t\t\t\t<\/div>\n\t\t<\/section>\n\t\t\t\t<section class=\"elementor-section elementor-top-section elementor-element elementor-element-4336423 elementor-section-stretched elementor-section-boxed elementor-section-height-default elementor-section-height-default\" data-id=\"4336423\" data-element_type=\"section\" data-settings=\"{&quot;stretch_section&quot;:&quot;section-stretched&quot;,&quot;background_background&quot;:&quot;classic&quot;}\">\n\t\t\t\t\t\t<div class=\"elementor-container elementor-column-gap-default\">\n\t\t\t\t\t<div class=\"elementor-column elementor-col-50 elementor-top-column elementor-element elementor-element-ea0817d\" data-id=\"ea0817d\" data-element_type=\"column\">\n\t\t\t<div class=\"elementor-widget-wrap elementor-element-populated\">\n\t\t\t\t\t\t<div class=\"elementor-element elementor-element-5a0dbad elementor-widget elementor-widget-heading\" data-id=\"5a0dbad\" data-element_type=\"widget\" data-widget_type=\"heading.default\">\n\t\t\t\t<div class=\"elementor-widget-container\">\n\t\t\t\t\t<h4 class=\"elementor-heading-title elementor-size-default\">Apache Spring4Shell Security Vulnerability<\/h4>\t\t\t\t<\/div>\n\t\t\t\t<\/div>\n\t\t\t\t<div class=\"elementor-element elementor-element-f03ea70 elementor-widget elementor-widget-text-editor\" data-id=\"f03ea70\" data-element_type=\"widget\" data-widget_type=\"text-editor.default\">\n\t\t\t\t<div class=\"elementor-widget-container\">\n\t\t\t\t\t\t\t\t\tBMC ist sich der Apache Spring4Shell-Sicherheitsl\u00fccke (CVE-2022-22965 und CVE-2022-22963) bewusst und untersucht aktiv die Auswirkungen auf unsere Produkte und legt geeignete Abhilfema\u00dfnahmen fest.\n\nIn diesem\u00a0<a href=\"https:\/\/bmcsites.force.com\/casemgmt\/sc_KnowledgeArticle?sfdcid=kA33n0000000JY1CAM&#038;type=FAQ\" target=\"_blank\" rel=\"noopener\">Dokument<\/a> finden Sie die neuesten Updates.\t\t\t\t\t\t\t\t<\/div>\n\t\t\t\t<\/div>\n\t\t\t\t\t<\/div>\n\t\t<\/div>\n\t\t\t\t<div class=\"elementor-column elementor-col-50 elementor-top-column elementor-element elementor-element-11b9a38\" data-id=\"11b9a38\" data-element_type=\"column\">\n\t\t\t<div class=\"elementor-widget-wrap elementor-element-populated\">\n\t\t\t\t\t\t<div class=\"elementor-element elementor-element-8694b45 elementor-widget elementor-widget-heading\" data-id=\"8694b45\" data-element_type=\"widget\" data-widget_type=\"heading.default\">\n\t\t\t\t<div class=\"elementor-widget-container\">\n\t\t\t\t\t<h4 class=\"elementor-heading-title elementor-size-default\">Information bez\u00fcglich der apsware Produkte:<\/h4>\t\t\t\t<\/div>\n\t\t\t\t<\/div>\n\t\t\t\t<div class=\"elementor-element elementor-element-8010811 elementor-widget elementor-widget-text-editor\" data-id=\"8010811\" data-element_type=\"widget\" data-widget_type=\"text-editor.default\">\n\t\t\t\t<div class=\"elementor-widget-container\">\n\t\t\t\t\t\t\t\t\t<p>Bez\u00fcglich der Sicherheitsl\u00fccken\u00a0CVE-2022-22965 und CVE-2022-22963\u00a0k\u00f6nnen wir best\u00e4tigen, dass apsware Produkte NICHT betroffen sind. Unsere Produkte basieren auf .NET, nicht auf Java und wir verwenden daher nicht die verwundbare Komponente Spring Core.<\/p>\t\t\t\t\t\t\t\t<\/div>\n\t\t\t\t<\/div>\n\t\t\t\t\t<\/div>\n\t\t<\/div>\n\t\t\t\t\t<\/div>\n\t\t<\/section>\n\t\t\t\t<section class=\"elementor-section elementor-top-section elementor-element elementor-element-df722ee elementor-section-stretched elementor-section-boxed elementor-section-height-default elementor-section-height-default\" data-id=\"df722ee\" data-element_type=\"section\" data-settings=\"{&quot;stretch_section&quot;:&quot;section-stretched&quot;,&quot;background_background&quot;:&quot;classic&quot;}\">\n\t\t\t\t\t\t<div class=\"elementor-container elementor-column-gap-default\">\n\t\t\t\t\t<div class=\"elementor-column elementor-col-50 elementor-top-column elementor-element elementor-element-5881613\" data-id=\"5881613\" data-element_type=\"column\">\n\t\t\t<div class=\"elementor-widget-wrap elementor-element-populated\">\n\t\t\t\t\t\t<div class=\"elementor-element elementor-element-97245f7 elementor-widget elementor-widget-heading\" data-id=\"97245f7\" data-element_type=\"widget\" data-widget_type=\"heading.default\">\n\t\t\t\t<div class=\"elementor-widget-container\">\n\t\t\t\t\t<h4 class=\"elementor-heading-title elementor-size-default\">Apache Log4j Security Vulnerability<\/h4>\t\t\t\t<\/div>\n\t\t\t\t<\/div>\n\t\t\t\t<div class=\"elementor-element elementor-element-e576c0b elementor-widget elementor-widget-text-editor\" data-id=\"e576c0b\" data-element_type=\"widget\" data-widget_type=\"text-editor.default\">\n\t\t\t\t<div class=\"elementor-widget-container\">\n\t\t\t\t\t\t\t\t\tBMC ist sich der Apache Log4j-Sicherheitsl\u00fccke (CVE-2021-44228) bewusst und untersucht aktiv die Auswirkungen auf unsere Produkte und legt geeignete Abhilfema\u00dfnahmen fest.\n\nIn diesem\u00a0<a href=\"https:\/\/bmcsites.force.com\/casemgmt\/sc_KnowledgeArticle?sfdcid=000391322\" target=\"_blank\" rel=\"noopener\">Dokument<\/a> finden Sie die neuesten Updates.\t\t\t\t\t\t\t\t<\/div>\n\t\t\t\t<\/div>\n\t\t\t\t\t<\/div>\n\t\t<\/div>\n\t\t\t\t<div class=\"elementor-column elementor-col-50 elementor-top-column elementor-element elementor-element-bbc4d8b\" data-id=\"bbc4d8b\" data-element_type=\"column\">\n\t\t\t<div class=\"elementor-widget-wrap elementor-element-populated\">\n\t\t\t\t\t\t<div class=\"elementor-element elementor-element-12a7b11 elementor-widget elementor-widget-heading\" data-id=\"12a7b11\" data-element_type=\"widget\" data-widget_type=\"heading.default\">\n\t\t\t\t<div class=\"elementor-widget-container\">\n\t\t\t\t\t<h4 class=\"elementor-heading-title elementor-size-default\">Information bez\u00fcglich der apsware Produkte:<\/h4>\t\t\t\t<\/div>\n\t\t\t\t<\/div>\n\t\t\t\t<div class=\"elementor-element elementor-element-1424384 elementor-widget elementor-widget-text-editor\" data-id=\"1424384\" data-element_type=\"widget\" data-widget_type=\"text-editor.default\">\n\t\t\t\t<div class=\"elementor-widget-container\">\n\t\t\t\t\t\t\t\t\t<p>Bez\u00fcglich der Sicherheitsl\u00fccke CVE-2021-44228 k\u00f6nnen wir best\u00e4tigen, dass apsware Produkte NICHT betroffen sind. Unsere Produkte basieren auf .NET, nicht auf Java und wir verwenden daher nicht die verwundbare Komponente log4j.<br \/>\nAu\u00dferdem wird der .NET-Port log4net, von dem derzeit nicht bekannt ist, dass er von der Sicherheitsl\u00fccke betroffen ist, von unseren Produkten verwendet.<\/p>\n\t\t\t\t\t\t\t\t<\/div>\n\t\t\t\t<\/div>\n\t\t\t\t\t<\/div>\n\t\t<\/div>\n\t\t\t\t\t<\/div>\n\t\t<\/section>\n\t\t\t\t<section class=\"elementor-section elementor-top-section elementor-element elementor-element-1c66f07 elementor-section-stretched elementor-section-content-middle elementor-section-boxed elementor-section-height-default elementor-section-height-default\" data-id=\"1c66f07\" data-element_type=\"section\" data-settings=\"{&quot;stretch_section&quot;:&quot;section-stretched&quot;}\">\n\t\t\t\t\t\t<div class=\"elementor-container elementor-column-gap-default\">\n\t\t\t\t\t<div class=\"elementor-column elementor-col-100 elementor-top-column elementor-element elementor-element-1bcacd5\" data-id=\"1bcacd5\" data-element_type=\"column\">\n\t\t\t<div class=\"elementor-widget-wrap elementor-element-populated\">\n\t\t\t\t\t\t<div class=\"elementor-element elementor-element-9083961 elementor-widget elementor-widget-html\" data-id=\"9083961\" data-element_type=\"widget\" data-widget_type=\"html.default\">\n\t\t\t\t<div class=\"elementor-widget-container\">\n\t\t\t\t\t<form style=\"text-align: center; margin:auto;\" class=\"BC-BOX\" action=\"https:\/\/eu3.salesforce.com\/sserv\/login.jsp\" method=\"POST\">\r\n<input type=\"HIDDEN\" name=\"orgId\" value=\"00D200000000Ms7\">\r\n<label for=\"un\">Username:<\/label><\/br>\r\n<input type=\"TEXT\" id=\"un\" name=\"un\"><\/br>\r\n\r\n<label for=\"pw\">Password:<\/label><\/br>\r\n<input type=\"PASSWORD\" id=\"pw\" name=\"pw\"> <\/br> <\/br>   <input style=\"color:#fff; width: 220px; \" type=\"SUBMIT\" value=\"Login\">\r\n<a style= class=\"button\" title=\"Change \/ Reset my password\" href=\"https:\/\/emea.salesforce.com\/sserv\/resetpassword.jsp?retURL=%2Fsserv%2Fresetpassword.jsp%3ForgId%3D00D200000000Ms7%26pSr%3D1%26pLu%3D%252Fsserv%252Flogin.jsp%253ForgId%253D00D200000000Ms7&orgId=00D200000000Ms7&pLu=%2Fsserv%2Flogin.jsp%3ForgId%3D00D200000000Ms7\"><\/br><\/br>Forgot my password?<\/a>\r\n<\/form>\t\t\t\t<\/div>\n\t\t\t\t<\/div>\n\t\t\t\t\t<\/div>\n\t\t<\/div>\n\t\t\t\t\t<\/div>\n\t\t<\/section>\n\t\t\t\t<\/div>\n\t\t","protected":false},"excerpt":{"rendered":"<p>apsware Kunden-Support-Portal Wir freuen uns, wenn wir Ihnen helfen k\u00f6nnen. Das Kundensupportportal unterst\u00fctzt die bestehenden apsware-Kunden bei allen technischen Supportanfragen zu den apsware Software-L\u00f6sungen. Auf diesem Portal k\u00f6nnen Sie neue Kundensupport-F\u00e4lle er\u00f6ffnen, mit dem apsware-Kundensupport-Team kommunizieren und den Status all Ihrer Support-F\u00e4lle online \u00fcberpr\u00fcfen. Bitte geben Sie Ihren Benutzernamen und Ihr Kennwort ein, um auf [&hellip;]<\/p>\n","protected":false},"author":381,"featured_media":0,"parent":0,"menu_order":0,"comment_status":"closed","ping_status":"closed","template":"","meta":{"footnotes":""},"class_list":["post-17603","page","type-page","status-publish","hentry"],"yoast_head":"<!-- This site is optimized with the Yoast SEO plugin v25.6 - https:\/\/yoast.com\/wordpress\/plugins\/seo\/ -->\n<title>Kunden Support Portal - apsware<\/title>\n<meta name=\"description\" content=\"Das apsware-Kundensupportportal unterst\u00fctzt aktive apsware-Kunden bei allen technischen Supportfragen zu ihren apsware-L\u00f6sungen.\" \/>\n<meta name=\"robots\" content=\"index, follow, max-snippet:-1, max-image-preview:large, max-video-preview:-1\" \/>\n<link rel=\"canonical\" href=\"https:\/\/www.apsware.com\/de\/kunden-support-portal\/\" \/>\n<meta property=\"og:locale\" content=\"de_DE\" \/>\n<meta property=\"og:type\" content=\"article\" \/>\n<meta property=\"og:title\" content=\"Kunden Support Portal - apsware\" \/>\n<meta property=\"og:description\" content=\"Das apsware-Kundensupportportal unterst\u00fctzt aktive apsware-Kunden bei allen technischen Supportfragen zu ihren apsware-L\u00f6sungen.\" \/>\n<meta property=\"og:url\" content=\"https:\/\/www.apsware.com\/de\/kunden-support-portal\/\" \/>\n<meta property=\"og:site_name\" content=\"apsware\" \/>\n<meta property=\"article:modified_time\" content=\"2022-05-31T13:22:35+00:00\" \/>\n<meta name=\"twitter:card\" content=\"summary_large_image\" \/>\n<meta name=\"twitter:label1\" content=\"Gesch\u00e4tzte Lesezeit\" \/>\n\t<meta name=\"twitter:data1\" content=\"2\u00a0Minuten\" \/>\n<script type=\"application\/ld+json\" class=\"yoast-schema-graph\">{\"@context\":\"https:\/\/schema.org\",\"@graph\":[{\"@type\":\"WebPage\",\"@id\":\"https:\/\/www.apsware.com\/de\/kunden-support-portal\/\",\"url\":\"https:\/\/www.apsware.com\/de\/kunden-support-portal\/\",\"name\":\"Kunden Support Portal - apsware\",\"isPartOf\":{\"@id\":\"https:\/\/www.apsware.com\/de\/#website\"},\"datePublished\":\"2020-10-15T12:25:34+00:00\",\"dateModified\":\"2022-05-31T13:22:35+00:00\",\"description\":\"Das apsware-Kundensupportportal unterst\u00fctzt aktive apsware-Kunden bei allen technischen Supportfragen zu ihren apsware-L\u00f6sungen.\",\"breadcrumb\":{\"@id\":\"https:\/\/www.apsware.com\/de\/kunden-support-portal\/#breadcrumb\"},\"inLanguage\":\"de\",\"potentialAction\":[{\"@type\":\"ReadAction\",\"target\":[\"https:\/\/www.apsware.com\/de\/kunden-support-portal\/\"]}]},{\"@type\":\"BreadcrumbList\",\"@id\":\"https:\/\/www.apsware.com\/de\/kunden-support-portal\/#breadcrumb\",\"itemListElement\":[{\"@type\":\"ListItem\",\"position\":1,\"name\":\"Home\",\"item\":\"https:\/\/www.apsware.com\/de\/\"},{\"@type\":\"ListItem\",\"position\":2,\"name\":\"Kunden Support Portal\"}]},{\"@type\":\"WebSite\",\"@id\":\"https:\/\/www.apsware.com\/de\/#website\",\"url\":\"https:\/\/www.apsware.com\/de\/\",\"name\":\"apsware\",\"description\":\"Digital Business Automation\",\"publisher\":{\"@id\":\"https:\/\/www.apsware.com\/de\/#organization\"},\"potentialAction\":[{\"@type\":\"SearchAction\",\"target\":{\"@type\":\"EntryPoint\",\"urlTemplate\":\"https:\/\/www.apsware.com\/de\/?s={search_term_string}\"},\"query-input\":{\"@type\":\"PropertyValueSpecification\",\"valueRequired\":true,\"valueName\":\"search_term_string\"}}],\"inLanguage\":\"de\"},{\"@type\":\"Organization\",\"@id\":\"https:\/\/www.apsware.com\/de\/#organization\",\"name\":\"apsware\",\"url\":\"https:\/\/www.apsware.com\/de\/\",\"logo\":{\"@type\":\"ImageObject\",\"inLanguage\":\"de\",\"@id\":\"https:\/\/www.apsware.com\/de\/#\/schema\/logo\/image\/\",\"url\":\"https:\/\/www.apsware.com\/wp-content\/uploads\/2019\/04\/apsware_logo_rgb-2-1.png\",\"contentUrl\":\"https:\/\/www.apsware.com\/wp-content\/uploads\/2019\/04\/apsware_logo_rgb-2-1.png\",\"width\":200,\"height\":46,\"caption\":\"apsware\"},\"image\":{\"@id\":\"https:\/\/www.apsware.com\/de\/#\/schema\/logo\/image\/\"}}]}<\/script>\n<!-- \/ Yoast SEO plugin. -->","yoast_head_json":{"title":"Kunden Support Portal - apsware","description":"Das apsware-Kundensupportportal unterst\u00fctzt aktive apsware-Kunden bei allen technischen Supportfragen zu ihren apsware-L\u00f6sungen.","robots":{"index":"index","follow":"follow","max-snippet":"max-snippet:-1","max-image-preview":"max-image-preview:large","max-video-preview":"max-video-preview:-1"},"canonical":"https:\/\/www.apsware.com\/de\/kunden-support-portal\/","og_locale":"de_DE","og_type":"article","og_title":"Kunden Support Portal - apsware","og_description":"Das apsware-Kundensupportportal unterst\u00fctzt aktive apsware-Kunden bei allen technischen Supportfragen zu ihren apsware-L\u00f6sungen.","og_url":"https:\/\/www.apsware.com\/de\/kunden-support-portal\/","og_site_name":"apsware","article_modified_time":"2022-05-31T13:22:35+00:00","twitter_card":"summary_large_image","twitter_misc":{"Gesch\u00e4tzte Lesezeit":"2\u00a0Minuten"},"schema":{"@context":"https:\/\/schema.org","@graph":[{"@type":"WebPage","@id":"https:\/\/www.apsware.com\/de\/kunden-support-portal\/","url":"https:\/\/www.apsware.com\/de\/kunden-support-portal\/","name":"Kunden Support Portal - apsware","isPartOf":{"@id":"https:\/\/www.apsware.com\/de\/#website"},"datePublished":"2020-10-15T12:25:34+00:00","dateModified":"2022-05-31T13:22:35+00:00","description":"Das apsware-Kundensupportportal unterst\u00fctzt aktive apsware-Kunden bei allen technischen Supportfragen zu ihren apsware-L\u00f6sungen.","breadcrumb":{"@id":"https:\/\/www.apsware.com\/de\/kunden-support-portal\/#breadcrumb"},"inLanguage":"de","potentialAction":[{"@type":"ReadAction","target":["https:\/\/www.apsware.com\/de\/kunden-support-portal\/"]}]},{"@type":"BreadcrumbList","@id":"https:\/\/www.apsware.com\/de\/kunden-support-portal\/#breadcrumb","itemListElement":[{"@type":"ListItem","position":1,"name":"Home","item":"https:\/\/www.apsware.com\/de\/"},{"@type":"ListItem","position":2,"name":"Kunden Support Portal"}]},{"@type":"WebSite","@id":"https:\/\/www.apsware.com\/de\/#website","url":"https:\/\/www.apsware.com\/de\/","name":"apsware","description":"Digital Business Automation","publisher":{"@id":"https:\/\/www.apsware.com\/de\/#organization"},"potentialAction":[{"@type":"SearchAction","target":{"@type":"EntryPoint","urlTemplate":"https:\/\/www.apsware.com\/de\/?s={search_term_string}"},"query-input":{"@type":"PropertyValueSpecification","valueRequired":true,"valueName":"search_term_string"}}],"inLanguage":"de"},{"@type":"Organization","@id":"https:\/\/www.apsware.com\/de\/#organization","name":"apsware","url":"https:\/\/www.apsware.com\/de\/","logo":{"@type":"ImageObject","inLanguage":"de","@id":"https:\/\/www.apsware.com\/de\/#\/schema\/logo\/image\/","url":"https:\/\/www.apsware.com\/wp-content\/uploads\/2019\/04\/apsware_logo_rgb-2-1.png","contentUrl":"https:\/\/www.apsware.com\/wp-content\/uploads\/2019\/04\/apsware_logo_rgb-2-1.png","width":200,"height":46,"caption":"apsware"},"image":{"@id":"https:\/\/www.apsware.com\/de\/#\/schema\/logo\/image\/"}}]}},"_links":{"self":[{"href":"https:\/\/www.apsware.com\/de\/wp-json\/wp\/v2\/pages\/17603","targetHints":{"allow":["GET"]}}],"collection":[{"href":"https:\/\/www.apsware.com\/de\/wp-json\/wp\/v2\/pages"}],"about":[{"href":"https:\/\/www.apsware.com\/de\/wp-json\/wp\/v2\/types\/page"}],"author":[{"embeddable":true,"href":"https:\/\/www.apsware.com\/de\/wp-json\/wp\/v2\/users\/381"}],"replies":[{"embeddable":true,"href":"https:\/\/www.apsware.com\/de\/wp-json\/wp\/v2\/comments?post=17603"}],"version-history":[{"count":18,"href":"https:\/\/www.apsware.com\/de\/wp-json\/wp\/v2\/pages\/17603\/revisions"}],"predecessor-version":[{"id":22739,"href":"https:\/\/www.apsware.com\/de\/wp-json\/wp\/v2\/pages\/17603\/revisions\/22739"}],"wp:attachment":[{"href":"https:\/\/www.apsware.com\/de\/wp-json\/wp\/v2\/media?parent=17603"}],"curies":[{"name":"wp","href":"https:\/\/api.w.org\/{rel}","templated":true}]}}