{"id":17597,"date":"2020-10-15T11:34:16","date_gmt":"2020-10-15T11:34:16","guid":{"rendered":"https:\/\/www.apsware.com\/impressum\/"},"modified":"2025-02-25T14:35:41","modified_gmt":"2025-02-25T14:35:41","slug":"impressum","status":"publish","type":"page","link":"https:\/\/www.apsware.com\/de\/impressum\/","title":{"rendered":"Impressum"},"content":{"rendered":"\t\t<div data-elementor-type=\"wp-page\" data-elementor-id=\"17597\" class=\"elementor elementor-17597 elementor-7273\" data-elementor-post-type=\"page\">\n\t\t\t\t\t\t<section class=\"elementor-section elementor-top-section elementor-element elementor-element-899d4e4 elementor-section-stretched elementor-section-boxed elementor-section-height-default elementor-section-height-default\" data-id=\"899d4e4\" data-element_type=\"section\" data-settings=\"{&quot;stretch_section&quot;:&quot;section-stretched&quot;}\">\n\t\t\t\t\t\t<div class=\"elementor-container elementor-column-gap-default\">\n\t\t\t\t\t<div class=\"elementor-column elementor-col-100 elementor-top-column elementor-element elementor-element-5f2a43e\" data-id=\"5f2a43e\" data-element_type=\"column\">\n\t\t\t<div class=\"elementor-widget-wrap elementor-element-populated\">\n\t\t\t\t\t\t<div class=\"elementor-element elementor-element-ca60aa6 elementor-widget elementor-widget-heading\" data-id=\"ca60aa6\" data-element_type=\"widget\" data-widget_type=\"heading.default\">\n\t\t\t\t<div class=\"elementor-widget-container\">\n\t\t\t\t\t<h2 class=\"elementor-heading-title elementor-size-xxl\">Impressum<\/h2>\t\t\t\t<\/div>\n\t\t\t\t<\/div>\n\t\t\t\t<div class=\"elementor-element elementor-element-ba3abad elementor-widget elementor-widget-heading\" data-id=\"ba3abad\" data-element_type=\"widget\" data-widget_type=\"heading.default\">\n\t\t\t\t<div class=\"elementor-widget-container\">\n\t\t\t\t\t<h4 class=\"elementor-heading-title elementor-size-default\">apsware Inc. <\/h4>\t\t\t\t<\/div>\n\t\t\t\t<\/div>\n\t\t\t\t<div class=\"elementor-element elementor-element-7a8da55 elementor-widget elementor-widget-text-editor\" data-id=\"7a8da55\" data-element_type=\"widget\" data-widget_type=\"text-editor.default\">\n\t\t\t\t<div class=\"elementor-widget-container\">\n\t\t\t\t\t\t\t\t\t<p>775 Park Avenue\u00a0\u00a0<br \/>Suite 255\u00a0<br \/>Huntington, NY 11743<br \/>USA\u00a0<br \/>Phone: +1 631 824 1110<br \/>E-mail: info@apsware.com<br \/>Internet:\u00a0<a href=\"https:\/\/www.apsware.com\/de\/\" target=\"_blank\" rel=\"noopener noreferrer\">www.apsware.com<\/a><\/p>\n<p><span style=\"font-weight: 600;\">Management:<\/span><br \/>Michael Sullivan\u00a0<\/p>\n\t\t\t\t\t\t\t\t<\/div>\n\t\t\t\t<\/div>\n\t\t\t\t<div class=\"elementor-element elementor-element-97ea8bc elementor-widget elementor-widget-heading\" data-id=\"97ea8bc\" data-element_type=\"widget\" data-widget_type=\"heading.default\">\n\t\t\t\t<div class=\"elementor-widget-container\">\n\t\t\t\t\t<h4 class=\"elementor-heading-title elementor-size-default\">apsware GmbH<\/h4>\t\t\t\t<\/div>\n\t\t\t\t<\/div>\n\t\t\t\t<div class=\"elementor-element elementor-element-4fbe2e4 elementor-widget elementor-widget-text-editor\" data-id=\"4fbe2e4\" data-element_type=\"widget\" data-widget_type=\"text-editor.default\">\n\t\t\t\t<div class=\"elementor-widget-container\">\n\t\t\t\t\t\t\t\t\t<p>Am Hockeypark 10<br \/>41179 M\u00f6nchengladbach<br \/>Germany<\/p><p>Phone: +49 (0)2161\/823777<br \/>Fax: +49 (0)2161\/8237788<br \/>E-mail: info@apsware.com<br \/>Internet:\u00a0<a href=\"https:\/\/www.apsware.com\/de\/\" target=\"_blank\" rel=\"noopener noreferrer\">www.apsware.com<\/a><\/p><p><b>Gesch\u00e4ftsf\u00fchrer:<\/b><br \/>Peter Thiermann<br \/>Steffen Heinke<br \/>Michael Jankowski<\/p><p>Handelsregister: HRB 5854 M\u00f6nchengladbach<br \/>Umsatzsteuer-Identifikationsnummer gem\u00e4\u00df \u00a7 27 a Umsatzsteuergesetz: DE 183 32 52 87<\/p>\t\t\t\t\t\t\t\t<\/div>\n\t\t\t\t<\/div>\n\t\t\t\t<div class=\"elementor-element elementor-element-61d741c elementor-widget elementor-widget-text-editor\" data-id=\"61d741c\" data-element_type=\"widget\" data-widget_type=\"text-editor.default\">\n\t\t\t\t<div class=\"elementor-widget-container\">\n\t\t\t\t\t\t\t\t\t<p><strong>Copyright Information:\u00a0<\/strong><\/p>\n<p>apsware verwendet auf ihrer Website Fotos, die sie von Adobe Stock erworben hat. Das Copyright liegt bei dem jeweiligen Fotografen.<\/p>\n\t\t\t\t\t\t\t\t<\/div>\n\t\t\t\t<\/div>\n\t\t\t\t\t<\/div>\n\t\t<\/div>\n\t\t\t\t\t<\/div>\n\t\t<\/section>\n\t\t\t\t<\/div>\n\t\t","protected":false},"excerpt":{"rendered":"<p>Impressum apsware Inc. 775 Park Avenue\u00a0\u00a0Suite 255\u00a0Huntington, NY 11743USA\u00a0Phone: +1 631 824 1110E-mail: info@apsware.comInternet:\u00a0www.apsware.com Management:Michael Sullivan\u00a0 apsware GmbH Am Hockeypark 1041179 M\u00f6nchengladbachGermany Phone: +49 (0)2161\/823777Fax: +49 (0)2161\/8237788E-mail: info@apsware.comInternet:\u00a0www.apsware.com Gesch\u00e4ftsf\u00fchrer:Peter ThiermannSteffen HeinkeMichael Jankowski Handelsregister: HRB 5854 M\u00f6nchengladbachUmsatzsteuer-Identifikationsnummer gem\u00e4\u00df \u00a7 27 a Umsatzsteuergesetz: DE 183 32 52 87 Copyright Information:\u00a0 apsware verwendet auf ihrer Website Fotos, die [&hellip;]<\/p>\n","protected":false},"author":381,"featured_media":0,"parent":0,"menu_order":0,"comment_status":"closed","ping_status":"closed","template":"","meta":{"footnotes":""},"class_list":["post-17597","page","type-page","status-publish","hentry"],"yoast_head":"<!-- This site is optimized with the Yoast SEO plugin v25.6 - https:\/\/yoast.com\/wordpress\/plugins\/seo\/ -->\n<title>Impressum - apsware<\/title>\n<meta name=\"description\" content=\"Hier erfahren Sie mehr \u00fcber apsware Inc. und apware GmbH in ihrem Impressum - und sehen Sie, wie Sie aus Europa und den USA mit uns in Kontakt treten k\u00f6nnen.\" \/>\n<meta name=\"robots\" content=\"index, follow, max-snippet:-1, max-image-preview:large, max-video-preview:-1\" \/>\n<link rel=\"canonical\" href=\"https:\/\/www.apsware.com\/de\/impressum\/\" \/>\n<meta property=\"og:locale\" content=\"de_DE\" \/>\n<meta property=\"og:type\" content=\"article\" \/>\n<meta property=\"og:title\" content=\"Impressum - apsware\" \/>\n<meta property=\"og:description\" content=\"Hier erfahren Sie mehr \u00fcber apsware Inc. und apware GmbH in ihrem Impressum - und sehen Sie, wie Sie aus Europa und den USA mit uns in Kontakt treten k\u00f6nnen.\" \/>\n<meta property=\"og:url\" content=\"https:\/\/www.apsware.com\/de\/impressum\/\" \/>\n<meta property=\"og:site_name\" content=\"apsware\" \/>\n<meta property=\"article:modified_time\" content=\"2025-02-25T14:35:41+00:00\" \/>\n<meta name=\"twitter:card\" content=\"summary_large_image\" \/>\n<meta name=\"twitter:label1\" content=\"Gesch\u00e4tzte Lesezeit\" \/>\n\t<meta name=\"twitter:data1\" content=\"1\u00a0Minute\" \/>\n<script type=\"application\/ld+json\" class=\"yoast-schema-graph\">{\"@context\":\"https:\/\/schema.org\",\"@graph\":[{\"@type\":\"WebPage\",\"@id\":\"https:\/\/www.apsware.com\/de\/impressum\/\",\"url\":\"https:\/\/www.apsware.com\/de\/impressum\/\",\"name\":\"Impressum - apsware\",\"isPartOf\":{\"@id\":\"https:\/\/www.apsware.com\/de\/#website\"},\"datePublished\":\"2020-10-15T11:34:16+00:00\",\"dateModified\":\"2025-02-25T14:35:41+00:00\",\"description\":\"Hier erfahren Sie mehr \u00fcber apsware Inc. und apware GmbH in ihrem Impressum - und sehen Sie, wie Sie aus Europa und den USA mit uns in Kontakt treten k\u00f6nnen.\",\"breadcrumb\":{\"@id\":\"https:\/\/www.apsware.com\/de\/impressum\/#breadcrumb\"},\"inLanguage\":\"de\",\"potentialAction\":[{\"@type\":\"ReadAction\",\"target\":[\"https:\/\/www.apsware.com\/de\/impressum\/\"]}]},{\"@type\":\"BreadcrumbList\",\"@id\":\"https:\/\/www.apsware.com\/de\/impressum\/#breadcrumb\",\"itemListElement\":[{\"@type\":\"ListItem\",\"position\":1,\"name\":\"Home\",\"item\":\"https:\/\/www.apsware.com\/de\/\"},{\"@type\":\"ListItem\",\"position\":2,\"name\":\"Impressum\"}]},{\"@type\":\"WebSite\",\"@id\":\"https:\/\/www.apsware.com\/de\/#website\",\"url\":\"https:\/\/www.apsware.com\/de\/\",\"name\":\"apsware\",\"description\":\"Digital Business Automation\",\"publisher\":{\"@id\":\"https:\/\/www.apsware.com\/de\/#organization\"},\"potentialAction\":[{\"@type\":\"SearchAction\",\"target\":{\"@type\":\"EntryPoint\",\"urlTemplate\":\"https:\/\/www.apsware.com\/de\/?s={search_term_string}\"},\"query-input\":{\"@type\":\"PropertyValueSpecification\",\"valueRequired\":true,\"valueName\":\"search_term_string\"}}],\"inLanguage\":\"de\"},{\"@type\":\"Organization\",\"@id\":\"https:\/\/www.apsware.com\/de\/#organization\",\"name\":\"apsware\",\"url\":\"https:\/\/www.apsware.com\/de\/\",\"logo\":{\"@type\":\"ImageObject\",\"inLanguage\":\"de\",\"@id\":\"https:\/\/www.apsware.com\/de\/#\/schema\/logo\/image\/\",\"url\":\"https:\/\/www.apsware.com\/wp-content\/uploads\/2019\/04\/apsware_logo_rgb-2-1.png\",\"contentUrl\":\"https:\/\/www.apsware.com\/wp-content\/uploads\/2019\/04\/apsware_logo_rgb-2-1.png\",\"width\":200,\"height\":46,\"caption\":\"apsware\"},\"image\":{\"@id\":\"https:\/\/www.apsware.com\/de\/#\/schema\/logo\/image\/\"}}]}<\/script>\n<!-- \/ Yoast SEO plugin. -->","yoast_head_json":{"title":"Impressum - apsware","description":"Hier erfahren Sie mehr \u00fcber apsware Inc. und apware GmbH in ihrem Impressum - und sehen Sie, wie Sie aus Europa und den USA mit uns in Kontakt treten k\u00f6nnen.","robots":{"index":"index","follow":"follow","max-snippet":"max-snippet:-1","max-image-preview":"max-image-preview:large","max-video-preview":"max-video-preview:-1"},"canonical":"https:\/\/www.apsware.com\/de\/impressum\/","og_locale":"de_DE","og_type":"article","og_title":"Impressum - apsware","og_description":"Hier erfahren Sie mehr \u00fcber apsware Inc. und apware GmbH in ihrem Impressum - und sehen Sie, wie Sie aus Europa und den USA mit uns in Kontakt treten k\u00f6nnen.","og_url":"https:\/\/www.apsware.com\/de\/impressum\/","og_site_name":"apsware","article_modified_time":"2025-02-25T14:35:41+00:00","twitter_card":"summary_large_image","twitter_misc":{"Gesch\u00e4tzte Lesezeit":"1\u00a0Minute"},"schema":{"@context":"https:\/\/schema.org","@graph":[{"@type":"WebPage","@id":"https:\/\/www.apsware.com\/de\/impressum\/","url":"https:\/\/www.apsware.com\/de\/impressum\/","name":"Impressum - apsware","isPartOf":{"@id":"https:\/\/www.apsware.com\/de\/#website"},"datePublished":"2020-10-15T11:34:16+00:00","dateModified":"2025-02-25T14:35:41+00:00","description":"Hier erfahren Sie mehr \u00fcber apsware Inc. und apware GmbH in ihrem Impressum - und sehen Sie, wie Sie aus Europa und den USA mit uns in Kontakt treten k\u00f6nnen.","breadcrumb":{"@id":"https:\/\/www.apsware.com\/de\/impressum\/#breadcrumb"},"inLanguage":"de","potentialAction":[{"@type":"ReadAction","target":["https:\/\/www.apsware.com\/de\/impressum\/"]}]},{"@type":"BreadcrumbList","@id":"https:\/\/www.apsware.com\/de\/impressum\/#breadcrumb","itemListElement":[{"@type":"ListItem","position":1,"name":"Home","item":"https:\/\/www.apsware.com\/de\/"},{"@type":"ListItem","position":2,"name":"Impressum"}]},{"@type":"WebSite","@id":"https:\/\/www.apsware.com\/de\/#website","url":"https:\/\/www.apsware.com\/de\/","name":"apsware","description":"Digital Business Automation","publisher":{"@id":"https:\/\/www.apsware.com\/de\/#organization"},"potentialAction":[{"@type":"SearchAction","target":{"@type":"EntryPoint","urlTemplate":"https:\/\/www.apsware.com\/de\/?s={search_term_string}"},"query-input":{"@type":"PropertyValueSpecification","valueRequired":true,"valueName":"search_term_string"}}],"inLanguage":"de"},{"@type":"Organization","@id":"https:\/\/www.apsware.com\/de\/#organization","name":"apsware","url":"https:\/\/www.apsware.com\/de\/","logo":{"@type":"ImageObject","inLanguage":"de","@id":"https:\/\/www.apsware.com\/de\/#\/schema\/logo\/image\/","url":"https:\/\/www.apsware.com\/wp-content\/uploads\/2019\/04\/apsware_logo_rgb-2-1.png","contentUrl":"https:\/\/www.apsware.com\/wp-content\/uploads\/2019\/04\/apsware_logo_rgb-2-1.png","width":200,"height":46,"caption":"apsware"},"image":{"@id":"https:\/\/www.apsware.com\/de\/#\/schema\/logo\/image\/"}}]}},"_links":{"self":[{"href":"https:\/\/www.apsware.com\/de\/wp-json\/wp\/v2\/pages\/17597","targetHints":{"allow":["GET"]}}],"collection":[{"href":"https:\/\/www.apsware.com\/de\/wp-json\/wp\/v2\/pages"}],"about":[{"href":"https:\/\/www.apsware.com\/de\/wp-json\/wp\/v2\/types\/page"}],"author":[{"embeddable":true,"href":"https:\/\/www.apsware.com\/de\/wp-json\/wp\/v2\/users\/381"}],"replies":[{"embeddable":true,"href":"https:\/\/www.apsware.com\/de\/wp-json\/wp\/v2\/comments?post=17597"}],"version-history":[{"count":40,"href":"https:\/\/www.apsware.com\/de\/wp-json\/wp\/v2\/pages\/17597\/revisions"}],"predecessor-version":[{"id":35031,"href":"https:\/\/www.apsware.com\/de\/wp-json\/wp\/v2\/pages\/17597\/revisions\/35031"}],"wp:attachment":[{"href":"https:\/\/www.apsware.com\/de\/wp-json\/wp\/v2\/media?parent=17597"}],"curies":[{"name":"wp","href":"https:\/\/api.w.org\/{rel}","templated":true}]}}