{"id":15283,"date":"2020-04-01T08:19:57","date_gmt":"2020-04-01T08:19:57","guid":{"rendered":"https:\/\/www.apsware.com\/automic\/apsware-advisor-fuer-automic\/apsware-advisor-fuer-automic-sprechen-sie-mit-einem-experten\/"},"modified":"2023-11-20T14:10:50","modified_gmt":"2023-11-20T14:10:50","slug":"apsware-advisor-fuer-automic-sprechen-sie-mit-einem-experten","status":"publish","type":"page","link":"https:\/\/www.apsware.com\/de\/automic\/apsware-advisor-fuer-automic\/apsware-advisor-fuer-automic-sprechen-sie-mit-einem-experten\/","title":{"rendered":"apsware advisor f\u00fcr Automic &#8211; Fragen Sie einen Experten"},"content":{"rendered":"\t\t<div data-elementor-type=\"wp-page\" data-elementor-id=\"15283\" class=\"elementor elementor-15283 elementor-11470\" data-elementor-post-type=\"page\">\n\t\t\t\t\t\t<section class=\"elementor-section elementor-top-section elementor-element elementor-element-03117be elementor-section-stretched elementor-section-boxed elementor-section-height-default elementor-section-height-default\" data-id=\"03117be\" data-element_type=\"section\" data-settings=\"{&quot;stretch_section&quot;:&quot;section-stretched&quot;}\">\n\t\t\t\t\t\t<div class=\"elementor-container elementor-column-gap-default\">\n\t\t\t\t\t<div class=\"elementor-column elementor-col-100 elementor-top-column elementor-element elementor-element-0cc6a88\" data-id=\"0cc6a88\" data-element_type=\"column\">\n\t\t\t<div class=\"elementor-widget-wrap elementor-element-populated\">\n\t\t\t\t\t\t<div class=\"elementor-element elementor-element-1caa4ee elementor-widget elementor-widget-heading\" data-id=\"1caa4ee\" data-element_type=\"widget\" data-widget_type=\"heading.default\">\n\t\t\t\t<div class=\"elementor-widget-container\">\n\t\t\t\t\t<h2 class=\"elementor-heading-title elementor-size-default\">Sprechen Sie mit einem Experten<\/h2>\t\t\t\t<\/div>\n\t\t\t\t<\/div>\n\t\t\t\t<div class=\"elementor-element elementor-element-4053ce2 elementor-widget elementor-widget-heading\" data-id=\"4053ce2\" data-element_type=\"widget\" data-widget_type=\"heading.default\">\n\t\t\t\t<div class=\"elementor-widget-container\">\n\t\t\t\t\t<h4 class=\"elementor-heading-title elementor-size-default\">Selbstbedienungsautomatisierung, \u00dcberwachung und Berichterstattung f\u00fcr Automic. <\/h4>\t\t\t\t<\/div>\n\t\t\t\t<\/div>\n\t\t\t\t<div class=\"elementor-element elementor-element-224ae04 elementor-widget elementor-widget-text-editor\" data-id=\"224ae04\" data-element_type=\"widget\" data-widget_type=\"text-editor.default\">\n\t\t\t\t<div class=\"elementor-widget-container\">\n\t\t\t\t\t\t\t\t\t<p style=\"text-align: center;\">Wir freuen uns darauf, mit Ihnen zu sprechen und Ihre Fragen zu beantworten. Z\u00f6gern Sie nicht, uns zu kontaktieren.<\/p>\n\t\t\t\t\t\t\t\t<\/div>\n\t\t\t\t<\/div>\n\t\t\t\t\t<\/div>\n\t\t<\/div>\n\t\t\t\t\t<\/div>\n\t\t<\/section>\n\t\t\t\t<section class=\"elementor-section elementor-top-section elementor-element elementor-element-d7f4888 elementor-section-stretched elementor-section-boxed elementor-section-height-default elementor-section-height-default\" data-id=\"d7f4888\" data-element_type=\"section\" data-settings=\"{&quot;stretch_section&quot;:&quot;section-stretched&quot;,&quot;background_background&quot;:&quot;classic&quot;}\">\n\t\t\t\t\t\t<div class=\"elementor-container elementor-column-gap-default\">\n\t\t\t\t\t<div class=\"elementor-column elementor-col-50 elementor-top-column elementor-element elementor-element-3a3d069\" data-id=\"3a3d069\" data-element_type=\"column\">\n\t\t\t<div class=\"elementor-widget-wrap elementor-element-populated\">\n\t\t\t\t\t\t<div class=\"elementor-element elementor-element-72a207b elementor-widget elementor-widget-text-editor\" data-id=\"72a207b\" data-element_type=\"widget\" data-widget_type=\"text-editor.default\">\n\t\t\t\t<div class=\"elementor-widget-container\">\n\t\t\t\t\t\t\t\t\t<p>\n<div class=\"wpcf7 no-js\" id=\"wpcf7-f11440-o1\" lang=\"en-US\" dir=\"ltr\" data-wpcf7-id=\"11440\">\n<div class=\"screen-reader-response\"><p role=\"status\" aria-live=\"polite\" aria-atomic=\"true\"><\/p> <ul><\/ul><\/div>\n<form action=\"\/de\/wp-json\/wp\/v2\/pages\/15283#wpcf7-f11440-o1\" method=\"post\" class=\"wpcf7-form init\" aria-label=\"Contact form\" novalidate=\"novalidate\" data-status=\"init\">\n<fieldset class=\"hidden-fields-container\"><input type=\"hidden\" name=\"_wpcf7\" value=\"11440\" \/><input type=\"hidden\" name=\"_wpcf7_version\" value=\"6.1\" \/><input type=\"hidden\" name=\"_wpcf7_locale\" value=\"en_US\" \/><input type=\"hidden\" name=\"_wpcf7_unit_tag\" value=\"wpcf7-f11440-o1\" \/><input type=\"hidden\" name=\"_wpcf7_container_post\" value=\"0\" \/><input type=\"hidden\" name=\"_wpcf7_posted_data_hash\" value=\"\" \/>\n<\/fieldset>\n<p><label> First Name (required)<br \/>\n<span class=\"wpcf7-form-control-wrap\" data-name=\"first-name\"><input size=\"40\" maxlength=\"400\" class=\"wpcf7-form-control wpcf7-text wpcf7-validates-as-required borderinput\" aria-required=\"true\" aria-invalid=\"false\" value=\"\" type=\"text\" name=\"first-name\" \/><\/span> <\/label><br \/>\n<label> Last Name (required)<br \/>\n<span class=\"wpcf7-form-control-wrap\" data-name=\"last-name\"><input size=\"40\" maxlength=\"400\" class=\"wpcf7-form-control wpcf7-text wpcf7-validates-as-required borderinput\" aria-required=\"true\" aria-invalid=\"false\" value=\"\" type=\"text\" name=\"last-name\" \/><\/span> <\/label><br \/>\n<label> Company email (required)<br \/>\n<span class=\"wpcf7-form-control-wrap\" data-name=\"email\"><input size=\"40\" maxlength=\"400\" class=\"wpcf7-form-control wpcf7-email wpcf7-validates-as-required wpcf7-text wpcf7-validates-as-email borderinput\" aria-required=\"true\" aria-invalid=\"false\" value=\"\" type=\"email\" name=\"email\" \/><\/span> <\/label><br \/>\n<label> Suggested date\/time\/timezone or country (required)<br \/>\n<span class=\"wpcf7-form-control-wrap\" data-name=\"datetime\"><input size=\"40\" maxlength=\"400\" class=\"wpcf7-form-control wpcf7-text wpcf7-validates-as-required borderinput\" aria-required=\"true\" aria-invalid=\"false\" value=\"\" type=\"text\" name=\"datetime\" \/><\/span> <\/label>\n<\/p>\n<p><label> Comment \/ questions \/ remarks<br \/>\n<span class=\"wpcf7-form-control-wrap\" data-name=\"Comment\"><input size=\"40\" maxlength=\"400\" class=\"wpcf7-form-control wpcf7-text borderinput\" aria-invalid=\"false\" value=\"\" type=\"text\" name=\"Comment\" \/><\/span> <\/label><br \/>\n<span class=\"wpcf7-form-control-wrap\" data-name=\"your-consent\"><span class=\"wpcf7-form-control wpcf7-acceptance\"><span class=\"wpcf7-list-item\"><label><input type=\"checkbox\" name=\"your-consent\" value=\"1\" aria-invalid=\"false\" \/><span class=\"wpcf7-list-item-label\">Your confidentiality is assured. Please read and accept our <a target=\"_blank\" rel=\"noopener noreferrer\" href=\"https:\/\/www.apsware.com\/privacy-statement\/\">Privacy Policy<\/a><\/span><\/label><\/span><\/span><\/span>\n<\/p>\n<p><span id=\"wpcf7-69de32385ecc6-wrapper\" class=\"wpcf7-form-control-wrap e-mail-wrap\" style=\"display:none !important; visibility:hidden !important;\"><input type=\"hidden\" name=\"e-mail-time-start\" value=\"1776169528\"><input type=\"hidden\" name=\"e-mail-time-check\" value=\"4\"><label for=\"wpcf7-69de32385ecc6-field\" class=\"hp-message\">Please leave this field empty.<\/label><input id=\"wpcf7-69de32385ecc6-field\"  class=\"wpcf7-form-control wpcf7-text\" type=\"text\" name=\"e-mail\" value=\"\" size=\"40\" tabindex=\"-1\" autocomplete=\"new-password\" \/><\/span><br \/>\n<span id=\"wpcf7-69de32385ed9d-wrapper\" class=\"wpcf7-form-control-wrap identification-number-wrap\" style=\"display:none !important; visibility:hidden !important;\"><input type=\"hidden\" name=\"identification-number-time-start\" value=\"1776169528\"><input type=\"hidden\" name=\"identification-number-time-check\" value=\"4\"><label for=\"wpcf7-69de32385ed9d-field\" class=\"hp-message\">Please leave this field empty.<\/label><input id=\"wpcf7-69de32385ed9d-field\"  class=\"wpcf7-form-control wpcf7-text\" type=\"text\" name=\"identification-number\" value=\"\" size=\"40\" tabindex=\"-1\" autocomplete=\"new-password\" \/><\/span>\n<\/p>\n<div style=\"margin-top: 20px; margin-bottom:10px\">\n\t<p><input class=\"wpcf7-form-control wpcf7-submit has-spinner\" type=\"submit\" value=\"Send\" \/>\n\t<\/p>\n<\/div><div class=\"wpcf7-response-output\" aria-hidden=\"true\"><\/div>\n<\/form>\n<\/div>\n<\/p>\n\t\t\t\t\t\t\t\t<\/div>\n\t\t\t\t<\/div>\n\t\t\t\t\t<\/div>\n\t\t<\/div>\n\t\t\t\t<div class=\"elementor-column elementor-col-50 elementor-top-column elementor-element elementor-element-af176ac\" data-id=\"af176ac\" data-element_type=\"column\" data-settings=\"{&quot;background_background&quot;:&quot;classic&quot;}\">\n\t\t\t<div class=\"elementor-widget-wrap elementor-element-populated\">\n\t\t\t\t\t\t<div class=\"elementor-element elementor-element-53635ee elementor-widget elementor-widget-image\" data-id=\"53635ee\" data-element_type=\"widget\" data-widget_type=\"image.default\">\n\t\t\t\t<div class=\"elementor-widget-container\">\n\t\t\t\t\t\t\t\t\t\t\t\t\t\t\t<img fetchpriority=\"high\" decoding=\"async\" width=\"800\" height=\"481\" src=\"https:\/\/www.apsware.com\/wp-content\/uploads\/2019\/04\/automic_notebook_01.png\" class=\"attachment-full size-full wp-image-15241\" alt=\"apsware advisor f\u00fcr Automic - Self-Service-Automatisierung Monitoring und Reporting\" srcset=\"https:\/\/www.apsware.com\/wp-content\/uploads\/2019\/04\/automic_notebook_01.png 800w, https:\/\/www.apsware.com\/wp-content\/uploads\/2019\/04\/automic_notebook_01-300x180.png 300w, https:\/\/www.apsware.com\/wp-content\/uploads\/2019\/04\/automic_notebook_01-768x462.png 768w, https:\/\/www.apsware.com\/wp-content\/uploads\/2019\/04\/automic_notebook_01-230x138.png 230w, https:\/\/www.apsware.com\/wp-content\/uploads\/2019\/04\/automic_notebook_01-350x210.png 350w, https:\/\/www.apsware.com\/wp-content\/uploads\/2019\/04\/automic_notebook_01-480x289.png 480w\" sizes=\"(max-width: 800px) 100vw, 800px\" \/>\t\t\t\t\t\t\t\t\t\t\t\t\t\t\t<\/div>\n\t\t\t\t<\/div>\n\t\t\t\t<section class=\"elementor-section elementor-inner-section elementor-element elementor-element-95a21c5 elementor-section-boxed elementor-section-height-default elementor-section-height-default\" data-id=\"95a21c5\" data-element_type=\"section\">\n\t\t\t\t\t\t<div class=\"elementor-container elementor-column-gap-default\">\n\t\t\t\t\t<div class=\"elementor-column elementor-col-100 elementor-inner-column elementor-element elementor-element-0ee579f\" data-id=\"0ee579f\" data-element_type=\"column\">\n\t\t\t<div class=\"elementor-widget-wrap elementor-element-populated\">\n\t\t\t\t\t\t<div class=\"elementor-element elementor-element-37bbf7d elementor-widget elementor-widget-heading\" data-id=\"37bbf7d\" data-element_type=\"widget\" data-widget_type=\"heading.default\">\n\t\t\t\t<div class=\"elementor-widget-container\">\n\t\t\t\t\t<h4 class=\"elementor-heading-title elementor-size-default\">Bitte geben Sie ein Datum und eine Zeit\/Zone an, und wir senden Ihnen eine Einladung, sich mit einem apsware advisor f\u00fcr Automic-Experten zu verbinden.<\/h4>\t\t\t\t<\/div>\n\t\t\t\t<\/div>\n\t\t\t\t<div class=\"elementor-element elementor-element-1a422b7 elementor-widget elementor-widget-text-editor\" data-id=\"1a422b7\" data-element_type=\"widget\" data-widget_type=\"text-editor.default\">\n\t\t\t\t<div class=\"elementor-widget-container\">\n\t\t\t\t\t\t\t\t\t<p>Wir freuen uns auf ein Gespr\u00e4ch mit Ihnen!<\/p>\n\t\t\t\t\t\t\t\t<\/div>\n\t\t\t\t<\/div>\n\t\t\t\t<div class=\"elementor-element elementor-element-1c4e295 elementor-align-center elementor-widget elementor-widget-button\" data-id=\"1c4e295\" data-element_type=\"widget\" data-widget_type=\"button.default\">\n\t\t\t\t<div class=\"elementor-widget-container\">\n\t\t\t\t\t\t\t\t\t<div class=\"elementor-button-wrapper\">\n\t\t\t\t\t<a class=\"elementor-button elementor-button-link elementor-size-sm\" href=\"https:\/\/www.apsware.com\/de\/automic\/apsware-advisor-fuer-automic\/\">\n\t\t\t\t\t\t<span class=\"elementor-button-content-wrapper\">\n\t\t\t\t\t\t\t\t\t<span class=\"elementor-button-text\">Zur\u00fcck zu apsware advisor<\/span>\n\t\t\t\t\t<\/span>\n\t\t\t\t\t<\/a>\n\t\t\t\t<\/div>\n\t\t\t\t\t\t\t\t<\/div>\n\t\t\t\t<\/div>\n\t\t\t\t\t<\/div>\n\t\t<\/div>\n\t\t\t\t\t<\/div>\n\t\t<\/section>\n\t\t\t\t\t<\/div>\n\t\t<\/div>\n\t\t\t\t\t<\/div>\n\t\t<\/section>\n\t\t\t\t<\/div>\n\t\t","protected":false},"excerpt":{"rendered":"<p>Sprechen Sie mit einem Experten Selbstbedienungsautomatisierung, \u00dcberwachung und Berichterstattung f\u00fcr Automic. Wir freuen uns darauf, mit Ihnen zu sprechen und Ihre Fragen zu beantworten. Z\u00f6gern Sie nicht, uns zu kontaktieren. Bitte geben Sie ein Datum und eine Zeit\/Zone an, und wir senden Ihnen eine Einladung, sich mit einem apsware advisor f\u00fcr Automic-Experten zu verbinden. Wir [&hellip;]<\/p>\n","protected":false},"author":381,"featured_media":0,"parent":15239,"menu_order":0,"comment_status":"closed","ping_status":"closed","template":"","meta":{"footnotes":""},"class_list":["post-15283","page","type-page","status-publish","hentry"],"yoast_head":"<!-- This site is optimized with the Yoast SEO plugin v25.6 - https:\/\/yoast.com\/wordpress\/plugins\/seo\/ -->\n<title>apsware advisor f\u00fcr Automic - Fragen Sie einen Experten - apsware<\/title>\n<meta name=\"description\" content=\"apsware advisor f\u00fcr Automic - entwickelt f\u00fcr self-service Automation, \u00dcberwachung und Berichterstattung - f\u00fcr IT-Manager und Gesch\u00e4ftsanwender - Sprechen Sie mit einem Experten\" \/>\n<meta name=\"robots\" content=\"index, follow, max-snippet:-1, max-image-preview:large, max-video-preview:-1\" \/>\n<link rel=\"canonical\" href=\"https:\/\/www.apsware.com\/de\/automic\/apsware-advisor-fuer-automic\/apsware-advisor-fuer-automic-sprechen-sie-mit-einem-experten\/\" \/>\n<meta property=\"og:locale\" content=\"de_DE\" \/>\n<meta property=\"og:type\" content=\"article\" \/>\n<meta property=\"og:title\" content=\"apsware advisor f\u00fcr Automic - Fragen Sie einen Experten - apsware\" \/>\n<meta property=\"og:description\" content=\"apsware advisor f\u00fcr Automic - entwickelt f\u00fcr self-service Automation, \u00dcberwachung und Berichterstattung - f\u00fcr IT-Manager und Gesch\u00e4ftsanwender - Sprechen Sie mit einem Experten\" \/>\n<meta property=\"og:url\" content=\"https:\/\/www.apsware.com\/de\/automic\/apsware-advisor-fuer-automic\/apsware-advisor-fuer-automic-sprechen-sie-mit-einem-experten\/\" \/>\n<meta property=\"og:site_name\" content=\"apsware\" \/>\n<meta property=\"article:modified_time\" content=\"2023-11-20T14:10:50+00:00\" \/>\n<meta property=\"og:image\" content=\"https:\/\/www.apsware.com\/wp-content\/uploads\/2019\/04\/automic_notebook_01.png\" \/>\n<meta name=\"twitter:card\" content=\"summary_large_image\" \/>\n<meta name=\"twitter:label1\" content=\"Gesch\u00e4tzte Lesezeit\" \/>\n\t<meta name=\"twitter:data1\" content=\"1\u00a0Minute\" \/>\n<script type=\"application\/ld+json\" class=\"yoast-schema-graph\">{\"@context\":\"https:\/\/schema.org\",\"@graph\":[{\"@type\":\"WebPage\",\"@id\":\"https:\/\/www.apsware.com\/de\/automic\/apsware-advisor-fuer-automic\/apsware-advisor-fuer-automic-sprechen-sie-mit-einem-experten\/\",\"url\":\"https:\/\/www.apsware.com\/de\/automic\/apsware-advisor-fuer-automic\/apsware-advisor-fuer-automic-sprechen-sie-mit-einem-experten\/\",\"name\":\"apsware advisor f\u00fcr Automic - Fragen Sie einen Experten - apsware\",\"isPartOf\":{\"@id\":\"https:\/\/www.apsware.com\/de\/#website\"},\"primaryImageOfPage\":{\"@id\":\"https:\/\/www.apsware.com\/de\/automic\/apsware-advisor-fuer-automic\/apsware-advisor-fuer-automic-sprechen-sie-mit-einem-experten\/#primaryimage\"},\"image\":{\"@id\":\"https:\/\/www.apsware.com\/de\/automic\/apsware-advisor-fuer-automic\/apsware-advisor-fuer-automic-sprechen-sie-mit-einem-experten\/#primaryimage\"},\"thumbnailUrl\":\"https:\/\/www.apsware.com\/wp-content\/uploads\/2019\/04\/automic_notebook_01.png\",\"datePublished\":\"2020-04-01T08:19:57+00:00\",\"dateModified\":\"2023-11-20T14:10:50+00:00\",\"description\":\"apsware advisor f\u00fcr Automic - entwickelt f\u00fcr self-service Automation, \u00dcberwachung und Berichterstattung - f\u00fcr IT-Manager und Gesch\u00e4ftsanwender - Sprechen Sie mit einem Experten\",\"breadcrumb\":{\"@id\":\"https:\/\/www.apsware.com\/de\/automic\/apsware-advisor-fuer-automic\/apsware-advisor-fuer-automic-sprechen-sie-mit-einem-experten\/#breadcrumb\"},\"inLanguage\":\"de\",\"potentialAction\":[{\"@type\":\"ReadAction\",\"target\":[\"https:\/\/www.apsware.com\/de\/automic\/apsware-advisor-fuer-automic\/apsware-advisor-fuer-automic-sprechen-sie-mit-einem-experten\/\"]}]},{\"@type\":\"ImageObject\",\"inLanguage\":\"de\",\"@id\":\"https:\/\/www.apsware.com\/de\/automic\/apsware-advisor-fuer-automic\/apsware-advisor-fuer-automic-sprechen-sie-mit-einem-experten\/#primaryimage\",\"url\":\"https:\/\/www.apsware.com\/wp-content\/uploads\/2019\/04\/automic_notebook_01.png\",\"contentUrl\":\"https:\/\/www.apsware.com\/wp-content\/uploads\/2019\/04\/automic_notebook_01.png\"},{\"@type\":\"BreadcrumbList\",\"@id\":\"https:\/\/www.apsware.com\/de\/automic\/apsware-advisor-fuer-automic\/apsware-advisor-fuer-automic-sprechen-sie-mit-einem-experten\/#breadcrumb\",\"itemListElement\":[{\"@type\":\"ListItem\",\"position\":1,\"name\":\"Home\",\"item\":\"https:\/\/www.apsware.com\/de\/\"},{\"@type\":\"ListItem\",\"position\":2,\"name\":\"apsware Software L\u00f6sungen f\u00fcr Automic\",\"item\":\"https:\/\/www.apsware.com\/de\/automic\/\"},{\"@type\":\"ListItem\",\"position\":3,\"name\":\"apsware advisor f\u00fcr Automic\",\"item\":\"https:\/\/www.apsware.com\/de\/automic\/apsware-advisor-for-automic\/\"},{\"@type\":\"ListItem\",\"position\":4,\"name\":\"apsware advisor f\u00fcr Automic &#8211; Fragen Sie einen Experten\"}]},{\"@type\":\"WebSite\",\"@id\":\"https:\/\/www.apsware.com\/de\/#website\",\"url\":\"https:\/\/www.apsware.com\/de\/\",\"name\":\"apsware\",\"description\":\"Digital Business Automation\",\"publisher\":{\"@id\":\"https:\/\/www.apsware.com\/de\/#organization\"},\"potentialAction\":[{\"@type\":\"SearchAction\",\"target\":{\"@type\":\"EntryPoint\",\"urlTemplate\":\"https:\/\/www.apsware.com\/de\/?s={search_term_string}\"},\"query-input\":{\"@type\":\"PropertyValueSpecification\",\"valueRequired\":true,\"valueName\":\"search_term_string\"}}],\"inLanguage\":\"de\"},{\"@type\":\"Organization\",\"@id\":\"https:\/\/www.apsware.com\/de\/#organization\",\"name\":\"apsware\",\"url\":\"https:\/\/www.apsware.com\/de\/\",\"logo\":{\"@type\":\"ImageObject\",\"inLanguage\":\"de\",\"@id\":\"https:\/\/www.apsware.com\/de\/#\/schema\/logo\/image\/\",\"url\":\"https:\/\/www.apsware.com\/wp-content\/uploads\/2019\/04\/apsware_logo_rgb-2-1.png\",\"contentUrl\":\"https:\/\/www.apsware.com\/wp-content\/uploads\/2019\/04\/apsware_logo_rgb-2-1.png\",\"width\":200,\"height\":46,\"caption\":\"apsware\"},\"image\":{\"@id\":\"https:\/\/www.apsware.com\/de\/#\/schema\/logo\/image\/\"}}]}<\/script>\n<!-- \/ Yoast SEO plugin. -->","yoast_head_json":{"title":"apsware advisor f\u00fcr Automic - Fragen Sie einen Experten - apsware","description":"apsware advisor f\u00fcr Automic - entwickelt f\u00fcr self-service Automation, \u00dcberwachung und Berichterstattung - f\u00fcr IT-Manager und Gesch\u00e4ftsanwender - Sprechen Sie mit einem Experten","robots":{"index":"index","follow":"follow","max-snippet":"max-snippet:-1","max-image-preview":"max-image-preview:large","max-video-preview":"max-video-preview:-1"},"canonical":"https:\/\/www.apsware.com\/de\/automic\/apsware-advisor-fuer-automic\/apsware-advisor-fuer-automic-sprechen-sie-mit-einem-experten\/","og_locale":"de_DE","og_type":"article","og_title":"apsware advisor f\u00fcr Automic - Fragen Sie einen Experten - apsware","og_description":"apsware advisor f\u00fcr Automic - entwickelt f\u00fcr self-service Automation, \u00dcberwachung und Berichterstattung - f\u00fcr IT-Manager und Gesch\u00e4ftsanwender - Sprechen Sie mit einem Experten","og_url":"https:\/\/www.apsware.com\/de\/automic\/apsware-advisor-fuer-automic\/apsware-advisor-fuer-automic-sprechen-sie-mit-einem-experten\/","og_site_name":"apsware","article_modified_time":"2023-11-20T14:10:50+00:00","og_image":[{"url":"https:\/\/www.apsware.com\/wp-content\/uploads\/2019\/04\/automic_notebook_01.png","type":"","width":"","height":""}],"twitter_card":"summary_large_image","twitter_misc":{"Gesch\u00e4tzte Lesezeit":"1\u00a0Minute"},"schema":{"@context":"https:\/\/schema.org","@graph":[{"@type":"WebPage","@id":"https:\/\/www.apsware.com\/de\/automic\/apsware-advisor-fuer-automic\/apsware-advisor-fuer-automic-sprechen-sie-mit-einem-experten\/","url":"https:\/\/www.apsware.com\/de\/automic\/apsware-advisor-fuer-automic\/apsware-advisor-fuer-automic-sprechen-sie-mit-einem-experten\/","name":"apsware advisor f\u00fcr Automic - Fragen Sie einen Experten - apsware","isPartOf":{"@id":"https:\/\/www.apsware.com\/de\/#website"},"primaryImageOfPage":{"@id":"https:\/\/www.apsware.com\/de\/automic\/apsware-advisor-fuer-automic\/apsware-advisor-fuer-automic-sprechen-sie-mit-einem-experten\/#primaryimage"},"image":{"@id":"https:\/\/www.apsware.com\/de\/automic\/apsware-advisor-fuer-automic\/apsware-advisor-fuer-automic-sprechen-sie-mit-einem-experten\/#primaryimage"},"thumbnailUrl":"https:\/\/www.apsware.com\/wp-content\/uploads\/2019\/04\/automic_notebook_01.png","datePublished":"2020-04-01T08:19:57+00:00","dateModified":"2023-11-20T14:10:50+00:00","description":"apsware advisor f\u00fcr Automic - entwickelt f\u00fcr self-service Automation, \u00dcberwachung und Berichterstattung - f\u00fcr IT-Manager und Gesch\u00e4ftsanwender - Sprechen Sie mit einem Experten","breadcrumb":{"@id":"https:\/\/www.apsware.com\/de\/automic\/apsware-advisor-fuer-automic\/apsware-advisor-fuer-automic-sprechen-sie-mit-einem-experten\/#breadcrumb"},"inLanguage":"de","potentialAction":[{"@type":"ReadAction","target":["https:\/\/www.apsware.com\/de\/automic\/apsware-advisor-fuer-automic\/apsware-advisor-fuer-automic-sprechen-sie-mit-einem-experten\/"]}]},{"@type":"ImageObject","inLanguage":"de","@id":"https:\/\/www.apsware.com\/de\/automic\/apsware-advisor-fuer-automic\/apsware-advisor-fuer-automic-sprechen-sie-mit-einem-experten\/#primaryimage","url":"https:\/\/www.apsware.com\/wp-content\/uploads\/2019\/04\/automic_notebook_01.png","contentUrl":"https:\/\/www.apsware.com\/wp-content\/uploads\/2019\/04\/automic_notebook_01.png"},{"@type":"BreadcrumbList","@id":"https:\/\/www.apsware.com\/de\/automic\/apsware-advisor-fuer-automic\/apsware-advisor-fuer-automic-sprechen-sie-mit-einem-experten\/#breadcrumb","itemListElement":[{"@type":"ListItem","position":1,"name":"Home","item":"https:\/\/www.apsware.com\/de\/"},{"@type":"ListItem","position":2,"name":"apsware Software L\u00f6sungen f\u00fcr Automic","item":"https:\/\/www.apsware.com\/de\/automic\/"},{"@type":"ListItem","position":3,"name":"apsware advisor f\u00fcr Automic","item":"https:\/\/www.apsware.com\/de\/automic\/apsware-advisor-for-automic\/"},{"@type":"ListItem","position":4,"name":"apsware advisor f\u00fcr Automic &#8211; Fragen Sie einen Experten"}]},{"@type":"WebSite","@id":"https:\/\/www.apsware.com\/de\/#website","url":"https:\/\/www.apsware.com\/de\/","name":"apsware","description":"Digital Business Automation","publisher":{"@id":"https:\/\/www.apsware.com\/de\/#organization"},"potentialAction":[{"@type":"SearchAction","target":{"@type":"EntryPoint","urlTemplate":"https:\/\/www.apsware.com\/de\/?s={search_term_string}"},"query-input":{"@type":"PropertyValueSpecification","valueRequired":true,"valueName":"search_term_string"}}],"inLanguage":"de"},{"@type":"Organization","@id":"https:\/\/www.apsware.com\/de\/#organization","name":"apsware","url":"https:\/\/www.apsware.com\/de\/","logo":{"@type":"ImageObject","inLanguage":"de","@id":"https:\/\/www.apsware.com\/de\/#\/schema\/logo\/image\/","url":"https:\/\/www.apsware.com\/wp-content\/uploads\/2019\/04\/apsware_logo_rgb-2-1.png","contentUrl":"https:\/\/www.apsware.com\/wp-content\/uploads\/2019\/04\/apsware_logo_rgb-2-1.png","width":200,"height":46,"caption":"apsware"},"image":{"@id":"https:\/\/www.apsware.com\/de\/#\/schema\/logo\/image\/"}}]}},"_links":{"self":[{"href":"https:\/\/www.apsware.com\/de\/wp-json\/wp\/v2\/pages\/15283","targetHints":{"allow":["GET"]}}],"collection":[{"href":"https:\/\/www.apsware.com\/de\/wp-json\/wp\/v2\/pages"}],"about":[{"href":"https:\/\/www.apsware.com\/de\/wp-json\/wp\/v2\/types\/page"}],"author":[{"embeddable":true,"href":"https:\/\/www.apsware.com\/de\/wp-json\/wp\/v2\/users\/381"}],"replies":[{"embeddable":true,"href":"https:\/\/www.apsware.com\/de\/wp-json\/wp\/v2\/comments?post=15283"}],"version-history":[{"count":13,"href":"https:\/\/www.apsware.com\/de\/wp-json\/wp\/v2\/pages\/15283\/revisions"}],"predecessor-version":[{"id":31694,"href":"https:\/\/www.apsware.com\/de\/wp-json\/wp\/v2\/pages\/15283\/revisions\/31694"}],"up":[{"embeddable":true,"href":"https:\/\/www.apsware.com\/de\/wp-json\/wp\/v2\/pages\/15239"}],"wp:attachment":[{"href":"https:\/\/www.apsware.com\/de\/wp-json\/wp\/v2\/media?parent=15283"}],"curies":[{"name":"wp","href":"https:\/\/api.w.org\/{rel}","templated":true}]}}