{"id":15266,"date":"2020-04-01T07:57:23","date_gmt":"2020-04-01T07:57:23","guid":{"rendered":"https:\/\/www.apsware.com\/automic\/"},"modified":"2024-11-28T14:55:20","modified_gmt":"2024-11-28T14:55:20","slug":"automic","status":"publish","type":"page","link":"https:\/\/www.apsware.com\/de\/automic\/","title":{"rendered":"apsware Software L\u00f6sungen f\u00fcr Automic"},"content":{"rendered":"\t\t<div data-elementor-type=\"wp-page\" data-elementor-id=\"15266\" class=\"elementor elementor-15266 elementor-7927\" data-elementor-post-type=\"page\">\n\t\t\t\t\t\t<section class=\"elementor-section elementor-top-section elementor-element elementor-element-03b3ba3 elementor-section-stretched elementor-section-height-min-height elementor-section-boxed elementor-section-height-default elementor-section-items-middle\" data-id=\"03b3ba3\" data-element_type=\"section\" data-settings=\"{&quot;stretch_section&quot;:&quot;section-stretched&quot;,&quot;background_background&quot;:&quot;classic&quot;}\">\n\t\t\t\t\t\t<div class=\"elementor-container elementor-column-gap-default\">\n\t\t\t\t\t<div class=\"elementor-column elementor-col-100 elementor-top-column elementor-element elementor-element-ec19f8b\" data-id=\"ec19f8b\" data-element_type=\"column\">\n\t\t\t<div class=\"elementor-widget-wrap elementor-element-populated\">\n\t\t\t\t\t\t<div class=\"elementor-element elementor-element-d6741b9 elementor-widget elementor-widget-image\" data-id=\"d6741b9\" data-element_type=\"widget\" data-widget_type=\"image.default\">\n\t\t\t\t<div class=\"elementor-widget-container\">\n\t\t\t\t\t\t\t\t\t\t\t\t\t\t\t<img decoding=\"async\" src=\"https:\/\/www.apsware.com\/wp-content\/uploads\/elementor\/thumbs\/apsware_logo_rgb_680px-pki4a9gw33rcv2nhnvb67kng7w0fbn1wyop2fcnmn0.png\" title=\"apsware_logo_rgb_680px\" alt=\"apsware_logo_rgb_680px\" loading=\"lazy\" \/>\t\t\t\t\t\t\t\t\t\t\t\t\t\t\t<\/div>\n\t\t\t\t<\/div>\n\t\t\t\t<div class=\"elementor-element elementor-element-0a28dc0 elementor-widget elementor-widget-heading\" data-id=\"0a28dc0\" data-element_type=\"widget\" data-widget_type=\"heading.default\">\n\t\t\t\t<div class=\"elementor-widget-container\">\n\t\t\t\t\t<h3 class=\"elementor-heading-title elementor-size-default\">L\u00f6sungen f\u00fcr Automic<\/h3>\t\t\t\t<\/div>\n\t\t\t\t<\/div>\n\t\t\t\t\t<\/div>\n\t\t<\/div>\n\t\t\t\t\t<\/div>\n\t\t<\/section>\n\t\t\t\t<section class=\"elementor-section elementor-top-section elementor-element elementor-element-4c12477 elementor-section-stretched elementor-section-boxed elementor-section-height-default elementor-section-height-default\" data-id=\"4c12477\" data-element_type=\"section\" data-settings=\"{&quot;stretch_section&quot;:&quot;section-stretched&quot;}\">\n\t\t\t\t\t\t<div class=\"elementor-container elementor-column-gap-default\">\n\t\t\t\t\t<div class=\"elementor-column elementor-col-100 elementor-top-column elementor-element elementor-element-8aa39f4\" data-id=\"8aa39f4\" data-element_type=\"column\">\n\t\t\t<div class=\"elementor-widget-wrap elementor-element-populated\">\n\t\t\t\t\t\t<div class=\"elementor-element elementor-element-f2661b1 elementor-widget elementor-widget-heading\" data-id=\"f2661b1\" data-element_type=\"widget\" data-widget_type=\"heading.default\">\n\t\t\t\t<div class=\"elementor-widget-container\">\n\t\t\t\t\t<h2 class=\"elementor-heading-title elementor-size-xxl\">Software L\u00f6sungen f\u00fcr Automic<\/h2>\t\t\t\t<\/div>\n\t\t\t\t<\/div>\n\t\t\t\t<div class=\"elementor-element elementor-element-380458a elementor-widget elementor-widget-text-editor\" data-id=\"380458a\" data-element_type=\"widget\" data-widget_type=\"text-editor.default\">\n\t\t\t\t<div class=\"elementor-widget-container\">\n\t\t\t\t\t\t\t\t\t<p style=\"text-align: center;\">apsware bietet verschiedene Softwarel\u00f6sungen f\u00fcr Automic wie apsware advisor und apsware omniview an. Erfahren Sie mehr \u00fcber diese L\u00f6sungen, die speziell f\u00fcr Gesch\u00e4ftsanwender, IT-Manager und IT-Experten entwickelt wurden.<\/p>\n\t\t\t\t\t\t\t\t<\/div>\n\t\t\t\t<\/div>\n\t\t\t\t\t<\/div>\n\t\t<\/div>\n\t\t\t\t\t<\/div>\n\t\t<\/section>\n\t\t\t\t<section class=\"elementor-section elementor-top-section elementor-element elementor-element-cb2a1b5 elementor-section-stretched elementor-section-boxed elementor-section-height-default elementor-section-height-default\" data-id=\"cb2a1b5\" data-element_type=\"section\" data-settings=\"{&quot;stretch_section&quot;:&quot;section-stretched&quot;,&quot;background_background&quot;:&quot;classic&quot;}\">\n\t\t\t\t\t\t<div class=\"elementor-container elementor-column-gap-default\">\n\t\t\t\t\t<div class=\"elementor-column elementor-col-50 elementor-top-column elementor-element elementor-element-4cbb7f8\" data-id=\"4cbb7f8\" data-element_type=\"column\">\n\t\t\t<div class=\"elementor-widget-wrap elementor-element-populated\">\n\t\t\t\t\t\t<div class=\"elementor-element elementor-element-dd3de33 elementor-widget elementor-widget-image\" data-id=\"dd3de33\" data-element_type=\"widget\" data-widget_type=\"image.default\">\n\t\t\t\t<div class=\"elementor-widget-container\">\n\t\t\t\t\t\t\t\t\t\t\t\t\t\t\t<img fetchpriority=\"high\" decoding=\"async\" width=\"800\" height=\"481\" src=\"https:\/\/www.apsware.com\/wp-content\/uploads\/2019\/04\/automic_notebook_01.png\" class=\"attachment-full size-full wp-image-15241\" alt=\"apsware advisor f\u00fcr Automic - Self-Service-Automatisierung Monitoring und Reporting\" srcset=\"https:\/\/www.apsware.com\/wp-content\/uploads\/2019\/04\/automic_notebook_01.png 800w, https:\/\/www.apsware.com\/wp-content\/uploads\/2019\/04\/automic_notebook_01-300x180.png 300w, https:\/\/www.apsware.com\/wp-content\/uploads\/2019\/04\/automic_notebook_01-768x462.png 768w, https:\/\/www.apsware.com\/wp-content\/uploads\/2019\/04\/automic_notebook_01-230x138.png 230w, https:\/\/www.apsware.com\/wp-content\/uploads\/2019\/04\/automic_notebook_01-350x210.png 350w, https:\/\/www.apsware.com\/wp-content\/uploads\/2019\/04\/automic_notebook_01-480x289.png 480w\" sizes=\"(max-width: 800px) 100vw, 800px\" \/>\t\t\t\t\t\t\t\t\t\t\t\t\t\t\t<\/div>\n\t\t\t\t<\/div>\n\t\t\t\t<div class=\"elementor-element elementor-element-7664d81 elementor-widget elementor-widget-heading\" data-id=\"7664d81\" data-element_type=\"widget\" data-widget_type=\"heading.default\">\n\t\t\t\t<div class=\"elementor-widget-container\">\n\t\t\t\t\t<h2 class=\"elementor-heading-title elementor-size-default\">apsware advisor<\/h2>\t\t\t\t<\/div>\n\t\t\t\t<\/div>\n\t\t\t\t<div class=\"elementor-element elementor-element-ca91a8d elementor-widget elementor-widget-heading\" data-id=\"ca91a8d\" data-element_type=\"widget\" data-widget_type=\"heading.default\">\n\t\t\t\t<div class=\"elementor-widget-container\">\n\t\t\t\t\t<h4 class=\"elementor-heading-title elementor-size-default\">Self-Service-Automatisierung, Monitoring und Reporting f\u00fcr Automic<\/h4>\t\t\t\t<\/div>\n\t\t\t\t<\/div>\n\t\t\t\t<div class=\"elementor-element elementor-element-4eb5ef3 elementor-widget elementor-widget-text-editor\" data-id=\"4eb5ef3\" data-element_type=\"widget\" data-widget_type=\"text-editor.default\">\n\t\t\t\t<div class=\"elementor-widget-container\">\n\t\t\t\t\t\t\t\t\t<p>Die Automatisierungs\u00fcberwachungsl\u00f6sung wurde f\u00fcr IT-Manager, Gesch\u00e4ftsanwender und IT-Experten entwickelt, die ihre Gesch\u00e4ftsprozesse mit Hilfe der L\u00f6sung zur Automic Workload Automation automatisieren.<\/p>\n\t\t\t\t\t\t\t\t<\/div>\n\t\t\t\t<\/div>\n\t\t\t\t<div class=\"elementor-element elementor-element-65286bf elementor-align-center elementor-widget elementor-widget-button\" data-id=\"65286bf\" data-element_type=\"widget\" data-widget_type=\"button.default\">\n\t\t\t\t<div class=\"elementor-widget-container\">\n\t\t\t\t\t\t\t\t\t<div class=\"elementor-button-wrapper\">\n\t\t\t\t\t<a class=\"elementor-button elementor-button-link elementor-size-sm\" href=\"https:\/\/www.apsware.com\/de\/automic\/apsware-advisor-fuer-automic\/\">\n\t\t\t\t\t\t<span class=\"elementor-button-content-wrapper\">\n\t\t\t\t\t\t\t\t\t<span class=\"elementor-button-text\">Mehr \u00fcber apsware advisor erfahren<\/span>\n\t\t\t\t\t<\/span>\n\t\t\t\t\t<\/a>\n\t\t\t\t<\/div>\n\t\t\t\t\t\t\t\t<\/div>\n\t\t\t\t<\/div>\n\t\t\t\t\t<\/div>\n\t\t<\/div>\n\t\t\t\t<div class=\"elementor-column elementor-col-50 elementor-top-column elementor-element elementor-element-4d51e9f\" data-id=\"4d51e9f\" data-element_type=\"column\">\n\t\t\t<div class=\"elementor-widget-wrap elementor-element-populated\">\n\t\t\t\t\t\t<div class=\"elementor-element elementor-element-a1583c6 elementor-widget elementor-widget-image\" data-id=\"a1583c6\" data-element_type=\"widget\" data-widget_type=\"image.default\">\n\t\t\t\t<div class=\"elementor-widget-container\">\n\t\t\t\t\t\t\t\t\t\t\t\t\t\t\t<img decoding=\"async\" width=\"800\" height=\"481\" src=\"https:\/\/www.apsware.com\/wp-content\/uploads\/2024\/11\/2024_11_12_omniview_notebook_bild_NEW.jpg\" class=\"attachment-large size-large wp-image-34346\" alt=\"\" srcset=\"https:\/\/www.apsware.com\/wp-content\/uploads\/2024\/11\/2024_11_12_omniview_notebook_bild_NEW.jpg 800w, https:\/\/www.apsware.com\/wp-content\/uploads\/2024\/11\/2024_11_12_omniview_notebook_bild_NEW-300x180.jpg 300w, https:\/\/www.apsware.com\/wp-content\/uploads\/2024\/11\/2024_11_12_omniview_notebook_bild_NEW-768x462.jpg 768w, https:\/\/www.apsware.com\/wp-content\/uploads\/2024\/11\/2024_11_12_omniview_notebook_bild_NEW-230x138.jpg 230w, https:\/\/www.apsware.com\/wp-content\/uploads\/2024\/11\/2024_11_12_omniview_notebook_bild_NEW-350x210.jpg 350w, https:\/\/www.apsware.com\/wp-content\/uploads\/2024\/11\/2024_11_12_omniview_notebook_bild_NEW-480x289.jpg 480w\" sizes=\"(max-width: 800px) 100vw, 800px\" \/>\t\t\t\t\t\t\t\t\t\t\t\t\t\t\t<\/div>\n\t\t\t\t<\/div>\n\t\t\t\t<div class=\"elementor-element elementor-element-feeb3cb elementor-widget elementor-widget-heading\" data-id=\"feeb3cb\" data-element_type=\"widget\" data-widget_type=\"heading.default\">\n\t\t\t\t<div class=\"elementor-widget-container\">\n\t\t\t\t\t<h2 class=\"elementor-heading-title elementor-size-default\">apsware omniview<\/h2>\t\t\t\t<\/div>\n\t\t\t\t<\/div>\n\t\t\t\t<div class=\"elementor-element elementor-element-0c55448 elementor-widget elementor-widget-heading\" data-id=\"0c55448\" data-element_type=\"widget\" data-widget_type=\"heading.default\">\n\t\t\t\t<div class=\"elementor-widget-container\">\n\t\t\t\t\t<h4 class=\"elementor-heading-title elementor-size-default\">Sofortige Einblicke und automatisierte, visuelle Dokumentation f\u00fcr Automic<\/h4>\t\t\t\t<\/div>\n\t\t\t\t<\/div>\n\t\t\t\t<div class=\"elementor-element elementor-element-0bbd384 elementor-widget elementor-widget-text-editor\" data-id=\"0bbd384\" data-element_type=\"widget\" data-widget_type=\"text-editor.default\">\n\t\t\t\t<div class=\"elementor-widget-container\">\n\t\t\t\t\t\t\t\t\t<p>apsware omniview bietet eine umfassende Sichtbarkeit der durch Automic automatisierten Prozessabl\u00e4ufe. Mit apsware omniview f\u00fcr Automic k\u00f6nnen Unternehmen die Auswirkungen von \u00c4nderungen an aktuellen Prozessen und die Folgen der Einf\u00fchrung neuer automatisierter Vorg\u00e4nge besser verstehen.<\/p>\n\t\t\t\t\t\t\t\t<\/div>\n\t\t\t\t<\/div>\n\t\t\t\t<div class=\"elementor-element elementor-element-7ba525d elementor-align-center elementor-widget elementor-widget-button\" data-id=\"7ba525d\" data-element_type=\"widget\" data-widget_type=\"button.default\">\n\t\t\t\t<div class=\"elementor-widget-container\">\n\t\t\t\t\t\t\t\t\t<div class=\"elementor-button-wrapper\">\n\t\t\t\t\t<a class=\"elementor-button elementor-button-link elementor-size-sm\" href=\"https:\/\/www.apsware.com\/de\/automic\/apsware-omniview-fuer-automic\/\">\n\t\t\t\t\t\t<span class=\"elementor-button-content-wrapper\">\n\t\t\t\t\t\t\t\t\t<span class=\"elementor-button-text\">Erfahren Sie mehr \u00fcber apsware omniview<\/span>\n\t\t\t\t\t<\/span>\n\t\t\t\t\t<\/a>\n\t\t\t\t<\/div>\n\t\t\t\t\t\t\t\t<\/div>\n\t\t\t\t<\/div>\n\t\t\t\t\t<\/div>\n\t\t<\/div>\n\t\t\t\t\t<\/div>\n\t\t<\/section>\n\t\t\t\t<\/div>\n\t\t","protected":false},"excerpt":{"rendered":"<p>L\u00f6sungen f\u00fcr Automic Software L\u00f6sungen f\u00fcr Automic apsware bietet verschiedene Softwarel\u00f6sungen f\u00fcr Automic wie apsware advisor und apsware omniview an. Erfahren Sie mehr \u00fcber diese L\u00f6sungen, die speziell f\u00fcr Gesch\u00e4ftsanwender, IT-Manager und IT-Experten entwickelt wurden. apsware advisor Self-Service-Automatisierung, Monitoring und Reporting f\u00fcr Automic Die Automatisierungs\u00fcberwachungsl\u00f6sung wurde f\u00fcr IT-Manager, Gesch\u00e4ftsanwender und IT-Experten entwickelt, die ihre Gesch\u00e4ftsprozesse [&hellip;]<\/p>\n","protected":false},"author":381,"featured_media":0,"parent":0,"menu_order":0,"comment_status":"closed","ping_status":"closed","template":"page-templates\/page_fullwidth.php","meta":{"footnotes":""},"class_list":["post-15266","page","type-page","status-publish","hentry"],"yoast_head":"<!-- This site is optimized with the Yoast SEO plugin v25.6 - https:\/\/yoast.com\/wordpress\/plugins\/seo\/ -->\n<title>apsware software L\u00f6sungen f\u00fcr Automic<\/title>\n<meta name=\"description\" content=\"apsware bietet individuelle L\u00f6sungen f\u00fcr Automic beim monitoring, reporting, visueller Dokumentation und Implementierung automatisierter Gesch\u00e4ftsprozesse\" \/>\n<meta name=\"robots\" content=\"index, follow, max-snippet:-1, max-image-preview:large, max-video-preview:-1\" \/>\n<link rel=\"canonical\" href=\"https:\/\/www.apsware.com\/de\/automic\/\" \/>\n<meta property=\"og:locale\" content=\"de_DE\" \/>\n<meta property=\"og:type\" content=\"article\" \/>\n<meta property=\"og:title\" content=\"apsware software L\u00f6sungen f\u00fcr Automic\" \/>\n<meta property=\"og:description\" content=\"apsware bietet individuelle L\u00f6sungen f\u00fcr Automic beim monitoring, reporting, visueller Dokumentation und Implementierung automatisierter Gesch\u00e4ftsprozesse\" \/>\n<meta property=\"og:url\" content=\"https:\/\/www.apsware.com\/de\/automic\/\" \/>\n<meta property=\"og:site_name\" content=\"apsware\" \/>\n<meta property=\"article:modified_time\" content=\"2024-11-28T14:55:20+00:00\" \/>\n<meta property=\"og:image\" content=\"https:\/\/www.apsware.com\/wp-content\/uploads\/elementor\/thumbs\/apsware_logo_rgb_680px-pki4a9gw33rcv2nhnvb67kng7w0fbn1wyop2fcnmna.png\" \/>\n<meta name=\"twitter:card\" content=\"summary_large_image\" \/>\n<meta name=\"twitter:label1\" content=\"Gesch\u00e4tzte Lesezeit\" \/>\n\t<meta name=\"twitter:data1\" content=\"2\u00a0Minuten\" \/>\n<script type=\"application\/ld+json\" class=\"yoast-schema-graph\">{\"@context\":\"https:\/\/schema.org\",\"@graph\":[{\"@type\":\"WebPage\",\"@id\":\"https:\/\/www.apsware.com\/de\/automic\/\",\"url\":\"https:\/\/www.apsware.com\/de\/automic\/\",\"name\":\"apsware software L\u00f6sungen f\u00fcr Automic\",\"isPartOf\":{\"@id\":\"https:\/\/www.apsware.com\/de\/#website\"},\"primaryImageOfPage\":{\"@id\":\"https:\/\/www.apsware.com\/de\/automic\/#primaryimage\"},\"image\":{\"@id\":\"https:\/\/www.apsware.com\/de\/automic\/#primaryimage\"},\"thumbnailUrl\":\"https:\/\/www.apsware.com\/wp-content\/uploads\/elementor\/thumbs\/apsware_logo_rgb_680px-pki4a9gw33rcv2nhnvb67kng7w0fbn1wyop2fcnmna.png\",\"datePublished\":\"2020-04-01T07:57:23+00:00\",\"dateModified\":\"2024-11-28T14:55:20+00:00\",\"description\":\"apsware bietet individuelle L\u00f6sungen f\u00fcr Automic beim monitoring, reporting, visueller Dokumentation und Implementierung automatisierter Gesch\u00e4ftsprozesse\",\"breadcrumb\":{\"@id\":\"https:\/\/www.apsware.com\/de\/automic\/#breadcrumb\"},\"inLanguage\":\"de\",\"potentialAction\":[{\"@type\":\"ReadAction\",\"target\":[\"https:\/\/www.apsware.com\/de\/automic\/\"]}]},{\"@type\":\"ImageObject\",\"inLanguage\":\"de\",\"@id\":\"https:\/\/www.apsware.com\/de\/automic\/#primaryimage\",\"url\":\"https:\/\/www.apsware.com\/wp-content\/uploads\/elementor\/thumbs\/apsware_logo_rgb_680px-pki4a9gw33rcv2nhnvb67kng7w0fbn1wyop2fcnmna.png\",\"contentUrl\":\"https:\/\/www.apsware.com\/wp-content\/uploads\/elementor\/thumbs\/apsware_logo_rgb_680px-pki4a9gw33rcv2nhnvb67kng7w0fbn1wyop2fcnmna.png\"},{\"@type\":\"BreadcrumbList\",\"@id\":\"https:\/\/www.apsware.com\/de\/automic\/#breadcrumb\",\"itemListElement\":[{\"@type\":\"ListItem\",\"position\":1,\"name\":\"Home\",\"item\":\"https:\/\/www.apsware.com\/de\/\"},{\"@type\":\"ListItem\",\"position\":2,\"name\":\"apsware Software L\u00f6sungen f\u00fcr Automic\"}]},{\"@type\":\"WebSite\",\"@id\":\"https:\/\/www.apsware.com\/de\/#website\",\"url\":\"https:\/\/www.apsware.com\/de\/\",\"name\":\"apsware\",\"description\":\"Digital Business Automation\",\"publisher\":{\"@id\":\"https:\/\/www.apsware.com\/de\/#organization\"},\"potentialAction\":[{\"@type\":\"SearchAction\",\"target\":{\"@type\":\"EntryPoint\",\"urlTemplate\":\"https:\/\/www.apsware.com\/de\/?s={search_term_string}\"},\"query-input\":{\"@type\":\"PropertyValueSpecification\",\"valueRequired\":true,\"valueName\":\"search_term_string\"}}],\"inLanguage\":\"de\"},{\"@type\":\"Organization\",\"@id\":\"https:\/\/www.apsware.com\/de\/#organization\",\"name\":\"apsware\",\"url\":\"https:\/\/www.apsware.com\/de\/\",\"logo\":{\"@type\":\"ImageObject\",\"inLanguage\":\"de\",\"@id\":\"https:\/\/www.apsware.com\/de\/#\/schema\/logo\/image\/\",\"url\":\"https:\/\/www.apsware.com\/wp-content\/uploads\/2019\/04\/apsware_logo_rgb-2-1.png\",\"contentUrl\":\"https:\/\/www.apsware.com\/wp-content\/uploads\/2019\/04\/apsware_logo_rgb-2-1.png\",\"width\":200,\"height\":46,\"caption\":\"apsware\"},\"image\":{\"@id\":\"https:\/\/www.apsware.com\/de\/#\/schema\/logo\/image\/\"}}]}<\/script>\n<!-- \/ Yoast SEO plugin. -->","yoast_head_json":{"title":"apsware software L\u00f6sungen f\u00fcr Automic","description":"apsware bietet individuelle L\u00f6sungen f\u00fcr Automic beim monitoring, reporting, visueller Dokumentation und Implementierung automatisierter Gesch\u00e4ftsprozesse","robots":{"index":"index","follow":"follow","max-snippet":"max-snippet:-1","max-image-preview":"max-image-preview:large","max-video-preview":"max-video-preview:-1"},"canonical":"https:\/\/www.apsware.com\/de\/automic\/","og_locale":"de_DE","og_type":"article","og_title":"apsware software L\u00f6sungen f\u00fcr Automic","og_description":"apsware bietet individuelle L\u00f6sungen f\u00fcr Automic beim monitoring, reporting, visueller Dokumentation und Implementierung automatisierter Gesch\u00e4ftsprozesse","og_url":"https:\/\/www.apsware.com\/de\/automic\/","og_site_name":"apsware","article_modified_time":"2024-11-28T14:55:20+00:00","og_image":[{"url":"https:\/\/www.apsware.com\/wp-content\/uploads\/elementor\/thumbs\/apsware_logo_rgb_680px-pki4a9gw33rcv2nhnvb67kng7w0fbn1wyop2fcnmna.png","type":"","width":"","height":""}],"twitter_card":"summary_large_image","twitter_misc":{"Gesch\u00e4tzte Lesezeit":"2\u00a0Minuten"},"schema":{"@context":"https:\/\/schema.org","@graph":[{"@type":"WebPage","@id":"https:\/\/www.apsware.com\/de\/automic\/","url":"https:\/\/www.apsware.com\/de\/automic\/","name":"apsware software L\u00f6sungen f\u00fcr Automic","isPartOf":{"@id":"https:\/\/www.apsware.com\/de\/#website"},"primaryImageOfPage":{"@id":"https:\/\/www.apsware.com\/de\/automic\/#primaryimage"},"image":{"@id":"https:\/\/www.apsware.com\/de\/automic\/#primaryimage"},"thumbnailUrl":"https:\/\/www.apsware.com\/wp-content\/uploads\/elementor\/thumbs\/apsware_logo_rgb_680px-pki4a9gw33rcv2nhnvb67kng7w0fbn1wyop2fcnmna.png","datePublished":"2020-04-01T07:57:23+00:00","dateModified":"2024-11-28T14:55:20+00:00","description":"apsware bietet individuelle L\u00f6sungen f\u00fcr Automic beim monitoring, reporting, visueller Dokumentation und Implementierung automatisierter Gesch\u00e4ftsprozesse","breadcrumb":{"@id":"https:\/\/www.apsware.com\/de\/automic\/#breadcrumb"},"inLanguage":"de","potentialAction":[{"@type":"ReadAction","target":["https:\/\/www.apsware.com\/de\/automic\/"]}]},{"@type":"ImageObject","inLanguage":"de","@id":"https:\/\/www.apsware.com\/de\/automic\/#primaryimage","url":"https:\/\/www.apsware.com\/wp-content\/uploads\/elementor\/thumbs\/apsware_logo_rgb_680px-pki4a9gw33rcv2nhnvb67kng7w0fbn1wyop2fcnmna.png","contentUrl":"https:\/\/www.apsware.com\/wp-content\/uploads\/elementor\/thumbs\/apsware_logo_rgb_680px-pki4a9gw33rcv2nhnvb67kng7w0fbn1wyop2fcnmna.png"},{"@type":"BreadcrumbList","@id":"https:\/\/www.apsware.com\/de\/automic\/#breadcrumb","itemListElement":[{"@type":"ListItem","position":1,"name":"Home","item":"https:\/\/www.apsware.com\/de\/"},{"@type":"ListItem","position":2,"name":"apsware Software L\u00f6sungen f\u00fcr Automic"}]},{"@type":"WebSite","@id":"https:\/\/www.apsware.com\/de\/#website","url":"https:\/\/www.apsware.com\/de\/","name":"apsware","description":"Digital Business Automation","publisher":{"@id":"https:\/\/www.apsware.com\/de\/#organization"},"potentialAction":[{"@type":"SearchAction","target":{"@type":"EntryPoint","urlTemplate":"https:\/\/www.apsware.com\/de\/?s={search_term_string}"},"query-input":{"@type":"PropertyValueSpecification","valueRequired":true,"valueName":"search_term_string"}}],"inLanguage":"de"},{"@type":"Organization","@id":"https:\/\/www.apsware.com\/de\/#organization","name":"apsware","url":"https:\/\/www.apsware.com\/de\/","logo":{"@type":"ImageObject","inLanguage":"de","@id":"https:\/\/www.apsware.com\/de\/#\/schema\/logo\/image\/","url":"https:\/\/www.apsware.com\/wp-content\/uploads\/2019\/04\/apsware_logo_rgb-2-1.png","contentUrl":"https:\/\/www.apsware.com\/wp-content\/uploads\/2019\/04\/apsware_logo_rgb-2-1.png","width":200,"height":46,"caption":"apsware"},"image":{"@id":"https:\/\/www.apsware.com\/de\/#\/schema\/logo\/image\/"}}]}},"_links":{"self":[{"href":"https:\/\/www.apsware.com\/de\/wp-json\/wp\/v2\/pages\/15266","targetHints":{"allow":["GET"]}}],"collection":[{"href":"https:\/\/www.apsware.com\/de\/wp-json\/wp\/v2\/pages"}],"about":[{"href":"https:\/\/www.apsware.com\/de\/wp-json\/wp\/v2\/types\/page"}],"author":[{"embeddable":true,"href":"https:\/\/www.apsware.com\/de\/wp-json\/wp\/v2\/users\/381"}],"replies":[{"embeddable":true,"href":"https:\/\/www.apsware.com\/de\/wp-json\/wp\/v2\/comments?post=15266"}],"version-history":[{"count":35,"href":"https:\/\/www.apsware.com\/de\/wp-json\/wp\/v2\/pages\/15266\/revisions"}],"predecessor-version":[{"id":34658,"href":"https:\/\/www.apsware.com\/de\/wp-json\/wp\/v2\/pages\/15266\/revisions\/34658"}],"wp:attachment":[{"href":"https:\/\/www.apsware.com\/de\/wp-json\/wp\/v2\/media?parent=15266"}],"curies":[{"name":"wp","href":"https:\/\/api.w.org\/{rel}","templated":true}]}}